{"id":11502,"date":"2021-02-21T22:56:39","date_gmt":"2021-02-21T21:56:39","guid":{"rendered":"https:\/\/pianoprovenzana.it\/telepherique-de-letna-aller-retour-jusqua-2500-metres-aller-retour\/"},"modified":"2026-04-24T11:19:05","modified_gmt":"2026-04-24T09:19:05","slug":"telepherique-etna-2500m-aller-retour","status":"publish","type":"page","link":"https:\/\/pianoprovenzana.it\/fr\/excursions-etna\/telepherique-etna-2500m-aller-retour\/","title":{"rendered":"T\u00e9l\u00e9ph\u00e9rique Etna 2500m aller-retour"},"content":{"rendered":"\n<p>\u26a0\ufe0f <strong>Attention<\/strong><br>Nous souhaitons informer nos aimables visiteurs que le service du t\u00e9l\u00e9ph\u00e9rique, du 8 au 24 avril 2026 et du 5 au 14 mai 2026 environ, sera remplac\u00e9 par nos bus 4&#215;4, avec d\u00e9part \u00e0 1920 m d\u2019altitude jusqu\u2019\u00e0 2500 m (et vice-versa).<\/p>\n\n\n\n<h2 class=\"wp-block-heading\"><strong>FAQ<\/strong><\/h2>\n\n\n<div id=\"rank-math-faq\" class=\"rank-math-block\">\n<div class=\"rank-math-list \">\n<div id=\"faq-question-1771681257651\" class=\"rank-math-list-item\">\n<h3 class=\"rank-math-question \">1. Le t\u00e9l\u00e9ph\u00e9rique de l&rsquo;Etna est-il toujours ouvert ?<br><\/h3>\n<div class=\"rank-math-answer \">\n\n<p>Le t\u00e9l\u00e9ph\u00e9rique de l&rsquo;Etna est g\u00e9n\u00e9ralement ouvert toute l&rsquo;ann\u00e9e, tous les jours.<br \/> Toutefois, il peut \u00eatre ferm\u00e9 pour des raisons de s\u00e9curit\u00e9 dans les cas suivants&nbsp;:<br \/> \u2022 vent fort<br \/> \u2022 orages ou fortes pluies<br \/> \u2022 activit\u00e9 volcanique<br \/> Le t\u00e9l\u00e9ph\u00e9rique est \u00e9quip\u00e9 d&rsquo;un syst\u00e8me de s\u00e9curit\u00e9 automatique qui l&rsquo;arr\u00eate en cas de vents violents. Il arrive que le vent soit trop fort pour le t\u00e9l\u00e9ph\u00e9rique, mais la mont\u00e9e reste possible. Dans ce cas, l&rsquo;entreprise met \u00e0 disposition des bus 4&#215;4 pour effectuer le trajet entre 1&nbsp;900 et 2&nbsp;500 m\u00e8tres. Le tarif reste inchang\u00e9.  <\/p>\n\n<\/div>\n<\/div>\n<div id=\"faq-question-1771681402842\" class=\"rank-math-list-item\">\n<h3 class=\"rank-math-question \">2. Les chiens sont-ils autoris\u00e9s dans le t\u00e9l\u00e9ph\u00e9rique de l&rsquo;Etna&nbsp;?<\/h3>\n<div class=\"rank-math-answer \">\n\n<p>Oui, les chiens sont admis gratuitement.<br \/> Ils doivent \u00eatre tenus en laisse et ne doivent pas d\u00e9ranger les autres passagers.<\/p>\n\n<\/div>\n<\/div>\n<div id=\"faq-question-1771681423199\" class=\"rank-math-list-item\">\n<h3 class=\"rank-math-question \">3. Je souffre de vertiges : puis-je prendre le t\u00e9l\u00e9ph\u00e9rique ?<\/h3>\n<div class=\"rank-math-answer \">\n\n<p>Le t\u00e9l\u00e9ph\u00e9rique ne traverse pas de profonds canyons et se maintient \u00e0 une altitude relativement constante (environ 20 \u00e0 30 m\u00e8tres). Votre capacit\u00e9 \u00e0 monter d\u00e9pend de votre sensibilit\u00e9 personnelle. Si vous \u00eates sujet \u00e0 un l\u00e9ger vertige, cela ne pose g\u00e9n\u00e9ralement pas de probl\u00e8me. En revanche, si vous souffrez de vertiges importants, nous vous recommandons d&rsquo;\u00e9valuer la situation en fonction de votre propre exp\u00e9rience.   <\/p>\n\n<\/div>\n<\/div>\n<div id=\"faq-question-1771681457276\" class=\"rank-math-list-item\">\n<h3 class=\"rank-math-question \">4. Puis-je marcher seul \u00e0 2500 m\u00e8tres ?<\/h3>\n<div class=\"rank-math-answer \">\n\n<p>Oui, mais sous certaines conditions. Sans guide volcanologique agr\u00e9\u00e9, vous pouvez rester et randonner jusqu&rsquo;\u00e0 2&nbsp;500 m\u00e8tres d&rsquo;altitude, soit la zone d&rsquo;arriv\u00e9e du t\u00e9l\u00e9ph\u00e9rique. Par exemple, vous pouvez atteindre le crat\u00e8re 2001 en une trentaine de minutes de marche. Cependant, il est interdit de monter au-del\u00e0 de cette altitude sans guide agr\u00e9\u00e9.   <\/p>\n\n<\/div>\n<\/div>\n<div id=\"faq-question-1771681521855\" class=\"rank-math-list-item\">\n<h3 class=\"rank-math-question \">5. Je suis r\u00e9sident de Sicile : ai-je droit \u00e0 une r\u00e9duction sur le t\u00e9l\u00e9ph\u00e9rique ?<\/h3>\n<div class=\"rank-math-answer \">\n\n<p>Oui, les r\u00e9sidents siciliens b\u00e9n\u00e9ficient d&rsquo;un tarif r\u00e9duit appliqu\u00e9 directement par l&rsquo;exploitant du t\u00e9l\u00e9ph\u00e9rique de l&rsquo;Etna. Le prix actuel communiqu\u00e9 par l&rsquo;exploitant est de 15,00 \u20ac par personne (sous r\u00e9serve de modifications \u00e9ventuelles).<br \/> \u26a0\ufe0f Le tarif r\u00e9sident ne peut pas \u00eatre achet\u00e9 en ligne.<br \/> Pour utiliser ce service, vous devez vous pr\u00e9senter directement \u00e0 la billetterie le jour m\u00eame. Vous devrez pr\u00e9senter&nbsp;:<br \/> \u2022 Pi\u00e8ce d&rsquo;identit\u00e9 valide (carte d&rsquo;identit\u00e9 ou passeport)<br \/> \u2022 Code d&rsquo;identification fiscale<br \/> Un permis de conduire n&rsquo;est pas valable comme preuve de r\u00e9sidence.  <\/p>\n<p><em>Veuillez noter que les conditions, les modalit\u00e9s et les \u00e9ventuelles r\u00e9ductions sont fix\u00e9es exclusivement par l&rsquo;exploitant de l&rsquo;\u00e9tablissement et peuvent \u00eatre modifi\u00e9es \u00e0 tout moment. Les informations fournies le sont \u00e0 titre indicatif seulement et ne constituent aucun droit acquis. <\/em><\/p>\n\n<\/div>\n<\/div>\n<div id=\"faq-question-1771681737728\" class=\"rank-math-list-item\">\n<h3 class=\"rank-math-question \">6. Je suis une personne handicap\u00e9e : ai-je droit \u00e0 une r\u00e9duction ?<\/h3>\n<div class=\"rank-math-answer \">\n\n<p>Oui, les personnes titulaires d&rsquo;une carte d&rsquo;invalidit\u00e9 valide peuvent b\u00e9n\u00e9ficier d&rsquo;un tarif r\u00e9duit appliqu\u00e9 directement par l&rsquo;exploitant du t\u00e9l\u00e9ph\u00e9rique de l&rsquo;Etna.<br \/> \u26a0\ufe0f Les billets \u00e0 tarif r\u00e9duit ne peuvent pas \u00eatre achet\u00e9s en ligne.<br \/> Le billet doit \u00eatre achet\u00e9 directement au guichet le jour m\u00eame, sur pr\u00e9sentation d&rsquo;une carte d&rsquo;invalidit\u00e9 valide. La r\u00e9duction est valable uniquement pour la personne en situation de handicap. Tout accompagnateur doit s&rsquo;acquitter du plein tarif, sauf indication contraire de l&rsquo;op\u00e9rateur.  <\/p>\n<p><em>Veuillez noter que les conditions, les modalit\u00e9s d&rsquo;application et les montants des tarifs r\u00e9duits sont fix\u00e9s exclusivement par l&rsquo;exploitant de l&rsquo;\u00e9tablissement et peuvent \u00eatre modifi\u00e9s \u00e0 tout moment. Les informations fournies sont donn\u00e9es \u00e0 titre purement indicatif et ne constituent aucun droit acquis.<\/em><\/p>\n\n<\/div>\n<\/div>\n<\/div>\n<\/div>\n\n\n<!--nextpage-->\n\n\n\n<h2 class=\"wp-block-heading\"><strong>Horaires d&rsquo;ouverture et disponibilit\u00e9<\/strong><\/h2>\n\n\n\n<p>Le t\u00e9l\u00e9ph\u00e9rique Etna Sud est ouvert tous les jours, y compris les dimanches et jours f\u00e9ri\u00e9s, de 8h45 \u00e0 16h10. Le dernier d\u00e9part est \u00e0 15h50 en hiver et vers 17h10 en \u00e9t\u00e9. Si vous le ratez, vous devrez redescendre \u00e0 pied&nbsp;; pensez donc \u00e0 consulter les horaires&nbsp;!  <\/p>\n\n\n\n<p><em>V\u00e9rifiez toujours les horaires de fermeture le jour de votre excursion. Ils peuvent changer (par exemple, en raison des conditions m\u00e9t\u00e9orologiques ou de l&rsquo;activit\u00e9 volcanique). <\/em><\/p>\n\n\n\n<p><strong>Comment fonctionne la r\u00e9servation&nbsp;?<\/strong><\/p>\n\n\n\n<p>Apr\u00e8s votre r\u00e9servation et votre paiement, vous recevrez une confirmation de r\u00e9servation directement de Piano Provenzana, accompagn\u00e9e d&rsquo;un bon pour le t\u00e9l\u00e9ph\u00e9rique de l&rsquo;Etna. Vous recevrez \u00e9galement de nombreux conseils pour bien pr\u00e9parer votre voyage. <\/p>\n\n\n\n<p>Votre r\u00e9servation inclura \u00e9galement des indications, des conseils sur les endroits \u00e0 visiter une fois \u00e0 2&nbsp;500 m\u00e8tres d\u2019altitude, ainsi que des conseils suppl\u00e9mentaires pour la visite de l\u2019Etna.  <\/p>\n\n\n\n<p>La r\u00e9servation en ligne vous offre l&rsquo;avantage de&nbsp;:<\/p>\n\n\n\n<ul class=\"wp-block-list\">\n<li>Bon d&rsquo;\u00e9change coupe-file<\/li>\n\n\n\n<li>Toutes les informations sur les lieux \u00e0 visiter et les moyens d&rsquo;y parvenir.<\/li>\n\n\n\n<li>Suggestions d&rsquo;itin\u00e9raires \u00e0 2500 m\u00e8tres d&rsquo;altitude<\/li>\n<\/ul>\n\n\n\n<p><strong>En bref, avec un bon Pianoprovenzana.it, vous recevez de nombreux conseils suppl\u00e9mentaires !<\/strong><\/p>\n\n\n\n<div class=\"wp-block-columns is-layout-flex wp-container-core-columns-is-layout-9d6595d7 wp-block-columns-is-layout-flex\">\n<div class=\"wp-block-column is-layout-flow wp-block-column-is-layout-flow\">\n<figure class=\"wp-block-image size-large\"><img decoding=\"async\" src=\"https:\/\/pianoprovenzana.it\/wp-content\/uploads\/2023\/02\/coda-funivia-dell-etna-biglietteria-1800x2400.jpg\" alt=\"File d&#039;attente \u00e0 la billetterie du t\u00e9l\u00e9ph\u00e9rique de l&#039;Etna\" class=\"wp-image-6990\" title=\"\"><\/figure>\n<\/div>\n\n\n\n<div class=\"wp-block-column is-layout-flow wp-block-column-is-layout-flow\">\n<figure class=\"wp-block-image size-large\"><img loading=\"lazy\" decoding=\"async\" width=\"1800\" height=\"2400\" src=\"https:\/\/pianoprovenzana.it\/wp-content\/uploads\/2021\/12\/funivia-etna-verticale-vulcano-1800x2400.jpg\" alt=\"T\u00e9l\u00e9ph\u00e9rique vertical de l&#039;Etna, volcan\" class=\"wp-image-5312\" title=\"\" srcset=\"https:\/\/pianoprovenzana.it\/wp-content\/uploads\/2021\/12\/funivia-etna-verticale-vulcano-1800x2400.jpg 1800w, https:\/\/pianoprovenzana.it\/wp-content\/uploads\/2021\/12\/funivia-etna-verticale-vulcano-225x300.jpg 225w, https:\/\/pianoprovenzana.it\/wp-content\/uploads\/2021\/12\/funivia-etna-verticale-vulcano-768x1024.jpg 768w, https:\/\/pianoprovenzana.it\/wp-content\/uploads\/2021\/12\/funivia-etna-verticale-vulcano-1152x1536.jpg 1152w, https:\/\/pianoprovenzana.it\/wp-content\/uploads\/2021\/12\/funivia-etna-verticale-vulcano-1536x2048.jpg 1536w, https:\/\/pianoprovenzana.it\/wp-content\/uploads\/2021\/12\/funivia-etna-verticale-vulcano-1200x1600.jpg 1200w, https:\/\/pianoprovenzana.it\/wp-content\/uploads\/2021\/12\/funivia-etna-verticale-vulcano-scaled.jpg 1920w\" sizes=\"auto, (max-width: 1800px) 100vw, 1800px\" \/><\/figure>\n<\/div>\n<\/div>\n\n\n\n<h2 class=\"wp-block-heading\"><strong>Conseils pour le t\u00e9l\u00e9ph\u00e9rique de l&rsquo;Etna<\/strong><\/h2>\n\n\n\n<p><strong>V\u00eatements<br><\/strong> Portez de bonnes chaussures robustes, car vous marcherez sur des roches de lave solidifi\u00e9es. Habillez-vous en plusieurs couches et emportez toujours un pull et\/ou une veste. Plus vous monterez, plus il fera froid et plus le vent soufflera fort.  <\/p>\n\n\n\n<p>Il est possible de louer des chaussures et une veste m\u00eame \u00e0 une altitude de 2500 m\u00e8tres, en descendant du t\u00e9l\u00e9ph\u00e9rique.  <\/p>\n\n\n\n<p><strong>Nourriture et boissons<br><\/strong> Pensez \u00e0 emporter de quoi manger et boire. Vous pouvez aussi acheter quelque chose au bar situ\u00e9 \u00e0 2&nbsp;500 m\u00e8tres d&rsquo;altitude, \u00e0 la descente du t\u00e9l\u00e9ph\u00e9rique. Ou encore, vous pouvez vous restaurer dans un bar d&rsquo;Etna Sud avant de prendre le t\u00e9l\u00e9ph\u00e9rique.  <\/p>\n\n\n\n<p><strong>Parking<\/strong><br> Vous pouvez garer votre voiture sur la Piazzale Etna Sud. Il y a beaucoup de places de parking.   <\/p>\n\n\n\n<p>Remarque : Il s&rsquo;agit d&rsquo;un parking payant !<\/p>\n\n\n\n<figure class=\"wp-block-image size-large\"><img loading=\"lazy\" decoding=\"async\" width=\"2400\" height=\"1800\" src=\"https:\/\/pianoprovenzana.it\/wp-content\/uploads\/2021\/12\/funivia-dell-etna-bambino-strada-2400x1800.jpg\" alt=\"\" class=\"wp-image-5313\" title=\"\" srcset=\"https:\/\/pianoprovenzana.it\/wp-content\/uploads\/2021\/12\/funivia-dell-etna-bambino-strada-2400x1800.jpg 2400w, https:\/\/pianoprovenzana.it\/wp-content\/uploads\/2021\/12\/funivia-dell-etna-bambino-strada-300x225.jpg 300w, https:\/\/pianoprovenzana.it\/wp-content\/uploads\/2021\/12\/funivia-dell-etna-bambino-strada-768x576.jpg 768w, https:\/\/pianoprovenzana.it\/wp-content\/uploads\/2021\/12\/funivia-dell-etna-bambino-strada-1536x1152.jpg 1536w, https:\/\/pianoprovenzana.it\/wp-content\/uploads\/2021\/12\/funivia-dell-etna-bambino-strada-2048x1536.jpg 2048w, https:\/\/pianoprovenzana.it\/wp-content\/uploads\/2021\/12\/funivia-dell-etna-bambino-strada-1200x900.jpg 1200w\" sizes=\"auto, (max-width: 2400px) 100vw, 2400px\" \/><\/figure>\n\n\n\n<h2 class=\"wp-block-heading\"><strong>Foire aux questions<\/strong><\/h2>\n\n\n\n<p><strong>1. Le t\u00e9l\u00e9ph\u00e9rique est-il toujours ouvert ?<br><\/strong>Oui, le t\u00e9l\u00e9ph\u00e9rique est g\u00e9n\u00e9ralement ouvert toute l&rsquo;ann\u00e9e, tous les jours. Cependant, en cas de fortes pluies, d&rsquo;orages ou d&rsquo;\u00e9ruptions volcaniques, il est ferm\u00e9 pour des raisons de s\u00e9curit\u00e9. Il est donc conseill\u00e9 de toujours consulter les pr\u00e9visions m\u00e9t\u00e9orologiques avant de partir.  <\/p>\n\n\n\n<p>Le t\u00e9l\u00e9ph\u00e9rique est \u00e9quip\u00e9 d&rsquo;un syst\u00e8me de s\u00e9curit\u00e9 automatique qui l&rsquo;arr\u00eate en cas de vents violents. Il arrive que le vent soit trop fort pour le t\u00e9l\u00e9ph\u00e9rique, mais la mont\u00e9e reste possible. Dans ce cas, l&rsquo;organisme met \u00e0 disposition des bus 4&#215;4 pour assurer la liaison entre 1&nbsp;900 et 2&nbsp;500 m\u00e8tres d&rsquo;altitude. Le tarif est inchang\u00e9.   <\/p>\n\n\n\n<p><strong>2. Qui peut prendre le t\u00e9l\u00e9ph\u00e9rique ?<\/strong><\/p>\n\n\n\n<p>Le t\u00e9l\u00e9ph\u00e9rique est accessible \u00e0 tous. Il est \u00e9quip\u00e9 de cabines ferm\u00e9es pouvant accueillir jusqu&rsquo;\u00e0 six personnes chacune. Le d\u00e9nivel\u00e9 est d&rsquo;environ 600 m\u00e8tres. Certaines personnes peuvent ressentir une g\u00eane au niveau des oreilles.     <\/p>\n\n\n\n<p>Les chiens sont \u00e9galement admis \u00e0 bord du t\u00e9l\u00e9ph\u00e9rique. Ils doivent toutefois \u00eatre tenus en laisse et ne doivent pas g\u00eaner les autres passagers. L&rsquo;acc\u00e8s est gratuit pour les chiens.  <\/p>\n\n\n\n<p><strong>3. Je souffre de vertiges, puis-je prendre le t\u00e9l\u00e9ph\u00e9rique ?<\/strong><\/p>\n\n\n\n<p>Le t\u00e9l\u00e9ph\u00e9rique ne traverse pas de grands canyons. Vous restez \u00e0 une altitude constante d&rsquo;environ 30 m\u00e8tres. La sensibilit\u00e9 au vertige varie d&rsquo;une personne \u00e0 l&rsquo;autre.  <\/p>\n\n\n\n<p><strong>4. Une fois arriv\u00e9 \u00e0 2500 m\u00e8tres, je souhaite continuer seul \u00e0 pied, est-ce autoris\u00e9 ?<\/strong><\/p>\n\n\n\n<p>Oui et non. Sans guide volcanologique, l&rsquo;altitude maximale autoris\u00e9e est de 2&nbsp;500 m\u00e8tres. Cela signifie que vous ne pouvez randonner que dans la zone accessible par t\u00e9l\u00e9ph\u00e9rique. Pour aller plus haut, il est obligatoire de faire appel \u00e0 un guide volcanologique agr\u00e9\u00e9.   <\/p>\n\n\n\n<p>Bien s\u00fbr, certains prennent le risque d&rsquo;escalader le volcan seuls. C&rsquo;est extr\u00eamement dangereux. D&rsquo;abord, le terrain est tr\u00e8s accident\u00e9 et il est facile de se perdre en s&rsquo;\u00e9cartant du sentier. Ensuite, le volcan est tr\u00e8s actif. Par cons\u00e9quent, escalader un volcan sans guide professionnel peut s&rsquo;av\u00e9rer mortel.      <\/p>\n\n\n\n<p><strong>5. Alors, comment puis-je monter plus haut une fois que j&rsquo;ai pris le t\u00e9l\u00e9ph\u00e9rique ?<\/strong><\/p>\n\n\n\n<p>Si vous souhaitez monter plus haut sur le volcan, nous vous recommandons de r\u00e9server l&rsquo;excursion compl\u00e8te&nbsp;: <a href=\"https:\/\/pianoprovenzana.it\/fr\/?page_id=11662\" data-type=\"page\" data-id=\"2618\">t\u00e9l\u00e9ph\u00e9rique, bus 4&#215;4 et guide<\/a> . Cette excursion vous emm\u00e8ne jusqu&rsquo;\u00e0 2&nbsp;900&nbsp;m\u00e8tres (sous r\u00e9serve des restrictions li\u00e9es au volcan). En hiver, l&rsquo;ascension se fait en <a href=\"https:\/\/pianoprovenzana.it\/fr\/?page_id=11821\" data-type=\"page\" data-id=\"5107\">dameuse<\/a> .    <\/p>\n\n\n\n<p>Si vous aimez la randonn\u00e9e, vous pouvez opter pour des treks jusqu&rsquo;\u00e0 3000 m&nbsp;:<\/p>\n\n\n\n<ul class=\"wp-block-list\">\n<li><a href=\"https:\/\/pianoprovenzana.it\/fr\/?page_id=11920\" data-type=\"page\" data-id=\"6650\">Trekking sur l&rsquo;Etna Sud \u00e0 3000 m <\/a><\/li>\n\n\n\n<li><a href=\"https:\/\/pianoprovenzana.it\/fr\/?page_id=12266\">Trekking hivernal sur l&rsquo;Etna Sud \u00e0 3000 m<\/a><\/li>\n<\/ul>\n\n\n\n<p>Actuellement, l&rsquo;altitude maximale autoris\u00e9e est de 3&nbsp;000 m\u00e8tres sur le versant sud de l&rsquo;Etna. Pour atteindre les crat\u00e8res sommitaux, il faut partir du versant nord. <\/p>\n\n\n\n<ul class=\"wp-block-list\">\n<li><a href=\"https:\/\/pianoprovenzana.it\/fr\/?page_id=11527\">Trekking jusqu&rsquo;aux crat\u00e8res sommitaux de l&rsquo;Etna avec un trajet aller-retour en bus 4&#215;4<\/a><\/li>\n<\/ul>\n\n\n\n<div class=\"wp-block-columns is-layout-flex wp-container-core-columns-is-layout-9d6595d7 wp-block-columns-is-layout-flex\">\n<div class=\"wp-block-column is-layout-flow wp-block-column-is-layout-flow\">\n<figure class=\"wp-block-image size-large\"><img loading=\"lazy\" decoding=\"async\" width=\"2400\" height=\"1800\" src=\"https:\/\/pianoprovenzana.it\/wp-content\/uploads\/2022\/04\/bus4x4-funivia-etna-sud-eruzione-lava-2400x1800.jpg\" alt=\"Bus 4x4 T\u00e9l\u00e9ph\u00e9rique de l&#039;Etna Sud\" class=\"wp-image-5975\" title=\"\" srcset=\"https:\/\/pianoprovenzana.it\/wp-content\/uploads\/2022\/04\/bus4x4-funivia-etna-sud-eruzione-lava-2400x1800.jpg 2400w, https:\/\/pianoprovenzana.it\/wp-content\/uploads\/2022\/04\/bus4x4-funivia-etna-sud-eruzione-lava-300x225.jpg 300w, https:\/\/pianoprovenzana.it\/wp-content\/uploads\/2022\/04\/bus4x4-funivia-etna-sud-eruzione-lava-768x576.jpg 768w, https:\/\/pianoprovenzana.it\/wp-content\/uploads\/2022\/04\/bus4x4-funivia-etna-sud-eruzione-lava-1536x1152.jpg 1536w, https:\/\/pianoprovenzana.it\/wp-content\/uploads\/2022\/04\/bus4x4-funivia-etna-sud-eruzione-lava-2048x1536.jpg 2048w, https:\/\/pianoprovenzana.it\/wp-content\/uploads\/2022\/04\/bus4x4-funivia-etna-sud-eruzione-lava-1200x900.jpg 1200w\" sizes=\"auto, (max-width: 2400px) 100vw, 2400px\" \/><\/figure>\n<\/div>\n\n\n\n<div class=\"wp-block-column is-layout-flow wp-block-column-is-layout-flow\">\n<figure class=\"wp-block-image size-large\"><img loading=\"lazy\" decoding=\"async\" width=\"2400\" height=\"1800\" src=\"https:\/\/pianoprovenzana.it\/wp-content\/uploads\/2022\/11\/funivia-crateri-silvestri-etna-2400x1800.jpg\" alt=\"T\u00e9l\u00e9ph\u00e9rique de l&#039;Etna, crat\u00e8res de Silvestri, Etna\" class=\"wp-image-6411\" title=\"\" srcset=\"https:\/\/pianoprovenzana.it\/wp-content\/uploads\/2022\/11\/funivia-crateri-silvestri-etna-2400x1800.jpg 2400w, https:\/\/pianoprovenzana.it\/wp-content\/uploads\/2022\/11\/funivia-crateri-silvestri-etna-300x225.jpg 300w, https:\/\/pianoprovenzana.it\/wp-content\/uploads\/2022\/11\/funivia-crateri-silvestri-etna-768x576.jpg 768w, https:\/\/pianoprovenzana.it\/wp-content\/uploads\/2022\/11\/funivia-crateri-silvestri-etna-1536x1152.jpg 1536w, https:\/\/pianoprovenzana.it\/wp-content\/uploads\/2022\/11\/funivia-crateri-silvestri-etna-2048x1536.jpg 2048w, https:\/\/pianoprovenzana.it\/wp-content\/uploads\/2022\/11\/funivia-crateri-silvestri-etna-1200x900.jpg 1200w\" sizes=\"auto, (max-width: 2400px) 100vw, 2400px\" \/><\/figure>\n<\/div>\n<\/div>\n\n\n\n<p><strong>6. J&rsquo;habite en Sicile. Comment puis-je obtenir une r\u00e9duction sur le t\u00e9l\u00e9ph\u00e9rique&nbsp;? <\/strong><\/p>\n\n\n\n<p>Les r\u00e9sidents siciliens ne peuvent pas acheter de billets de t\u00e9l\u00e9ph\u00e9rique en ligne. La r\u00e9duction est uniquement valable en faisant la queue le jour m\u00eame de l&rsquo;excursion. Il est imp\u00e9ratif de pr\u00e9senter une pi\u00e8ce d&rsquo;identit\u00e9 valide attestant de votre r\u00e9sidence sicilienne. Veuillez noter qu&rsquo;il doit s&rsquo;agir d&rsquo;un passeport ou d&rsquo;une carte d&rsquo;identit\u00e9. Le permis de conduire n&rsquo;est pas accept\u00e9.    <br>Ils vous demanderont \u00e9galement votre num\u00e9ro d&rsquo;identification fiscale ; il serait donc utile d&rsquo;apporter une copie de votre pi\u00e8ce d&rsquo;identit\u00e9 et de votre num\u00e9ro d&rsquo;identification fiscale afin d&rsquo;acc\u00e9l\u00e9rer le processus de r\u00e9duction.  <\/p>\n\n\n\n<p><strong>7. Je suis en situation de handicap. Comment puis-je b\u00e9n\u00e9ficier d&rsquo;une r\u00e9duction sur le t\u00e9l\u00e9ph\u00e9rique&nbsp;? <\/strong><\/p>\n\n\n\n<p>Les personnes titulaires d&rsquo;une carte d&rsquo;invalidit\u00e9 valide b\u00e9n\u00e9ficient d&rsquo;une r\u00e9duction. Ce billet ne peut \u00eatre achet\u00e9 en ligne. Pour b\u00e9n\u00e9ficier de la r\u00e9duction, vous devez faire la queue le jour m\u00eame pour acheter vos billets. La carte d&rsquo;invalidit\u00e9 valide est obligatoire. Seule la personne en situation de handicap b\u00e9n\u00e9ficie de la r\u00e9duction. Son accompagnateur doit payer le plein tarif.     <\/p>\n","protected":false},"excerpt":{"rendered":"<p>\u26a0\ufe0f AttentionNous souhaitons informer nos aimables visiteurs que le service du t\u00e9l\u00e9ph\u00e9rique, du 8 au 24 avril 2026 et du 5 au 14 mai 2026 environ, sera remplac\u00e9 par nos bus 4&#215;4, avec d\u00e9part \u00e0 1920 m d\u2019altitude jusqu\u2019\u00e0 2500 m (et vice-versa). FAQ<\/p>\n","protected":false},"author":3,"featured_media":11504,"parent":13240,"menu_order":86,"comment_status":"closed","ping_status":"closed","template":"page-excursion.php","meta":{"_acf_changed":false,"footnotes":""},"class_list":["post-11502","page","type-page","status-publish","has-post-thumbnail","hentry"],"acf":[],"_links":{"self":[{"href":"https:\/\/pianoprovenzana.it\/fr\/wp-json\/wp\/v2\/pages\/11502","targetHints":{"allow":["GET"]}}],"collection":[{"href":"https:\/\/pianoprovenzana.it\/fr\/wp-json\/wp\/v2\/pages"}],"about":[{"href":"https:\/\/pianoprovenzana.it\/fr\/wp-json\/wp\/v2\/types\/page"}],"author":[{"embeddable":true,"href":"https:\/\/pianoprovenzana.it\/fr\/wp-json\/wp\/v2\/users\/3"}],"replies":[{"embeddable":true,"href":"https:\/\/pianoprovenzana.it\/fr\/wp-json\/wp\/v2\/comments?post=11502"}],"version-history":[{"count":10,"href":"https:\/\/pianoprovenzana.it\/fr\/wp-json\/wp\/v2\/pages\/11502\/revisions"}],"predecessor-version":[{"id":13949,"href":"https:\/\/pianoprovenzana.it\/fr\/wp-json\/wp\/v2\/pages\/11502\/revisions\/13949"}],"up":[{"embeddable":true,"href":"https:\/\/pianoprovenzana.it\/fr\/wp-json\/wp\/v2\/pages\/13240"}],"wp:featuredmedia":[{"embeddable":true,"href":"https:\/\/pianoprovenzana.it\/fr\/wp-json\/wp\/v2\/media\/11504"}],"wp:attachment":[{"href":"https:\/\/pianoprovenzana.it\/fr\/wp-json\/wp\/v2\/media?parent=11502"}],"curies":[{"name":"wp","href":"https:\/\/api.w.org\/{rel}","templated":true}]}}