{"id":11577,"date":"2026-03-19T14:53:03","date_gmt":"2026-03-19T13:53:03","guid":{"rendered":"https:\/\/pianoprovenzana.it\/excursions-aux-iles-eoliennes\/"},"modified":"2026-03-24T17:59:26","modified_gmt":"2026-03-24T16:59:26","slug":"excursions-aux-iles-eoliennes","status":"publish","type":"page","link":"https:\/\/pianoprovenzana.it\/fr\/excursions-aux-iles-eoliennes\/","title":{"rendered":"Excursions aux \u00eeles \u00c9oliennes"},"content":{"rendered":"\n<p>Les \u00eeles \u00c9oliennes forment un monde \u00e0 part\u00a0: sauvages, authentiques et sculpt\u00e9es par le feu des volcans. Ici, vous pourrez ressentir la puissance de la nature au plus pr\u00e8s, au milieu de couchers de soleil inoubliables et de paysages uniques. D\u00e9couvrez les plus belles excursions \u00e0 Stromboli et Vulcano.  <\/p>\n","protected":false},"excerpt":{"rendered":"<p>Les \u00eeles \u00c9oliennes forment un monde \u00e0 part\u00a0: sauvages, authentiques et sculpt\u00e9es par le feu des volcans. Ici, vous pourrez ressentir la puissance de la nature au plus pr\u00e8s, au milieu de couchers de soleil inoubliables et de paysages uniques. D\u00e9couvrez les plus belles excursions \u00e0 Stromboli et Vulcano.<\/p>\n","protected":false},"author":2,"featured_media":11575,"parent":0,"menu_order":0,"comment_status":"closed","ping_status":"closed","template":"page-excursions-area.php","meta":{"_acf_changed":false,"footnotes":""},"class_list":["post-11577","page","type-page","status-publish","has-post-thumbnail","hentry"],"acf":[],"_links":{"self":[{"href":"https:\/\/pianoprovenzana.it\/fr\/wp-json\/wp\/v2\/pages\/11577","targetHints":{"allow":["GET"]}}],"collection":[{"href":"https:\/\/pianoprovenzana.it\/fr\/wp-json\/wp\/v2\/pages"}],"about":[{"href":"https:\/\/pianoprovenzana.it\/fr\/wp-json\/wp\/v2\/types\/page"}],"author":[{"embeddable":true,"href":"https:\/\/pianoprovenzana.it\/fr\/wp-json\/wp\/v2\/users\/2"}],"replies":[{"embeddable":true,"href":"https:\/\/pianoprovenzana.it\/fr\/wp-json\/wp\/v2\/comments?post=11577"}],"version-history":[{"count":0,"href":"https:\/\/pianoprovenzana.it\/fr\/wp-json\/wp\/v2\/pages\/11577\/revisions"}],"wp:featuredmedia":[{"embeddable":true,"href":"https:\/\/pianoprovenzana.it\/fr\/wp-json\/wp\/v2\/media\/11575"}],"wp:attachment":[{"href":"https:\/\/pianoprovenzana.it\/fr\/wp-json\/wp\/v2\/media?parent=11577"}],"curies":[{"name":"wp","href":"https:\/\/api.w.org\/{rel}","templated":true}]}}