{"id":11608,"date":"2026-03-14T18:34:27","date_gmt":"2026-03-14T17:34:27","guid":{"rendered":"https:\/\/pianoprovenzana.it\/meteo-et-webcam\/temperature-sur-letna\/"},"modified":"2026-03-25T17:22:16","modified_gmt":"2026-03-25T16:22:16","slug":"temperature-sur-letna","status":"publish","type":"page","link":"https:\/\/pianoprovenzana.it\/fr\/meteo-et-webcam\/temperature-sur-letna\/","title":{"rendered":"Temp\u00e9rature sur l&rsquo;Etna"},"content":{"rendered":"\n<h2 class=\"wp-block-heading\"><strong>Temp\u00e9rature sur l&rsquo;Etna<\/strong><\/h2>\n\n\n\n<p>Les temp\u00e9ratures sur l&rsquo;Etna peuvent \u00eatre tr\u00e8s diff\u00e9rentes de celles de la c\u00f4te sicilienne. Alors que des villes comme Catania, Taormina et Palermo b\u00e9n\u00e9ficient d&rsquo;un climat m\u00e9diterran\u00e9en doux, les temp\u00e9ratures sur le volcan varient rapidement avec l&rsquo;altitude.<\/p>\n\n\n\n<p>L&rsquo;Etna culmine \u00e0 plus de 3&nbsp;300 m\u00e8tres d&rsquo;altitude, ce qui signifie que le climat peut varier consid\u00e9rablement entre le niveau de la mer et les sommets du volcan. En g\u00e9n\u00e9ral, la temp\u00e9rature baisse d&rsquo;environ 6 \u00e0 10 degr\u00e9s Celsius tous les 1&nbsp;000 m\u00e8tres d&rsquo;altitude lorsqu&rsquo;on gravit l&rsquo;Etna. <\/p>\n\n\n\n<p>Par exemple, alors que Catane ou Taormine connaissent des temp\u00e9ratures estivales de 30 \u00b0C, la temp\u00e9rature \u00e0 Piano Provenzana (environ 1&nbsp;800 m) peut avoisiner les 20 \u00b0C, et m\u00eame \u00eatre plus fra\u00eeche au sommet. C&rsquo;est pourquoi il est toujours important de consulter les pr\u00e9visions m\u00e9t\u00e9orologiques et d&#8217;emporter des v\u00eatements adapt\u00e9s, m\u00eame en \u00e9t\u00e9. <\/p>\n\n\n\n<h2 class=\"wp-block-heading\"><strong>Quelle est la temp\u00e9rature sur l&rsquo;Etna ?<\/strong><\/h2>\n\n\n\n<p>La temp\u00e9rature sur l&rsquo;Etna d\u00e9pend fortement de l&rsquo;altitude. En g\u00e9n\u00e9ral&nbsp;: <\/p>\n\n\n\n<ul class=\"wp-block-list\">\n<li>\u00c0 Catania ou \u00e0 Taormina (au niveau de la mer), les temp\u00e9ratures estivales peuvent atteindre 30 \u00e0 35 \u00b0C.<\/li>\n\n\n\n<li>\u00c0 Piano Provenzana (1800 m), la temp\u00e9rature est souvent inf\u00e9rieure de 10 \u00b0C.<\/li>\n\n\n\n<li>Dans les zones sommitales de l&rsquo;Etna (\u00e0 plus de 3000 m), il peut faire froid m\u00eame en \u00e9t\u00e9.<\/li>\n<\/ul>\n\n\n\n<p>En hiver, les temp\u00e9ratures dans les zones les plus \u00e9lev\u00e9es du volcan peuvent descendre jusqu&rsquo;\u00e0 \u201310\u00b0C, voire moins.<\/p>\n\n\n\n<p>Sur la page <a href=\"https:\/\/pianoprovenzana.it\/fr\/?page_id=11704\" data-type=\"page\" data-id=\"2926\">M\u00e9t\u00e9o de l&rsquo;Etna,<\/a> vous trouverez une indication de la temp\u00e9rature actuelle !<\/p>\n\n\n\n<h2 class=\"wp-block-heading\"><strong>Diff\u00e9rence de temp\u00e9rature entre la c\u00f4te et l&rsquo;Etna<\/strong><\/h2>\n\n\n\n<p>L&rsquo;une des caract\u00e9ristiques les plus marquantes de l&rsquo;Etna est le contraste climatique saisissant entre la c\u00f4te et la montagne. Par exemple&nbsp;: <\/p>\n\n\n\n<ul class=\"wp-block-list\">\n<li>Catania et Taormina sont situ\u00e9es quasiment au niveau de la mer et b\u00e9n\u00e9ficient de temp\u00e9ratures plus \u00e9lev\u00e9es tout au long de l&rsquo;ann\u00e9e.<\/li>\n\n\n\n<li>Piano Provenzana (1800 m) b\u00e9n\u00e9ficie d&rsquo;un climat montagnard, avec des temp\u00e9ratures plus fra\u00eeches et souvent du vent.<\/li>\n\n\n\n<li>Les zones sommitales (au-dessus de 3000 m) b\u00e9n\u00e9ficient d&rsquo;un climat quasi alpin, avec des temp\u00e9ratures basses m\u00eame en \u00e9t\u00e9.<\/li>\n<\/ul>\n\n\n\n<p>Cela signifie que la visite de l&rsquo;Etna peut \u00eatre une exp\u00e9rience totalement diff\u00e9rente de celle d&rsquo;une visite de la c\u00f4te sicilienne.<\/p>\n\n\n\n<h2 class=\"wp-block-heading\"><strong>Temp\u00e9ratures moyennes sur l&rsquo;Etna et en Sicile tout au long de l&rsquo;ann\u00e9e<\/strong><\/h2>\n\n\n\n<p>Le tableau ci-dessous compare les temp\u00e9ratures moyennes dans diff\u00e9rentes zones de l&rsquo;Etna (Piano Provenzana, \u00e0 1&nbsp;800&nbsp;m, et les sommets de l&rsquo;Etna, \u00e0 3&nbsp;400&nbsp;m) et dans certaines villes de Sicile. Le climat de l&rsquo;Etna varie consid\u00e9rablement en fonction de l&rsquo;altitude. <\/p>\n\n\n\n<figure class=\"wp-block-table is-style-stripes\"><table class=\"has-fixed-layout\"><tbody><tr><td><\/td><td class=\"has-text-align-center\" data-align=\"center\"><strong>Temp\u00e9rature moyenne<br> Etna 3400 m<\/strong><\/td><td class=\"has-text-align-center\" data-align=\"center\"><strong>Temp\u00e9rature moyenne<br> Etna 1800 m<\/strong><\/td><td class=\"has-text-align-center\" data-align=\"center\"><strong>Temp\u00e9rature moyenne<br> Taormin<\/strong>a<\/td><td class=\"has-text-align-center\" data-align=\"center\"><strong>Temp\u00e9rature moyenne<br> Catan<\/strong>ia<\/td><td class=\"has-text-align-center\" data-align=\"center\"><strong>Temp\u00e9rature moyenne<br> Palerm<\/strong>o<\/td><\/tr><tr><td>Janvier<\/td><td class=\"has-text-align-center\" data-align=\"center\">-6\u00b0C<\/td><td class=\"has-text-align-center\" data-align=\"center\">2\u00b0C<\/td><td class=\"has-text-align-center\" data-align=\"center\">10\u00b0C<\/td><td class=\"has-text-align-center\" data-align=\"center\">11\u00b0C<\/td><td class=\"has-text-align-center\" data-align=\"center\">12\u00b0C<\/td><\/tr><tr><td>F\u00e9vrier<\/td><td class=\"has-text-align-center\" data-align=\"center\">-5\u00b0C<\/td><td class=\"has-text-align-center\" data-align=\"center\">2\u00b0C<\/td><td class=\"has-text-align-center\" data-align=\"center\">11\u00b0C<\/td><td class=\"has-text-align-center\" data-align=\"center\">12\u00b0C<\/td><td class=\"has-text-align-center\" data-align=\"center\">12\u00b0C<\/td><\/tr><tr><td>Mars<\/td><td class=\"has-text-align-center\" data-align=\"center\">-2\u00b0C<\/td><td class=\"has-text-align-center\" data-align=\"center\">5\u00b0C<\/td><td class=\"has-text-align-center\" data-align=\"center\">13\u00b0C<\/td><td class=\"has-text-align-center\" data-align=\"center\">13\u00b0C<\/td><td class=\"has-text-align-center\" data-align=\"center\">14\u00b0C<\/td><\/tr><tr><td>Avril<\/td><td class=\"has-text-align-center\" data-align=\"center\">0\u00b0C<\/td><td class=\"has-text-align-center\" data-align=\"center\">8\u00b0C<\/td><td class=\"has-text-align-center\" data-align=\"center\">15\u00b0C<\/td><td class=\"has-text-align-center\" data-align=\"center\">16\u00b0C<\/td><td class=\"has-text-align-center\" data-align=\"center\">17\u00b0C<\/td><\/tr><tr><td>Mai<\/td><td class=\"has-text-align-center\" data-align=\"center\">5\u00b0C<\/td><td class=\"has-text-align-center\" data-align=\"center\">13\u00b0C<\/td><td class=\"has-text-align-center\" data-align=\"center\">20\u00b0C<\/td><td class=\"has-text-align-center\" data-align=\"center\">22\u00b0C<\/td><td class=\"has-text-align-center\" data-align=\"center\">22\u00b0C<\/td><\/tr><tr><td>Juin<\/td><td class=\"has-text-align-center\" data-align=\"center\">10\u00b0C<\/td><td class=\"has-text-align-center\" data-align=\"center\">17\u00b0C<\/td><td class=\"has-text-align-center\" data-align=\"center\">25\u00b0C<\/td><td class=\"has-text-align-center\" data-align=\"center\">26\u00b0C<\/td><td class=\"has-text-align-center\" data-align=\"center\">26\u00b0C<\/td><\/tr><tr><td>Juillet<\/td><td class=\"has-text-align-center\" data-align=\"center\">12\u00b0C<\/td><td class=\"has-text-align-center\" data-align=\"center\">20\u00b0C<\/td><td class=\"has-text-align-center\" data-align=\"center\">30\u00b0C<\/td><td class=\"has-text-align-center\" data-align=\"center\">32\u00b0C<\/td><td class=\"has-text-align-center\" data-align=\"center\">32\u00b0C<\/td><\/tr><tr><td>Ao\u00fbt<\/td><td class=\"has-text-align-center\" data-align=\"center\">12\u00b0C<\/td><td class=\"has-text-align-center\" data-align=\"center\">21\u00b0C<\/td><td class=\"has-text-align-center\" data-align=\"center\">29\u00b0C<\/td><td class=\"has-text-align-center\" data-align=\"center\">30\u00b0C<\/td><td class=\"has-text-align-center\" data-align=\"center\">30\u00b0C<\/td><\/tr><tr><td>Septembre<\/td><td class=\"has-text-align-center\" data-align=\"center\">8\u00b0C<\/td><td class=\"has-text-align-center\" data-align=\"center\">17\u00b0C<\/td><td class=\"has-text-align-center\" data-align=\"center\">25\u00b0C<\/td><td class=\"has-text-align-center\" data-align=\"center\">26\u00b0C<\/td><td class=\"has-text-align-center\" data-align=\"center\">26\u00b0C<\/td><\/tr><tr><td>Octobre<\/td><td class=\"has-text-align-center\" data-align=\"center\">4\u00b0C<\/td><td class=\"has-text-align-center\" data-align=\"center\">13\u00b0C<\/td><td class=\"has-text-align-center\" data-align=\"center\">19\u00b0C<\/td><td class=\"has-text-align-center\" data-align=\"center\">20\u00b0C<\/td><td class=\"has-text-align-center\" data-align=\"center\">21\u00b0C<\/td><\/tr><tr><td>Novembre<\/td><td class=\"has-text-align-center\" data-align=\"center\">0\u00b0C<\/td><td class=\"has-text-align-center\" data-align=\"center\">8\u00b0C<\/td><td class=\"has-text-align-center\" data-align=\"center\">14\u00b0C<\/td><td class=\"has-text-align-center\" data-align=\"center\">16\u00b0C<\/td><td class=\"has-text-align-center\" data-align=\"center\">17\u00b0C<\/td><\/tr><tr><td>D\u00e9cembre<\/td><td class=\"has-text-align-center\" data-align=\"center\">-4\u00b0C<\/td><td class=\"has-text-align-center\" data-align=\"center\">3\u00b0C<\/td><td class=\"has-text-align-center\" data-align=\"center\">11\u00b0C<\/td><td class=\"has-text-align-center\" data-align=\"center\">13\u00b0C<\/td><td class=\"has-text-align-center\" data-align=\"center\">14\u00b0C<\/td><\/tr><\/tbody><\/table><\/figure>\n\n\n\n<h2 class=\"wp-block-heading\"><strong>Temp\u00e9ratures sur l&rsquo;Etna en \u00e9t\u00e9<\/strong><\/h2>\n\n\n\n<p>La Sicile conna\u00eet souvent des \u00e9t\u00e9s tr\u00e8s chauds, avec des temp\u00e9ratures pouvant d\u00e9passer 30 \u00e0 35 \u00b0C sur la c\u00f4te. En revanche, sur l&rsquo;Etna, le climat est beaucoup plus frais. \u00c0 Piano Provenzana (1&nbsp;800 m), les temp\u00e9ratures estivales oscillent g\u00e9n\u00e9ralement entre 18 et 22 \u00b0C, tandis qu&rsquo;en altitude, elles peuvent \u00eatre encore plus basses.  <\/p>\n\n\n\n<p>Cela fait de l&rsquo;Etna une destination id\u00e9ale pour :<br> \u2022 randonn\u00e9e<br> \u2022 excursions<br> \u2022 circuit en jeep<br> \u2022 excursions au coucher du soleil<\/p>\n\n\n\n<p>M\u00eame en \u00e9t\u00e9, il est conseill\u00e9 d&#8217;emporter une veste ou un coupe-vent, surtout l&rsquo;apr\u00e8s-midi ou le soir lorsque la temp\u00e9rature peut chuter rapidement.<\/p>\n\n\n\n<h2 class=\"wp-block-heading\"><strong>Temp\u00e9ratures sur l&rsquo;Etna en hiver<\/strong><\/h2>\n\n\n\n<p>En hiver, les temp\u00e9ratures sur l&rsquo;Etna peuvent descendre bien en dessous de z\u00e9ro, surtout dans les zones les plus \u00e9lev\u00e9es du volcan. \u00c0 Piano Provenzana, les temp\u00e9ratures hivernales oscillent souvent autour de 0 \u00b0C ou quelques degr\u00e9s au-dessus de z\u00e9ro, tandis qu&rsquo;au sommet, elles peuvent atteindre -10 \u00b0C, voire moins. La neige est fr\u00e9quente sur l&rsquo;Etna en hiver, ce qui permet de pratiquer des activit\u00e9s telles que&nbsp;:  <\/p>\n\n\n\n<ul class=\"wp-block-list\">\n<li>ski<\/li>\n\n\n\n<li>snowboard<\/li>\n\n\n\n<li>excursions en raquettes<\/li>\n<\/ul>\n\n\n\n<p>Skier sur l&rsquo;Etna est une exp\u00e9rience unique, car c&rsquo;est l&rsquo;un des rares endroits au monde o\u00f9 l&rsquo;on peut skier en admirant la mer.<\/p>\n\n\n\n<h2 class=\"wp-block-heading\"><strong>D\u00e9tails climatiques de l&rsquo;Etna<\/strong><\/h2>\n\n\n\n<p>Le tableau suivant pr\u00e9sente des donn\u00e9es climatiques moyennes pour l&rsquo;Etna, telles que les temp\u00e9ratures maximales et minimales, les heures d&rsquo;ensoleillement et le nombre de jours de pluie tout au long de l&rsquo;ann\u00e9e.<\/p>\n\n\n\n<figure class=\"wp-block-table is-style-stripes\"><table><tbody><tr><td><\/td><td class=\"has-text-align-center\" data-align=\"center\"><strong>Temp\u00e9rature<\/strong><br> <strong>maximum<\/strong><br> \ud83c\udf21\ufe0f<\/td><td class=\"has-text-align-center\" data-align=\"center\"><strong>Temp\u00e9rature<\/strong><br> <strong>minimum<\/strong><br> \u2744<\/td><td class=\"has-text-align-center\" data-align=\"center\"><strong>Des heures d&rsquo;ensoleillement<\/strong><br> <strong>par jour<\/strong><br> <span class=\"has-inline-color has-luminous-vivid-amber-color\">\u263c<\/span><\/td><td class=\"has-text-align-center\" data-align=\"center\"><strong>Jours de pluie<\/strong><br> <strong>par mois<\/strong><br> \ud83c\udf27\ufe0f<\/td><\/tr><tr><td>Janvier<\/td><td class=\"has-text-align-center\" data-align=\"center\">10 \u00b0C<\/td><td class=\"has-text-align-center\" data-align=\"center\">&#8211; 4 \u00b0C<\/td><td class=\"has-text-align-center\" data-align=\"center\">5<\/td><td class=\"has-text-align-center\" data-align=\"center\">13<\/td><\/tr><tr><td>F\u00e9vrier<\/td><td class=\"has-text-align-center\" data-align=\"center\">12 \u00b0C<\/td><td class=\"has-text-align-center\" data-align=\"center\">&#8211; 5 \u00b0C<\/td><td class=\"has-text-align-center\" data-align=\"center\">6<\/td><td class=\"has-text-align-center\" data-align=\"center\">10<\/td><\/tr><tr><td>Mars<\/td><td class=\"has-text-align-center\" data-align=\"center\">13 \u00b0C<\/td><td class=\"has-text-align-center\" data-align=\"center\">&#8211; 3 \u00b0C<\/td><td class=\"has-text-align-center\" data-align=\"center\">7<\/td><td class=\"has-text-align-center\" data-align=\"center\">9<\/td><\/tr><tr><td>Avril<\/td><td class=\"has-text-align-center\" data-align=\"center\">16 \u00b0C<\/td><td class=\"has-text-align-center\" data-align=\"center\">  0 \u00b0C<\/td><td class=\"has-text-align-center\" data-align=\"center\">8<\/td><td class=\"has-text-align-center\" data-align=\"center\">8<\/td><\/tr><tr><td>Mai<\/td><td class=\"has-text-align-center\" data-align=\"center\">19 \u00b0C<\/td><td class=\"has-text-align-center\" data-align=\"center\">6 \u00b0C<\/td><td class=\"has-text-align-center\" data-align=\"center\">9<\/td><td class=\"has-text-align-center\" data-align=\"center\">6<\/td><\/tr><tr><td>Juin<\/td><td class=\"has-text-align-center\" data-align=\"center\">23 \u00b0C<\/td><td class=\"has-text-align-center\" data-align=\"center\">11 \u00b0C<\/td><td class=\"has-text-align-center\" data-align=\"center\">10<\/td><td class=\"has-text-align-center\" data-align=\"center\">4<\/td><\/tr><tr><td>Juillet<\/td><td class=\"has-text-align-center\" data-align=\"center\">28 \u00b0C<\/td><td class=\"has-text-align-center\" data-align=\"center\">16 \u00b0C<\/td><td class=\"has-text-align-center\" data-align=\"center\">11<\/td><td class=\"has-text-align-center\" data-align=\"center\">2<\/td><\/tr><tr><td>Ao\u00fbt<\/td><td class=\"has-text-align-center\" data-align=\"center\">30 \u00b0C<\/td><td class=\"has-text-align-center\" data-align=\"center\">16 \u00b0C<\/td><td class=\"has-text-align-center\" data-align=\"center\">10<\/td><td class=\"has-text-align-center\" data-align=\"center\">3<\/td><\/tr><tr><td>Septembre<\/td><td class=\"has-text-align-center\" data-align=\"center\">25 \u00b0C<\/td><td class=\"has-text-align-center\" data-align=\"center\">15 \u00b0C<\/td><td class=\"has-text-align-center\" data-align=\"center\">9<\/td><td class=\"has-text-align-center\" data-align=\"center\">5<\/td><\/tr><tr><td>Octobre<\/td><td class=\"has-text-align-center\" data-align=\"center\">20 \u00b0C<\/td><td class=\"has-text-align-center\" data-align=\"center\">12 \u00b0C<\/td><td class=\"has-text-align-center\" data-align=\"center\">7<\/td><td class=\"has-text-align-center\" data-align=\"center\">8<\/td><\/tr><tr><td>Novembre<\/td><td class=\"has-text-align-center\" data-align=\"center\">16 \u00b0C<\/td><td class=\"has-text-align-center\" data-align=\"center\">10 \u00b0C<\/td><td class=\"has-text-align-center\" data-align=\"center\">5<\/td><td class=\"has-text-align-center\" data-align=\"center\">10<\/td><\/tr><tr><td>D\u00e9cembre<\/td><td class=\"has-text-align-center\" data-align=\"center\">13 \u00b0C<\/td><td class=\"has-text-align-center\" data-align=\"center\">5 \u00b0C<\/td><td class=\"has-text-align-center\" data-align=\"center\">4<\/td><td class=\"has-text-align-center\" data-align=\"center\">12<\/td><\/tr><\/tbody><\/table><\/figure>\n\n\n\n<h2 class=\"wp-block-heading\"><strong>Conseils pour visiter l&rsquo;Etna<\/strong><\/h2>\n\n\n\n<p>Si vous pr\u00e9voyez une randonn\u00e9e sur l&rsquo;Etna, il est important de se rappeler que la m\u00e9t\u00e9o en montagne peut changer rapidement. Conseils utiles&nbsp;: <\/p>\n\n\n\n<ul class=\"wp-block-list\">\n<li>toujours v\u00e9rifier les conditions m\u00e9t\u00e9orologiques<\/li>\n\n\n\n<li>Apportez des chaussures adapt\u00e9es \u00e0 la marche<\/li>\n\n\n\n<li>v\u00eatements superpos\u00e9s<\/li>\n\n\n\n<li>Portez toujours une veste, m\u00eame en \u00e9t\u00e9<\/li>\n<\/ul>\n\n\n\n<p>Dans certains cas, il est \u00e9galement possible de louer des vestes ou du mat\u00e9riel dans les boutiques de souvenirs des principales zones touristiques de l&rsquo;Etna.<\/p>\n\n\n\n<h2 class=\"wp-block-heading\"><strong>Conseils finaux<\/strong><\/h2>\n\n\n\n<p>Les temp\u00e9ratures sur l&rsquo;Etna peuvent surprendre de nombreux visiteurs. Si la c\u00f4te est tr\u00e8s chaude, il peut faire nettement plus frais sur le volcan. Bien se pr\u00e9parer et s&rsquo;informer sur les conditions m\u00e9t\u00e9orologiques garantit une exp\u00e9rience plus s\u00fbre et plus agr\u00e9able sur l&rsquo;Etna.  <\/p>\n\n\n\n<p>Souhaitez-vous en savoir plus sur les conditions climatiques du volcan ?<\/p>\n\n\n<div id=\"reference-cards-block_c69187f37cf6c9a95f5d54466dc6c74f\" class=\"reference-cards-block\"><div class=\"reference-cards-grid\"><a class=\"reference-card\" href=\"https:\/\/pianoprovenzana.it\/meteo-e-webcam\/meteo\/\"><div class=\"reference-card__image-wrap\"><img decoding=\"async\" width=\"1024\" height=\"326\" src=\"https:\/\/pianoprovenzana.it\/wp-content\/uploads\/2020\/12\/autunno-piano-provenzana-1024x326.jpg\" class=\"reference-card__image\" alt=\"Meteo\" loading=\"lazy\" srcset=\"https:\/\/pianoprovenzana.it\/wp-content\/uploads\/2020\/12\/autunno-piano-provenzana-1024x326.jpg 1024w, https:\/\/pianoprovenzana.it\/wp-content\/uploads\/2020\/12\/autunno-piano-provenzana-300x96.jpg 300w, https:\/\/pianoprovenzana.it\/wp-content\/uploads\/2020\/12\/autunno-piano-provenzana-768x244.jpg 768w, https:\/\/pianoprovenzana.it\/wp-content\/uploads\/2020\/12\/autunno-piano-provenzana-1536x489.jpg 1536w, https:\/\/pianoprovenzana.it\/wp-content\/uploads\/2020\/12\/autunno-piano-provenzana-2048x652.jpg 2048w, https:\/\/pianoprovenzana.it\/wp-content\/uploads\/2020\/12\/autunno-piano-provenzana-1200x382.jpg 1200w\" sizes=\"auto, (max-width: 1024px) 100vw, 1024px\" title=\"\"><\/div><div class=\"reference-card__content\"><h3 class=\"reference-card__title\">Meteo<\/h3><div class=\"reference-card__description\">Consultez la m\u00e9t\u00e9o sur l&rsquo;Etna en temps r\u00e9el et les pr\u00e9visions pour les prochains jours.<\/div><div class=\"reference-card__button-text\">En savoir plus<\/div><\/div><\/a><a class=\"reference-card\" href=\"https:\/\/pianoprovenzana.it\/meteo-e-webcam\/alba-e-tramonto-sulletna\/\"><div class=\"reference-card__image-wrap\"><img decoding=\"async\" width=\"2400\" height=\"1800\" src=\"https:\/\/pianoprovenzana.it\/wp-content\/uploads\/2024\/06\/tramonto-etna-nord-sommitali-2400x1800.jpg\" class=\"reference-card__image\" alt=\"Alba e tramonto sull\u2019Etna\" loading=\"lazy\" srcset=\"https:\/\/pianoprovenzana.it\/wp-content\/uploads\/2024\/06\/tramonto-etna-nord-sommitali-2400x1800.jpg 2400w, https:\/\/pianoprovenzana.it\/wp-content\/uploads\/2024\/06\/tramonto-etna-nord-sommitali-300x225.jpg 300w, https:\/\/pianoprovenzana.it\/wp-content\/uploads\/2024\/06\/tramonto-etna-nord-sommitali-768x576.jpg 768w, https:\/\/pianoprovenzana.it\/wp-content\/uploads\/2024\/06\/tramonto-etna-nord-sommitali-1536x1152.jpg 1536w, https:\/\/pianoprovenzana.it\/wp-content\/uploads\/2024\/06\/tramonto-etna-nord-sommitali-2048x1536.jpg 2048w, https:\/\/pianoprovenzana.it\/wp-content\/uploads\/2024\/06\/tramonto-etna-nord-sommitali-1200x900.jpg 1200w\" sizes=\"auto, (max-width: 2400px) 100vw, 2400px\" title=\"\"><\/div><div class=\"reference-card__content\"><h3 class=\"reference-card__title\">Alba e tramonto sull\u2019Etna<\/h3><div class=\"reference-card__description\">D\u00e9couvrez les heures de lever et de coucher du soleil sur l&rsquo;Etna et les meilleurs moments pour visiter le volcan.<\/div><div class=\"reference-card__button-text\">En savoir plus<\/div><\/div><\/a><a class=\"reference-card\" href=\"https:\/\/pianoprovenzana.it\/meteo-e-webcam\/attivita-dell-etna-in-tempo-reale\/\"><div class=\"reference-card__image-wrap\"><img decoding=\"async\" width=\"2400\" height=\"1800\" src=\"https:\/\/pianoprovenzana.it\/wp-content\/uploads\/2021\/03\/eruzione-lava-cenere-etna-16-02-2021-2400x1800.jpg\" class=\"reference-card__image\" alt=\"Attivit\u00e0 dell\u2019Etna in tempo reale\" loading=\"lazy\" srcset=\"https:\/\/pianoprovenzana.it\/wp-content\/uploads\/2021\/03\/eruzione-lava-cenere-etna-16-02-2021-2400x1800.jpg 2400w, https:\/\/pianoprovenzana.it\/wp-content\/uploads\/2021\/03\/eruzione-lava-cenere-etna-16-02-2021-300x225.jpg 300w, https:\/\/pianoprovenzana.it\/wp-content\/uploads\/2021\/03\/eruzione-lava-cenere-etna-16-02-2021-768x576.jpg 768w, https:\/\/pianoprovenzana.it\/wp-content\/uploads\/2021\/03\/eruzione-lava-cenere-etna-16-02-2021-1536x1152.jpg 1536w, https:\/\/pianoprovenzana.it\/wp-content\/uploads\/2021\/03\/eruzione-lava-cenere-etna-16-02-2021-2048x1536.jpg 2048w, https:\/\/pianoprovenzana.it\/wp-content\/uploads\/2021\/03\/eruzione-lava-cenere-etna-16-02-2021-1200x900.jpg 1200w\" sizes=\"auto, (max-width: 2400px) 100vw, 2400px\" title=\"\"><\/div><div class=\"reference-card__content\"><h3 class=\"reference-card__title\">Attivit\u00e0 dell\u2019Etna in tempo reale<\/h3><div class=\"reference-card__description\">Suivez l&rsquo;activit\u00e9 de l&rsquo;Etna en temps r\u00e9el et d\u00e9couvrez si le volcan est actif.<\/div><div class=\"reference-card__button-text\">En savoir plus<\/div><\/div><\/a><\/div><\/div>","protected":false},"excerpt":{"rendered":"<p>Temp\u00e9rature sur l&rsquo;Etna Les temp\u00e9ratures sur l&rsquo;Etna peuvent \u00eatre tr\u00e8s diff\u00e9rentes de celles de la c\u00f4te sicilienne. Alors que des villes comme Catania, Taormina et Palermo b\u00e9n\u00e9ficient d&rsquo;un climat m\u00e9diterran\u00e9en doux, les temp\u00e9ratures sur le volcan varient rapidement avec l&rsquo;altitude. L&rsquo;Etna culmine \u00e0 plus de 3&nbsp;300 m\u00e8tres d&rsquo;altitude, ce qui signifie que le climat peut [&hellip;]<\/p>\n","protected":false},"author":2,"featured_media":11541,"parent":11600,"menu_order":0,"comment_status":"closed","ping_status":"closed","template":"","meta":{"_acf_changed":false,"footnotes":""},"class_list":["post-11608","page","type-page","status-publish","has-post-thumbnail","hentry"],"acf":[],"_links":{"self":[{"href":"https:\/\/pianoprovenzana.it\/fr\/wp-json\/wp\/v2\/pages\/11608","targetHints":{"allow":["GET"]}}],"collection":[{"href":"https:\/\/pianoprovenzana.it\/fr\/wp-json\/wp\/v2\/pages"}],"about":[{"href":"https:\/\/pianoprovenzana.it\/fr\/wp-json\/wp\/v2\/types\/page"}],"author":[{"embeddable":true,"href":"https:\/\/pianoprovenzana.it\/fr\/wp-json\/wp\/v2\/users\/2"}],"replies":[{"embeddable":true,"href":"https:\/\/pianoprovenzana.it\/fr\/wp-json\/wp\/v2\/comments?post=11608"}],"version-history":[{"count":4,"href":"https:\/\/pianoprovenzana.it\/fr\/wp-json\/wp\/v2\/pages\/11608\/revisions"}],"predecessor-version":[{"id":13329,"href":"https:\/\/pianoprovenzana.it\/fr\/wp-json\/wp\/v2\/pages\/11608\/revisions\/13329"}],"up":[{"embeddable":true,"href":"https:\/\/pianoprovenzana.it\/fr\/wp-json\/wp\/v2\/pages\/11600"}],"wp:featuredmedia":[{"embeddable":true,"href":"https:\/\/pianoprovenzana.it\/fr\/wp-json\/wp\/v2\/media\/11541"}],"wp:attachment":[{"href":"https:\/\/pianoprovenzana.it\/fr\/wp-json\/wp\/v2\/media?parent=11608"}],"curies":[{"name":"wp","href":"https:\/\/api.w.org\/{rel}","templated":true}]}}