{"id":11621,"date":"2021-02-09T14:23:33","date_gmt":"2021-02-09T13:23:33","guid":{"rendered":"https:\/\/pianoprovenzana.it\/excursion-de-25-heures-en-quad-dans-les-gorges-dalcantara\/"},"modified":"2026-04-03T09:06:08","modified_gmt":"2026-04-03T07:06:08","slug":"quad-vallee-alcantara-2h30","status":"publish","type":"page","link":"https:\/\/pianoprovenzana.it\/fr\/excursions-etna\/quad-vallee-alcantara-2h30\/","title":{"rendered":"Quad vall\u00e9e de l\u2019Alcantara 2h30 \u2013 Gurne, rivi\u00e8re et pistes off-road"},"content":{"rendered":"\n<h2 class=\"wp-block-heading\"><strong>FAQ<\/strong><\/h2>\n\n\n<div id=\"rank-math-faq\" class=\"rank-math-block\">\n<div class=\"rank-math-list \">\n<div id=\"faq-question-1773142312937\" class=\"rank-math-list-item\">\n<h3 class=\"rank-math-question \">1. Faut-il de l&rsquo;exp\u00e9rience pour conduire un quad ?<\/h3>\n<div class=\"rank-math-answer \">\n\n<p>Non, aucune exp\u00e9rience n&rsquo;est n\u00e9cessaire. Les quads utilis\u00e9s pendant l&rsquo;excursion sont automatiques et faciles \u00e0 conduire.<br \/> Avant le d\u00e9part, le guide donnera un bref briefing sur la s\u00e9curit\u00e9 et l&rsquo;utilisation du quad, afin que chacun puisse partir en toute s\u00e9curit\u00e9 pour la visite de la vall\u00e9e de l&rsquo;Alcantara. <\/p>\n\n<\/div>\n<\/div>\n<div id=\"faq-question-1773145391147\" class=\"rank-math-list-item\">\n<h3 class=\"rank-math-question \">2. Un permis est-il n\u00e9cessaire pour conduire un quad ?<\/h3>\n<div class=\"rank-math-answer \">\n\n<p>Oui. Pour conduire un quad lors de l&rsquo;excursion dans les gorges de l&rsquo;Alcantara, vous devez avoir au moins 18 ans et \u00eatre titulaire d&rsquo;un permis de conduire de cat\u00e9gorie B.<br \/> Ceux qui ne conduisent pas peuvent participer en tant que passagers sur le quad. <\/p>\n\n<\/div>\n<\/div>\n<div id=\"faq-question-1773145444436\" class=\"rank-math-list-item\">\n<h3 class=\"rank-math-question \">3. Les enfants peuvent-ils participer \u00e0 la visite ?<\/h3>\n<div class=\"rank-math-answer \">\n\n<p>Oui, les enfants peuvent participer en tant que passagers.<br \/> L&rsquo;\u00e2ge minimum pour conduire un quad est de 6 ans. Les enfants ne peuvent pas conduire le quad, mais ils peuvent s&rsquo;asseoir derri\u00e8re le conducteur. <\/p>\n\n<\/div>\n<\/div>\n<div id=\"faq-question-1773145458950\" class=\"rank-math-list-item\">\n<h3 class=\"rank-math-question \">4. Quels v\u00eatements sont recommand\u00e9s pour l&rsquo;excursion en quad ?<\/h3>\n<div class=\"rank-math-answer \">\n\n<p>Nous vous recommandons de porter :<br \/> \u2022 chaussures ferm\u00e9es (sport ou randonn\u00e9e)<br \/> \u2022 lunettes de soleil<br \/> \u2022 v\u00eatements confortables<br \/> Le circuit comprend des chemins de terre et des portions hors route, il est donc pr\u00e9f\u00e9rable d&rsquo;\u00e9viter les sandales ou les tongs.<\/p>\n\n<\/div>\n<\/div>\n<div id=\"faq-question-1773145475935\" class=\"rank-math-list-item\">\n<h3 class=\"rank-math-question \">5. Peut-on acc\u00e9der aux gorges de l&rsquo;Alcantara en quad ?<\/h3>\n<div class=\"rank-math-answer \">\n\n<p>Non. Le circuit se d\u00e9roule principalement dans la vall\u00e9e de l&rsquo;Alcantara, pr\u00e8s des c\u00e9l\u00e8bres gorges de l&rsquo;Alcantara.<br \/> En chemin, vous visiterez plusieurs sites pittoresques et le lit de la rivi\u00e8re Alcantara, o\u00f9 vous pourrez descendre de votre quad et vous rapprocher de l&rsquo;eau. <\/p>\n\n<\/div>\n<\/div>\n<div id=\"faq-question-1773145492825\" class=\"rank-math-list-item\">\n<h3 class=\"rank-math-question \">6. Est-il possible de se baigner dans la rivi\u00e8re Alcantara ?<\/h3>\n<div class=\"rank-math-answer \">\n\n<p>Par temps chaud et lorsque les conditions sont favorables, il est possible de faire une courte baignade dans la rivi\u00e8re Alcantara lors d&rsquo;une des haltes.<br \/> Si vous le souhaitez, nous vous recommandons de porter un maillot de bain sous vos v\u00eatements et d&rsquo;apporter une serviette.<\/p>\n\n<\/div>\n<\/div>\n<div id=\"faq-question-1773145510564\" class=\"rank-math-list-item\">\n<h3 class=\"rank-math-question \">7. Que se passe-t-il si le temps est mauvais ?<\/h3>\n<div class=\"rank-math-answer \">\n\n<p>En cas de mauvaises conditions m\u00e9t\u00e9orologiques ou de conditions dangereuses, le guide peut d\u00e9cider de d\u00e9placer ou d&rsquo;annuler la visite.<br \/> Dans ce cas, il sera possible de choisir une autre date disponible.<\/p>\n\n<\/div>\n<\/div>\n<div id=\"faq-question-1773145524324\" class=\"rank-math-list-item\">\n<h3 class=\"rank-math-question \">8. \u00c0 quelle heure commencent les excursions en quad ?<\/h3>\n<div class=\"rank-math-answer \">\n\n<p>Les excursions partent g\u00e9n\u00e9ralement \u00e0 partir de 9h00.<br \/> Lors de votre r\u00e9servation, vous pouvez indiquer votre horaire pr\u00e9f\u00e9r\u00e9, en fonction des disponibilit\u00e9s.<br \/> Il est important d&rsquo;arriver au moins 15 minutes avant le d\u00e9part.<\/p>\n\n<\/div>\n<\/div>\n<div id=\"faq-question-1773145543014\" class=\"rank-math-list-item\">\n<h3 class=\"rank-math-question \">9. Combien de personnes peuvent monter sur un quad ?<\/h3>\n<div class=\"rank-math-answer \">\n\n<p>Chaque quad peut accueillir un maximum de 2 personnes.<br \/> Le prix est par quad, il reste donc le m\u00eame que vous participiez seul ou \u00e0 deux.<\/p>\n\n<\/div>\n<\/div>\n<\/div>\n<\/div>\n\n\n<!--nextpage-->\n\n\n\n<h2 class=\"wp-block-heading\"><strong>Excursion de 2,5 heures en quad dans les gorges d&rsquo;Alcantara<\/strong><\/h2>\n\n\n\n<p>Envie d&rsquo;une fa\u00e7on aventureuse d&rsquo;explorer le fleuve Alcantara&nbsp;? Montez \u00e0 bord d&rsquo;un quad et d\u00e9couvrez les magnifiques paysages naturels des gorges de l&rsquo;Alcantara lors de cette excursion de 2,5 heures. <\/p>\n\n\n\n<h2 class=\"wp-block-heading\" id=\"itinerario-quad-tour-gole-alcantara\"><strong>Itin\u00e9raire de l&rsquo;excursion en quad dans les gorges d&rsquo;Alcantara<\/strong><\/h2>\n\n\n\n<p>L&rsquo;excursion en quad dans les gorges de l&rsquo;Alcantara d\u00e9bute pr\u00e8s des gorges. Apr\u00e8s un briefing et une rencontre avec votre guide, vous partirez explorer la vall\u00e9e de l&rsquo;Alcantara en quad. Nous nous dirigerons vers Francavilla di Sicilia, en empruntant une piste qui serpente \u00e0 travers des paysages pittoresques.  <\/p>\n\n\n\n<p>L&rsquo;itin\u00e9raire serpente entre les senteurs d&rsquo;agrumes et les lits de ruisseaux ass\u00e9ch\u00e9s, offrant deux heures et demie de pur plaisir. Vous ferez une halte au lit de la rivi\u00e8re Alcantara, o\u00f9 vous pourrez toucher l&rsquo;eau glac\u00e9e. Vous pourrez \u00e9galement visiter la Cuba byzantine, les gorges de l&rsquo;Alcantara et le ch\u00e2teau de Lauria (Castiglione di Sicilia). Le tout en empruntant des pistes hors-piste.   <\/p>\n\n\n\n<p><strong>Lieux que nous visitons :<\/strong><\/p>\n\n\n\n<ul class=\"wp-block-list\">\n<li>Le Gurne d&rsquo;Alcantara<\/li>\n\n\n\n<li>Cuba byzantine<\/li>\n\n\n\n<li>Ch\u00e2teau de Lauria  <\/li>\n<\/ul>\n\n\n\n<div class=\"wp-block-columns is-layout-flex wp-container-core-columns-is-layout-9d6595d7 wp-block-columns-is-layout-flex\">\n<div class=\"wp-block-column is-layout-flow wp-block-column-is-layout-flow\">\n<figure class=\"wp-block-image size-full\"><img loading=\"lazy\" decoding=\"async\" width=\"1536\" height=\"2048\" src=\"https:\/\/pianoprovenzana.it\/wp-content\/uploads\/2023\/08\/alcantara-quad-tour-off-road.jpeg\" alt=\"Circuit tout-terrain en quad Alcantara\" class=\"wp-image-7452\" title=\"\" srcset=\"https:\/\/pianoprovenzana.it\/wp-content\/uploads\/2023\/08\/alcantara-quad-tour-off-road.jpeg 1536w, https:\/\/pianoprovenzana.it\/wp-content\/uploads\/2023\/08\/alcantara-quad-tour-off-road-225x300.jpeg 225w, https:\/\/pianoprovenzana.it\/wp-content\/uploads\/2023\/08\/alcantara-quad-tour-off-road-768x1024.jpeg 768w, https:\/\/pianoprovenzana.it\/wp-content\/uploads\/2023\/08\/alcantara-quad-tour-off-road-1152x1536.jpeg 1152w, https:\/\/pianoprovenzana.it\/wp-content\/uploads\/2023\/08\/alcantara-quad-tour-off-road-1200x1600.jpeg 1200w\" sizes=\"auto, (max-width: 1536px) 100vw, 1536px\" \/><\/figure>\n<\/div>\n\n\n\n<div class=\"wp-block-column is-layout-flow wp-block-column-is-layout-flow\">\n<figure class=\"wp-block-image size-full\"><img loading=\"lazy\" decoding=\"async\" width=\"1536\" height=\"2048\" src=\"https:\/\/pianoprovenzana.it\/wp-content\/uploads\/2023\/08\/cuba-alcantara-quad-tour.jpeg\" alt=\"Circuit en quad \u00e0 Cuba Alcantara\" class=\"wp-image-7454\" title=\"\" srcset=\"https:\/\/pianoprovenzana.it\/wp-content\/uploads\/2023\/08\/cuba-alcantara-quad-tour.jpeg 1536w, https:\/\/pianoprovenzana.it\/wp-content\/uploads\/2023\/08\/cuba-alcantara-quad-tour-225x300.jpeg 225w, https:\/\/pianoprovenzana.it\/wp-content\/uploads\/2023\/08\/cuba-alcantara-quad-tour-768x1024.jpeg 768w, https:\/\/pianoprovenzana.it\/wp-content\/uploads\/2023\/08\/cuba-alcantara-quad-tour-1152x1536.jpeg 1152w, https:\/\/pianoprovenzana.it\/wp-content\/uploads\/2023\/08\/cuba-alcantara-quad-tour-1200x1600.jpeg 1200w\" sizes=\"auto, (max-width: 1536px) 100vw, 1536px\" \/><\/figure>\n<\/div>\n<\/div>\n\n\n\n<div class=\"wp-block-columns is-layout-flex wp-container-core-columns-is-layout-9d6595d7 wp-block-columns-is-layout-flex\">\n<div class=\"wp-block-column is-layout-flow wp-block-column-is-layout-flow\">\n<figure class=\"wp-block-image size-full\"><img loading=\"lazy\" decoding=\"async\" width=\"900\" height=\"1600\" src=\"https:\/\/pianoprovenzana.it\/wp-content\/uploads\/2022\/08\/fiume-alcantara-quad-tour.jpeg\" alt=\"Circuit en quad sur la rivi\u00e8re Alcantara\" class=\"wp-image-6164\" title=\"\" srcset=\"https:\/\/pianoprovenzana.it\/wp-content\/uploads\/2022\/08\/fiume-alcantara-quad-tour.jpeg 900w, https:\/\/pianoprovenzana.it\/wp-content\/uploads\/2022\/08\/fiume-alcantara-quad-tour-169x300.jpeg 169w, https:\/\/pianoprovenzana.it\/wp-content\/uploads\/2022\/08\/fiume-alcantara-quad-tour-768x1365.jpeg 768w, https:\/\/pianoprovenzana.it\/wp-content\/uploads\/2022\/08\/fiume-alcantara-quad-tour-864x1536.jpeg 864w\" sizes=\"auto, (max-width: 900px) 100vw, 900px\" \/><\/figure>\n<\/div>\n\n\n\n<div class=\"wp-block-column is-layout-flow wp-block-column-is-layout-flow\">\n<figure class=\"wp-block-image size-full\"><img loading=\"lazy\" decoding=\"async\" width=\"900\" height=\"1600\" src=\"https:\/\/pianoprovenzana.it\/wp-content\/uploads\/2022\/08\/alcantara-quad-tour-fiume-alcantara.jpeg\" alt=\"Excursion en quad \u00e0 Alcantara le long de la rivi\u00e8re Alcantara\" class=\"wp-image-6165\" title=\"\" srcset=\"https:\/\/pianoprovenzana.it\/wp-content\/uploads\/2022\/08\/alcantara-quad-tour-fiume-alcantara.jpeg 900w, https:\/\/pianoprovenzana.it\/wp-content\/uploads\/2022\/08\/alcantara-quad-tour-fiume-alcantara-169x300.jpeg 169w, https:\/\/pianoprovenzana.it\/wp-content\/uploads\/2022\/08\/alcantara-quad-tour-fiume-alcantara-768x1365.jpeg 768w, https:\/\/pianoprovenzana.it\/wp-content\/uploads\/2022\/08\/alcantara-quad-tour-fiume-alcantara-864x1536.jpeg 864w\" sizes=\"auto, (max-width: 900px) 100vw, 900px\" \/><\/figure>\n<\/div>\n<\/div>\n\n\n\n<h2 class=\"wp-block-heading\"><strong>Points forts : Excursion en quad dans les gorges d&rsquo;Alcantara<\/strong><\/h2>\n\n\n\n<p>Les excursions en quad dans les gorges de l&rsquo;Alcantara d\u00e9butent le matin \u00e0 partir de 9h30. Choisissez votre horaire de d\u00e9part, nous trouverons la solution id\u00e9ale&nbsp;! L&rsquo;excursion dure environ 2h30.  <\/p>\n\n\n\n<ul class=\"wp-block-list\">\n<li>D\u00e9part de Motta Camastra<\/li>\n\n\n\n<li>Travers\u00e9e du lit de la rivi\u00e8re Alcantara<\/li>\n\n\n\n<li>Touchez l&rsquo;eau glac\u00e9e de la rivi\u00e8re Alcantara<\/li>\n\n\n\n<li>Dur\u00e9e totale : environ 2,5 heures<\/li>\n<\/ul>\n\n\n\n<p>Vous devez imp\u00e9rativement vous pr\u00e9senter au point de d\u00e9part de l&rsquo;excursion au moins 15 minutes avant le d\u00e9part. Les excursions en quad \u00e0 Alcantara partent de Motta Camastra. <\/p>\n\n\n\n<h2 class=\"wp-block-heading\"><strong>Prix \u200b\u200bdu circuit en quad Alcantara<\/strong><\/h2>\n\n\n\n<p><strong>Prix \u200b\u200bde l&rsquo;excursion en quad dans les gorges d&rsquo;Alcantara (2,5 heures)<\/strong><\/p>\n\n\n\n<p>L&rsquo;excursion en quad dans les gorges d&rsquo;Alcantara co\u00fbte 90 \u20ac par quad. Chaque quad peut accueillir jusqu&rsquo;\u00e0 deux personnes. Le prix est le m\u00eame, que vous soyez seul ou \u00e0 deux.  <\/p>\n\n\n\n<p>Aucun paiement anticip\u00e9 n&rsquo;est requis&nbsp;! Vous pouvez r\u00e9gler le jour de l&rsquo;excursion, directement aupr\u00e8s de votre guide. Nous fonctionnons sur la base de la confiance. Vous avez la garantie qu&rsquo;un quad vous attendra lors de votre r\u00e9servation. Et nous comptons sur votre ponctualit\u00e9.    <\/p>\n\n\n\n<p>Vous pouvez r\u00e9gler votre excursion en quad en esp\u00e8ces, par carte de d\u00e9bit ou par carte de cr\u00e9dit. Il n&rsquo;y a pas de distributeur automatique de billets \u00e0 proximit\u00e9. <\/p>\n\n\n\n<p><strong>Compris<br><\/strong> <mark style=\"background-color:rgba(0, 0, 0, 0)\" class=\"has-inline-color has-vivid-green-cyan-color\"><strong>\u2713<\/strong><\/mark> Excursion en quad de 2,5 heures<br> <mark style=\"background-color:rgba(0, 0, 0, 0)\" class=\"has-inline-color has-vivid-green-cyan-color\"><strong>\u2713<\/strong><\/mark> Traversez le lit de la rivi\u00e8re Alcantara<br> <mark style=\"background-color:rgba(0, 0, 0, 0)\" class=\"has-inline-color has-vivid-green-cyan-color\"><strong>\u2713<\/strong><\/mark> Touchez l&rsquo;eau glac\u00e9e de la rivi\u00e8re Alcantara<br> <mark style=\"background-color:rgba(0, 0, 0, 0)\" class=\"has-inline-color has-vivid-green-cyan-color\"><strong>\u2713<\/strong><\/mark> Avec guide d&rsquo;accompagnement<\/p>\n\n\n\n<p><strong>Sauf<br><\/strong> <mark style=\"background-color:rgba(0, 0, 0, 0)\" class=\"has-inline-color has-vivid-red-color\"><strong>Boissons<\/strong><\/mark> et nourriture<br> <mark style=\"background-color:rgba(0, 0, 0, 0)\" class=\"has-inline-color has-vivid-red-color\"><strong>Conseil<\/strong><\/mark> pour le guide (non obligatoire)<\/p>\n\n\n\n<p>Le prix de l&rsquo;excursion en quad de 2h30 dans les gorges de l&rsquo;Alcantara est de 90 \u20ac par quad. Deux personnes peuvent monter par quad. Sur demande, un guide peut \u00eatre mis \u00e0 votre disposition, par exemple si vous \u00eates trois. La personne accompagnant le guide b\u00e9n\u00e9ficie alors d&rsquo;un tarif r\u00e9duit de moiti\u00e9.   <\/p>\n\n\n\n<p>Cette excursion peut \u00eatre r\u00e9serv\u00e9e toute l&rsquo;ann\u00e9e, y compris en hiver. Elle est ferm\u00e9e uniquement le 1er janvier. <\/p>\n\n\n\n<p><strong>Guides de quad en Alcantara<\/strong><br> L&rsquo;excursion sera encadr\u00e9e par des guides exp\u00e9riment\u00e9s et professionnels qui vous aideront \u00e0 appr\u00e9cier et \u00e0 respecter la nature. Ils vous accompagneront tout au long du parcours, pour une exp\u00e9rience \u00e0 la fois magnifique et riche en adr\u00e9naline. <\/p>\n\n\n\n<p><strong>Quad<\/strong><br> Les quads sont des Polaris et des CF Moto. Ce sont des quadricycles automatiques. L&rsquo;organisation fournit \u00e9galement un casque et une doublure. Les excursions sont organis\u00e9es dans le respect de la nature et avec la plus grande s\u00e9curit\u00e9 possible.   <\/p>\n\n\n\n<div class=\"wp-block-columns is-layout-flex wp-container-core-columns-is-layout-9d6595d7 wp-block-columns-is-layout-flex\">\n<div class=\"wp-block-column is-layout-flow wp-block-column-is-layout-flow\">\n<figure class=\"wp-block-image size-full\"><img loading=\"lazy\" decoding=\"async\" width=\"1024\" height=\"768\" src=\"https:\/\/pianoprovenzana.it\/wp-content\/uploads\/2023\/08\/tuffo-fiume-alcantara-quad-tour.jpeg\" alt=\"Circuit en quad sur la rivi\u00e8re Alcantara\" class=\"wp-image-7451\" title=\"\" srcset=\"https:\/\/pianoprovenzana.it\/wp-content\/uploads\/2023\/08\/tuffo-fiume-alcantara-quad-tour.jpeg 1024w, https:\/\/pianoprovenzana.it\/wp-content\/uploads\/2023\/08\/tuffo-fiume-alcantara-quad-tour-300x225.jpeg 300w, https:\/\/pianoprovenzana.it\/wp-content\/uploads\/2023\/08\/tuffo-fiume-alcantara-quad-tour-768x576.jpeg 768w\" sizes=\"auto, (max-width: 1024px) 100vw, 1024px\" \/><\/figure>\n<\/div>\n\n\n\n<div class=\"wp-block-column is-layout-flow wp-block-column-is-layout-flow\">\n<figure class=\"wp-block-image size-full\"><img loading=\"lazy\" decoding=\"async\" width=\"1024\" height=\"768\" src=\"https:\/\/pianoprovenzana.it\/wp-content\/uploads\/2023\/08\/alcantara-quad-tour-sosta-fiume.jpeg\" alt=\"Circuit en quad Alcantara avec arr\u00eat au bord de la rivi\u00e8re\" class=\"wp-image-7450\" title=\"\" srcset=\"https:\/\/pianoprovenzana.it\/wp-content\/uploads\/2023\/08\/alcantara-quad-tour-sosta-fiume.jpeg 1024w, https:\/\/pianoprovenzana.it\/wp-content\/uploads\/2023\/08\/alcantara-quad-tour-sosta-fiume-300x225.jpeg 300w, https:\/\/pianoprovenzana.it\/wp-content\/uploads\/2023\/08\/alcantara-quad-tour-sosta-fiume-768x576.jpeg 768w\" sizes=\"auto, (max-width: 1024px) 100vw, 1024px\" \/><\/figure>\n<\/div>\n<\/div>\n\n\n\n<figure class=\"wp-block-image size-large\"><img loading=\"lazy\" decoding=\"async\" width=\"1024\" height=\"717\" src=\"https:\/\/pianoprovenzana.it\/wp-content\/uploads\/2021\/02\/valle-alcantara-quad-escursione-1024x717.jpg\" alt=\"Excursion en quad dans les gorges d&#039;Alcantara\" class=\"wp-image-2787\" title=\"\" srcset=\"https:\/\/pianoprovenzana.it\/wp-content\/uploads\/2021\/02\/valle-alcantara-quad-escursione-1024x717.jpg 1024w, https:\/\/pianoprovenzana.it\/wp-content\/uploads\/2021\/02\/valle-alcantara-quad-escursione-300x210.jpg 300w, https:\/\/pianoprovenzana.it\/wp-content\/uploads\/2021\/02\/valle-alcantara-quad-escursione-768x538.jpg 768w, https:\/\/pianoprovenzana.it\/wp-content\/uploads\/2021\/02\/valle-alcantara-quad-escursione.jpg 1200w\" sizes=\"auto, (max-width: 1024px) 100vw, 1024px\" \/><\/figure>\n\n\n\n<p><strong>V\u00eatements recommand\u00e9s<\/strong><br> Nous vous recommandons de porter des chaussures ferm\u00e9es, comme des baskets ou des chaussures de randonn\u00e9e. N&rsquo;oubliez pas vos lunettes de soleil pour \u00e9viter que la poussi\u00e8re des autres quads ne vous irrite les yeux. Si vous souhaitez transporter des affaires, pr\u00e9voyez un sac \u00e0 dos.    <\/p>\n\n\n\n<p><strong>Exigences<\/strong><br> Pour faire du quad, il faut avoir au moins 18 ans et \u00eatre titulaire d&rsquo;un permis de conduire de cat\u00e9gorie B. Les enfants peuvent voyager \u00e0 l&rsquo;arri\u00e8re en tant que passagers. Ils doivent avoir au moins 6 ans. Les femmes enceintes ne sont pas autoris\u00e9es \u00e0 participer \u00e0 l&rsquo;excursion en quad.  <\/p>\n\n\n\n<figure class=\"wp-block-image size-large\"><img loading=\"lazy\" decoding=\"async\" width=\"1024\" height=\"768\" src=\"https:\/\/pianoprovenzana.it\/wp-content\/uploads\/2021\/02\/quad-escursione-alcantara-1024x768.jpg\" alt=\"\" class=\"wp-image-2791\" title=\"\" srcset=\"https:\/\/pianoprovenzana.it\/wp-content\/uploads\/2021\/02\/quad-escursione-alcantara-1024x768.jpg 1024w, https:\/\/pianoprovenzana.it\/wp-content\/uploads\/2021\/02\/quad-escursione-alcantara-300x225.jpg 300w, https:\/\/pianoprovenzana.it\/wp-content\/uploads\/2021\/02\/quad-escursione-alcantara-768x576.jpg 768w, https:\/\/pianoprovenzana.it\/wp-content\/uploads\/2021\/02\/quad-escursione-alcantara-1536x1152.jpg 1536w, https:\/\/pianoprovenzana.it\/wp-content\/uploads\/2021\/02\/quad-escursione-alcantara-1200x900.jpg 1200w, https:\/\/pianoprovenzana.it\/wp-content\/uploads\/2021\/02\/quad-escursione-alcantara.jpg 1600w\" sizes=\"auto, (max-width: 1024px) 100vw, 1024px\" \/><\/figure>\n\n\n\n<div class=\"wp-block-columns is-layout-flex wp-container-core-columns-is-layout-9d6595d7 wp-block-columns-is-layout-flex\">\n<div class=\"wp-block-column is-layout-flow wp-block-column-is-layout-flow\">\n<figure class=\"wp-block-image size-full\"><img loading=\"lazy\" decoding=\"async\" width=\"1200\" height=\"1600\" src=\"https:\/\/pianoprovenzana.it\/wp-content\/uploads\/2022\/08\/alcantara-quad-tour-fiume.jpeg\" alt=\"Excursion en quad sur la rivi\u00e8re Alcantara\" class=\"wp-image-6167\" title=\"\" srcset=\"https:\/\/pianoprovenzana.it\/wp-content\/uploads\/2022\/08\/alcantara-quad-tour-fiume.jpeg 1200w, https:\/\/pianoprovenzana.it\/wp-content\/uploads\/2022\/08\/alcantara-quad-tour-fiume-225x300.jpeg 225w, https:\/\/pianoprovenzana.it\/wp-content\/uploads\/2022\/08\/alcantara-quad-tour-fiume-768x1024.jpeg 768w, https:\/\/pianoprovenzana.it\/wp-content\/uploads\/2022\/08\/alcantara-quad-tour-fiume-1152x1536.jpeg 1152w\" sizes=\"auto, (max-width: 1200px) 100vw, 1200px\" \/><\/figure>\n<\/div>\n\n\n\n<div class=\"wp-block-column is-layout-flow wp-block-column-is-layout-flow\">\n<figure class=\"wp-block-image size-full\"><img loading=\"lazy\" decoding=\"async\" width=\"1200\" height=\"1600\" src=\"https:\/\/pianoprovenzana.it\/wp-content\/uploads\/2022\/08\/alcantara-quad-excursion-tour.jpeg\" alt=\"Excursion en quad \u00e0 Alcantara\" class=\"wp-image-6166\" title=\"\"><\/figure>\n<\/div>\n<\/div>\n","protected":false},"excerpt":{"rendered":"<p>FAQ<\/p>\n","protected":false},"author":3,"featured_media":11643,"parent":13240,"menu_order":253,"comment_status":"closed","ping_status":"closed","template":"page-excursion.php","meta":{"_acf_changed":false,"footnotes":""},"class_list":["post-11621","page","type-page","status-publish","has-post-thumbnail","hentry"],"acf":[],"_links":{"self":[{"href":"https:\/\/pianoprovenzana.it\/fr\/wp-json\/wp\/v2\/pages\/11621","targetHints":{"allow":["GET"]}}],"collection":[{"href":"https:\/\/pianoprovenzana.it\/fr\/wp-json\/wp\/v2\/pages"}],"about":[{"href":"https:\/\/pianoprovenzana.it\/fr\/wp-json\/wp\/v2\/types\/page"}],"author":[{"embeddable":true,"href":"https:\/\/pianoprovenzana.it\/fr\/wp-json\/wp\/v2\/users\/3"}],"replies":[{"embeddable":true,"href":"https:\/\/pianoprovenzana.it\/fr\/wp-json\/wp\/v2\/comments?post=11621"}],"version-history":[{"count":5,"href":"https:\/\/pianoprovenzana.it\/fr\/wp-json\/wp\/v2\/pages\/11621\/revisions"}],"predecessor-version":[{"id":13864,"href":"https:\/\/pianoprovenzana.it\/fr\/wp-json\/wp\/v2\/pages\/11621\/revisions\/13864"}],"up":[{"embeddable":true,"href":"https:\/\/pianoprovenzana.it\/fr\/wp-json\/wp\/v2\/pages\/13240"}],"wp:featuredmedia":[{"embeddable":true,"href":"https:\/\/pianoprovenzana.it\/fr\/wp-json\/wp\/v2\/media\/11643"}],"wp:attachment":[{"href":"https:\/\/pianoprovenzana.it\/fr\/wp-json\/wp\/v2\/media?parent=11621"}],"curies":[{"name":"wp","href":"https:\/\/api.w.org\/{rel}","templated":true}]}}