{"id":11623,"date":"2021-01-31T23:25:58","date_gmt":"2021-01-31T22:25:58","guid":{"rendered":"https:\/\/pianoprovenzana.it\/boulangerie\/"},"modified":"2026-03-24T17:55:15","modified_gmt":"2026-03-24T16:55:15","slug":"boulangerie","status":"publish","type":"page","link":"https:\/\/pianoprovenzana.it\/fr\/info\/achats\/boulangerie\/","title":{"rendered":"Boulangerie"},"content":{"rendered":"\n<div class=\"wp-block-columns is-layout-flex wp-container-core-columns-is-layout-9d6595d7 wp-block-columns-is-layout-flex\">\n<div class=\"wp-block-column is-layout-flow wp-block-column-is-layout-flow\">\n<h3 class=\"wp-block-heading\"><strong>Boulangerie Raiti \u00ab Farinetta \u00bb<\/strong><\/h3>\n\n\n\n<p>Via Guglielmo Marconi 36<br\/> 95015 Linguaglossa<br\/> T\u00e9l\u00e9phone : 095 647800<\/p>\n\n\n\n<p>\u2714 Pain frais \u2714 Charcuterie et fromages \u2714 Biscuits frais \u2714 Entr\u00e9es \u2714 Plats \u00e0 emporter \u2714 Fruits et l\u00e9gumes<\/p>\n<\/div>\n\n\n\n<div class=\"wp-block-column is-layout-flow wp-block-column-is-layout-flow\">\n<figure class=\"wp-block-image size-medium\"><img loading=\"lazy\" decoding=\"async\" width=\"300\" height=\"283\" src=\"https:\/\/pianoprovenzana.it\/wp-content\/uploads\/2021\/02\/panificio-raiti-farinetta-linguaglossa-300x283.jpg\" alt=\"Boulangerie Raiti Farinetta\" class=\"wp-image-2418\" title=\"\" srcset=\"https:\/\/pianoprovenzana.it\/wp-content\/uploads\/2021\/02\/panificio-raiti-farinetta-linguaglossa-300x283.jpg 300w, https:\/\/pianoprovenzana.it\/wp-content\/uploads\/2021\/02\/panificio-raiti-farinetta-linguaglossa-1024x965.jpg 1024w, https:\/\/pianoprovenzana.it\/wp-content\/uploads\/2021\/02\/panificio-raiti-farinetta-linguaglossa-768x724.jpg 768w, https:\/\/pianoprovenzana.it\/wp-content\/uploads\/2021\/02\/panificio-raiti-farinetta-linguaglossa-1200x1131.jpg 1200w, https:\/\/pianoprovenzana.it\/wp-content\/uploads\/2021\/02\/panificio-raiti-farinetta-linguaglossa.jpg 1440w\" sizes=\"auto, (max-width: 300px) 100vw, 300px\" \/><\/figure>\n<\/div>\n<\/div>\n\n<div class=\"wp-block-columns is-layout-flex wp-container-core-columns-is-layout-9d6595d7 wp-block-columns-is-layout-flex\">\n<div class=\"wp-block-column is-layout-flow wp-block-column-is-layout-flow\">\n<h3 class=\"wp-block-heading\"><strong>Boulangerie Grasso<\/strong><\/h3>\n\n\n\n<p>Via Francesco Messina, 33<br\/> 95015 Linguaglossa<br\/> T\u00e9l\u00e9phone : 095643513<br\/> \u2714 Pain frais \u2714 Charcuterie et fromages \u2714 \u00c9picerie  <\/p>\n<\/div>\n\n\n\n<div class=\"wp-block-column is-layout-flow wp-block-column-is-layout-flow\">\n<h3 class=\"wp-block-heading\"><strong>Boulangerie Cannav\u00f2<\/strong><\/h3>\n\n\n\n<p>Via S. Rocco 55<br\/> 95015 Linguaglossa<br\/> T\u00e9l\u00e9phone : 095 647888<br\/> \u2714 Pain frais \u2714 Biscuits \u2714 Pizza \u00e0 la part<\/p>\n<\/div>\n<\/div>\n","protected":false},"excerpt":{"rendered":"<p>Boulangerie Raiti \u00ab Farinetta \u00bb Via Guglielmo Marconi 36 95015 Linguaglossa T\u00e9l\u00e9phone : 095 647800 \u2714 Pain frais \u2714 Charcuterie et fromages \u2714 Biscuits frais \u2714 Entr\u00e9es \u2714 Plats \u00e0 emporter \u2714 Fruits et l\u00e9gumes Boulangerie Grasso Via Francesco Messina, 33 95015 Linguaglossa T\u00e9l\u00e9phone : 095643513 \u2714 Pain frais \u2714 Charcuterie et fromages \u2714 \u00c9picerie [&hellip;]<\/p>\n","protected":false},"author":2,"featured_media":11624,"parent":12873,"menu_order":255,"comment_status":"closed","ping_status":"closed","template":"","meta":{"_acf_changed":false,"footnotes":""},"class_list":["post-11623","page","type-page","status-publish","has-post-thumbnail","hentry"],"acf":[],"_links":{"self":[{"href":"https:\/\/pianoprovenzana.it\/fr\/wp-json\/wp\/v2\/pages\/11623","targetHints":{"allow":["GET"]}}],"collection":[{"href":"https:\/\/pianoprovenzana.it\/fr\/wp-json\/wp\/v2\/pages"}],"about":[{"href":"https:\/\/pianoprovenzana.it\/fr\/wp-json\/wp\/v2\/types\/page"}],"author":[{"embeddable":true,"href":"https:\/\/pianoprovenzana.it\/fr\/wp-json\/wp\/v2\/users\/2"}],"replies":[{"embeddable":true,"href":"https:\/\/pianoprovenzana.it\/fr\/wp-json\/wp\/v2\/comments?post=11623"}],"version-history":[{"count":0,"href":"https:\/\/pianoprovenzana.it\/fr\/wp-json\/wp\/v2\/pages\/11623\/revisions"}],"up":[{"embeddable":true,"href":"https:\/\/pianoprovenzana.it\/fr\/wp-json\/wp\/v2\/pages\/12873"}],"wp:featuredmedia":[{"embeddable":true,"href":"https:\/\/pianoprovenzana.it\/fr\/wp-json\/wp\/v2\/media\/11624"}],"wp:attachment":[{"href":"https:\/\/pianoprovenzana.it\/fr\/wp-json\/wp\/v2\/media?parent=11623"}],"curies":[{"name":"wp","href":"https:\/\/api.w.org\/{rel}","templated":true}]}}