{"id":11704,"date":"2021-02-11T11:24:42","date_gmt":"2021-02-11T10:24:42","guid":{"rendered":"https:\/\/pianoprovenzana.it\/meteo-et-webcam\/previsions-meteorologiques\/"},"modified":"2026-04-01T15:29:45","modified_gmt":"2026-04-01T13:29:45","slug":"previsions-meteorologiques","status":"publish","type":"page","link":"https:\/\/pianoprovenzana.it\/fr\/meteo-et-webcam\/previsions-meteorologiques\/","title":{"rendered":"Pr\u00e9visions m\u00e9t\u00e9o sur l&rsquo;Etna"},"content":{"rendered":"\n<h1 class=\"wp-block-heading\"><strong>M\u00e9t\u00e9o et pr\u00e9visions concernant l&rsquo;Etna<\/strong><\/h1>\n\n<p>Bienvenue sur notre page m\u00e9t\u00e9o et pr\u00e9visions pour l&rsquo;Etna, le guide id\u00e9al pour comprendre le climat en constante \u00e9volution du plus haut volcan actif d&rsquo;Europe.<\/p>\n\n<p>Que vous envisagiez une randonn\u00e9e, une journ\u00e9e de ski ou simplement une visite de l&rsquo;Etna, conna\u00eetre les conditions m\u00e9t\u00e9orologiques est essentiel pour profiter pleinement de cette destination unique.<\/p>\n\n<div class=\"wp-block-columns is-layout-flex wp-container-core-columns-is-layout-9d6595d7 wp-block-columns-is-layout-flex\">\n<div class=\"wp-block-column is-layout-flow wp-block-column-is-layout-flow\">\n<br\/><br\/><h4>Bulletin m\u00e9t\u00e9o Piano Provenzana 1800m<\/h4><br\/><iframe loading=\"lazy\" src=\"https:\/\/www.3bmeteo.com\/moduli_esterni\/localita_7_giorni_neve\/8630\/ffffff\/7db44c\/5e5e5e\/ffffff\/en\" width=\"100%\" height=\"312\" frameborder=\"0\"><\/iframe>\n<\/div>\n\n\n\n<div class=\"wp-block-column is-layout-flow wp-block-column-is-layout-flow\">\n<br\/><br\/><h4>Bulletin m\u00e9t\u00e9o au sommet de l&rsquo;Etna &#8211; 3400 m<\/h4><br\/><iframe loading=\"lazy\" src=\"https:\/\/www.3bmeteo.com\/moduli_esterni\/localita_7_giorni_compatto\/8630\/ffffff\/73a546\/5e5e5e\/ffffff\/en\" width=\"382\" height=\"192\" frameborder=\"0\"><\/iframe>\n<\/div>\n<\/div>\n\n<h2 class=\"wp-block-heading\"><strong>Diff\u00e9rences de temp\u00e9rature : du niveau de la mer au sommet de l&rsquo;Etna<\/strong><\/h2>\n\n<p>L&rsquo;altitude imposante de l&rsquo;Etna engendre d&rsquo;importantes diff\u00e9rences de temp\u00e9rature entre la c\u00f4te et le sommet. Au niveau de la mer, dans des villes comme Catane et Taormine, le climat est typiquement m\u00e9diterran\u00e9en\u00a0: hivers doux et \u00e9t\u00e9s chauds. <\/p>\n\n<p>En altitude, entre 1\u00a0800 et 1\u00a0900 m\u00e8tres, dans des zones comme Piano Provenzana ou le refuge Sapienza, les temp\u00e9ratures sont g\u00e9n\u00e9ralement de 8 \u00e0 10\u00a0\u00b0C inf\u00e9rieures \u00e0 celles de la c\u00f4te. De plus, l\u2019air plus rar\u00e9fi\u00e9 et les vents fr\u00e9quents accentuent la sensation de froid, surtout en hiver, saison o\u00f9 la neige est courante. <\/p>\n\n<p>Encore plus haut, aux alentours de 3\u00a0000 m\u00e8tres et jusqu&rsquo;au sommet de l&rsquo;Etna \u00e0 environ 3\u00a0400 m\u00e8tres, la diff\u00e9rence est encore plus marqu\u00e9e. Les temp\u00e9ratures peuvent \u00eatre de 20 \u00e0 25\u00a0\u00b0C inf\u00e9rieures \u00e0 celles du niveau de la mer, et le vent peut accentuer consid\u00e9rablement la sensation de froid. <\/p>\n\n<p>M\u00eame en \u00e9t\u00e9, des vents violents et une m\u00e9t\u00e9o impr\u00e9visible peuvent cr\u00e9er des conditions quasi hivernales pr\u00e8s du sommet. C&rsquo;est pourquoi il est toujours important d&rsquo;\u00eatre bien pr\u00e9par\u00e9 avant de monter en haute altitude. <\/p>\n\n<br\/><iframe src=\"https:\/\/www.meteoblue.com\/en\/weather\/maps\/widget\/37.797N15.039E1806_Europe%2FRome?windAnimation=1&#038;gust=1&#038;satellite=1&#038;cloudsAndPrecipitation=1&#038;temperature=1&#038;sunshine=0&#038;extremeForecastIndex=0&#038;geoloc=fixed&#038;tempunit=C&#038;windunit=km%252Fh&#038;lengthunit=metric&#038;zoom=9&#038;autowidth=auto\" frameborder=\"0\" scrolling=\"NO\" allowtransparency=\"true\" sandbox=\"allow-same-origin allow-scripts allow-popups allow-popups-to-escape-sandbox\" style=\"width: 100%; height: 720px\"><\/iframe><div><!-- DO NOT REMOVE THIS LINK --><a href=\"https:\/\/www.meteoblue.com\/en\/weather\/maps\/37.797N15.039E1806_Europe%2FRome\" target=\"_blank\" rel=\"noopener\">m\u00e9t\u00e9obleu<\/a><\/div>\n\n<h2 class=\"wp-block-heading\"><strong>M\u00e9t\u00e9o actuelle \u00e0 Piano Provenzana<\/strong><\/h2>\n\n<p>Suivez-nous sur <a href=\"https:\/\/www.instagram.com\/pianoprovenzana\/\" target=\"_blank\" rel=\"noreferrer noopener\">Instagram<\/a> ou <a href=\"https:\/\/www.facebook.com\/pianoprovenzana\" target=\"_blank\" rel=\"noreferrer noopener\">Facebook<\/a> pour les derni\u00e8res infos neige\u00a0! D\u00e8s qu\u2019il y aura une mise \u00e0 jour, nous publierons une photo avec\u00a0: <\/p>\n\n<ul class=\"wp-block-list\">\n<li>Pistes de ski ouvertes<\/li>\n\n\n\n<li>Temp\u00e9rature<\/li>\n\n\n\n<li>Quantit\u00e9 de neige<\/li>\n<\/ul>\n\n<p>Ou consultez le <a href=\"https:\/\/pianoprovenzana.it\/scopri-etna-nord\/inverno\/bollettino-neve\/\" data-type=\"page\" data-id=\"1191\">bulletin d&rsquo;enneigement<\/a> actuel ici.<\/p>\n\n<h3 class=\"wp-block-heading\"><strong>Pr\u00e9visions m\u00e9t\u00e9o pour Piano Provenzana<\/strong><\/h3>\n\n<br\/><div style=\"width: 100%;\">\n  <iframe style=\"width: 100%; height: 450px; border: 0;\" src=\"https:\/\/embed.windy.com\/embed2.html?lat=37.749&#038;lon=15.102&#038;detailLat=37.798&#038;detailLon=15.038&#038;width=650&#038;height=450&#038;zoom=11&#038;level=surface&#038;overlay=snowAccu&#038;product=ecmwf&#038;menu=&#038;message=true&#038;marker=&#038;calendar=now&#038;pressure=&#038;type=map&#038;location=coordinates&#038;detail=true&#038;metricWind=default&#038;metricTemp=default&#038;radarRange=-1\" allowfullscreen=\"\">\n  <\/iframe>\n<\/div>\n\n<h2 class=\"wp-block-heading\"><strong>Pr\u00e9visions m\u00e9t\u00e9o \u00e0 Linguaglossa<\/strong><\/h2>\n\n<p>Il faut toujours tenir compte d&rsquo;une diff\u00e9rence de temp\u00e9rature d&rsquo;au moins 8 degr\u00e9s entre Linguaglossa et Piano Provenzana. De plus, le vent souffle souvent plus fort sur l&rsquo;Etna\u00a0; il est donc conseill\u00e9 d&#8217;emporter une veste.  <\/p>\n\n<br\/><div style=\"width:100%; overflow:hidden;\">\n  <iframe src=\"https:\/\/www.ilmeteo.it\/box\/previsioni.php?citta=3598&#038;type=tri1&#038;width=800&#038;ico=1&#038;lang=ita&#038;days=6&#038;font=Arial&#038;fontsize=12&#038;bg=FFFFFF&#038;fg=000000&#038;bgtitle=71A240&#038;fgtitle=FFFFFF&#038;bgtab=F0F0F0&#038;fglink=71A240\" style=\"width:100%; height:360px; border:0; display:block;\" scrolling=\"yes\">\n  <\/iframe>\n<\/div>\n\n<h2 class=\"wp-block-heading\"><strong>M\u00e9t\u00e9o et climat de la Sicile<\/strong><\/h2>\n\n<p>Si vous pr\u00e9voyez de gravir l&rsquo;Etna, il est toujours important de consulter les pr\u00e9visions m\u00e9t\u00e9orologiques au pr\u00e9alable. Si vous envisagez une randonn\u00e9e en haute altitude, assurez-vous d&rsquo;avoir des v\u00eatements adapt\u00e9s. (Il est possible de louer une veste d&rsquo;hiver dans les boutiques de souvenirs.)  <\/p>\n\n<p><strong>M\u00e9t\u00e9o et climat de la Sicile en \u00e9t\u00e9 sur l&rsquo;Etna<\/strong><\/p>\n\n<p>L&rsquo;\u00e9t\u00e9 sur l&rsquo;Etna se caract\u00e9rise par des temp\u00e9ratures moyennes assez \u00e9lev\u00e9es. Cependant, plus on monte, plus les temp\u00e9ratures baissent par rapport \u00e0 la c\u00f4te. En g\u00e9n\u00e9ral, les temp\u00e9ratures sur l&rsquo;Etna sont inf\u00e9rieures d&rsquo;environ 10 degr\u00e9s \u00e0 celles de la c\u00f4te sicilienne.  <\/p>\n\n<div class=\"wp-block-columns is-layout-flex wp-container-core-columns-is-layout-9d6595d7 wp-block-columns-is-layout-flex\">\n<div class=\"wp-block-column is-layout-flow wp-block-column-is-layout-flow\">\n<br\/><h4>  Webcam Skyline en direct<\/h4>\n<iframe loading=\"lazy\" src=\"https:\/\/www.skylinewebcams.com\/webcam\/italia\/sicilia\/catania\/vulcano-etna-versante-nord.html?w=1737\" width=\"560\" height=\"315\" frameborder=\"0\" scrolling=\"no\" marginwidth=\"0\" marginheight=\"0\" allow=\"autoplay\" allowfullscreen=\"\" webkitallowfullscreen=\"\" mozallowfullscreen=\"\" oallowfullscreen=\"\" msallowfullscreen=\"\"><\/iframe>\n<\/div>\n\n\n\n<div class=\"wp-block-column is-layout-flow wp-block-column-is-layout-flow\">\n<br\/><h4>Webcam Etna Sud \u2013 Refuge Sapienza<\/h4>\n<iframe loading=\"lazy\" width=\"560\" height=\"315\" src=\"https:\/\/www.youtube.com\/embed\/ThX2Znx9zZY?si=9g7Gu21LnBe06ACF\" title=\"lecteur vid\u00e9o YouTube\" frameborder=\"0\" allow=\"accelerometer; autoplay;  clipboard-write; encrypted-media; gyroscope; picture-in-picture; web-share\" referrerpolicy=\"strict-origin-when-cross-origin\" allowfullscreen=\"\"><\/iframe> \n\n<\/div>\n<\/div>\n\n<p><strong>M\u00e9t\u00e9o sur l&rsquo;Etna en hiver<\/strong><\/p>\n\n<p>En hiver, la neige tombe souvent sur l&rsquo;Etna, et le ski y est possible. Skier sur l&rsquo;Etna est une exp\u00e9rience spectaculaire, car c&rsquo;est l&rsquo;un des rares endroits au monde o\u00f9 l&rsquo;on peut skier tout en admirant la mer. <\/p>\n","protected":false},"excerpt":{"rendered":"<p>M\u00e9t\u00e9o et pr\u00e9visions concernant l&rsquo;Etna Bienvenue sur notre page m\u00e9t\u00e9o et pr\u00e9visions pour l&rsquo;Etna, le guide id\u00e9al pour comprendre le climat en constante \u00e9volution du plus haut volcan actif d&rsquo;Europe. Que vous envisagiez une randonn\u00e9e, une journ\u00e9e de ski ou simplement une visite de l&rsquo;Etna, conna\u00eetre les conditions m\u00e9t\u00e9orologiques est essentiel pour profiter pleinement de [&hellip;]<\/p>\n","protected":false},"author":2,"featured_media":11707,"parent":11600,"menu_order":235,"comment_status":"closed","ping_status":"closed","template":"","meta":{"_acf_changed":false,"footnotes":""},"class_list":["post-11704","page","type-page","status-publish","has-post-thumbnail","hentry"],"acf":[],"_links":{"self":[{"href":"https:\/\/pianoprovenzana.it\/fr\/wp-json\/wp\/v2\/pages\/11704","targetHints":{"allow":["GET"]}}],"collection":[{"href":"https:\/\/pianoprovenzana.it\/fr\/wp-json\/wp\/v2\/pages"}],"about":[{"href":"https:\/\/pianoprovenzana.it\/fr\/wp-json\/wp\/v2\/types\/page"}],"author":[{"embeddable":true,"href":"https:\/\/pianoprovenzana.it\/fr\/wp-json\/wp\/v2\/users\/2"}],"replies":[{"embeddable":true,"href":"https:\/\/pianoprovenzana.it\/fr\/wp-json\/wp\/v2\/comments?post=11704"}],"version-history":[{"count":4,"href":"https:\/\/pianoprovenzana.it\/fr\/wp-json\/wp\/v2\/pages\/11704\/revisions"}],"predecessor-version":[{"id":13817,"href":"https:\/\/pianoprovenzana.it\/fr\/wp-json\/wp\/v2\/pages\/11704\/revisions\/13817"}],"up":[{"embeddable":true,"href":"https:\/\/pianoprovenzana.it\/fr\/wp-json\/wp\/v2\/pages\/11600"}],"wp:featuredmedia":[{"embeddable":true,"href":"https:\/\/pianoprovenzana.it\/fr\/wp-json\/wp\/v2\/media\/11707"}],"wp:attachment":[{"href":"https:\/\/pianoprovenzana.it\/fr\/wp-json\/wp\/v2\/media?parent=11704"}],"curies":[{"name":"wp","href":"https:\/\/api.w.org\/{rel}","templated":true}]}}