{"id":11713,"date":"2021-02-11T14:33:42","date_gmt":"2021-02-11T13:33:42","guid":{"rendered":"https:\/\/pianoprovenzana.it\/collaborer\/"},"modified":"2026-03-27T21:36:01","modified_gmt":"2026-03-27T20:36:01","slug":"collaborer","status":"publish","type":"page","link":"https:\/\/pianoprovenzana.it\/fr\/collaborer\/","title":{"rendered":"Collaborer"},"content":{"rendered":"\n<h3 class=\"wp-block-heading\" id=\"collaborare-con-pianoprovenzana-it\"><strong>Collaborer avec Pianoprovenzana.it ?<\/strong><\/h3>\n\n<p>Pianoprovenza.it est le portail des versants nord de l&rsquo;Etna. Vous y trouverez non seulement des excursions organis\u00e9es, mais aussi toutes les informations n\u00e9cessaires pour passer un ou plusieurs jours dans la r\u00e9gion de Piano Provenzana.   <\/p>\n\n<p>Le portail Pianoprovenzana.it est le point de d\u00e9part id\u00e9al pour toute visite de l&rsquo;Etna. Non seulement pour les touristes, mais aussi pour tous les habitants de la r\u00e9gion. Alors, ne le manquez pas\u00a0!  <\/p>\n\n<h3 class=\"wp-block-heading\" id=\"perche-collaborare-con-pianoprovenzana-it\"><strong>Pourquoi collaborer avec Pianoprovenzana.it ?<\/strong><\/h3>\n\n<div class=\"wp-block-columns is-layout-flex wp-container-core-columns-is-layout-9d6595d7 wp-block-columns-is-layout-flex\">\n<div class=\"wp-block-column is-layout-flow wp-block-column-is-layout-flow\">\n<p class=\"has-text-align-center\"><mark style=\"background-color:rgba(0, 0, 0, 0);color:#7db44b\" class=\"has-inline-color\">\u2714<\/mark> Le portail le plus complet du c\u00f4t\u00e9 nord de l&rsquo;Etna<\/p>\n<\/div>\n\n\n\n<div class=\"wp-block-column is-layout-flow wp-block-column-is-layout-flow\">\n<p class=\"has-text-align-center\"><mark style=\"background-color:rgba(0, 0, 0, 0);color:#7db44b\" class=\"has-inline-color\">\u2714<\/mark> Le d\u00e9but de chaque visite au Piano Provenzana<\/p>\n<\/div>\n\n\n\n<div class=\"wp-block-column is-layout-flow wp-block-column-is-layout-flow\">\n<p class=\"has-text-align-center\"><mark style=\"background-color:rgba(0, 0, 0, 0);color:#7db44b\" class=\"has-inline-color\">\u2714<\/mark> Cela ne co\u00fbte rien si vous ne gagnez pas d&rsquo;argent non plus.<\/p>\n<\/div>\n<\/div>\n\n<p>Souhaitez-vous collaborer avec votre entreprise et vos services, en contribuant \u00e0 la promotion de la r\u00e9gion de l&rsquo;Etna Nord ?  <\/p>\n\n<p>Vous pouvez envoyer votre demande \u00e0 <strong>info@pianoprovenzana.it.<\/strong> Votre proposition sera \u00e9valu\u00e9e et vous serez inform\u00e9(e) de sa d\u00e9cision.<\/p>\n","protected":false},"excerpt":{"rendered":"<p>Collaborer avec Pianoprovenzana.it ? Pianoprovenza.it est le portail des versants nord de l&rsquo;Etna. Vous y trouverez non seulement des excursions organis\u00e9es, mais aussi toutes les informations n\u00e9cessaires pour passer un ou plusieurs jours dans la r\u00e9gion de Piano Provenzana. Le portail Pianoprovenzana.it est le point de d\u00e9part id\u00e9al pour toute visite de l&rsquo;Etna. Non seulement [&hellip;]<\/p>\n","protected":false},"author":3,"featured_media":11714,"parent":0,"menu_order":76,"comment_status":"closed","ping_status":"closed","template":"","meta":{"_acf_changed":false,"footnotes":""},"class_list":["post-11713","page","type-page","status-publish","has-post-thumbnail","hentry"],"acf":[],"_links":{"self":[{"href":"https:\/\/pianoprovenzana.it\/fr\/wp-json\/wp\/v2\/pages\/11713","targetHints":{"allow":["GET"]}}],"collection":[{"href":"https:\/\/pianoprovenzana.it\/fr\/wp-json\/wp\/v2\/pages"}],"about":[{"href":"https:\/\/pianoprovenzana.it\/fr\/wp-json\/wp\/v2\/types\/page"}],"author":[{"embeddable":true,"href":"https:\/\/pianoprovenzana.it\/fr\/wp-json\/wp\/v2\/users\/3"}],"replies":[{"embeddable":true,"href":"https:\/\/pianoprovenzana.it\/fr\/wp-json\/wp\/v2\/comments?post=11713"}],"version-history":[{"count":2,"href":"https:\/\/pianoprovenzana.it\/fr\/wp-json\/wp\/v2\/pages\/11713\/revisions"}],"predecessor-version":[{"id":11719,"href":"https:\/\/pianoprovenzana.it\/fr\/wp-json\/wp\/v2\/pages\/11713\/revisions\/11719"}],"wp:featuredmedia":[{"embeddable":true,"href":"https:\/\/pianoprovenzana.it\/fr\/wp-json\/wp\/v2\/media\/11714"}],"wp:attachment":[{"href":"https:\/\/pianoprovenzana.it\/fr\/wp-json\/wp\/v2\/media?parent=11713"}],"curies":[{"name":"wp","href":"https:\/\/api.w.org\/{rel}","templated":true}]}}