{"id":11729,"date":"2021-02-13T15:12:17","date_gmt":"2021-02-13T14:12:17","guid":{"rendered":"https:\/\/pianoprovenzana.it\/la-grotte-des-voleurs\/"},"modified":"2026-03-31T15:05:25","modified_gmt":"2026-03-31T13:05:25","slug":"la-grotte-des-voleurs","status":"publish","type":"page","link":"https:\/\/pianoprovenzana.it\/fr\/decouvrez-letna-nord\/grottes-de-letna\/la-grotte-des-voleurs\/","title":{"rendered":"La grotte dei ladroni"},"content":{"rendered":"\n<h3 class=\"wp-block-heading\"><strong>La grotte des voleurs ou grotte de neige<\/strong><\/h3>\n\n\n\n<p>La Grotta dei Ladroni est un petit tube de lave situ\u00e9 sur le Fornazzo \u2013 Rifugio Citelli.<\/p>\n\n\n\n<p>La grotte des voleurs tire son nom d&rsquo;une l\u00e9gende qui raconte l&rsquo;histoire d&rsquo;un groupe de bandits qui s&rsquo;y r\u00e9fugi\u00e8rent sans succ\u00e8s dans la seconde moiti\u00e9 du XVIIIe si\u00e8cle.<\/p>\n\n\n\n<h3 class=\"wp-block-heading\"><strong>D\u00e9tails de la promenade<\/strong><\/h3>\n\n\n\n<div class=\"wp-block-columns is-layout-flex wp-container-core-columns-is-layout-9d6595d7 wp-block-columns-is-layout-flex\">\n<div class=\"wp-block-column is-layout-flow wp-block-column-is-layout-flow\">\n<p>D\u00e9part : Via Mareneve<br> Distance : environ 600 m aller-retour<br> Dur\u00e9e : 30 minutes<br> Altitude : 1600 m<br> D\u00e9nivel\u00e9 : 0 m<br> Difficult\u00e9 : *<br> Sentier : <a href=\"https:\/\/www.etnanatura.it\/sentieri.php?nome=Grotta_dei_ladroni\" class=\"rank-math-link\" target=\"_blank\" rel=\"noopener\">Etnanatura<\/a><\/p>\n<\/div>\n\n\n\n<div class=\"wp-block-column is-layout-flow wp-block-column-is-layout-flow\">\n<p><iframe loading=\"lazy\" src=\"https:\/\/www.google.com\/maps\/embed?pb=!1m18!1m12!1m3!1d100938.47543909945!2d14.897843485571375!3d37.75892172529361!2m3!1f0!2f0!3f0!3m2!1i1024!2i768!4f13.1!3m3!1m2!1s0x0%3A0xe0c7f5b4f39569c3!2sGrotta%20della%20neve!5e0!3m2!1sit!2sit!4v1613225817128!5m2!1sit!2sit\" width=\"350\" height=\"200\" frameborder=\"0\" style=\"border:0;\" allowfullscreen=\"\" aria-hidden=\"false\" tabindex=\"0\"><\/iframe><\/p>\n<\/div>\n<\/div>\n\n\n\n<h3 class=\"wp-block-heading\"><strong>Visitez la grotte dei ladroni<\/strong><\/h3>\n\n\n\n<p>Pour visiter la grotte des voleurs, rendez-vous dans la for\u00eat de bouleaux du secteur de Sant&rsquo;Alfio, \u00e0 quelques kilom\u00e8tres des <a href=\"https:\/\/pianoprovenzana.it\/fr\/decouvrez-letna-nord\/eruptions-et-crateres-de-letna-septentrional\/eruption-de-1865\/\" class=\"rank-math-link\">monts Sartorius<\/a> . Voici les coordonn\u00e9es&nbsp;: <\/p>\n\n\n\n<p>D\u00e9but de la grotte : 15\u00b004&rsquo;16&Prime;&lsquo; \u2013 37\u00b046&rsquo;17\u00a0\u00bb<br> Extr\u00e9mit\u00e9 de la grotte : 15\u00b004&rsquo;18&Prime;&lsquo; \u2013 37\u00b046&rsquo;18&Prime;&lsquo;<br> La grotte est situ\u00e9e \u00e0 1600 m\u00e8tres d&rsquo;altitude et mesure environ 300 m\u00e8tres de long.  <\/p>\n\n\n\n<h3 class=\"wp-block-heading\"><strong>Excursion guid\u00e9e aux grottes dei ladroni<\/strong><\/h3>\n\n\n\n<p>Si vous pr\u00e9f\u00e9rez \u00eatre accompagn\u00e9 d&rsquo;un guide, nous vous recommandons l&rsquo;excursion dans les monts Sartorius, qui vous permettra \u00e9galement de visiter la grotte des Ladroni.  <a href=\"https:\/\/pianoprovenzana.it\/?page_id=916\">Excursion dans les monts Sartorius + Grotte des voleurs<\/a><\/p>\n\n\n\n<figure class=\"wp-block-image size-large\"><img loading=\"lazy\" decoding=\"async\" width=\"1024\" height=\"584\" src=\"https:\/\/pianoprovenzana.it\/wp-content\/uploads\/2020\/12\/ingresso-grotte-dei-ladroni-1024x584.jpg\" alt=\"entr\u00e9e de la grotte des voleurs\" class=\"wp-image-795\" title=\"\" srcset=\"https:\/\/pianoprovenzana.it\/wp-content\/uploads\/2020\/12\/ingresso-grotte-dei-ladroni-1024x584.jpg 1024w, https:\/\/pianoprovenzana.it\/wp-content\/uploads\/2020\/12\/ingresso-grotte-dei-ladroni-300x171.jpg 300w, https:\/\/pianoprovenzana.it\/wp-content\/uploads\/2020\/12\/ingresso-grotte-dei-ladroni-768x438.jpg 768w, https:\/\/pianoprovenzana.it\/wp-content\/uploads\/2020\/12\/ingresso-grotte-dei-ladroni-1536x876.jpg 1536w, https:\/\/pianoprovenzana.it\/wp-content\/uploads\/2020\/12\/ingresso-grotte-dei-ladroni-2048x1167.jpg 2048w, https:\/\/pianoprovenzana.it\/wp-content\/uploads\/2020\/12\/ingresso-grotte-dei-ladroni-1200x684.jpg 1200w\" sizes=\"auto, (max-width: 1024px) 100vw, 1024px\" \/><\/figure>\n\n\n\n<h3 class=\"wp-block-heading\"><strong>D\u00e9couvrez la grotte dei ladroni ou la grotte de neige<\/strong><\/h3>\n\n\n\n<p>Cette grotte est \u00e9galement appel\u00e9e \u00ab&nbsp;grotte de neige&nbsp;\u00bb car elle servait de glaci\u00e8re. Gr\u00e2ce \u00e0 l&rsquo;intervention humaine, deux tunnels ont \u00e9t\u00e9 creus\u00e9s pour la relier \u00e0 l&rsquo;ext\u00e9rieur, permettant ainsi de stocker facilement la neige \u00e0 l&rsquo;int\u00e9rieur.<\/p>\n\n\n\n<div class=\"wp-block-columns is-layout-flex wp-container-core-columns-is-layout-9d6595d7 wp-block-columns-is-layout-flex\">\n<div class=\"wp-block-column is-layout-flow wp-block-column-is-layout-flow\">\n<figure class=\"wp-block-image size-large\"><img loading=\"lazy\" decoding=\"async\" width=\"1024\" height=\"768\" src=\"https:\/\/pianoprovenzana.it\/wp-content\/uploads\/2020\/12\/grotta-della-neve-etna-nord-1024x768.jpg\" alt=\"Grotte de neige, Etna du Nord\" class=\"wp-image-729\" title=\"\" srcset=\"https:\/\/pianoprovenzana.it\/wp-content\/uploads\/2020\/12\/grotta-della-neve-etna-nord-1024x768.jpg 1024w, https:\/\/pianoprovenzana.it\/wp-content\/uploads\/2020\/12\/grotta-della-neve-etna-nord-300x225.jpg 300w, https:\/\/pianoprovenzana.it\/wp-content\/uploads\/2020\/12\/grotta-della-neve-etna-nord-768x576.jpg 768w, https:\/\/pianoprovenzana.it\/wp-content\/uploads\/2020\/12\/grotta-della-neve-etna-nord-1536x1152.jpg 1536w, https:\/\/pianoprovenzana.it\/wp-content\/uploads\/2020\/12\/grotta-della-neve-etna-nord-2048x1536.jpg 2048w, https:\/\/pianoprovenzana.it\/wp-content\/uploads\/2020\/12\/grotta-della-neve-etna-nord-1200x900.jpg 1200w\" sizes=\"auto, (max-width: 1024px) 100vw, 1024px\" \/><\/figure>\n<\/div>\n\n\n\n<div class=\"wp-block-column is-layout-flow wp-block-column-is-layout-flow\">\n<figure class=\"wp-block-image size-large\"><img loading=\"lazy\" decoding=\"async\" width=\"1024\" height=\"768\" src=\"https:\/\/pianoprovenzana.it\/wp-content\/uploads\/2020\/12\/grotta-della-neve-ladroni-1024x768.jpg\" alt=\"voleurs de grottes enneig\u00e9es\" class=\"wp-image-794\" title=\"\" srcset=\"https:\/\/pianoprovenzana.it\/wp-content\/uploads\/2020\/12\/grotta-della-neve-ladroni-1024x768.jpg 1024w, https:\/\/pianoprovenzana.it\/wp-content\/uploads\/2020\/12\/grotta-della-neve-ladroni-300x225.jpg 300w, https:\/\/pianoprovenzana.it\/wp-content\/uploads\/2020\/12\/grotta-della-neve-ladroni-768x576.jpg 768w, https:\/\/pianoprovenzana.it\/wp-content\/uploads\/2020\/12\/grotta-della-neve-ladroni-1536x1152.jpg 1536w, https:\/\/pianoprovenzana.it\/wp-content\/uploads\/2020\/12\/grotta-della-neve-ladroni-2048x1536.jpg 2048w, https:\/\/pianoprovenzana.it\/wp-content\/uploads\/2020\/12\/grotta-della-neve-ladroni-1200x900.jpg 1200w\" sizes=\"auto, (max-width: 1024px) 100vw, 1024px\" \/><\/figure>\n<\/div>\n<\/div>\n\n\n\n<p>La grotte poss\u00e8de deux entr\u00e9es. Cela la rend non seulement facilement accessible, mais offre \u00e9galement une voie d&rsquo;\u00e9vacuation suppl\u00e9mentaire. D&rsquo;un c\u00f4t\u00e9, on peut descendre \u00e0 l&rsquo;int\u00e9rieur par un escalier taill\u00e9 dans la roche, qui compte dix marches abruptes. L&rsquo;autre entr\u00e9e est une sorte de toboggan artificiel.   <\/p>\n\n\n\n<div class=\"wp-block-columns is-layout-flex wp-container-core-columns-is-layout-9d6595d7 wp-block-columns-is-layout-flex\">\n<div class=\"wp-block-column is-layout-flow wp-block-column-is-layout-flow\">\n<figure class=\"wp-block-image size-large\"><img loading=\"lazy\" decoding=\"async\" width=\"1500\" height=\"2101\" src=\"https:\/\/pianoprovenzana.it\/wp-content\/uploads\/2021\/02\/grotta-della-neve-dei-ladroni-etna-ghiaccio.jpg\" alt=\"La grotte de glace des voleurs\" class=\"wp-image-3286\" title=\"\" srcset=\"https:\/\/pianoprovenzana.it\/wp-content\/uploads\/2021\/02\/grotta-della-neve-dei-ladroni-etna-ghiaccio.jpg 1500w, https:\/\/pianoprovenzana.it\/wp-content\/uploads\/2021\/02\/grotta-della-neve-dei-ladroni-etna-ghiaccio-214x300.jpg 214w, https:\/\/pianoprovenzana.it\/wp-content\/uploads\/2021\/02\/grotta-della-neve-dei-ladroni-etna-ghiaccio-768x1076.jpg 768w, https:\/\/pianoprovenzana.it\/wp-content\/uploads\/2021\/02\/grotta-della-neve-dei-ladroni-etna-ghiaccio-1097x1536.jpg 1097w, https:\/\/pianoprovenzana.it\/wp-content\/uploads\/2021\/02\/grotta-della-neve-dei-ladroni-etna-ghiaccio-1462x2048.jpg 1462w, https:\/\/pianoprovenzana.it\/wp-content\/uploads\/2021\/02\/grotta-della-neve-dei-ladroni-etna-ghiaccio-1200x1681.jpg 1200w\" sizes=\"auto, (max-width: 1500px) 100vw, 1500px\" \/><\/figure>\n<\/div>\n\n\n\n<div class=\"wp-block-column is-layout-flow wp-block-column-is-layout-flow\">\n<figure class=\"wp-block-image size-large\"><img loading=\"lazy\" decoding=\"async\" width=\"1500\" height=\"2100\" src=\"https:\/\/pianoprovenzana.it\/wp-content\/uploads\/2021\/02\/scala-grotta-dei-ladroni.jpg\" alt=\"Escalier menant \u00e0 la grotte des voleurs\" class=\"wp-image-3287\" title=\"\" srcset=\"https:\/\/pianoprovenzana.it\/wp-content\/uploads\/2021\/02\/scala-grotta-dei-ladroni.jpg 1500w, https:\/\/pianoprovenzana.it\/wp-content\/uploads\/2021\/02\/scala-grotta-dei-ladroni-214x300.jpg 214w, https:\/\/pianoprovenzana.it\/wp-content\/uploads\/2021\/02\/scala-grotta-dei-ladroni-768x1075.jpg 768w, https:\/\/pianoprovenzana.it\/wp-content\/uploads\/2021\/02\/scala-grotta-dei-ladroni-1097x1536.jpg 1097w, https:\/\/pianoprovenzana.it\/wp-content\/uploads\/2021\/02\/scala-grotta-dei-ladroni-1463x2048.jpg 1463w, https:\/\/pianoprovenzana.it\/wp-content\/uploads\/2021\/02\/scala-grotta-dei-ladroni-1200x1680.jpg 1200w\" sizes=\"auto, (max-width: 1500px) 100vw, 1500px\" \/><\/figure>\n<\/div>\n<\/div>\n","protected":false},"excerpt":{"rendered":"<p>La grotte des voleurs ou grotte de neige La Grotta dei Ladroni est un petit tube de lave situ\u00e9 sur le Fornazzo \u2013 Rifugio Citelli. La grotte des voleurs tire son nom d&rsquo;une l\u00e9gende qui raconte l&rsquo;histoire d&rsquo;un groupe de bandits qui s&rsquo;y r\u00e9fugi\u00e8rent sans succ\u00e8s dans la seconde moiti\u00e9 du XVIIIe si\u00e8cle. D\u00e9tails de [&hellip;]<\/p>\n","protected":false},"author":3,"featured_media":11730,"parent":12690,"menu_order":194,"comment_status":"closed","ping_status":"closed","template":"","meta":{"_acf_changed":false,"footnotes":""},"class_list":["post-11729","page","type-page","status-publish","has-post-thumbnail","hentry"],"acf":[],"_links":{"self":[{"href":"https:\/\/pianoprovenzana.it\/fr\/wp-json\/wp\/v2\/pages\/11729","targetHints":{"allow":["GET"]}}],"collection":[{"href":"https:\/\/pianoprovenzana.it\/fr\/wp-json\/wp\/v2\/pages"}],"about":[{"href":"https:\/\/pianoprovenzana.it\/fr\/wp-json\/wp\/v2\/types\/page"}],"author":[{"embeddable":true,"href":"https:\/\/pianoprovenzana.it\/fr\/wp-json\/wp\/v2\/users\/3"}],"replies":[{"embeddable":true,"href":"https:\/\/pianoprovenzana.it\/fr\/wp-json\/wp\/v2\/comments?post=11729"}],"version-history":[{"count":4,"href":"https:\/\/pianoprovenzana.it\/fr\/wp-json\/wp\/v2\/pages\/11729\/revisions"}],"predecessor-version":[{"id":13711,"href":"https:\/\/pianoprovenzana.it\/fr\/wp-json\/wp\/v2\/pages\/11729\/revisions\/13711"}],"up":[{"embeddable":true,"href":"https:\/\/pianoprovenzana.it\/fr\/wp-json\/wp\/v2\/pages\/12690"}],"wp:featuredmedia":[{"embeddable":true,"href":"https:\/\/pianoprovenzana.it\/fr\/wp-json\/wp\/v2\/media\/11730"}],"wp:attachment":[{"href":"https:\/\/pianoprovenzana.it\/fr\/wp-json\/wp\/v2\/media?parent=11729"}],"curies":[{"name":"wp","href":"https:\/\/api.w.org\/{rel}","templated":true}]}}