{"id":11795,"date":"2021-03-02T14:22:38","date_gmt":"2021-03-02T13:22:38","guid":{"rendered":"https:\/\/pianoprovenzana.it\/contacts\/"},"modified":"2026-03-27T21:35:38","modified_gmt":"2026-03-27T20:35:38","slug":"contacts","status":"publish","type":"page","link":"https:\/\/pianoprovenzana.it\/fr\/contacts\/","title":{"rendered":"Contacts"},"content":{"rendered":"\n<h3 class=\"wp-block-heading\" id=\"contatti\"><strong>Contacts<\/strong><\/h3>\n\n<p>Pour toute question, veuillez nous contacter par e-mail ou WhatsApp. Si vous souhaitez collaborer, veuillez consulter notre page \u00ab<a href=\"https:\/\/pianoprovenzana.it\/fr\/?page_id=11713\" class=\"rank-math-link\">\u00a0Collaborer<\/a>\u00a0\u00bb. <\/p>\n\n<p><strong>Coordonn\u00e9es<br\/><\/strong> Courriel : info@pianoprovenzana.it<br\/> T\u00e9l\u00e9phone portable et WhatsApp\u00a0: +31 (0)6 23370594<\/p>\n\n<p><em>Nous parlons italien, anglais et n\u00e9erlandais.<\/em><\/p>\n\n<h3 class=\"has-text-align-center wp-block-heading\" id=\"pianoprovenzana-it\"><strong>Pianoprovenzana.it<\/strong><\/h3>\n\n<div class=\"wp-block-columns is-layout-flex wp-container-core-columns-is-layout-9d6595d7 wp-block-columns-is-layout-flex\">\n<div class=\"wp-block-column is-layout-flow wp-block-column-is-layout-flow\">\n<p class=\"has-text-align-center\"><mark style=\"background-color:rgba(0, 0, 0, 0);color:#7db44b\" class=\"has-inline-color\">\u2714<\/mark> Le portail le plus complet du c\u00f4t\u00e9 nord de l&rsquo;Etna<\/p>\n<\/div>\n\n\n\n<div class=\"wp-block-column is-layout-flow wp-block-column-is-layout-flow\">\n<p class=\"has-text-align-center\"><mark style=\"background-color:rgba(0, 0, 0, 0);color:#7db44b\" class=\"has-inline-color\">\u2714<\/mark> Expert local<\/p>\n<\/div>\n\n\n\n<div class=\"wp-block-column is-layout-flow wp-block-column-is-layout-flow\">\n<p class=\"has-text-align-center\"><mark style=\"background-color:rgba(0, 0, 0, 0);color:#7db44b\" class=\"has-inline-color\">\u2714<\/mark> Le d\u00e9but de chaque visite au Piano Provenzana<\/p>\n<\/div>\n<\/div>\n","protected":false},"excerpt":{"rendered":"<p>Contacts Pour toute question, veuillez nous contacter par e-mail ou WhatsApp. Si vous souhaitez collaborer, veuillez consulter notre page \u00ab\u00a0Collaborer\u00a0\u00bb. Coordonn\u00e9es Courriel : info@pianoprovenzana.it T\u00e9l\u00e9phone portable et WhatsApp\u00a0: +31 (0)6 23370594 Nous parlons italien, anglais et n\u00e9erlandais. Pianoprovenzana.it \u2714 Le portail le plus complet du c\u00f4t\u00e9 nord de l&rsquo;Etna \u2714 Expert local \u2714 Le d\u00e9but [&hellip;]<\/p>\n","protected":false},"author":3,"featured_media":11796,"parent":0,"menu_order":84,"comment_status":"closed","ping_status":"closed","template":"","meta":{"_acf_changed":false,"footnotes":""},"class_list":["post-11795","page","type-page","status-publish","has-post-thumbnail","hentry"],"acf":[],"_links":{"self":[{"href":"https:\/\/pianoprovenzana.it\/fr\/wp-json\/wp\/v2\/pages\/11795","targetHints":{"allow":["GET"]}}],"collection":[{"href":"https:\/\/pianoprovenzana.it\/fr\/wp-json\/wp\/v2\/pages"}],"about":[{"href":"https:\/\/pianoprovenzana.it\/fr\/wp-json\/wp\/v2\/types\/page"}],"author":[{"embeddable":true,"href":"https:\/\/pianoprovenzana.it\/fr\/wp-json\/wp\/v2\/users\/3"}],"replies":[{"embeddable":true,"href":"https:\/\/pianoprovenzana.it\/fr\/wp-json\/wp\/v2\/comments?post=11795"}],"version-history":[{"count":2,"href":"https:\/\/pianoprovenzana.it\/fr\/wp-json\/wp\/v2\/pages\/11795\/revisions"}],"predecessor-version":[{"id":11798,"href":"https:\/\/pianoprovenzana.it\/fr\/wp-json\/wp\/v2\/pages\/11795\/revisions\/11798"}],"wp:featuredmedia":[{"embeddable":true,"href":"https:\/\/pianoprovenzana.it\/fr\/wp-json\/wp\/v2\/media\/11796"}],"wp:attachment":[{"href":"https:\/\/pianoprovenzana.it\/fr\/wp-json\/wp\/v2\/media?parent=11795"}],"curies":[{"name":"wp","href":"https:\/\/api.w.org\/{rel}","templated":true}]}}