{"id":11919,"date":"2023-01-18T17:25:29","date_gmt":"2023-01-18T16:25:29","guid":{"rendered":"https:\/\/pianoprovenzana.it\/randonnee-en-raquettes-sur-les-crateres-de-letna-en-2002\/"},"modified":"2026-03-28T17:39:58","modified_gmt":"2026-03-28T16:39:58","slug":"raquettes-etna-crateres-2002","status":"publish","type":"page","link":"https:\/\/pianoprovenzana.it\/fr\/excursions-etna\/raquettes-etna-crateres-2002\/","title":{"rendered":"Raquettes Etna crat\u00e8res 2002"},"content":{"rendered":"\n<div class=\"wp-block-columns is-layout-flex wp-container-core-columns-is-layout-9d6595d7 wp-block-columns-is-layout-flex\">\n<div class=\"wp-block-column is-layout-flow wp-block-column-is-layout-flow\">\n<figure class=\"wp-block-image size-large\"><img loading=\"lazy\" decoding=\"async\" width=\"1350\" height=\"1800\" src=\"https:\/\/pianoprovenzana.it\/wp-content\/uploads\/2026\/03\/etna-vulcano-ciaspolata-crateri-neve-1800x2400.jpg\" alt=\"\" class=\"wp-image-11314\" title=\"\" srcset=\"https:\/\/pianoprovenzana.it\/wp-content\/uploads\/2026\/03\/etna-vulcano-ciaspolata-crateri-neve-scaled.jpg 1350w, https:\/\/pianoprovenzana.it\/wp-content\/uploads\/2026\/03\/etna-vulcano-ciaspolata-crateri-neve-225x300.jpg 225w, https:\/\/pianoprovenzana.it\/wp-content\/uploads\/2026\/03\/etna-vulcano-ciaspolata-crateri-neve-768x1024.jpg 768w, https:\/\/pianoprovenzana.it\/wp-content\/uploads\/2026\/03\/etna-vulcano-ciaspolata-crateri-neve-1152x1536.jpg 1152w\" sizes=\"auto, (max-width: 1350px) 100vw, 1350px\" \/><\/figure>\n<\/div>\n\n\n\n<div class=\"wp-block-column is-layout-flow wp-block-column-is-layout-flow\">\n<figure class=\"wp-block-image size-large\"><img loading=\"lazy\" decoding=\"async\" width=\"1350\" height=\"1800\" src=\"https:\/\/pianoprovenzana.it\/wp-content\/uploads\/2026\/03\/snowshoe-hike-etna-nord-anniek-alessandro-1800x2400.jpg\" alt=\"\" class=\"wp-image-11357\" title=\"\" srcset=\"https:\/\/pianoprovenzana.it\/wp-content\/uploads\/2026\/03\/snowshoe-hike-etna-nord-anniek-alessandro-scaled.jpg 1350w, https:\/\/pianoprovenzana.it\/wp-content\/uploads\/2026\/03\/snowshoe-hike-etna-nord-anniek-alessandro-225x300.jpg 225w, https:\/\/pianoprovenzana.it\/wp-content\/uploads\/2026\/03\/snowshoe-hike-etna-nord-anniek-alessandro-768x1024.jpg 768w, https:\/\/pianoprovenzana.it\/wp-content\/uploads\/2026\/03\/snowshoe-hike-etna-nord-anniek-alessandro-1152x1536.jpg 1152w\" sizes=\"auto, (max-width: 1350px) 100vw, 1350px\" \/><\/figure>\n<\/div>\n<\/div>\n\n\n\n<h2 class=\"wp-block-heading\"><strong>FAQ<\/strong><\/h2>\n\n\n<div id=\"rank-math-faq\" class=\"rank-math-block\">\n<div class=\"rank-math-list \">\n<div id=\"faq-question-1771324367373\" class=\"rank-math-list-item\">\n<h3 class=\"rank-math-question \">1. Avez-vous besoin d&rsquo;exp\u00e9rience pour participer \u00e0 la randonn\u00e9e en raquettes sur l&rsquo;Etna ?<\/h3>\n<div class=\"rank-math-answer \">\n\n<p>Non, aucune exp\u00e9rience technique n&rsquo;est requise. La randonn\u00e9e en raquettes jusqu&rsquo;aux 2002 crat\u00e8res est adapt\u00e9e aux personnes en bonne condition physique et habitu\u00e9es \u00e0 marcher pendant environ trois heures. Le parcours pr\u00e9sente un d\u00e9nivel\u00e9 positif d&rsquo;environ 300 m\u00e8tres.  <\/p>\n\n<\/div>\n<\/div>\n<div id=\"faq-question-1771324583799\" class=\"rank-math-list-item\">\n<h3 class=\"rank-math-question \">2 Combien de temps dure la randonn\u00e9e en raquettes jusqu&rsquo;aux crat\u00e8res de 2002 ?<\/h3>\n<div class=\"rank-math-answer \">\n\n<p>La dur\u00e9e totale est d&rsquo;environ 3 \u00e0 3,5 heures, arr\u00eats pour les explications et les photos compris.<\/p>\n\n<\/div>\n<\/div>\n<div id=\"faq-question-1771324735970\" class=\"rank-math-list-item\">\n<h3 class=\"rank-math-question \">3 Quelles chaussures sont n\u00e9cessaires pour faire de la raquette sur l&rsquo;Etna ?<\/h3>\n<div class=\"rank-math-answer \">\n\n<p>Nous recommandons des chaussures de randonn\u00e9e montantes (bottes de montagne) ou des bottes de neige structur\u00e9es. Les chaussures doivent&nbsp;:<br \/> \u2022 bien soutenir la cheville<br \/> \u2022 \u00eatre stable<br \/> \u2022 vous permettent de marcher confortablement pendant environ 3 heures<br \/> \u2022 Gardez votre pied bien \u00e0 l&rsquo;int\u00e9rieur<br \/> \u26a0\ufe0f Les bottes de lune souples classiques ne sont g\u00e9n\u00e9ralement pas adapt\u00e9es, car elles ne s&rsquo;adaptent souvent pas correctement aux raquettes et n&rsquo;offrent pas une stabilit\u00e9 suffisante.<br \/> Si n\u00e9cessaire, vous pouvez louer des bottes directement \u00e0 Piano Provenzana ou aupr\u00e8s des guides.   <\/p>\n\n<\/div>\n<\/div>\n<div id=\"faq-question-1771754782823\" class=\"rank-math-list-item\">\n<h3 class=\"rank-math-question \">4 Les raquettes \u00e0 neige sont-elles incluses dans le prix ?<\/h3>\n<div class=\"rank-math-answer \">\n\n<p>Non. Le prix de l&rsquo;excursion est de 30,00 \u20ac par personne et ne comprend pas les raquettes \u00e0 neige.<br \/> C&rsquo;est possible :<br \/> \u2022 Apportez vos propres raquettes \u00e0 neige<br \/> \u2022 les louer le jour m\u00eame par l&rsquo;interm\u00e9diaire du guide<br \/> Le co\u00fbt de la location est de 15,00 \u20ac par paire. <\/p>\n\n<\/div>\n<\/div>\n<div id=\"faq-question-1771754809069\" class=\"rank-math-list-item\">\n<h3 class=\"rank-math-question \">5. Est-il n\u00e9cessaire de r\u00e9server \u00e0 l&rsquo;avance ?<\/h3>\n<div class=\"rank-math-answer \">\n\n<p>Oui, la r\u00e9servation est obligatoire. La randonn\u00e9e en raquettes n&rsquo;est possible que sous r\u00e9serve d&rsquo;enneigement suffisant et le nombre de places est limit\u00e9. R\u00e9server en ligne vous garantit une place avec le guide.  <\/p>\n\n<\/div>\n<\/div>\n<div id=\"faq-question-1771754831003\" class=\"rank-math-list-item\">\n<h3 class=\"rank-math-question \">6. La raquette est-elle adapt\u00e9e aux enfants ?<\/h3>\n<div class=\"rank-math-answer \">\n\n<p>Cette excursion est adapt\u00e9e aux enfants habitu\u00e9s \u00e0 la randonn\u00e9e en montagne et relativement autonomes. Nous recommandons g\u00e9n\u00e9ralement un \u00e2ge minimum de 10 ans, en fonction de leur endurance et de leur capacit\u00e9 \u00e0 marcher sur la neige. <\/p>\n\n<\/div>\n<\/div>\n<div id=\"faq-question-1771755021066\" class=\"rank-math-list-item\">\n<h3 class=\"rank-math-question \">7 Comment dois-je m\u2019habiller pour faire de la raquette sur l\u2019Etna&nbsp;?<\/h3>\n<div class=\"rank-math-answer \">\n\n<p>Pour la randonn\u00e9e en raquettes jusqu&rsquo;aux crat\u00e8res de 2002, nous recommandons des v\u00eatements de montagne adapt\u00e9s aux conditions hivernales. Il est important de porter&nbsp;:<br \/> \u2022 Bottes de randonn\u00e9e montantes ou bottes de neige structur\u00e9es<br \/> \u2022 Veste imperm\u00e9able et coupe-vent<br \/> \u2022 V\u00eatements superpos\u00e9s (chemise thermique, polaire, veste) <\/p>\n<p>Nous vous recommandons \u00e9galement d&rsquo;apporter&nbsp;:<br \/> \u2022 Sac \u00e0 dos (confortable et l\u00e9ger)<br \/> \u2022 Gants<br \/> \u2022 Chapeau<br \/> \u2022 Lunettes de soleil<br \/> \u2022 Cr\u00e8me solaire<br \/> M\u00eame en hiver, le soleil sur l&rsquo;Etna peut \u00eatre intense, surtout lorsqu&rsquo;il neige.<br \/> S&rsquo;habiller correctement vous permettra de vivre l&rsquo;exp\u00e9rience en toute s\u00e9curit\u00e9 et confort pendant toute la dur\u00e9e de l&rsquo;excursion.<\/p>\n\n<\/div>\n<\/div>\n<\/div>\n<\/div>\n\n\n<!--nextpage-->\n\n\n\n<h3 class=\"wp-block-heading\"><strong>Randonn\u00e9e en raquettes sur les crat\u00e8res de l&rsquo;Etna en 2002<\/strong><\/h3>\n\n\n\n<p>Envie d&rsquo;une randonn\u00e9e en raquettes ? Optez pour l&rsquo;excursion en raquettes dans les crat\u00e8res de l&rsquo;Etna 2002. Une magnifique balade au c\u0153ur de la lave, des crat\u00e8res et d&rsquo;une nature enneig\u00e9e !    <\/p>\n\n\n\n<p><mark style=\"background-color:rgba(0, 0, 0, 0)\" class=\"has-inline-color has-vivid-green-cyan-color\">\u2714<\/mark> D\u00e9part de Piano Provenzana &#8211; Etna Nord<br> <mark style=\"background-color:rgba(0, 0, 0, 0)\" class=\"has-inline-color has-vivid-green-cyan-color\">\u2714<\/mark> Marcher au bord des crat\u00e8res de 2002<br> <mark style=\"background-color:rgba(0, 0, 0, 0)\" class=\"has-inline-color has-vivid-green-cyan-color\">\u2714<\/mark> 3 heures de plaisir dans la neige<\/p>\n\n\n\n<p>\u27a4 Disponible uniquement en cas d&rsquo;enneigement suffisant, tous les jours, sur r\u00e9servation uniquement<\/p>\n\n\n\n<p>La vision des bouleaux et des pins enneig\u00e9s au milieu de la lave sera assur\u00e9ment inoubliable ! Au cours de l&rsquo;ascension, nous aurons l&rsquo;occasion d&rsquo;admirer le paysage surplombant la mer de Taormina et Giardini Naxos, avec la c\u00f4te calabraise en arri\u00e8re-plan. <\/p>\n\n\n\n<h2 class=\"wp-block-heading\"><strong>Itin\u00e9raire de randonn\u00e9e en raquettes aux crat\u00e8res de l&rsquo;Etna en 2002<\/strong><\/h2>\n\n\n\n<p>Cette randonn\u00e9e en raquettes d\u00e9bute \u00e0 Piano Provenzana, apr\u00e8s avoir rencontr\u00e9 votre guide et v\u00e9rifi\u00e9 le mat\u00e9riel n\u00e9cessaire. Vous entamerez une ascension avec un d\u00e9nivel\u00e9 positif total d&rsquo;environ 300 m\u00e8tres, vous menant aux crat\u00e8res de l&rsquo;\u00e9ruption de 2002. <\/p>\n\n\n\n<div class=\"wp-block-columns is-layout-flex wp-container-core-columns-is-layout-9d6595d7 wp-block-columns-is-layout-flex\">\n<div class=\"wp-block-column is-layout-flow wp-block-column-is-layout-flow\">\n<figure class=\"wp-block-image size-large\"><img loading=\"lazy\" decoding=\"async\" width=\"2400\" height=\"1800\" src=\"https:\/\/pianoprovenzana.it\/wp-content\/uploads\/2023\/01\/neve-etna-ciaspole-2400x1800.jpg\" alt=\"raquettes \u00e0 neige de l&#039;Etna\" class=\"wp-image-6865\" title=\"\" srcset=\"https:\/\/pianoprovenzana.it\/wp-content\/uploads\/2023\/01\/neve-etna-ciaspole-2400x1800.jpg 2400w, https:\/\/pianoprovenzana.it\/wp-content\/uploads\/2023\/01\/neve-etna-ciaspole-300x225.jpg 300w, https:\/\/pianoprovenzana.it\/wp-content\/uploads\/2023\/01\/neve-etna-ciaspole-768x576.jpg 768w, https:\/\/pianoprovenzana.it\/wp-content\/uploads\/2023\/01\/neve-etna-ciaspole-1536x1152.jpg 1536w, https:\/\/pianoprovenzana.it\/wp-content\/uploads\/2023\/01\/neve-etna-ciaspole-2048x1536.jpg 2048w, https:\/\/pianoprovenzana.it\/wp-content\/uploads\/2023\/01\/neve-etna-ciaspole-1200x900.jpg 1200w\" sizes=\"auto, (max-width: 2400px) 100vw, 2400px\" \/><\/figure>\n<\/div>\n\n\n\n<div class=\"wp-block-column is-layout-flow wp-block-column-is-layout-flow\">\n<figure class=\"wp-block-image size-large\"><img loading=\"lazy\" decoding=\"async\" width=\"2400\" height=\"1800\" src=\"https:\/\/pianoprovenzana.it\/wp-content\/uploads\/2023\/01\/ciaspolata-etna-vulcano-neve-2400x1800.jpg\" alt=\"Randonn\u00e9e en raquettes sur la neige du volcan Etna\" class=\"wp-image-6858\" title=\"\" srcset=\"https:\/\/pianoprovenzana.it\/wp-content\/uploads\/2023\/01\/ciaspolata-etna-vulcano-neve-2400x1800.jpg 2400w, https:\/\/pianoprovenzana.it\/wp-content\/uploads\/2023\/01\/ciaspolata-etna-vulcano-neve-300x225.jpg 300w, https:\/\/pianoprovenzana.it\/wp-content\/uploads\/2023\/01\/ciaspolata-etna-vulcano-neve-768x576.jpg 768w, https:\/\/pianoprovenzana.it\/wp-content\/uploads\/2023\/01\/ciaspolata-etna-vulcano-neve-1536x1152.jpg 1536w, https:\/\/pianoprovenzana.it\/wp-content\/uploads\/2023\/01\/ciaspolata-etna-vulcano-neve-2048x1536.jpg 2048w, https:\/\/pianoprovenzana.it\/wp-content\/uploads\/2023\/01\/ciaspolata-etna-vulcano-neve-1200x900.jpg 1200w\" sizes=\"auto, (max-width: 2400px) 100vw, 2400px\" \/><\/figure>\n<\/div>\n<\/div>\n\n\n\n<p>Sur l&rsquo;Etna, vous randonnerez sur des sentiers loin des sentiers battus, plong\u00e9s dans un silence surr\u00e9aliste. En raquettes, vous traverserez une zone bois\u00e9e pour atteindre le paysage lunaire du boutonni\u00e8re de 2002. <\/p>\n\n\n\n<p>Les raquettes permettent de marcher sur la neige fra\u00eeche, gr\u00e2ce \u00e0 leur capacit\u00e9 \u00e0 flotter, et elles permettent \u00e9galement d&rsquo;atteindre des endroits uniques comme le boutonni\u00e8re de 2002 enti\u00e8rement recouverte de neige avec un minimum d&rsquo;effort.<\/p>\n\n\n\n<p>Les paysages seront uniques, m\u00ealant lave et neige. Au cours de votre randonn\u00e9e, vous pourrez admirer les crat\u00e8res sommitaux et le bleu splendide de la mer environnante. <\/p>\n\n\n\n<ul class=\"wp-block-list\">\n<li><\/li>\n<\/ul>\n\n\n\n<p>Il est possible de louer des raquettes \u00e0 neige dans les boutiques de souvenirs. La location co\u00fbte 15 \u20ac par personne (raquettes + b\u00e2tons de randonn\u00e9e). <\/p>\n\n\n\n<p><strong>Parking \u00e0 \u00e9tages Provenzana<br><\/strong> Il y a un grand parking \u00e0 Piano Provenzana. C&rsquo;est un parking payant, donc un pr\u00e9pos\u00e9 viendra vous remettre un ticket. <\/p>\n\n\n\n<div class=\"wp-block-columns is-layout-flex wp-container-core-columns-is-layout-9d6595d7 wp-block-columns-is-layout-flex\">\n<div class=\"wp-block-column is-layout-flow wp-block-column-is-layout-flow\">\n<figure class=\"wp-block-image size-large\"><img loading=\"lazy\" decoding=\"async\" width=\"1800\" height=\"2400\" src=\"https:\/\/pianoprovenzana.it\/wp-content\/uploads\/2023\/01\/ciaspole-etna-vista-cratere-1800x2400.jpg\" alt=\"Randonn\u00e9e en raquettes sur l&#039;Etna avec vue sur le crat\u00e8re\" class=\"wp-image-6860\" title=\"\" srcset=\"https:\/\/pianoprovenzana.it\/wp-content\/uploads\/2023\/01\/ciaspole-etna-vista-cratere-1800x2400.jpg 1800w, https:\/\/pianoprovenzana.it\/wp-content\/uploads\/2023\/01\/ciaspole-etna-vista-cratere-225x300.jpg 225w, https:\/\/pianoprovenzana.it\/wp-content\/uploads\/2023\/01\/ciaspole-etna-vista-cratere-768x1024.jpg 768w, https:\/\/pianoprovenzana.it\/wp-content\/uploads\/2023\/01\/ciaspole-etna-vista-cratere-1152x1536.jpg 1152w, https:\/\/pianoprovenzana.it\/wp-content\/uploads\/2023\/01\/ciaspole-etna-vista-cratere-1536x2048.jpg 1536w, https:\/\/pianoprovenzana.it\/wp-content\/uploads\/2023\/01\/ciaspole-etna-vista-cratere-1200x1600.jpg 1200w, https:\/\/pianoprovenzana.it\/wp-content\/uploads\/2023\/01\/ciaspole-etna-vista-cratere-scaled.jpg 1920w\" sizes=\"auto, (max-width: 1800px) 100vw, 1800px\" \/><\/figure>\n<\/div>\n\n\n\n<div class=\"wp-block-column is-layout-flow wp-block-column-is-layout-flow\">\n<figure class=\"wp-block-image size-large\"><img loading=\"lazy\" decoding=\"async\" width=\"1800\" height=\"2400\" src=\"https:\/\/pianoprovenzana.it\/wp-content\/uploads\/2023\/01\/trekking-ciaspole-neve-etna-1800x2400.jpg\" alt=\"Randonn\u00e9e en raquettes sur l&#039;Etna\" class=\"wp-image-6868\" title=\"\" srcset=\"https:\/\/pianoprovenzana.it\/wp-content\/uploads\/2023\/01\/trekking-ciaspole-neve-etna-1800x2400.jpg 1800w, https:\/\/pianoprovenzana.it\/wp-content\/uploads\/2023\/01\/trekking-ciaspole-neve-etna-225x300.jpg 225w, https:\/\/pianoprovenzana.it\/wp-content\/uploads\/2023\/01\/trekking-ciaspole-neve-etna-768x1024.jpg 768w, https:\/\/pianoprovenzana.it\/wp-content\/uploads\/2023\/01\/trekking-ciaspole-neve-etna-1152x1536.jpg 1152w, https:\/\/pianoprovenzana.it\/wp-content\/uploads\/2023\/01\/trekking-ciaspole-neve-etna-1536x2048.jpg 1536w, https:\/\/pianoprovenzana.it\/wp-content\/uploads\/2023\/01\/trekking-ciaspole-neve-etna-1200x1600.jpg 1200w, https:\/\/pianoprovenzana.it\/wp-content\/uploads\/2023\/01\/trekking-ciaspole-neve-etna-scaled.jpg 1920w\" sizes=\"auto, (max-width: 1800px) 100vw, 1800px\" \/><\/figure>\n<\/div>\n<\/div>\n\n\n\n<h2 class=\"wp-block-heading\"><strong>Horaires d&rsquo;ouverture et disponibilit\u00e9<\/strong><\/h2>\n\n\n\n<p>La randonn\u00e9e en raquettes des crat\u00e8res de l&rsquo;Etna 2002 est propos\u00e9e tous les jours sur r\u00e9servation. Le d\u00e9part a lieu le week-end \u00e0 8h00. Il est toutefois imp\u00e9ratif d&rsquo;arriver \u00e0 7h30 pour rencontrer le guide et assister au briefing. Votre \u00e9quipement sera v\u00e9rifi\u00e9 et, si besoin, vous pourrez <a href=\"https:\/\/pianoprovenzana.it\/fr\/?page_id=12662\">louer des chaussures, des raquettes et\/ou une veste<\/a> directement \u00e0 Piano Provenzana.   <\/p>\n\n\n\n<p>Vers midi, nous sommes revenus de notre randonn\u00e9e en raquettes sur les 2002 crat\u00e8res de l&rsquo;Etna, pour arriver \u00e0 Piano Provenzana.<\/p>\n\n\n\n<ul class=\"wp-block-list\">\n<li>Heure de la r\u00e9union : 7h30<\/li>\n\n\n\n<li>Heure de d\u00e9part : 8h00<\/li>\n\n\n\n<li>Heure de retour : 12h00<\/li>\n<\/ul>\n\n\n\n<h2 class=\"wp-block-heading\"><strong>Prix \u200b\u200bdes randonn\u00e9es en raquettes sur les crat\u00e8res de l&rsquo;Etna en 2002<\/strong><\/h2>\n\n\n\n<p>La randonn\u00e9e en raquettes jusqu&rsquo;aux 2002 crat\u00e8res co\u00fbte 30 \u20ac par personne, location de raquettes non comprise. Les enfants jusqu&rsquo;\u00e0 11 ans paient 25 \u20ac par personne. <\/p>\n\n\n\n<ul class=\"wp-block-list\">\n<li>Adultes : 30,00 \u20ac  <\/li>\n\n\n\n<li>Enfants jusqu&rsquo;\u00e0 11 ans : 25,00 \u20ac<\/li>\n<\/ul>\n\n\n\n<p>Vous pouvez r\u00e9gler le jour de l&rsquo;excursion, directement aupr\u00e8s du guide. Nous ne demandons aucun paiement anticip\u00e9, car nous fonctionnons sur la confiance. Nous comptons sur votre pr\u00e9sence \u00e0 l&rsquo;heure de votre r\u00e9servation, et vous comptez sur la disponibilit\u00e9 du guide pour vous accueillir.   <\/p>\n\n\n\n<div class=\"wp-block-columns is-layout-flex wp-container-core-columns-is-layout-9d6595d7 wp-block-columns-is-layout-flex\">\n<div class=\"wp-block-column is-layout-flow wp-block-column-is-layout-flow\">\n<figure class=\"wp-block-image size-large\"><img loading=\"lazy\" decoding=\"async\" width=\"2400\" height=\"1800\" src=\"https:\/\/pianoprovenzana.it\/wp-content\/uploads\/2023\/01\/ciaspolata-etna-nord-2400x1800.jpg\" alt=\"Randonn\u00e9e en raquettes sur l&#039;Etna Nord\" class=\"wp-image-6856\" title=\"\" srcset=\"https:\/\/pianoprovenzana.it\/wp-content\/uploads\/2023\/01\/ciaspolata-etna-nord-2400x1800.jpg 2400w, https:\/\/pianoprovenzana.it\/wp-content\/uploads\/2023\/01\/ciaspolata-etna-nord-300x225.jpg 300w, https:\/\/pianoprovenzana.it\/wp-content\/uploads\/2023\/01\/ciaspolata-etna-nord-768x576.jpg 768w, https:\/\/pianoprovenzana.it\/wp-content\/uploads\/2023\/01\/ciaspolata-etna-nord-1536x1152.jpg 1536w, https:\/\/pianoprovenzana.it\/wp-content\/uploads\/2023\/01\/ciaspolata-etna-nord-2048x1536.jpg 2048w, https:\/\/pianoprovenzana.it\/wp-content\/uploads\/2023\/01\/ciaspolata-etna-nord-1200x900.jpg 1200w\" sizes=\"auto, (max-width: 2400px) 100vw, 2400px\" \/><\/figure>\n<\/div>\n\n\n\n<div class=\"wp-block-column is-layout-flow wp-block-column-is-layout-flow\">\n<figure class=\"wp-block-image size-large\"><img loading=\"lazy\" decoding=\"async\" width=\"2400\" height=\"1800\" src=\"https:\/\/pianoprovenzana.it\/wp-content\/uploads\/2023\/01\/ciaspolata-etna-nord-crateri-2400x1800.jpg\" alt=\"Randonn\u00e9e en raquettes sur les crat\u00e8res nord de l&#039;Etna\" class=\"wp-image-6854\" title=\"\" srcset=\"https:\/\/pianoprovenzana.it\/wp-content\/uploads\/2023\/01\/ciaspolata-etna-nord-crateri-2400x1800.jpg 2400w, https:\/\/pianoprovenzana.it\/wp-content\/uploads\/2023\/01\/ciaspolata-etna-nord-crateri-300x225.jpg 300w, https:\/\/pianoprovenzana.it\/wp-content\/uploads\/2023\/01\/ciaspolata-etna-nord-crateri-768x576.jpg 768w, https:\/\/pianoprovenzana.it\/wp-content\/uploads\/2023\/01\/ciaspolata-etna-nord-crateri-1536x1152.jpg 1536w, https:\/\/pianoprovenzana.it\/wp-content\/uploads\/2023\/01\/ciaspolata-etna-nord-crateri-2048x1536.jpg 2048w, https:\/\/pianoprovenzana.it\/wp-content\/uploads\/2023\/01\/ciaspolata-etna-nord-crateri-1200x900.jpg 1200w\" sizes=\"auto, (max-width: 2400px) 100vw, 2400px\" \/><\/figure>\n<\/div>\n<\/div>\n\n\n\n<div class=\"wp-block-columns is-layout-flex wp-container-core-columns-is-layout-9d6595d7 wp-block-columns-is-layout-flex\">\n<div class=\"wp-block-column is-layout-flow wp-block-column-is-layout-flow\">\n<figure class=\"wp-block-image size-large\"><img loading=\"lazy\" decoding=\"async\" width=\"2400\" height=\"1800\" src=\"https:\/\/pianoprovenzana.it\/wp-content\/uploads\/2023\/01\/seduta-neve-ciaspole-etna-vulcano-2400x1800.jpg\" alt=\"Randonn\u00e9e en raquettes sur le volcan Etna\" class=\"wp-image-6867\" title=\"\" srcset=\"https:\/\/pianoprovenzana.it\/wp-content\/uploads\/2023\/01\/seduta-neve-ciaspole-etna-vulcano-2400x1800.jpg 2400w, https:\/\/pianoprovenzana.it\/wp-content\/uploads\/2023\/01\/seduta-neve-ciaspole-etna-vulcano-300x225.jpg 300w, https:\/\/pianoprovenzana.it\/wp-content\/uploads\/2023\/01\/seduta-neve-ciaspole-etna-vulcano-768x576.jpg 768w, https:\/\/pianoprovenzana.it\/wp-content\/uploads\/2023\/01\/seduta-neve-ciaspole-etna-vulcano-1536x1152.jpg 1536w, https:\/\/pianoprovenzana.it\/wp-content\/uploads\/2023\/01\/seduta-neve-ciaspole-etna-vulcano-2048x1536.jpg 2048w, https:\/\/pianoprovenzana.it\/wp-content\/uploads\/2023\/01\/seduta-neve-ciaspole-etna-vulcano-1200x900.jpg 1200w\" sizes=\"auto, (max-width: 2400px) 100vw, 2400px\" \/><\/figure>\n<\/div>\n\n\n\n<div class=\"wp-block-column is-layout-flow wp-block-column-is-layout-flow\">\n<figure class=\"wp-block-image size-large\"><img loading=\"lazy\" decoding=\"async\" width=\"2400\" height=\"1800\" src=\"https:\/\/pianoprovenzana.it\/wp-content\/uploads\/2023\/01\/etna-innevata-ciaspolata-2400x1800.jpg\" alt=\"Randonn\u00e9e en raquettes sur l&#039;Etna enneig\u00e9\" class=\"wp-image-6863\" title=\"\" srcset=\"https:\/\/pianoprovenzana.it\/wp-content\/uploads\/2023\/01\/etna-innevata-ciaspolata-2400x1800.jpg 2400w, https:\/\/pianoprovenzana.it\/wp-content\/uploads\/2023\/01\/etna-innevata-ciaspolata-300x225.jpg 300w, https:\/\/pianoprovenzana.it\/wp-content\/uploads\/2023\/01\/etna-innevata-ciaspolata-768x576.jpg 768w, https:\/\/pianoprovenzana.it\/wp-content\/uploads\/2023\/01\/etna-innevata-ciaspolata-1536x1152.jpg 1536w, https:\/\/pianoprovenzana.it\/wp-content\/uploads\/2023\/01\/etna-innevata-ciaspolata-2048x1536.jpg 2048w, https:\/\/pianoprovenzana.it\/wp-content\/uploads\/2023\/01\/etna-innevata-ciaspolata-1200x900.jpg 1200w\" sizes=\"auto, (max-width: 2400px) 100vw, 2400px\" \/><\/figure>\n<\/div>\n<\/div>\n\n\n\n<h2 class=\"wp-block-heading\"><strong>Guide<\/strong><\/h2>\n\n\n\n<p>Lors de cette excursion vers les 2002 crat\u00e8res, vous serez accompagn\u00e9s de guides agr\u00e9\u00e9s, experts de la r\u00e9gion.<\/p>\n\n\n\n<h2 class=\"wp-block-heading\"><strong>Manger et boire<\/strong><\/h2>\n\n\n\n<p>Si vous entamez plut\u00f4t la descente vers Linguaglossa, vous trouverez plusieurs \u00e9tablissements o\u00f9 vous pourrez vous arr\u00eater pour d\u00e9guster des sp\u00e9cialit\u00e9s maison et typiques.<\/p>\n\n\n\n<p>De retour de l&rsquo;excursion, apr\u00e8s avoir admir\u00e9 la beaut\u00e9 du volcan, vous pourrez <a href=\"https:\/\/pianoprovenzana.it\/enogastronomia\/ristoranti\/\">vous restaurer<\/a> en altitude. Piano Provenzana compte plusieurs bars et restaurants o\u00f9 d\u00e9jeuner.<\/p>\n\n\n\n<div class=\"wp-block-columns is-layout-flex wp-container-core-columns-is-layout-9d6595d7 wp-block-columns-is-layout-flex\">\n<div class=\"wp-block-column is-layout-flow wp-block-column-is-layout-flow\">\n<figure class=\"wp-block-image size-large\"><img loading=\"lazy\" decoding=\"async\" width=\"1800\" height=\"2400\" src=\"https:\/\/pianoprovenzana.it\/wp-content\/uploads\/2023\/01\/partenza-ciaspolata-piano-provenzana-1800x2400.jpg\" alt=\"D\u00e9part pour une randonn\u00e9e en raquettes depuis Piano Provenzana\" class=\"wp-image-6866\" title=\"\" srcset=\"https:\/\/pianoprovenzana.it\/wp-content\/uploads\/2023\/01\/partenza-ciaspolata-piano-provenzana-1800x2400.jpg 1800w, https:\/\/pianoprovenzana.it\/wp-content\/uploads\/2023\/01\/partenza-ciaspolata-piano-provenzana-225x300.jpg 225w, https:\/\/pianoprovenzana.it\/wp-content\/uploads\/2023\/01\/partenza-ciaspolata-piano-provenzana-768x1024.jpg 768w, https:\/\/pianoprovenzana.it\/wp-content\/uploads\/2023\/01\/partenza-ciaspolata-piano-provenzana-1152x1536.jpg 1152w, https:\/\/pianoprovenzana.it\/wp-content\/uploads\/2023\/01\/partenza-ciaspolata-piano-provenzana-1536x2048.jpg 1536w, https:\/\/pianoprovenzana.it\/wp-content\/uploads\/2023\/01\/partenza-ciaspolata-piano-provenzana-1200x1600.jpg 1200w, https:\/\/pianoprovenzana.it\/wp-content\/uploads\/2023\/01\/partenza-ciaspolata-piano-provenzana-scaled.jpg 1920w\" sizes=\"auto, (max-width: 1800px) 100vw, 1800px\" \/><\/figure>\n<\/div>\n\n\n\n<div class=\"wp-block-column is-layout-flow wp-block-column-is-layout-flow\">\n<figure class=\"wp-block-image size-large\"><img loading=\"lazy\" decoding=\"async\" width=\"1800\" height=\"2400\" src=\"https:\/\/pianoprovenzana.it\/wp-content\/uploads\/2023\/01\/ciaspolata-etna-neve-donna-1800x2400.jpg\" alt=\"Randonn\u00e9e en raquettes sur l&#039;Etna enneig\u00e9e pour les femmes\" class=\"wp-image-6853\" title=\"\" srcset=\"https:\/\/pianoprovenzana.it\/wp-content\/uploads\/2023\/01\/ciaspolata-etna-neve-donna-1800x2400.jpg 1800w, https:\/\/pianoprovenzana.it\/wp-content\/uploads\/2023\/01\/ciaspolata-etna-neve-donna-225x300.jpg 225w, https:\/\/pianoprovenzana.it\/wp-content\/uploads\/2023\/01\/ciaspolata-etna-neve-donna-768x1024.jpg 768w, https:\/\/pianoprovenzana.it\/wp-content\/uploads\/2023\/01\/ciaspolata-etna-neve-donna-1152x1536.jpg 1152w, https:\/\/pianoprovenzana.it\/wp-content\/uploads\/2023\/01\/ciaspolata-etna-neve-donna-1536x2048.jpg 1536w, https:\/\/pianoprovenzana.it\/wp-content\/uploads\/2023\/01\/ciaspolata-etna-neve-donna-1200x1600.jpg 1200w, https:\/\/pianoprovenzana.it\/wp-content\/uploads\/2023\/01\/ciaspolata-etna-neve-donna-scaled.jpg 1920w\" sizes=\"auto, (max-width: 1800px) 100vw, 1800px\" \/><\/figure>\n<\/div>\n<\/div>\n\n\n\n<p>En l&rsquo;absence de neige, il est possible <a href=\"https:\/\/pianoprovenzana.it\/fr\/?page_id=13111\" data-type=\"page\" data-id=\"426\">de se rendre aux 2002 crat\u00e8res<\/a> sans utiliser de raquettes.  <\/p>\n","protected":false},"excerpt":{"rendered":"<p>FAQ<\/p>\n","protected":false},"author":3,"featured_media":11949,"parent":13240,"menu_order":84,"comment_status":"closed","ping_status":"closed","template":"page-excursion.php","meta":{"_acf_changed":false,"footnotes":""},"class_list":["post-11919","page","type-page","status-publish","has-post-thumbnail","hentry"],"acf":[],"_links":{"self":[{"href":"https:\/\/pianoprovenzana.it\/fr\/wp-json\/wp\/v2\/pages\/11919","targetHints":{"allow":["GET"]}}],"collection":[{"href":"https:\/\/pianoprovenzana.it\/fr\/wp-json\/wp\/v2\/pages"}],"about":[{"href":"https:\/\/pianoprovenzana.it\/fr\/wp-json\/wp\/v2\/types\/page"}],"author":[{"embeddable":true,"href":"https:\/\/pianoprovenzana.it\/fr\/wp-json\/wp\/v2\/users\/3"}],"replies":[{"embeddable":true,"href":"https:\/\/pianoprovenzana.it\/fr\/wp-json\/wp\/v2\/comments?post=11919"}],"version-history":[{"count":4,"href":"https:\/\/pianoprovenzana.it\/fr\/wp-json\/wp\/v2\/pages\/11919\/revisions"}],"predecessor-version":[{"id":13601,"href":"https:\/\/pianoprovenzana.it\/fr\/wp-json\/wp\/v2\/pages\/11919\/revisions\/13601"}],"up":[{"embeddable":true,"href":"https:\/\/pianoprovenzana.it\/fr\/wp-json\/wp\/v2\/pages\/13240"}],"wp:featuredmedia":[{"embeddable":true,"href":"https:\/\/pianoprovenzana.it\/fr\/wp-json\/wp\/v2\/media\/11949"}],"wp:attachment":[{"href":"https:\/\/pianoprovenzana.it\/fr\/wp-json\/wp\/v2\/media?parent=11919"}],"curies":[{"name":"wp","href":"https:\/\/api.w.org\/{rel}","templated":true}]}}