{"id":11920,"date":"2023-01-02T15:26:19","date_gmt":"2023-01-02T14:26:19","guid":{"rendered":"https:\/\/pianoprovenzana.it\/randonnee-de-3000-m-au-sommet-de-letna-sud-avec-retour-en-telepherique\/"},"modified":"2026-04-03T19:08:33","modified_gmt":"2026-04-03T17:08:33","slug":"randonnee-etna-sud-3000m-telepherique","status":"publish","type":"page","link":"https:\/\/pianoprovenzana.it\/fr\/excursions-etna\/randonnee-etna-sud-3000m-telepherique\/","title":{"rendered":"Randonn\u00e9e Etna Sud 3000m \u2013 t\u00e9l\u00e9ph\u00e9rique et trekking volcanique"},"content":{"rendered":"\n<h2 class=\"wp-block-heading\"><strong>FAQ<\/strong><\/h2>\n\n\n<div id=\"rank-math-faq\" class=\"rank-math-block\">\n<div class=\"rank-math-list \">\n<div id=\"faq-question-1772884672941\" class=\"rank-math-list-item\">\n<h3 class=\"rank-math-question \">1. Quel est le niveau de difficult\u00e9 de l&rsquo;ascension de l&rsquo;Etna Sud \u00e0 3000 m\u00e8tres ?<\/h3>\n<div class=\"rank-math-answer \">\n\n<p>Le trek du versant sud de l&rsquo;Etna, jusqu&rsquo;\u00e0 3&nbsp;000 m\u00e8tres d&rsquo;altitude, est consid\u00e9r\u00e9 comme de difficult\u00e9 moyenne. Il convient aux personnes en bonne condition physique et habitu\u00e9es \u00e0 marcher plusieurs heures (sur terrain volcanique). <br \/>Le parcours fait environ 8 km de long avec un d\u00e9nivel\u00e9 d&rsquo;environ 500 m\u00e8tres.<\/p>\n\n<\/div>\n<\/div>\n<div id=\"faq-question-1772891546552\" class=\"rank-math-list-item\">\n<h3 class=\"rank-math-question \">2. La randonn\u00e9e est-elle adapt\u00e9e aux personnes souffrant de vertiges ?<\/h3>\n<div class=\"rank-math-answer \">\n\n<p>Cela d\u00e9pend de vos pr\u00e9f\u00e9rences personnelles. Durant le trek, vous ne longerez pas d&rsquo;\u00e9troites cr\u00eates ni ne traverserez de pr\u00e9cipices. Cependant, \u00e0 certains endroits, vous longerez des pentes volcaniques et profiterez de panoramas exceptionnels, notamment pr\u00e8s de la Valle del Bove ou de certains crat\u00e8res.<br \/> Pour participer \u00e0 l&rsquo;excursion, vous devez \u00e9galement prendre le t\u00e9l\u00e9ph\u00e9rique de l&rsquo;Etna, qui monte du refuge Sapienza jusqu&rsquo;\u00e0 une altitude d&rsquo;environ 2 500 m\u00e8tres.<br \/> De nombreuses personnes ayant une l\u00e9g\u00e8re peur du vide peuvent participer sans probl\u00e8me. Cependant, celles qui souffrent d&rsquo;une peur intense du vide pourraient trouver l&rsquo;excursion moins agr\u00e9able.   <\/p>\n\n<\/div>\n<\/div>\n<div id=\"faq-question-1772891641123\" class=\"rank-math-list-item\">\n<h3 class=\"rank-math-question \">3. Est-il n\u00e9cessaire de prendre le t\u00e9l\u00e9ph\u00e9rique de l&rsquo;Etna ?<\/h3>\n<div class=\"rank-math-answer \">\n\n<p>Oui. Pour la randonn\u00e9e Etna Sud \u00e0 3&nbsp;000 m\u00e8tres, prenez le t\u00e9l\u00e9ph\u00e9rique de l\u2019Etna depuis le refuge Sapienza jusqu\u2019\u00e0 une altitude de 2&nbsp;500 m\u00e8tres. De l\u00e0, commencez la randonn\u00e9e \u00e0 pied jusqu\u2019\u00e0 environ 3&nbsp;000 m\u00e8tres.  <\/p>\n\n<\/div>\n<\/div>\n<div id=\"faq-question-1772891652793\" class=\"rank-math-list-item\">\n<h3 class=\"rank-math-question \">4. L&rsquo;excursion a-t-elle \u00e9galement lieu en hiver ?<\/h3>\n<div class=\"rank-math-answer \">\n\n<p>Oui, la randonn\u00e9e est possible m\u00eame en hiver, si les conditions m\u00e9t\u00e9orologiques et volcaniques le permettent. Du mat\u00e9riel suppl\u00e9mentaire peut \u00eatre n\u00e9cessaire en cas de neige. <\/p>\n\n<\/div>\n<\/div>\n<div id=\"faq-question-1772891684847\" class=\"rank-math-list-item\">\n<h3 class=\"rank-math-question \">5. Que se passe-t-il en cas de mauvais temps ou d&rsquo;activit\u00e9 volcanique ?<\/h3>\n<div class=\"rank-math-answer \">\n\n<p>Pour des raisons de s\u00e9curit\u00e9, le guide peut modifier l&rsquo;itin\u00e9raire ou interrompre l&rsquo;excursion si les conditions m\u00e9t\u00e9orologiques ou l&rsquo;activit\u00e9 volcanique l&rsquo;exigent.<\/p>\n\n<\/div>\n<\/div>\n<div id=\"faq-question-1772891707780\" class=\"rank-math-list-item\">\n<h3 class=\"rank-math-question \">6. Que dois-je emporter pour la randonn\u00e9e ?<\/h3>\n<div class=\"rank-math-answer \">\n\n<p>Il est recommand\u00e9 d&rsquo;apporter :<br \/> \u2022 au moins 1,5 litre d&rsquo;eau<br \/> \u2022 une collation ou un repas pr\u00e9par\u00e9<br \/> \u2022 v\u00eatements superpos\u00e9s<br \/> \u2022 veste coupe-vent<br \/> \u2022 chaussures de randonn\u00e9e<br \/> Les guides peuvent fournir gratuitement, sur demande, des chaussures et des vestes de randonn\u00e9e.<\/p>\n\n<\/div>\n<\/div>\n<\/div>\n<\/div>\n\n\n<!--nextpage-->\n\n\n\n<h3 class=\"wp-block-heading\"><strong>Trekking sur l&rsquo;Etna Sud \u00e0 3000 m  <\/strong><\/h3>\n\n\n\n<p>Vous aimez la randonn\u00e9e et souhaitez explorer les pentes sud de l&rsquo;Etna&nbsp;? Rejoignez-nous pour une ascension jusqu&rsquo;\u00e0 3&nbsp;000 m\u00e8tres sur l&rsquo;Etna. Si vous choisissez le trek Etna Sud 3000&nbsp;m, vous prendrez le t\u00e9l\u00e9ph\u00e9rique jusqu&rsquo;\u00e0 2&nbsp;500 m\u00e8tres, puis vous commencerez l&rsquo;ascension \u00e0 pied jusqu&rsquo;\u00e0 3&nbsp;000 m\u00e8tres. La randonn\u00e9e dure environ 5 \u00e0 6 heures.     <\/p>\n\n\n\n<h3 class=\"wp-block-heading\"><strong>Itin\u00e9raire de trekking de 3000 m au sud de l&rsquo;Etna<\/strong><\/h3>\n\n\n\n<p>L&rsquo;excursion de trekking Etna Sud 3000m convient \u00e0 tous, \u00e0 condition d&rsquo;\u00eatre en bonne condition physique, et \u00e0 partir de 10 ans.<\/p>\n\n\n\n<p>Le point de rendez-vous pour cette randonn\u00e9e sur l&rsquo;Etna Sud (3&nbsp;000&nbsp;m) se situe sur le versant sud de l&rsquo;Etna, au refuge Sapienza \u2013 Nicolosi. \u00c0 votre arriv\u00e9e au parvis du refuge, vous rencontrerez vos guides qui vous accompagneront tout au long de l&rsquo;ascension, de 1&nbsp;800 \u00e0 3&nbsp;000&nbsp;m\u00e8tres d&rsquo;altitude sur l&rsquo;Etna.  <\/p>\n\n\n\n<p>En chemin, nous nous arr\u00eatons \u00e0 plusieurs points de vue panoramiques pour photographier l&rsquo;Etna.<\/p>\n\n\n\n<p><strong>D\u00e9tails du trek vers le sud de l&rsquo;Etna (3000 m)<\/strong><\/p>\n\n\n\n<ul class=\"wp-block-list\">\n<li>Point de rencontre&nbsp;: 8h30 sur la place du Refuge Sapienza &#8211; Etna Sud<\/li>\n\n\n\n<li>D\u00e9part : 9h00 en t\u00e9l\u00e9ph\u00e9rique (inclus dans le prix)<\/li>\n\n\n\n<li>Retour : vers 14h00 \/ 15h00<\/li>\n\n\n\n<li>Dur\u00e9e totale : 5\/6 heures<\/li>\n\n\n\n<li>Longueur : 8 km<\/li>\n\n\n\n<li>Diff\u00e9rence d&rsquo;altitude totale : +500 m\u00e8tres et -500 m\u00e8tres<\/li>\n<\/ul>\n\n\n\n<h2 class=\"wp-block-heading\"><strong>Trekking sur l&rsquo;Etna Sud \u00e0 3000 m\u00e8tres<\/strong><\/h2>\n\n\n\n<p>Le matin, vous retrouverez votre guide sur la place du refuge Sapienza Etna Sud. Apr\u00e8s un briefing de votre guide volcanologue, vous vous dirigerez vers le t\u00e9l\u00e9ph\u00e9rique de l&rsquo;Etna. Ensemble, vous monterez de 1&nbsp;900 m\u00e8tres d&rsquo;altitude \u00e0 2&nbsp;500 m\u00e8tres.    <\/p>\n\n\n\n<p>La v\u00e9ritable randonn\u00e9e d\u00e9bute \u00e0 2&nbsp;500&nbsp;m d&rsquo;altitude et atteint le pied des crat\u00e8res sommitaux \u00e0 3&nbsp;000&nbsp;m. Au cours du parcours, nous traverserons plusieurs coul\u00e9es de lave anciennes, visiterons un chenal de lave et d\u00e9couvrirons les crat\u00e8res de Barbagallo \u00e0 2&nbsp;900&nbsp;m, form\u00e9s lors de l&rsquo;\u00e9ruption de 2001. Nous observerons \u00e9galement les crat\u00e8res sommitaux et leur activit\u00e9 r\u00e9cente, et admirerons le panorama depuis le bord de la Valle del Bove.    <\/p>\n\n\n\n<p>Durant la descente, nous longeons plusieurs points de vue pittoresques avant d&rsquo;atteindre \u00e0 nouveau la station de t\u00e9l\u00e9ph\u00e9rique \u00e0 2&nbsp;500 m\u00e8tres d&rsquo;altitude. Nous reprenons ensuite le t\u00e9l\u00e9ph\u00e9rique jusqu&rsquo;\u00e0 la place du refuge Sapienza, \u00e0 1&nbsp;900 m\u00e8tres.   <\/p>\n\n\n\n<p>L&rsquo;altitude maximale atteinte lors de ce trek sur l&rsquo;Etna Sud (3&nbsp;000 m\u00e8tres) est d&rsquo;environ 3&nbsp;000 m\u00e8tres. Le rebord des crat\u00e8res actifs du sommet se situe \u00e0 une altitude de 3&nbsp;300 m\u00e8tres.   <\/p>\n\n\n\n<div class=\"wp-block-columns is-layout-flex wp-container-core-columns-is-layout-9d6595d7 wp-block-columns-is-layout-flex\">\n<div class=\"wp-block-column is-layout-flow wp-block-column-is-layout-flow\">\n<figure class=\"wp-block-image size-full\"><img loading=\"lazy\" decoding=\"async\" width=\"1600\" height=\"1200\" src=\"https:\/\/pianoprovenzana.it\/wp-content\/uploads\/2023\/01\/etna-sud-3000m-trekking.jpg\" alt=\"Trekking sur l&#039;Etna Sud \u00e0 3000 m\" class=\"wp-image-6662\" title=\"\"><\/figure>\n<\/div>\n\n\n\n<div class=\"wp-block-column is-layout-flow wp-block-column-is-layout-flow\">\n<figure class=\"wp-block-image size-full\"><img loading=\"lazy\" decoding=\"async\" width=\"1600\" height=\"1200\" src=\"https:\/\/pianoprovenzana.it\/wp-content\/uploads\/2023\/01\/bordo-cratere-etna-sud.jpg\" alt=\"Bord du crat\u00e8re sud de l&#039;Etna\" class=\"wp-image-6663\" title=\"\" srcset=\"https:\/\/pianoprovenzana.it\/wp-content\/uploads\/2023\/01\/bordo-cratere-etna-sud.jpg 1600w, https:\/\/pianoprovenzana.it\/wp-content\/uploads\/2023\/01\/bordo-cratere-etna-sud-300x225.jpg 300w, https:\/\/pianoprovenzana.it\/wp-content\/uploads\/2023\/01\/bordo-cratere-etna-sud-768x576.jpg 768w, https:\/\/pianoprovenzana.it\/wp-content\/uploads\/2023\/01\/bordo-cratere-etna-sud-1536x1152.jpg 1536w, https:\/\/pianoprovenzana.it\/wp-content\/uploads\/2023\/01\/bordo-cratere-etna-sud-1200x900.jpg 1200w\" sizes=\"auto, (max-width: 1600px) 100vw, 1600px\" \/><\/figure>\n<\/div>\n<\/div>\n\n\n\n<figure class=\"wp-block-image size-full\"><img loading=\"lazy\" decoding=\"async\" width=\"1600\" height=\"1200\" src=\"https:\/\/pianoprovenzana.it\/wp-content\/uploads\/2023\/01\/cratere-barbagallo-etna-sud-trekking.jpg\" alt=\"Trekking au crat\u00e8re Barbagallo et \u00e0 l&#039;Etna Sud\" class=\"wp-image-6658\" title=\"\" srcset=\"https:\/\/pianoprovenzana.it\/wp-content\/uploads\/2023\/01\/cratere-barbagallo-etna-sud-trekking.jpg 1600w, https:\/\/pianoprovenzana.it\/wp-content\/uploads\/2023\/01\/cratere-barbagallo-etna-sud-trekking-300x225.jpg 300w, https:\/\/pianoprovenzana.it\/wp-content\/uploads\/2023\/01\/cratere-barbagallo-etna-sud-trekking-768x576.jpg 768w, https:\/\/pianoprovenzana.it\/wp-content\/uploads\/2023\/01\/cratere-barbagallo-etna-sud-trekking-1536x1152.jpg 1536w, https:\/\/pianoprovenzana.it\/wp-content\/uploads\/2023\/01\/cratere-barbagallo-etna-sud-trekking-1200x900.jpg 1200w\" sizes=\"auto, (max-width: 1600px) 100vw, 1600px\" \/><\/figure>\n\n\n\n<h2 class=\"wp-block-heading\"><strong>Horaires d&rsquo;ouverture et disponibilit\u00e9<\/strong><\/h2>\n\n\n\n<p>L&rsquo;ascension de l&rsquo;Etna Sud (3&nbsp;000&nbsp;m) est possible tous les jours sur r\u00e9servation, m\u00eame en hiver en cas de neige (avec suppl\u00e9ment)&nbsp;! Le d\u00e9part est \u00e0 9&nbsp;h&nbsp;00. Il est toutefois n\u00e9cessaire d&rsquo;\u00eatre pr\u00e9sent \u00e0 8&nbsp;h&nbsp;30 pour rencontrer le guide volcanologue et assister au briefing. Votre \u00e9quipement sera v\u00e9rifi\u00e9 et nous vous fournirons un casque, des b\u00e2tons et un coupe-vent si besoin.     <\/p>\n\n\n\n<p>Retour de l&rsquo;excursion de trekking sur l&rsquo;Etna Sud \u00e0 3000 m vers 14h00\/15h00.<\/p>\n\n\n\n<h2 class=\"wp-block-heading\"><strong>Prix \u200b\u200bdu trek de 3000 m au sud de l&rsquo;Etna<\/strong> *<\/h2>\n\n\n\n<p>L&rsquo;ascension de l&rsquo;Etna Sud (3&nbsp;000&nbsp;m) co\u00fbte 50&nbsp;\u20ac par personne (hors billet de t\u00e9l\u00e9ph\u00e9rique). Un minimum de 6&nbsp;participants est requis. Le groupe est g\u00e9n\u00e9ralement compos\u00e9 de 15 \u00e0 20&nbsp;personnes et d&rsquo;un guide volcanologue.  <\/p>\n\n\n\n<p><strong><em>Prix \u200b\u200bdu t\u00e9l\u00e9ph\u00e9rique (tarifs 2025) :<\/em><\/strong><\/p>\n\n\n\n<ul class=\"wp-block-list\">\n<li>Adultes (11-99 ans) : 52,00 \u20ac par personne<\/li>\n\n\n\n<li>Enfants (5-10 ans) : 30,00 \u20ac par personne<\/li>\n\n\n\n<li>R\u00e9sidents siciliens : 15,00 \u20ac par personne<\/li>\n<\/ul>\n\n\n\n<p>Vous pouvez r\u00e9gler le jour de l&rsquo;excursion, directement aupr\u00e8s du guide. Nous ne demandons aucun paiement anticip\u00e9, car nous fonctionnons sur la confiance. Nous comptons sur votre pr\u00e9sence \u00e0 l&rsquo;heure de votre r\u00e9servation, et vous comptez sur la disponibilit\u00e9 du guide pour vous accueillir.   <\/p>\n\n\n\n<p><strong>Compris<\/strong><br><strong><mark style=\"background-color:rgba(0, 0, 0, 0)\" class=\"has-inline-color has-vivid-green-cyan-color\">\u2713<\/mark><\/strong> Trekking sur l&rsquo;Etna Sud \u00e0 3000 m<br><strong><mark style=\"background-color:rgba(0, 0, 0, 0)\" class=\"has-inline-color has-vivid-green-cyan-color\">\u2713<\/mark><\/strong> Billet aller-retour en t\u00e9l\u00e9ph\u00e9rique (50,00 \u20ac INCLUS)<br><strong><mark style=\"background-color:rgba(0, 0, 0, 0)\" class=\"has-inline-color has-vivid-green-cyan-color\">\u2713<\/mark><\/strong> Canal de coul\u00e9e de lave<br><strong><mark style=\"background-color:rgba(0, 0, 0, 0)\" class=\"has-inline-color has-vivid-green-cyan-color\">\u2713<\/mark><\/strong> Crat\u00e8res de Barbagallo<br><strong><mark style=\"background-color:rgba(0, 0, 0, 0)\" class=\"has-inline-color has-vivid-green-cyan-color\">\u2713<\/mark><\/strong> Dominant le bord de la Valle del Bove<br><strong><mark style=\"background-color:rgba(0, 0, 0, 0)\" class=\"has-inline-color has-vivid-green-cyan-color\">\u2713<\/mark><\/strong> Diverses coul\u00e9es de lave<br><strong><mark style=\"background-color:rgba(0, 0, 0, 0)\" class=\"has-inline-color has-vivid-green-cyan-color\">\u2713<\/mark><\/strong> Guide volcanologique<br><strong><mark style=\"background-color:rgba(0, 0, 0, 0)\" class=\"has-inline-color has-vivid-green-cyan-color\">\u2713<\/mark><\/strong> Chaussures de randonn\u00e9e (si vous n&rsquo;en poss\u00e9dez pas d\u00e9j\u00e0)<br><strong><mark style=\"background-color:rgba(0, 0, 0, 0)\" class=\"has-inline-color has-vivid-green-cyan-color\">\u2713<\/mark><\/strong> Veste coupe-vent (si n\u00e9cessaire)<br><strong><mark style=\"background-color:rgba(0, 0, 0, 0)\" class=\"has-inline-color has-vivid-green-cyan-color\">\u2713<\/mark><\/strong> Casque<br><strong><mark style=\"background-color:rgba(0, 0, 0, 0)\" class=\"has-inline-color has-vivid-green-cyan-color\">\u2713<\/mark><\/strong> Assurance accident<\/p>\n\n\n\n<p><strong>Sauf<\/strong><br> <strong><mark style=\"background-color:rgba(0, 0, 0, 0)\" class=\"has-inline-color has-vivid-red-color\">Boissons<\/mark><\/strong> et nourriture<br> <strong><mark style=\"background-color:rgba(0, 0, 0, 0)\" class=\"has-inline-color has-vivid-red-color\">Conseil<\/mark><\/strong> pour le guide (non obligatoire)<\/p>\n\n\n\n<p><strong><em>* \u00c0 la discr\u00e9tion du guide, les excursions peuvent \u00eatre modifi\u00e9es ou interrompues si les conditions m\u00e9t\u00e9orologiques, des causes environnementales ou des risques volcaniques potentiels repr\u00e9sentent une source de danger.<\/em><\/strong><\/p>\n\n\n\n<p><strong>Parking Etna Sud<br><\/strong> Vous trouverez un grand parking \u00e0 Etna Sud. Il s&rsquo;agit d&rsquo;un parking payant, et plusieurs points de vente proposent des forfaits journaliers pour votre voiture.   <\/p>\n\n\n\n<div class=\"wp-block-columns is-layout-flex wp-container-core-columns-is-layout-9d6595d7 wp-block-columns-is-layout-flex\">\n<div class=\"wp-block-column is-layout-flow wp-block-column-is-layout-flow\">\n<figure class=\"wp-block-image size-full\"><img loading=\"lazy\" decoding=\"async\" width=\"810\" height=\"1080\" src=\"https:\/\/pianoprovenzana.it\/wp-content\/uploads\/2023\/01\/canale-di-scorrimento-lavico-trekking-etna-3000m.jpeg\" alt=\"Randonn\u00e9e dans les coul\u00e9es de lave de l&#039;Etna (3000 m)\" class=\"wp-image-6654\" title=\"\" srcset=\"https:\/\/pianoprovenzana.it\/wp-content\/uploads\/2023\/01\/canale-di-scorrimento-lavico-trekking-etna-3000m.jpeg 810w, https:\/\/pianoprovenzana.it\/wp-content\/uploads\/2023\/01\/canale-di-scorrimento-lavico-trekking-etna-3000m-225x300.jpeg 225w, https:\/\/pianoprovenzana.it\/wp-content\/uploads\/2023\/01\/canale-di-scorrimento-lavico-trekking-etna-3000m-768x1024.jpeg 768w\" sizes=\"auto, (max-width: 810px) 100vw, 810px\" \/><\/figure>\n<\/div>\n\n\n\n<div class=\"wp-block-column is-layout-flow wp-block-column-is-layout-flow\">\n<figure class=\"wp-block-image size-full\"><img loading=\"lazy\" decoding=\"async\" width=\"1200\" height=\"1600\" src=\"https:\/\/pianoprovenzana.it\/wp-content\/uploads\/2023\/01\/trekking-etna-sud-3000m.jpg\" alt=\"Trekking sur l&#039;Etna Sud \u00e0 3000 m\" class=\"wp-image-6664\" title=\"\" srcset=\"https:\/\/pianoprovenzana.it\/wp-content\/uploads\/2023\/01\/trekking-etna-sud-3000m.jpg 1200w, https:\/\/pianoprovenzana.it\/wp-content\/uploads\/2023\/01\/trekking-etna-sud-3000m-225x300.jpg 225w, https:\/\/pianoprovenzana.it\/wp-content\/uploads\/2023\/01\/trekking-etna-sud-3000m-768x1024.jpg 768w, https:\/\/pianoprovenzana.it\/wp-content\/uploads\/2023\/01\/trekking-etna-sud-3000m-1152x1536.jpg 1152w\" sizes=\"auto, (max-width: 1200px) 100vw, 1200px\" \/><\/figure>\n<\/div>\n<\/div>\n\n\n\n<figure class=\"wp-block-image size-full\"><img loading=\"lazy\" decoding=\"async\" width=\"1600\" height=\"1200\" src=\"https:\/\/pianoprovenzana.it\/wp-content\/uploads\/2023\/01\/lava-trekking-etna-sud-3000m.jpg\" alt=\"Trekking sur la lave de l&#039;Etna Sud \u00e0 3000 m\" class=\"wp-image-6659\" title=\"\" srcset=\"https:\/\/pianoprovenzana.it\/wp-content\/uploads\/2023\/01\/lava-trekking-etna-sud-3000m.jpg 1600w, https:\/\/pianoprovenzana.it\/wp-content\/uploads\/2023\/01\/lava-trekking-etna-sud-3000m-300x225.jpg 300w, https:\/\/pianoprovenzana.it\/wp-content\/uploads\/2023\/01\/lava-trekking-etna-sud-3000m-768x576.jpg 768w, https:\/\/pianoprovenzana.it\/wp-content\/uploads\/2023\/01\/lava-trekking-etna-sud-3000m-1536x1152.jpg 1536w, https:\/\/pianoprovenzana.it\/wp-content\/uploads\/2023\/01\/lava-trekking-etna-sud-3000m-1200x900.jpg 1200w\" sizes=\"auto, (max-width: 1600px) 100vw, 1600px\" \/><\/figure>\n\n\n\n<h2 class=\"wp-block-heading\"><strong>Guide<\/strong><\/h2>\n\n\n\n<p>Lors de cette excursion de trekking sur l&rsquo;Etna Sud (3&nbsp;000&nbsp;m), vous serez accompagn\u00e9s de guides volcanologues agr\u00e9\u00e9s, experts de la r\u00e9gion. Ils parlent italien, anglais et fran\u00e7ais.   <\/p>\n\n\n\n<h2 class=\"wp-block-heading\"><strong>Exigences<\/strong><\/h2>\n\n\n\n<p><strong>V\u00eatements et chaussures<br><\/strong> Le port de bonnes chaussures de randonn\u00e9e est obligatoire. Elles peuvent \u00eatre fournies gratuitement par les guides volcanologues. Il est \u00e9galement conseill\u00e9 de s&rsquo;habiller en plusieurs couches et d&#8217;emporter une veste (\u00e9galement fournie gratuitement par le guide). La m\u00e9t\u00e9o peut changer rapidement en montagne. Nous vous recommandons&nbsp;:    <\/p>\n\n\n\n<ul class=\"wp-block-list\">\n<li>Pantalon long (pantalon de montagne)<\/li>\n\n\n\n<li>Maillot + maillot de rechange<\/li>\n\n\n\n<li>Sweat-shirt (\u00e0 capuche)<\/li>\n\n\n\n<li>coupe-vent<\/li>\n\n\n\n<li>chaussettes mi-longues\/longues<\/li>\n\n\n\n<li>Sac \u00e0 dos<\/li>\n<\/ul>\n\n\n\n<p><strong>Nourriture et boissons<br><\/strong> Les repas et les boissons ne sont pas inclus. Vous devez apporter au moins 1,5 litre d&rsquo;eau. Nous vous recommandons d&rsquo;apporter&nbsp;:  <\/p>\n\n\n\n<ul class=\"wp-block-list\">\n<li>Sac \u00e0 dos<\/li>\n\n\n\n<li>Au moins 1,5 litre d&rsquo;eau<\/li>\n\n\n\n<li>En-cas (sal\u00e9s et sucr\u00e9s)<\/li>\n\n\n\n<li>Gatorade<\/li>\n\n\n\n<li>D\u00e9jeuner \u00e0 emporter<\/li>\n<\/ul>\n\n\n\n<p>Vous pouvez aussi acheter quelque chose dans l&rsquo;un des bars d&rsquo;Etna Sud avant de prendre le t\u00e9l\u00e9ph\u00e9rique de l&rsquo;Etna, ou au bar situ\u00e9 \u00e0 2&nbsp;500 m\u00e8tres d\u00e8s votre sortie du t\u00e9l\u00e9ph\u00e9rique.  <\/p>\n\n\n\n<p><strong>Restrictions de trekking \u00e0 l&rsquo;Etna Sud (3000 m)<br><\/strong> Cette randonn\u00e9e n&rsquo;est pas autoris\u00e9e \u00e0&nbsp;:<\/p>\n\n\n\n<ul class=\"wp-block-list\">\n<li>femmes enceintes<\/li>\n\n\n\n<li>Enfants de 0 \u00e0 10 ans<\/li>\n\n\n\n<li>Personnes ayant des probl\u00e8mes de dos<\/li>\n\n\n\n<li>Les personnes souffrant de probl\u00e8mes de genoux<\/li>\n\n\n\n<li>Les personnes qui n&rsquo;ont pas l&rsquo;habitude de marcher<\/li>\n<\/ul>\n\n\n\n<p><strong>Conseils :<\/strong><\/p>\n\n\n\n<ul class=\"wp-block-list\">\n<li>R\u00e9servez \u00e0 l&rsquo;avance, places limit\u00e9es&nbsp;!<\/li>\n<\/ul>\n\n\n\n<div class=\"wp-block-columns is-layout-flex wp-container-core-columns-is-layout-9d6595d7 wp-block-columns-is-layout-flex\">\n<div class=\"wp-block-column is-layout-flow wp-block-column-is-layout-flow\">\n<figure class=\"wp-block-image size-full\"><img loading=\"lazy\" decoding=\"async\" width=\"810\" height=\"1080\" src=\"https:\/\/pianoprovenzana.it\/wp-content\/uploads\/2023\/01\/escursione-trekking-etna-sud-3000metri.jpeg\" alt=\"Excursion de trekking \u00e0 3000 m au sud de l&#039;Etna\" class=\"wp-image-6652\" title=\"\" srcset=\"https:\/\/pianoprovenzana.it\/wp-content\/uploads\/2023\/01\/escursione-trekking-etna-sud-3000metri.jpeg 810w, https:\/\/pianoprovenzana.it\/wp-content\/uploads\/2023\/01\/escursione-trekking-etna-sud-3000metri-225x300.jpeg 225w, https:\/\/pianoprovenzana.it\/wp-content\/uploads\/2023\/01\/escursione-trekking-etna-sud-3000metri-768x1024.jpeg 768w\" sizes=\"auto, (max-width: 810px) 100vw, 810px\" \/><\/figure>\n<\/div>\n\n\n\n<div class=\"wp-block-column is-layout-flow wp-block-column-is-layout-flow\">\n<figure class=\"wp-block-image size-full\"><img loading=\"lazy\" decoding=\"async\" width=\"1200\" height=\"1600\" src=\"https:\/\/pianoprovenzana.it\/wp-content\/uploads\/2023\/01\/gruppo-trekking-etna-sud.jpeg\" alt=\"Groupe de trekking Etna Sud\" class=\"wp-image-6655\" title=\"\" srcset=\"https:\/\/pianoprovenzana.it\/wp-content\/uploads\/2023\/01\/gruppo-trekking-etna-sud.jpeg 1200w, https:\/\/pianoprovenzana.it\/wp-content\/uploads\/2023\/01\/gruppo-trekking-etna-sud-225x300.jpeg 225w, https:\/\/pianoprovenzana.it\/wp-content\/uploads\/2023\/01\/gruppo-trekking-etna-sud-768x1024.jpeg 768w, https:\/\/pianoprovenzana.it\/wp-content\/uploads\/2023\/01\/gruppo-trekking-etna-sud-1152x1536.jpeg 1152w\" sizes=\"auto, (max-width: 1200px) 100vw, 1200px\" \/><\/figure>\n<\/div>\n<\/div>\n\n\n\n<figure class=\"wp-block-image size-full\"><img loading=\"lazy\" decoding=\"async\" width=\"1616\" height=\"1080\" src=\"https:\/\/pianoprovenzana.it\/wp-content\/uploads\/2023\/01\/cratere-barbagallo-etna-sud.jpg\" alt=\"Crat\u00e8re de Barbagallo, Etna du Sud\" class=\"wp-image-6660\" title=\"\" srcset=\"https:\/\/pianoprovenzana.it\/wp-content\/uploads\/2023\/01\/cratere-barbagallo-etna-sud.jpg 1616w, https:\/\/pianoprovenzana.it\/wp-content\/uploads\/2023\/01\/cratere-barbagallo-etna-sud-300x200.jpg 300w, https:\/\/pianoprovenzana.it\/wp-content\/uploads\/2023\/01\/cratere-barbagallo-etna-sud-768x513.jpg 768w, https:\/\/pianoprovenzana.it\/wp-content\/uploads\/2023\/01\/cratere-barbagallo-etna-sud-1536x1027.jpg 1536w, https:\/\/pianoprovenzana.it\/wp-content\/uploads\/2023\/01\/cratere-barbagallo-etna-sud-1200x802.jpg 1200w\" sizes=\"auto, (max-width: 1616px) 100vw, 1616px\" \/><\/figure>\n","protected":false},"excerpt":{"rendered":"<p>FAQ<\/p>\n","protected":false},"author":2,"featured_media":11925,"parent":13240,"menu_order":315,"comment_status":"closed","ping_status":"closed","template":"page-excursion.php","meta":{"_acf_changed":false,"footnotes":""},"class_list":["post-11920","page","type-page","status-publish","has-post-thumbnail","hentry"],"acf":[],"_links":{"self":[{"href":"https:\/\/pianoprovenzana.it\/fr\/wp-json\/wp\/v2\/pages\/11920","targetHints":{"allow":["GET"]}}],"collection":[{"href":"https:\/\/pianoprovenzana.it\/fr\/wp-json\/wp\/v2\/pages"}],"about":[{"href":"https:\/\/pianoprovenzana.it\/fr\/wp-json\/wp\/v2\/types\/page"}],"author":[{"embeddable":true,"href":"https:\/\/pianoprovenzana.it\/fr\/wp-json\/wp\/v2\/users\/2"}],"replies":[{"embeddable":true,"href":"https:\/\/pianoprovenzana.it\/fr\/wp-json\/wp\/v2\/comments?post=11920"}],"version-history":[{"count":4,"href":"https:\/\/pianoprovenzana.it\/fr\/wp-json\/wp\/v2\/pages\/11920\/revisions"}],"predecessor-version":[{"id":13906,"href":"https:\/\/pianoprovenzana.it\/fr\/wp-json\/wp\/v2\/pages\/11920\/revisions\/13906"}],"up":[{"embeddable":true,"href":"https:\/\/pianoprovenzana.it\/fr\/wp-json\/wp\/v2\/pages\/13240"}],"wp:featuredmedia":[{"embeddable":true,"href":"https:\/\/pianoprovenzana.it\/fr\/wp-json\/wp\/v2\/media\/11925"}],"wp:attachment":[{"href":"https:\/\/pianoprovenzana.it\/fr\/wp-json\/wp\/v2\/media?parent=11920"}],"curies":[{"name":"wp","href":"https:\/\/api.w.org\/{rel}","templated":true}]}}