{"id":12058,"date":"2023-01-16T17:25:12","date_gmt":"2023-01-16T16:25:12","guid":{"rendered":"https:\/\/pianoprovenzana.it\/plongee-en-apnee-a-taormina-et-isola-bella\/"},"modified":"2026-03-24T17:57:27","modified_gmt":"2026-03-24T16:57:27","slug":"plongee-en-apnee-a-taormina-et-isola-bella","status":"publish","type":"page","link":"https:\/\/pianoprovenzana.it\/fr\/excursions-etna\/plongee-en-apnee-a-taormina-et-isola-bella\/","title":{"rendered":"Plong\u00e9e en apn\u00e9e \u00e0 Taormina et Isola Bella"},"content":{"rendered":"\n<h2 class=\"wp-block-heading\"><strong>FAQ<\/strong><\/h2>\n<div id=\"rank-math-faq\" class=\"rank-math-block\">\n<div class=\"rank-math-list \">\n<div id=\"faq-question-1772891774394\" class=\"rank-math-list-item\">\n<h3 class=\"rank-math-question \">1. Faut-il savoir nager pour faire de la plong\u00e9e avec tuba ?<\/h3>\n<div class=\"rank-math-answer \">\n\n<p>Oui. Pour participer \u00e0 l&rsquo;excursion, vous devez savoir nager. <\/p>\n\n<\/div>\n<\/div>\n<div id=\"faq-question-1772892868747\" class=\"rank-math-list-item\">\n<h3 class=\"rank-math-question \">2. Est-ce adapt\u00e9 aux d\u00e9butants ?<\/h3>\n<div class=\"rank-math-answer \">\n\n<p>Oui. M\u00eame les d\u00e9butants peuvent participer. Avant l&rsquo;excursion, le guide expliquera comment utiliser correctement le mat\u00e9riel.  <\/p>\n\n<\/div>\n<\/div>\n<div id=\"faq-question-1772892883249\" class=\"rank-math-list-item\">\n<h3 class=\"rank-math-question \">3. Quelle est la meilleure p\u00e9riode pour faire de la plong\u00e9e avec tuba \u00e0 Taormina ?<\/h3>\n<div class=\"rank-math-answer \">\n\n<p>La plong\u00e9e en apn\u00e9e est possible d&rsquo;avril \u00e0 octobre, lorsque les conditions maritimes sont g\u00e9n\u00e9ralement plus favorables.<\/p>\n\n<\/div>\n<\/div>\n<div id=\"faq-question-1772892901129\" class=\"rank-math-list-item\">\n<h3 class=\"rank-math-question \">4. Que se passe-t-il si la mer est agit\u00e9e ?<\/h3>\n<div class=\"rank-math-answer \">\n\n<p>Si la mer est trop agit\u00e9e, l&rsquo;excursion pourra \u00eatre report\u00e9e ou annul\u00e9e pour des raisons de s\u00e9curit\u00e9.<\/p>\n\n<\/div>\n<\/div>\n<div id=\"faq-question-1772892915260\" class=\"rank-math-list-item\">\n<h3 class=\"rank-math-question \">5. Quel est le point de d\u00e9part ?<\/h3>\n<div class=\"rank-math-answer \">\n\n<p>L&rsquo;excursion part de la plage d&rsquo;Isola Bella. Apr\u00e8s votre r\u00e9servation, le point de rendez-vous exact vous sera communiqu\u00e9.<br \/> Pour acc\u00e9der \u00e0 la plage, il faut descendre les marches qui m\u00e8nent \u00e0 Isola Bella ; pr\u00e9voyez donc environ 15 minutes de marche. <\/p>\n\n<\/div>\n<\/div>\n<div id=\"faq-question-1772892939318\" class=\"rank-math-list-item\">\n<h3 class=\"rank-math-question \">6. Est-il facile de se garer pr\u00e8s d&rsquo;Isola Bella ?<\/h3>\n<div class=\"rank-math-answer \">\n\n<p>En \u00e9t\u00e9, il peut \u00eatre difficile de trouver une place de parking pr\u00e8s de la plage.<br \/>Vous pouvez r\u00e9server une place de parking au parking du t\u00e9l\u00e9ph\u00e9rique de Mazzar\u00f2, \u00e0 environ 500 m\u00e8tres \u00e0 pied de l&rsquo;entr\u00e9e des escaliers menant \u00e0 Isola Bella.<\/p>\n\n<\/div>\n<\/div>\n<\/div>\n<\/div>\n<!--nextpage-->\n\n<h3 class=\"wp-block-heading\"><strong>Plong\u00e9e en apn\u00e9e \u00e0 Taormina et Isola Bella<\/strong><\/h3>\n\n<p>Taormina et Isola Bella sont des destinations touristiques spectaculaires, mais avez-vous d\u00e9j\u00e0 explor\u00e9 leurs fonds marins\u00a0? Lors de l\u2019excursion \u00ab\u00a0Plong\u00e9e avec tuba \u00e0 Taormina et Isola Bella\u00a0\u00bb, vous embarquerez \u00e0 bord d\u2019un canot pour partir en mer et d\u00e9couvrir les merveilles sous-marines qui entourent Isola Bella. <\/p>\n\n<h3 class=\"wp-block-heading\"><strong>Que ferez-vous lors de l&rsquo;excursion \u00ab Plong\u00e9e en apn\u00e9e \u00e0 Taormina et Isola Bella \u00bb ?<\/strong><\/h3>\n\n<p>L&rsquo;excursion part directement de la plage d&rsquo;Isola Bella. Si vous \u00eates d\u00e9butant, vous pouvez aussi faire du snorkeling seul au large d&rsquo;Isola Bella. Mais si vous souhaitez d\u00e9couvrir les merveilles sous-marines, embarquez \u00e0 bord du canot !  <\/p>\n\n<p>Accompagn\u00e9 d&rsquo;un guide, vous naviguerez vers 3 zones diff\u00e9rentes o\u00f9 vous pourrez faire de la plong\u00e9e avec tuba\u00a0:<\/p>\n\n<ul class=\"wp-block-list\">\n<li>\u00cele magnifique<\/li>\n\n\n\n<li>Grotte bleue<\/li>\n\n\n\n<li>Cap Taormine<\/li>\n<\/ul>\n\n<p>De nombreux vestiges arch\u00e9ologiques, tels que des vases en bronze et des objets en c\u00e9ramique, ont \u00e9t\u00e9 d\u00e9couverts dans ces r\u00e9gions par le pass\u00e9.<\/p>\n\n<div class=\"wp-block-columns is-layout-flex wp-container-core-columns-is-layout-9d6595d7 wp-block-columns-is-layout-flex\">\n<div class=\"wp-block-column is-layout-flow wp-block-column-is-layout-flow\">\n<figure class=\"wp-block-image size-full\"><img loading=\"lazy\" decoding=\"async\" width=\"640\" height=\"480\" src=\"https:\/\/pianoprovenzana.it\/wp-content\/uploads\/2023\/01\/snorkeling-taormina-isola-bella.jpg\" alt=\"Plong&#xE9;e en apn&#xE9;e &#xE0; Taormina et Isola Bella\" class=\"wp-image-6783\" title=\"\" srcset=\"https:\/\/pianoprovenzana.it\/wp-content\/uploads\/2023\/01\/snorkeling-taormina-isola-bella.jpg 640w, https:\/\/pianoprovenzana.it\/wp-content\/uploads\/2023\/01\/snorkeling-taormina-isola-bella-300x225.jpg 300w\" sizes=\"auto, (max-width: 640px) 100vw, 640px\" \/><\/figure>\n<\/div>\n\n\n\n<div class=\"wp-block-column is-layout-flow wp-block-column-is-layout-flow\">\n<figure class=\"wp-block-image size-full\"><img loading=\"lazy\" decoding=\"async\" width=\"600\" height=\"450\" src=\"https:\/\/pianoprovenzana.it\/wp-content\/uploads\/2023\/01\/corallo-snorkeling-taormina.jpg\" alt=\"Plong&#xE9;e en apn&#xE9;e dans les coraux de Taormina\" class=\"wp-image-6778\" title=\"\" srcset=\"https:\/\/pianoprovenzana.it\/wp-content\/uploads\/2023\/01\/corallo-snorkeling-taormina.jpg 600w, https:\/\/pianoprovenzana.it\/wp-content\/uploads\/2023\/01\/corallo-snorkeling-taormina-300x225.jpg 300w\" sizes=\"auto, (max-width: 600px) 100vw, 600px\" \/><\/figure>\n<\/div>\n<\/div>\n\n<h3 class=\"wp-block-heading\"><strong>\u00c9quipement de plong\u00e9e en apn\u00e9e<\/strong><\/h3>\n\n<p>Avant votre d\u00e9part, l&rsquo;organisation vous fournira un \u00e9quipement complet de plong\u00e9e en apn\u00e9e. Cet \u00e9quipement comprend une combinaison, des palmes, un masque et un tuba. Gr\u00e2ce \u00e0 la combinaison, vous pourrez pratiquer la plong\u00e9e en apn\u00e9e \u00e0 Taormina et Isola Bella d&rsquo;avril \u00e0 octobre\u00a0!  <\/p>\n\n<p>Tout le mat\u00e9riel de plong\u00e9e en apn\u00e9e est d\u00e9sinfect\u00e9 avant utilisation dans des conteneurs sp\u00e9ciaux.<\/p>\n\n<h3 class=\"wp-block-heading\"><strong>Possibilit\u00e9 de faire de la plong\u00e9e en apn\u00e9e \u00e0 Taormina et Isola Bella<\/strong><\/h3>\n\n<p>La plong\u00e9e avec tuba \u00e0 Taormina et Isola Bella est possible tous les jours par beau temps et sur r\u00e9servation. Elle est impossible lorsque la mer est trop agit\u00e9e.   <\/p>\n\n<p>Deux canots pneumatiques sont disponibles, pouvant accueillir chacun jusqu&rsquo;\u00e0 10 personnes. L&rsquo;excursion d\u00e9bute \u00e0 deux reprises au cours de la journ\u00e9e\u00a0: <\/p>\n\n<ul class=\"wp-block-list\">\n<li>\u00c0 11h00<\/li>\n\n\n\n<li>\u00c0 15h00<\/li>\n<\/ul>\n\n<p>L&rsquo;excursion dure environ 1h30. Il est conseill\u00e9 d&rsquo;arriver au moins 15 \u00e0 20 minutes avant le d\u00e9part.   <\/p>\n\n<h3 class=\"wp-block-heading\"><strong>Tarifs de la plong\u00e9e avec tuba \u00e0 Taormina et Isola Bella<\/strong><\/h3>\n\n<p>Le prix comprend l&rsquo;utilisation du mat\u00e9riel, le transport en canot pneumatique, un guide, une boisson et des fruits frais pendant l&rsquo;excursion.<\/p>\n\n<ul class=\"wp-block-list\">\n<li>Adultes : 40,00 \u20ac par personne<\/li>\n\n\n\n<li>Enfants jusqu&rsquo;\u00e0 12 ans : 35,00 \u20ac par personne<\/li>\n\n\n\n<li>Tarif famille 1 adulte + 1 enfant : 70,00 \u20ac<\/li>\n<\/ul>\n\n<p><strong>Compris<\/strong><\/p>\n\n<p><strong><mark style=\"background-color:rgba(0, 0, 0, 0)\" class=\"has-inline-color has-vivid-green-cyan-color\">\u2713<\/mark><\/strong> 1,5 heure de plong\u00e9e en apn\u00e9e<br\/><strong><mark style=\"background-color:rgba(0, 0, 0, 0)\" class=\"has-inline-color has-vivid-green-cyan-color\">\u2713<\/mark><\/strong> Plong\u00e9e en apn\u00e9e dans 3 lieux diff\u00e9rents<br\/><strong><mark style=\"background-color:rgba(0, 0, 0, 0)\" class=\"has-inline-color has-vivid-green-cyan-color\">\u2713<\/mark><\/strong> Transfert en annexe<br\/><strong><mark style=\"background-color:rgba(0, 0, 0, 0)\" class=\"has-inline-color has-vivid-green-cyan-color\">\u2713<\/mark><\/strong> \u00c9quipement de plong\u00e9e en apn\u00e9e (combinaison, palmes, lunettes et tuba)<br\/><strong><mark style=\"background-color:rgba(0, 0, 0, 0)\" class=\"has-inline-color has-vivid-green-cyan-color\">\u2713<\/mark><\/strong> Un guide<br\/><strong><mark style=\"background-color:rgba(0, 0, 0, 0)\" class=\"has-inline-color has-vivid-green-cyan-color\">\u2713<\/mark><\/strong> Une boisson et un fruit<br\/><br\/><strong>Sauf<\/strong><\/p>\n\n<p>Parking <strong><mark style=\"background-color:rgba(0, 0, 0, 0)\" class=\"has-inline-color has-vivid-red-color\">X<\/mark><\/strong><br\/><strong><mark style=\"background-color:rgba(0, 0, 0, 0)\" class=\"has-inline-color has-vivid-red-color\">Transat<\/mark><\/strong> et parasol<br\/><strong><mark style=\"background-color:rgba(0, 0, 0, 0)\" class=\"has-inline-color has-vivid-red-color\">X<\/mark><\/strong> Boissons et collations suppl\u00e9mentaires<br\/>Serviette de plage <strong><mark style=\"background-color:rgba(0, 0, 0, 0)\" class=\"has-inline-color has-vivid-red-color\">X<\/mark><\/strong><br\/><br\/>Vous pouvez r\u00e9gler l&rsquo;excursion directement aupr\u00e8s de l&rsquo;organisateur le jour m\u00eame. Inutile de payer \u00e0 l&rsquo;avance\u00a0! Les r\u00e9servations reposent sur la confiance\u00a0: nous partons du principe que vous ferez tout votre possible pour participer. C&rsquo;est pourquoi nous vous proposons le paiement sur place. Tr\u00e8s pratique\u00a0!    <\/p>\n\n<p>Pour faire de la plong\u00e9e avec tuba, il faut savoir nager.  <\/p>\n\n<h3 class=\"wp-block-heading\"><strong>Sites de plong\u00e9e en apn\u00e9e \u00e0 Taormina et Isola Bella<\/strong><\/h3>\n\n<p>L&rsquo;excursion part de la plage d&rsquo;Isola Bella. Apr\u00e8s votre r\u00e9servation, vous recevrez l&rsquo;adresse exacte afin de savoir pr\u00e9cis\u00e9ment o\u00f9 vous rendre. Pour rejoindre la plage d&rsquo;Isola Bella, vous devrez descendre les marches. Comptez environ 15 minutes de marche jusqu&rsquo;au point de d\u00e9part.     <\/p>\n\n<p>Veuillez noter que le stationnement pr\u00e8s d&rsquo;Isola Bella est difficile en \u00e9t\u00e9. Vous pouvez r\u00e9server une place de parking payante aupr\u00e8s de l&rsquo;organisation du t\u00e9l\u00e9ph\u00e9rique de Mazzaro, \u00e0 environ 500 m\u00e8tres de l&rsquo;entr\u00e9e de l&rsquo;escalier. Merci de nous le signaler lors de votre r\u00e9servation\u00a0! Sinon, nous vous recommandons d&rsquo;arriver t\u00f4t le matin pour profiter pleinement de votre journ\u00e9e \u00e0 Isola Bella.   <\/p>\n","protected":false},"excerpt":{"rendered":"<p>FAQ<\/p>\n","protected":false},"author":3,"featured_media":12061,"parent":13240,"menu_order":317,"comment_status":"closed","ping_status":"closed","template":"page-excursion.php","meta":{"_acf_changed":false,"footnotes":""},"class_list":["post-12058","page","type-page","status-publish","has-post-thumbnail","hentry"],"acf":[],"_links":{"self":[{"href":"https:\/\/pianoprovenzana.it\/fr\/wp-json\/wp\/v2\/pages\/12058","targetHints":{"allow":["GET"]}}],"collection":[{"href":"https:\/\/pianoprovenzana.it\/fr\/wp-json\/wp\/v2\/pages"}],"about":[{"href":"https:\/\/pianoprovenzana.it\/fr\/wp-json\/wp\/v2\/types\/page"}],"author":[{"embeddable":true,"href":"https:\/\/pianoprovenzana.it\/fr\/wp-json\/wp\/v2\/users\/3"}],"replies":[{"embeddable":true,"href":"https:\/\/pianoprovenzana.it\/fr\/wp-json\/wp\/v2\/comments?post=12058"}],"version-history":[{"count":0,"href":"https:\/\/pianoprovenzana.it\/fr\/wp-json\/wp\/v2\/pages\/12058\/revisions"}],"up":[{"embeddable":true,"href":"https:\/\/pianoprovenzana.it\/fr\/wp-json\/wp\/v2\/pages\/13240"}],"wp:featuredmedia":[{"embeddable":true,"href":"https:\/\/pianoprovenzana.it\/fr\/wp-json\/wp\/v2\/media\/12061"}],"wp:attachment":[{"href":"https:\/\/pianoprovenzana.it\/fr\/wp-json\/wp\/v2\/media?parent=12058"}],"curies":[{"name":"wp","href":"https:\/\/api.w.org\/{rel}","templated":true}]}}