{"id":12093,"date":"2023-03-01T21:37:39","date_gmt":"2023-03-01T20:37:39","guid":{"rendered":"https:\/\/pianoprovenzana.it\/voler\/"},"modified":"2026-03-27T21:31:41","modified_gmt":"2026-03-27T20:31:41","slug":"voler","status":"publish","type":"page","link":"https:\/\/pianoprovenzana.it\/fr\/excursions-etna\/voler\/","title":{"rendered":"Voler"},"content":{"rendered":"\n<h3 class=\"wp-block-heading\"><strong>Survol de l&rsquo;Etna et de ses environs<\/strong><\/h3>\n\n<p>Vivez une exp\u00e9rience de vol libre au-dessus des plus beaux sites de Sicile et partagez des \u00e9motions authentiques avec tous ceux qui souhaitent vivre cette exp\u00e9rience en toute s\u00e9curit\u00e9 et en toute libert\u00e9 !<\/p>\n","protected":false},"excerpt":{"rendered":"<p>Survol de l&rsquo;Etna et de ses environs Vivez une exp\u00e9rience de vol libre au-dessus des plus beaux sites de Sicile et partagez des \u00e9motions authentiques avec tous ceux qui souhaitent vivre cette exp\u00e9rience en toute s\u00e9curit\u00e9 et en toute libert\u00e9 !<\/p>\n","protected":false},"author":2,"featured_media":12066,"parent":13240,"menu_order":511,"comment_status":"closed","ping_status":"closed","template":"page-excursions-theme.php","meta":{"_acf_changed":false,"footnotes":""},"class_list":["post-12093","page","type-page","status-publish","has-post-thumbnail","hentry"],"acf":[],"_links":{"self":[{"href":"https:\/\/pianoprovenzana.it\/fr\/wp-json\/wp\/v2\/pages\/12093","targetHints":{"allow":["GET"]}}],"collection":[{"href":"https:\/\/pianoprovenzana.it\/fr\/wp-json\/wp\/v2\/pages"}],"about":[{"href":"https:\/\/pianoprovenzana.it\/fr\/wp-json\/wp\/v2\/types\/page"}],"author":[{"embeddable":true,"href":"https:\/\/pianoprovenzana.it\/fr\/wp-json\/wp\/v2\/users\/2"}],"replies":[{"embeddable":true,"href":"https:\/\/pianoprovenzana.it\/fr\/wp-json\/wp\/v2\/comments?post=12093"}],"version-history":[{"count":2,"href":"https:\/\/pianoprovenzana.it\/fr\/wp-json\/wp\/v2\/pages\/12093\/revisions"}],"predecessor-version":[{"id":12097,"href":"https:\/\/pianoprovenzana.it\/fr\/wp-json\/wp\/v2\/pages\/12093\/revisions\/12097"}],"up":[{"embeddable":true,"href":"https:\/\/pianoprovenzana.it\/fr\/wp-json\/wp\/v2\/pages\/13240"}],"wp:featuredmedia":[{"embeddable":true,"href":"https:\/\/pianoprovenzana.it\/fr\/wp-json\/wp\/v2\/media\/12066"}],"wp:attachment":[{"href":"https:\/\/pianoprovenzana.it\/fr\/wp-json\/wp\/v2\/media?parent=12093"}],"curies":[{"name":"wp","href":"https:\/\/api.w.org\/{rel}","templated":true}]}}