{"id":12266,"date":"2024-02-06T23:29:58","date_gmt":"2024-02-06T22:29:58","guid":{"rendered":"https:\/\/pianoprovenzana.it\/trekking-hivernal-sur-letna-jusqua-3000-m-etna-sud\/"},"modified":"2026-04-02T16:56:38","modified_gmt":"2026-04-02T14:56:38","slug":"trekking-etna-sud-hiver-3000m","status":"publish","type":"page","link":"https:\/\/pianoprovenzana.it\/fr\/excursions-etna\/trekking-etna-sud-hiver-3000m\/","title":{"rendered":"Trekking Etna Sud hiver 3000m"},"content":{"rendered":"\n<h2 class=\"wp-block-heading\"><strong>FAQ<\/strong><\/h2>\n\n\n<div id=\"rank-math-faq\" class=\"rank-math-block\">\n<div class=\"rank-math-list \">\n<div id=\"faq-question-1770030200164\" class=\"rank-math-list-item\">\n<h3 class=\"rank-math-question \">1. Quels v\u00eatements dois-je porter pour cette excursion ?<\/h3>\n<div class=\"rank-math-answer \">\n\n<p>Le port de bonnes chaussures de randonn\u00e9e est obligatoire. Elles peuvent \u00eatre fournies gratuitement par les guides volcanologues. Il est \u00e9galement n\u00e9cessaire de s&rsquo;habiller en plusieurs couches et d&#8217;emporter une bonne veste (\u00e9galement fournie gratuitement par le guide). La m\u00e9t\u00e9o peut changer rapidement en montagne. Nous vous recommandons&nbsp;:    <\/p>\n<p>&#8211; Pantalons longs d&rsquo;hiver (montagne ou ski)<br \/> &#8211; Maillot + maillot de rechange<br \/> &#8211; Sweat-shirt (\u00e0 capuche)<br \/> &#8211; Coupe-vent<br \/> Chaussettes mi-longues\/longues<br \/> &#8211; Cheveux<br \/> &#8211; Collier ou \u00e9charpe<br \/> &#8211; Gants<br \/> &#8211; Lunettes de soleil<\/p>\n\n<\/div>\n<\/div>\n<div id=\"faq-question-1770030256275\" class=\"rank-math-list-item\">\n<h3 class=\"rank-math-question \">2. \u00c0 quel point cette marche est-elle difficile et fatigante ?<\/h3>\n<div class=\"rank-math-answer \">\n\n<p>C&rsquo;est \u00e9videmment une question tr\u00e8s personnelle. Disons simplement que la randonn\u00e9e est tout \u00e0 fait faisable pour toute personne sportive et en bonne forme physique. Souvent, c&rsquo;est l&rsquo;altitude qui la rend difficile.  <\/p>\n\n<\/div>\n<\/div>\n<div id=\"faq-question-1770030296002\" class=\"rank-math-list-item\">\n<h3 class=\"rank-math-question \">3 Pourquoi les raquettes \u00e0 neige ne sont-elles pas incluses ?<\/h3>\n<div class=\"rank-math-answer \">\n\n<p>Les raquettes ne sont pas incluses car elles ne sont pas toujours n\u00e9cessaires. Elles ne seront utilis\u00e9es qu&rsquo;en cas d&rsquo;enneigement important. Si vous poss\u00e9dez les v\u00f4tres, vous pouvez les utiliser&nbsp;; sinon, vous pouvez en louer (environ 15&nbsp;\u20ac la paire) dans l&rsquo;un des magasins de location situ\u00e9s pr\u00e8s du refuge Sapienza. Votre guide vous accompagnera avec ces raquettes.   <\/p>\n\n<\/div>\n<\/div>\n<div id=\"faq-question-1770030307182\" class=\"rank-math-list-item\">\n<h3 class=\"rank-math-question \">Le trek hivernal sur l&rsquo;Etna jusqu&rsquo;\u00e0 3000 m est-il adapt\u00e9 aux enfants ? <\/h3>\n<div class=\"rank-math-answer \">\n\n<p>Seuls les enfants de 10 \u00e0 12 ans, en excellente condition physique, peuvent participer \u00e0 cette excursion. Compte tenu de l&rsquo;altitude, de la longueur du parcours et du d\u00e9nivel\u00e9 de 500 m\u00e8tres, l&rsquo;\u00e2ge minimum requis est de 10 ans. <\/p>\n\n<\/div>\n<\/div>\n<div id=\"faq-question-1770030323023\" class=\"rank-math-list-item\">\n<h3 class=\"rank-math-question \">5 Pourquoi le t\u00e9l\u00e9ph\u00e9rique n&rsquo;est-il pas inclus ?<\/h3>\n<div class=\"rank-math-answer \">\n\n<p>Le t\u00e9l\u00e9ph\u00e9rique est un service fourni par un prestataire externe. Les frais correspondants doivent donc \u00eatre r\u00e9gl\u00e9s s\u00e9par\u00e9ment, directement aupr\u00e8s de l&rsquo;exploitant. Le prix du t\u00e9l\u00e9ph\u00e9rique d\u00e9pend de la validit\u00e9 de votre adresse de r\u00e9sidence en Sicile. Par cons\u00e9quent, pour cette excursion, nous indiquons uniquement le prix du trajet.   <\/p>\n\n<\/div>\n<\/div>\n<div id=\"faq-question-1770030355110\" class=\"rank-math-list-item\">\n<h3 class=\"rank-math-question \">6 Je vis en Sicile. Comment puis-je obtenir une r\u00e9duction sur le t\u00e9l\u00e9ph\u00e9rique&nbsp;? <\/h3>\n<div class=\"rank-math-answer \">\n\n<p>Il est important de pr\u00e9senter une pi\u00e8ce d&rsquo;identit\u00e9 valide attestant de votre r\u00e9sidence en Sicile le jour de l&rsquo;excursion. Veuillez noter qu&rsquo;il doit s&rsquo;agir d&rsquo;un passeport ou d&rsquo;une carte d&rsquo;identit\u00e9. Un permis de conduire n&rsquo;est pas valable.  <\/p>\n<p>On vous demandera \u00e9galement votre num\u00e9ro d&rsquo;identification fiscale&nbsp;; il serait utile d&rsquo;apporter une copie de votre pi\u00e8ce d&rsquo;identit\u00e9 et de votre num\u00e9ro d&rsquo;identification fiscale afin d&rsquo;acc\u00e9l\u00e9rer le traitement de votre demande de r\u00e9duction. Les r\u00e9sidents de Sicile ne peuvent pas acheter de billets de t\u00e9l\u00e9ph\u00e9rique en ligne. <\/p>\n\n<\/div>\n<\/div>\n<\/div>\n<\/div>\n\n\n<!--nextpage-->\n\n\n\n<h2 class=\"wp-block-heading\">Trekking hivernal sur l&rsquo;Etna jusqu&rsquo;\u00e0 3000 m &#8211; Etna Sud <\/h2>\n\n\n\n<p>Vous avez de l&rsquo;exp\u00e9rience en randonn\u00e9e en montagne et r\u00eavez d&rsquo;escalader l&rsquo;Etna en hiver&nbsp;? Cette excursion est faite pour vous&nbsp;! Avec l&rsquo;excursion \u00ab&nbsp;Trekking Etna hivernal 3000&nbsp;m&nbsp;\u00bb, vous monterez d&rsquo;abord en t\u00e9l\u00e9ph\u00e9rique, puis vous marcherez jusqu&rsquo;\u00e0 pr\u00e8s de 3&nbsp;000&nbsp;m\u00e8tres d&rsquo;altitude sur le volcan&nbsp;!  <\/p>\n\n\n\n<p><mark style=\"background-color:rgba(0, 0, 0, 0)\" class=\"has-inline-color has-vivid-green-cyan-color\">\u2714<\/mark> Aller-retour en t\u00e9l\u00e9ph\u00e9rique de l&rsquo;Etna inclus<br> <mark style=\"background-color:rgba(0, 0, 0, 0)\" class=\"has-inline-color has-vivid-green-cyan-color\">\u2714<\/mark> Trekking jusqu&rsquo;au crat\u00e8re Barbagallo \u00e0 3000 m d&rsquo;altitude<br> <mark style=\"background-color:rgba(0, 0, 0, 0)\" class=\"has-inline-color has-vivid-green-cyan-color\">\u2714<\/mark> Canal de coul\u00e9e de lave et fumerolles<\/p>\n\n\n\n<p>\u27a4 Disponible uniquement en hiver. En \u00e9t\u00e9&nbsp;: <a href=\"https:\/\/pianoprovenzana.it\/fr\/?page_id=11920\" data-type=\"page\" data-id=\"6650\">Trekking Etna Sud 3000&nbsp;m<\/a>  <\/p>\n\n\n\n<h2 class=\"wp-block-heading\">L&rsquo;itin\u00e9raire de trekking hivernal sur l&rsquo;Etna \u00e0 3000 m.<\/h2>\n\n\n\n<p>Cette excursion part d&rsquo;Etna Sud &#8211; Rifugio Sapienza. Vous rencontrerez votre guide vers 8h30 et, vers 9h00, vous embarquerez \u00e0 bord du t\u00e9l\u00e9ph\u00e9rique pour atteindre 2&nbsp;500 m\u00e8tres d&rsquo;altitude. Une fois arriv\u00e9s, vous commencerez votre randonn\u00e9e jusqu&rsquo;\u00e0 pr\u00e8s de 3&nbsp;000 m\u00e8tres d&rsquo;altitude, soit un d\u00e9nivel\u00e9 positif de 500 m\u00e8tres.   <\/p>\n\n\n\n<p>Apr\u00e8s la descente en t\u00e9l\u00e9ph\u00e9rique, vous monterez d&rsquo;abord jusqu&rsquo;au crat\u00e8re de l&rsquo;\u00e9ruption de 2001, le Cratere del Laghetto. Apr\u00e8s la visite de ce crat\u00e8re, vous poursuivrez \u00e0 pied jusqu&rsquo;\u00e0 une altitude d&rsquo;environ 2&nbsp;750 m\u00e8tres pour atteindre le point de vue panoramique dominant la Valle del Bove. <\/p>\n\n\n\n<p>De l\u00e0, nous poursuivons notre ascension vers les crat\u00e8res de Barbagallo, vestiges de l&rsquo;\u00e9ruption de 2002. En chemin, le guide nous montre l&rsquo;importante quantit\u00e9 de gaz chauds qui s&rsquo;\u00e9chappent encore de la lave (c&rsquo;est pr\u00e9cis\u00e9ment pourquoi il ne faut jamais gravir ce volcan sans guide !). Et, cerise sur le g\u00e2teau, nous traversons un canal de lave unique, une sorte de canyon creus\u00e9 dans la lave.  <\/p>\n\n\n\n<p>Depuis les crat\u00e8res de Barbagallo, on jouit d&rsquo;une vue splendide sur les deux crat\u00e8res sommitaux actifs&nbsp;: le crat\u00e8re Sud-Est et le crat\u00e8re Central. Apr\u00e8s avoir atteint les crat\u00e8res de Barbagallo \u00e0 pr\u00e8s de 3&nbsp;000 m\u00e8tres d&rsquo;altitude, nous redescendons vers le t\u00e9l\u00e9ph\u00e9rique. De l\u00e0, nous empruntons le t\u00e9l\u00e9ph\u00e9rique de l&rsquo;Etna pour rejoindre 1&nbsp;900 m\u00e8tres.  <\/p>\n\n\n\n<p><strong>Points d&rsquo;int\u00e9r\u00eat :<\/strong><\/p>\n\n\n\n<p><strong><mark style=\"background-color:rgba(0, 0, 0, 0)\" class=\"has-inline-color has-vivid-green-cyan-color\">\u2713<\/mark><\/strong> Canal de coul\u00e9e de lave<br><strong><mark style=\"background-color:rgba(0, 0, 0, 0)\" class=\"has-inline-color has-vivid-green-cyan-color\">\u2713<\/mark><\/strong> Fumarole<br><strong><mark style=\"background-color:rgba(0, 0, 0, 0)\" class=\"has-inline-color has-vivid-green-cyan-color\">\u2713<\/mark><\/strong> Crat\u00e8res de Barbagallo<br><strong><mark style=\"background-color:rgba(0, 0, 0, 0)\" class=\"has-inline-color has-vivid-green-cyan-color\">\u2713<\/mark><\/strong> Observez la Valle del Bove d&rsquo;en haut<br><strong><mark style=\"background-color:rgba(0, 0, 0, 0)\" class=\"has-inline-color has-vivid-green-cyan-color\">\u2713<\/mark><\/strong> Crat\u00e8re de Laghetto<br><strong><mark style=\"background-color:rgba(0, 0, 0, 0)\" class=\"has-inline-color has-vivid-green-cyan-color\">\u2713<\/mark><\/strong> Diverses coul\u00e9es de lave<\/p>\n\n\n\n<p><em>Veuillez noter que le parcours de randonn\u00e9e hivernale peut diff\u00e9rer de celui d\u00e9crit ici. La s\u00e9curit\u00e9 des participants et du guide \u00e9tant notre priorit\u00e9 absolue, l&rsquo;itin\u00e9raire peut \u00eatre modifi\u00e9 en raison de la neige et\/ou du verglas.  <\/em><\/p>\n\n\n\n<h2 class=\"wp-block-heading\">Disponibilit\u00e9<\/h2>\n\n\n\n<p>L&rsquo;ascension hivernale de l&rsquo;Etna (3&nbsp;000&nbsp;m) est propos\u00e9e tous les jours de d\u00e9cembre \u00e0 mars. L&rsquo;excursion est maintenue \u00e0 partir de 6&nbsp;participants. Si ce nombre n&rsquo;est pas atteint, l&rsquo;excursion pourra \u00eatre report\u00e9e. Vous pourrez alors choisir de reporter votre r\u00e9servation ou de vous inscrire \u00e0 une autre excursion.    <\/p>\n\n\n\n<h2 class=\"wp-block-heading\">Prix \u200b\u200bpour un trek sur l&rsquo;Etna en hiver \u00e0 3000 m.<\/h2>\n\n\n\n<p>L&rsquo;ascension hivernale de l&rsquo;Etna jusqu&rsquo;\u00e0 3000 m co\u00fbte 50,00 \u20ac par personne + le prix du t\u00e9l\u00e9ph\u00e9rique de l&rsquo;Etna.   <\/p>\n\n\n\n<p><strong><em>Prix \u200b\u200bdu t\u00e9l\u00e9ph\u00e9rique de l&rsquo;Etna \u00e0 partir du 1er mars 2026&nbsp;:<\/em><\/strong><\/p>\n\n\n\n<ul class=\"wp-block-list\">\n<li>Adultes (11-99 ans) : 54,00 \u20ac par personne<\/li>\n\n\n\n<li>Enfants de 5 \u00e0 10 ans : 32,00 \u20ac par personne<\/li>\n\n\n\n<li>Adultes (11-99 ans) r\u00e9sidant en Sicile&nbsp;: 15,00&nbsp;\u20ac par personne*<\/li>\n<\/ul>\n\n\n\n<p><em>Pour b\u00e9n\u00e9ficier de la r\u00e9duction r\u00e9serv\u00e9e aux r\u00e9sidents, vous devez pr\u00e9senter une pi\u00e8ce d&rsquo;identit\u00e9 valide attestant de votre domicile, ainsi que votre code fiscal. Veuillez \u00e9galement apporter une copie de votre pi\u00e8ce d&rsquo;identit\u00e9.<\/em><\/p>\n\n\n\n<p>Vous pouvez r\u00e9gler le jour de l&rsquo;excursion, directement aupr\u00e8s du guide ou \u00e0 la billetterie du t\u00e9l\u00e9ph\u00e9rique de l&rsquo;Etna. Nous ne demandons aucun paiement anticip\u00e9, car nous fonctionnons sur la confiance. Nous comptons sur votre pr\u00e9sence lors de votre r\u00e9servation, et vous comptez sur la pr\u00e9sence du guide \u00e0 votre arriv\u00e9e&nbsp;!   <\/p>\n\n\n\n<p><strong><em>* \u00c0 la discr\u00e9tion du guide, les excursions peuvent \u00eatre modifi\u00e9es ou interrompues si les conditions m\u00e9t\u00e9orologiques, des causes environnementales ou des risques volcaniques potentiels repr\u00e9sentent une source de danger.<\/em><\/strong><\/p>\n\n\n\n<p><strong>Parking Etna Sud<br><\/strong> Vous trouverez un grand parking \u00e0 Etna Sud. Il s&rsquo;agit d&rsquo;un parking payant, et plusieurs points de vente proposent des forfaits journaliers pour votre voiture.   <\/p>\n\n\n\n<h2 class=\"wp-block-heading\">Guide<\/h2>\n\n\n\n<p>Lors de cette excursion de trekking sur l&rsquo;Etna Sud (3&nbsp;000&nbsp;m), vous serez accompagn\u00e9s de guides volcanologues agr\u00e9\u00e9s, experts de la r\u00e9gion. Les guides parlent italien et anglais. Le fran\u00e7ais est disponible sur demande.    <\/p>\n\n\n\n<h2 class=\"wp-block-heading\">Restrictions de randonn\u00e9e hivernale sur l&rsquo;Etna \u00e0 3000 m.<\/h2>\n\n\n\n<p>Cette randonn\u00e9e n&rsquo;est pas autoris\u00e9e \u00e0&nbsp;:<\/p>\n\n\n\n<ul class=\"wp-block-list\">\n<li>femmes enceintes<\/li>\n\n\n\n<li>Enfants de 0 \u00e0 10 ans<\/li>\n\n\n\n<li>Personnes ayant des probl\u00e8mes de dos<\/li>\n\n\n\n<li>Les personnes souffrant de probl\u00e8mes de genoux<\/li>\n\n\n\n<li>Les personnes souffrant de probl\u00e8mes respiratoires<\/li>\n\n\n\n<li>Les personnes qui n&rsquo;ont pas l&rsquo;habitude de marcher<\/li>\n<\/ul>\n\n\n\n<p><strong>Nombre minimum de participants<\/strong><br> L&rsquo;excursion aura lieu avec un minimum de 6 participants. Si ce nombre n&rsquo;est pas atteint, l&rsquo;excursion pourra \u00eatre report\u00e9e. Vous pourrez alors choisir de reporter votre r\u00e9servation ou de participer \u00e0 une autre excursion.  <\/p>\n","protected":false},"excerpt":{"rendered":"<p>FAQ<\/p>\n","protected":false},"author":2,"featured_media":12278,"parent":13240,"menu_order":63,"comment_status":"closed","ping_status":"closed","template":"page-excursion.php","meta":{"_acf_changed":false,"footnotes":""},"class_list":["post-12266","page","type-page","status-publish","has-post-thumbnail","hentry"],"acf":[],"_links":{"self":[{"href":"https:\/\/pianoprovenzana.it\/fr\/wp-json\/wp\/v2\/pages\/12266","targetHints":{"allow":["GET"]}}],"collection":[{"href":"https:\/\/pianoprovenzana.it\/fr\/wp-json\/wp\/v2\/pages"}],"about":[{"href":"https:\/\/pianoprovenzana.it\/fr\/wp-json\/wp\/v2\/types\/page"}],"author":[{"embeddable":true,"href":"https:\/\/pianoprovenzana.it\/fr\/wp-json\/wp\/v2\/users\/2"}],"replies":[{"embeddable":true,"href":"https:\/\/pianoprovenzana.it\/fr\/wp-json\/wp\/v2\/comments?post=12266"}],"version-history":[{"count":4,"href":"https:\/\/pianoprovenzana.it\/fr\/wp-json\/wp\/v2\/pages\/12266\/revisions"}],"predecessor-version":[{"id":13450,"href":"https:\/\/pianoprovenzana.it\/fr\/wp-json\/wp\/v2\/pages\/12266\/revisions\/13450"}],"up":[{"embeddable":true,"href":"https:\/\/pianoprovenzana.it\/fr\/wp-json\/wp\/v2\/pages\/13240"}],"wp:featuredmedia":[{"embeddable":true,"href":"https:\/\/pianoprovenzana.it\/fr\/wp-json\/wp\/v2\/media\/12278"}],"wp:attachment":[{"href":"https:\/\/pianoprovenzana.it\/fr\/wp-json\/wp\/v2\/media?parent=12266"}],"curies":[{"name":"wp","href":"https:\/\/api.w.org\/{rel}","templated":true}]}}