{"id":12430,"date":"2025-02-14T08:39:41","date_gmt":"2025-02-14T07:39:41","guid":{"rendered":"https:\/\/pianoprovenzana.it\/randonnee-sur-une-coulee-de-lave-active-de-letna\/"},"modified":"2026-03-24T17:57:28","modified_gmt":"2026-03-24T16:57:28","slug":"randonnee-sur-une-coulee-de-lave-active-de-letna","status":"publish","type":"page","link":"https:\/\/pianoprovenzana.it\/fr\/excursions-etna\/randonnee-sur-une-coulee-de-lave-active-de-letna\/","title":{"rendered":"Randonn\u00e9e sur une coul\u00e9e de lave active de l&rsquo;Etna"},"content":{"rendered":"\n<div class=\"wp-block-columns is-layout-flex wp-container-core-columns-is-layout-9d6595d7 wp-block-columns-is-layout-flex\">\n<div class=\"wp-block-column is-layout-flow wp-block-column-is-layout-flow\">\n<p>\ud83d\udd25 Uniquement pendant les \u00e9ruptions<\/p>\n<\/div>\n\n\n\n<div class=\"wp-block-column is-layout-flow wp-block-column-is-layout-flow\">\n<p>\ud83c\udf0b Exp\u00e9rience rare sur l&rsquo;Etna<\/p>\n<\/div>\n\n\n\n<div class=\"wp-block-column is-layout-flow wp-block-column-is-layout-flow\">\n<p>\u26a0\ufe0f Disponibilit\u00e9 limit\u00e9e<\/p>\n<\/div>\n<\/div>\n\n<h2 class=\"wp-block-heading\"><strong>FAQ<\/strong><\/h2>\n<div id=\"rank-math-faq\" class=\"rank-math-block\">\n<div class=\"rank-math-list \">\n<div id=\"faq-question-1773306366575\" class=\"rank-math-list-item\">\n<h3 class=\"rank-math-question \">1. Comment puis-je savoir quand il y a une coul\u00e9e de lave active ?<\/h3>\n<div class=\"rank-math-answer \">\n\n<p>Nous mettons r\u00e9guli\u00e8rement \u00e0 jour notre site web et, surtout, notre compte Instagram. Suivez @pianoprovenzana pour des mises \u00e0 jour en temps r\u00e9el. <\/p>\n\n<\/div>\n<\/div>\n<div id=\"faq-question-1773307537104\" class=\"rank-math-list-item\">\n<h3 class=\"rank-math-question \">2. \u00c0 quelle distance pouvez-vous vous approcher de la lave ?<\/h3>\n<div class=\"rank-math-answer \">\n\n<p>La distance d\u00e9pend toujours des conditions de s\u00e9curit\u00e9 et est \u00e9tablie par le guide volcanologique.<\/p>\n\n<\/div>\n<\/div>\n<div id=\"faq-question-1773307550528\" class=\"rank-math-list-item\">\n<h3 class=\"rank-math-question \">3. La randonn\u00e9e est-elle s\u00fbre ?<\/h3>\n<div class=\"rank-math-answer \">\n\n<p>Oui, l&rsquo;excursion est organis\u00e9e uniquement lorsque les conditions le permettent et toujours avec des guides volcanologues agr\u00e9\u00e9s.<\/p>\n\n<\/div>\n<\/div>\n<\/div>\n<\/div>\n<!--nextpage-->\n\n<h2 class=\"wp-block-heading\"><strong>Randonn\u00e9e sur une coul\u00e9e de lave active de l&rsquo;Etna<\/strong><\/h2>\n\n<p>Nous traverserons le paysage lunaire \u00e9vocateur du versant est, jusqu&rsquo;\u00e0 atteindre l&rsquo;un des points les plus spectaculaires du volcan : la rencontre entre <strong>la lave et le magma<\/strong> .<\/p>\n\n<p><mark style=\"background-color:rgba(0, 0, 0, 0)\" class=\"has-inline-color has-vivid-green-cyan-color\">\u2714<\/mark> D\u00e9part de la r\u00e9gion de Fornazzo (le point de rencontre vous sera communiqu\u00e9 lors de votre r\u00e9servation)<br\/> <mark style=\"background-color:rgba(0, 0, 0, 0)\" class=\"has-inline-color has-vivid-green-cyan-color\">\u2714<\/mark> Avec un guide (volcanologue) agr\u00e9\u00e9<br\/> <mark style=\"background-color:rgba(0, 0, 0, 0)\" class=\"has-inline-color has-vivid-green-cyan-color\">\u2714<\/mark> Visitez une coul\u00e9e de lave active<\/p>\n\n<p>Rejoignez-nous pour une randonn\u00e9e extraordinaire \u00e0 la d\u00e9couverte <strong>des coul\u00e9es de lave actives<\/strong> de l&rsquo;Etna. Une excursion id\u00e9ale pour les amateurs d&rsquo;aventure et de panoramas \u00e0 couper le souffle. <\/p>\n\n<p>\u27a4 Disponible uniquement sur r\u00e9servation, jusqu&rsquo;\u00e0 \u00e9puisement des stocks : places limit\u00e9es !<\/p>\n\n<h2 class=\"wp-block-heading\">2 <strong>Itin\u00e9raires : Trekking sur la coul\u00e9e de lave active de l&rsquo;Etna<\/strong><\/h2>\n\n<p>Nous proposons deux itin\u00e9raires diff\u00e9rents\u00a0: une version simple adapt\u00e9e \u00e0 tous, et une version plus exigeante pour les passionn\u00e9s de randonn\u00e9e.   <strong><mark style=\"background-color:rgba(0, 0, 0, 0)\" class=\"has-inline-color has-luminous-vivid-orange-color\">Veuillez pr\u00e9ciser dans votre demande la version que vous souhaitez r\u00e9aliser.<\/mark><\/strong><\/p>\n\n<p><strong>Option 1\u00a0: Randonn\u00e9e sur la coul\u00e9e de lave active de l\u2019Etna \u2013 facile<\/strong><br\/> L&rsquo;excursion d\u00e9bute sur le versant est de l&rsquo;Etna (le point de rendez-vous vous sera communiqu\u00e9 avec votre r\u00e9servation), o\u00f9 votre guide vous accueillera et vous accompagnera tout au long du parcours. De l\u00e0 commence la randonn\u00e9e\u00a0: environ 3\u00a0h\u00a030 au total, \u00e0 travers d&rsquo;anciennes et r\u00e9centes coul\u00e9es de lave. Nous nous approcherons de la coul\u00e9e de lave active, en respectant toujours les limites de s\u00e9curit\u00e9.   <\/p>\n\n<p>Une exp\u00e9rience intense au milieu de paysages lunaires et du souffle vivant du volcan, avec du temps pour observer, photographier et ressentir de pr\u00e8s l&rsquo;\u00e9nergie de l&rsquo;Etna.  <\/p>\n\n<ul class=\"wp-block-list\">\n<li>Rendez-vous : vers 14h00 Etna Est<\/li>\n\n\n\n<li>Retour : vers 18h30<\/li>\n\n\n\n<li>Dur\u00e9e totale de la randonn\u00e9e : environ 2,5 heures<\/li>\n\n\n\n<li>Dur\u00e9e totale : environ 4 heures<\/li>\n\n\n\n<li>Longueur : environ 4 km<\/li>\n<\/ul>\n\n<p><strong>Prix \u200b\u200b:<\/strong> 50,00 \u20ac par personne<\/p>\n\n<p><strong>Option 2\u00a0: Randonn\u00e9e sur les coul\u00e9es de lave actives de l\u2019Etna \u2013 encadr\u00e9e par des experts<\/strong><br\/> Pour les randonneurs exp\u00e9riment\u00e9s, nous proposons une randonn\u00e9e plus exigeante. Au cours de cette randonn\u00e9e, nous visitons \u00e9galement les hornitos actifs situ\u00e9s en altitude. Cette randonn\u00e9e dure environ 5 heures et est r\u00e9serv\u00e9e aux randonneurs exp\u00e9riment\u00e9s.    <\/p>\n\n<ul class=\"wp-block-list\">\n<li>Rendez-vous : vers 13h00 Etna Est<\/li>\n\n\n\n<li>Retour : vers 18h30<\/li>\n\n\n\n<li>Dur\u00e9e totale de la randonn\u00e9e : environ 4 heures<\/li>\n\n\n\n<li>Dur\u00e9e totale : environ 5 heures<\/li>\n\n\n\n<li>Longueur : environ 8 km<\/li>\n\n\n\n<li>D\u00e9nivel\u00e9 : environ 600 m<\/li>\n<\/ul>\n\n<p><strong>Prix \u200b\u200b:<\/strong> 130,00 \u20ac par personne (minimum 4 participants)<\/p>\n\n<div class=\"wp-block-columns is-layout-flex wp-container-core-columns-is-layout-9d6595d7 wp-block-columns-is-layout-flex\">\n<div class=\"wp-block-column is-layout-flow wp-block-column-is-layout-flow\">\n<figure class=\"wp-block-image size-large\"><img loading=\"lazy\" decoding=\"async\" width=\"1800\" height=\"2400\" src=\"https:\/\/pianoprovenzana.it\/wp-content\/uploads\/2025\/08\/trekking-colata-lavica-attiva-etna-agosto-2025-gven-1800x2400.jpeg\" alt=\"\" class=\"wp-image-9647\" title=\"\" srcset=\"https:\/\/pianoprovenzana.it\/wp-content\/uploads\/2025\/08\/trekking-colata-lavica-attiva-etna-agosto-2025-gven-1800x2400.jpeg 1800w, https:\/\/pianoprovenzana.it\/wp-content\/uploads\/2025\/08\/trekking-colata-lavica-attiva-etna-agosto-2025-gven-225x300.jpeg 225w, https:\/\/pianoprovenzana.it\/wp-content\/uploads\/2025\/08\/trekking-colata-lavica-attiva-etna-agosto-2025-gven-768x1024.jpeg 768w, https:\/\/pianoprovenzana.it\/wp-content\/uploads\/2025\/08\/trekking-colata-lavica-attiva-etna-agosto-2025-gven-1152x1536.jpeg 1152w, https:\/\/pianoprovenzana.it\/wp-content\/uploads\/2025\/08\/trekking-colata-lavica-attiva-etna-agosto-2025-gven-1536x2048.jpeg 1536w, https:\/\/pianoprovenzana.it\/wp-content\/uploads\/2025\/08\/trekking-colata-lavica-attiva-etna-agosto-2025-gven-1200x1600.jpeg 1200w, https:\/\/pianoprovenzana.it\/wp-content\/uploads\/2025\/08\/trekking-colata-lavica-attiva-etna-agosto-2025-gven-1320x1760.jpeg 1320w, https:\/\/pianoprovenzana.it\/wp-content\/uploads\/2025\/08\/trekking-colata-lavica-attiva-etna-agosto-2025-gven-600x800.jpeg 600w, https:\/\/pianoprovenzana.it\/wp-content\/uploads\/2025\/08\/trekking-colata-lavica-attiva-etna-agosto-2025-gven-scaled.jpeg 1920w\" sizes=\"auto, (max-width: 1800px) 100vw, 1800px\" \/><\/figure>\n<\/div>\n\n\n\n<div class=\"wp-block-column is-layout-flow wp-block-column-is-layout-flow\">\n<figure class=\"wp-block-image size-full\"><img loading=\"lazy\" decoding=\"async\" width=\"900\" height=\"1200\" src=\"https:\/\/pianoprovenzana.it\/wp-content\/uploads\/2025\/08\/colata-lavica-attiva-agosto-2025-gven-edited.jpeg\" alt=\"\" class=\"wp-image-9649\" title=\"\" srcset=\"https:\/\/pianoprovenzana.it\/wp-content\/uploads\/2025\/08\/colata-lavica-attiva-agosto-2025-gven-edited.jpeg 900w, https:\/\/pianoprovenzana.it\/wp-content\/uploads\/2025\/08\/colata-lavica-attiva-agosto-2025-gven-edited-225x300.jpeg 225w, https:\/\/pianoprovenzana.it\/wp-content\/uploads\/2025\/08\/colata-lavica-attiva-agosto-2025-gven-edited-768x1024.jpeg 768w, https:\/\/pianoprovenzana.it\/wp-content\/uploads\/2025\/08\/colata-lavica-attiva-agosto-2025-gven-edited-600x800.jpeg 600w\" sizes=\"auto, (max-width: 900px) 100vw, 900px\" \/><\/figure>\n<\/div>\n<\/div>\n\n<figure class=\"wp-block-image size-large\"><img loading=\"lazy\" decoding=\"async\" width=\"2400\" height=\"1800\" src=\"https:\/\/pianoprovenzana.it\/wp-content\/uploads\/2025\/08\/colata-lavica-agosto-2025-etnalava-alessandro-2400x1800.jpg\" alt=\"Coul&#xE9;e de lave ao&#xFB;t 2025 Etnalava Alessandro\" class=\"wp-image-9658\" title=\"\" srcset=\"https:\/\/pianoprovenzana.it\/wp-content\/uploads\/2025\/08\/colata-lavica-agosto-2025-etnalava-alessandro-2400x1800.jpg 2400w, https:\/\/pianoprovenzana.it\/wp-content\/uploads\/2025\/08\/colata-lavica-agosto-2025-etnalava-alessandro-300x225.jpg 300w, https:\/\/pianoprovenzana.it\/wp-content\/uploads\/2025\/08\/colata-lavica-agosto-2025-etnalava-alessandro-768x576.jpg 768w, https:\/\/pianoprovenzana.it\/wp-content\/uploads\/2025\/08\/colata-lavica-agosto-2025-etnalava-alessandro-1536x1152.jpg 1536w, https:\/\/pianoprovenzana.it\/wp-content\/uploads\/2025\/08\/colata-lavica-agosto-2025-etnalava-alessandro-2048x1536.jpg 2048w, https:\/\/pianoprovenzana.it\/wp-content\/uploads\/2025\/08\/colata-lavica-agosto-2025-etnalava-alessandro-1200x900.jpg 1200w, https:\/\/pianoprovenzana.it\/wp-content\/uploads\/2025\/08\/colata-lavica-agosto-2025-etnalava-alessandro-1320x990.jpg 1320w, https:\/\/pianoprovenzana.it\/wp-content\/uploads\/2025\/08\/colata-lavica-agosto-2025-etnalava-alessandro-600x450.jpg 600w\" sizes=\"auto, (max-width: 2400px) 100vw, 2400px\" \/><\/figure>\n\n<h2 class=\"wp-block-heading\"><strong>D\u00e9tails<\/strong><\/h2>\n\n<p>L&rsquo;ascension de la coul\u00e9e de lave active de l&rsquo;Etna est possible tous les jours sur r\u00e9servation (dans la limite des places disponibles). Le rendez-vous est fix\u00e9 30 minutes avant le d\u00e9part. Il est essentiel d&rsquo;arriver \u00e0 l&rsquo;heure afin de rencontrer votre guide et d&rsquo;assister au briefing. Votre \u00e9quipement sera v\u00e9rifi\u00e9. L&rsquo;excursion dure environ 3h30 \u00e0 4h.    <\/p>\n\n<p><strong><mark style=\"background-color:rgba(0, 0, 0, 0)\" class=\"has-inline-color has-luminous-vivid-orange-color\">Veuillez pr\u00e9ciser dans votre demande la version que vous souhaitez r\u00e9aliser.<\/mark><\/strong><\/p>\n\n<div class=\"wp-block-columns is-layout-flex wp-container-core-columns-is-layout-9d6595d7 wp-block-columns-is-layout-flex\">\n<div class=\"wp-block-column is-layout-flow wp-block-column-is-layout-flow\">\n<figure class=\"wp-block-image size-large\"><img loading=\"lazy\" decoding=\"async\" width=\"1920\" height=\"2560\" src=\"https:\/\/pianoprovenzana.it\/wp-content\/uploads\/2025\/08\/bocca-colata-lavica-tunnel-agosto-2025-edited-1-scaled.jpg\" alt=\"\" class=\"wp-image-9653\" title=\"\" srcset=\"https:\/\/pianoprovenzana.it\/wp-content\/uploads\/2025\/08\/bocca-colata-lavica-tunnel-agosto-2025-edited-1-scaled.jpg 1920w, https:\/\/pianoprovenzana.it\/wp-content\/uploads\/2025\/08\/bocca-colata-lavica-tunnel-agosto-2025-edited-1-225x300.jpg 225w, https:\/\/pianoprovenzana.it\/wp-content\/uploads\/2025\/08\/bocca-colata-lavica-tunnel-agosto-2025-edited-1-1800x2400.jpg 1800w, https:\/\/pianoprovenzana.it\/wp-content\/uploads\/2025\/08\/bocca-colata-lavica-tunnel-agosto-2025-edited-1-768x1024.jpg 768w, https:\/\/pianoprovenzana.it\/wp-content\/uploads\/2025\/08\/bocca-colata-lavica-tunnel-agosto-2025-edited-1-1152x1536.jpg 1152w, https:\/\/pianoprovenzana.it\/wp-content\/uploads\/2025\/08\/bocca-colata-lavica-tunnel-agosto-2025-edited-1-1536x2048.jpg 1536w, https:\/\/pianoprovenzana.it\/wp-content\/uploads\/2025\/08\/bocca-colata-lavica-tunnel-agosto-2025-edited-1-1200x1600.jpg 1200w, https:\/\/pianoprovenzana.it\/wp-content\/uploads\/2025\/08\/bocca-colata-lavica-tunnel-agosto-2025-edited-1-1320x1760.jpg 1320w, https:\/\/pianoprovenzana.it\/wp-content\/uploads\/2025\/08\/bocca-colata-lavica-tunnel-agosto-2025-edited-1-600x800.jpg 600w\" sizes=\"auto, (max-width: 1920px) 100vw, 1920px\" \/><\/figure>\n<\/div>\n\n\n\n<div class=\"wp-block-column is-layout-flow wp-block-column-is-layout-flow\">\n<figure class=\"wp-block-image size-large\"><img loading=\"lazy\" decoding=\"async\" width=\"1800\" height=\"2400\" src=\"https:\/\/pianoprovenzana.it\/wp-content\/uploads\/2025\/08\/colata-lavica-attiva-etna-agosto-2025-etnalava-alessandro-1800x2400.jpg\" alt=\"\" class=\"wp-image-9651\" title=\"\" srcset=\"https:\/\/pianoprovenzana.it\/wp-content\/uploads\/2025\/08\/colata-lavica-attiva-etna-agosto-2025-etnalava-alessandro-1800x2400.jpg 1800w, https:\/\/pianoprovenzana.it\/wp-content\/uploads\/2025\/08\/colata-lavica-attiva-etna-agosto-2025-etnalava-alessandro-225x300.jpg 225w, https:\/\/pianoprovenzana.it\/wp-content\/uploads\/2025\/08\/colata-lavica-attiva-etna-agosto-2025-etnalava-alessandro-768x1024.jpg 768w, https:\/\/pianoprovenzana.it\/wp-content\/uploads\/2025\/08\/colata-lavica-attiva-etna-agosto-2025-etnalava-alessandro-1152x1536.jpg 1152w, https:\/\/pianoprovenzana.it\/wp-content\/uploads\/2025\/08\/colata-lavica-attiva-etna-agosto-2025-etnalava-alessandro-1536x2048.jpg 1536w, https:\/\/pianoprovenzana.it\/wp-content\/uploads\/2025\/08\/colata-lavica-attiva-etna-agosto-2025-etnalava-alessandro-1200x1600.jpg 1200w, https:\/\/pianoprovenzana.it\/wp-content\/uploads\/2025\/08\/colata-lavica-attiva-etna-agosto-2025-etnalava-alessandro-1320x1760.jpg 1320w, https:\/\/pianoprovenzana.it\/wp-content\/uploads\/2025\/08\/colata-lavica-attiva-etna-agosto-2025-etnalava-alessandro-600x800.jpg 600w, https:\/\/pianoprovenzana.it\/wp-content\/uploads\/2025\/08\/colata-lavica-attiva-etna-agosto-2025-etnalava-alessandro-scaled.jpg 1920w\" sizes=\"auto, (max-width: 1800px) 100vw, 1800px\" \/><\/figure>\n<\/div>\n<\/div>\n\n<h2 class=\"wp-block-heading\"><strong>Prix \u200b\u200bpour une randonn\u00e9e <strong>sur la coul\u00e9e de lave active de l&rsquo;Etna<\/strong><\/strong> *<\/h2>\n\n<p><strong>Le prix d&rsquo;une excursion jusqu&rsquo;\u00e0 la coul\u00e9e de lave active de l&rsquo;Etna<\/strong> d\u00e9pend de la formule choisie.  <\/p>\n\n<ul class=\"wp-block-list\">\n<li>Coul\u00e9e de lave, simple &#8211; environ 14h00\u00a0: 50,00\u00a0\u20ac par personne*<\/li>\n\n\n\n<li>Coul\u00e9e de lave, par des experts &#8211; dur\u00e9e sur demande : prix sur demande par personne<\/li>\n<\/ul>\n\n<p>Nous fonctionnons sur la confiance. Nous comptons sur vous pour \u00eatre pr\u00e9sent lors de votre r\u00e9servation, et vous comptez sur le fait que le guide sera pr\u00eat \u00e0 vous accueillir !   <\/p>\n\n<h2 class=\"wp-block-heading\"><strong>Guide<\/strong><\/h2>\n\n<p>Lors de cette excursion sur la coul\u00e9e de lave active de l&rsquo;Etna, vous serez accompagn\u00e9s de guides volcanologues agr\u00e9\u00e9s, experts de la r\u00e9gion. Chaque guide parle au moins italien et anglais.   <\/p>\n\n<h2 class=\"wp-block-heading\"><strong><strong><strong>Conditions requises pour la randonn\u00e9e sur la coul\u00e9e de lave active de l&rsquo;Etna<\/strong><\/strong><\/strong><\/h2>\n\n<p>\u26a0\ufe0f Ce trek est accessible \u00e0 tous, mais se d\u00e9roule sur un terrain exigeant. <strong>Une bonne condition physique et mentale<\/strong> est indispensable pour y participer, et il faut \u00eatre pr\u00eat \u00e0 affronter les difficult\u00e9s que l&rsquo;Etna peut pr\u00e9senter. <\/p>\n\n<p><strong>V\u00eatements et chaussures<br\/><\/strong> Il est obligatoire de porter de bonnes chaussures de randonn\u00e9e. Il est \u00e9galement n\u00e9cessaire de s&rsquo;habiller en plusieurs couches et d&#8217;emporter une veste. Le temps peut changer rapidement en montagne. Nous recommandons des v\u00eatements chauds\u00a0!   <\/p>\n\n<p><strong>Nourriture et boissons<br\/><\/strong> Les repas et les boissons ne sont pas inclus. Veuillez apporter de l&rsquo;eau si vous souhaitez vous hydrater pendant ou apr\u00e8s l&rsquo;excursion. Vous devez pr\u00e9voir au moins 1,5 litre d&rsquo;eau.  <\/p>\n\n<p><strong>randonn\u00e9e <strong><strong><strong>sur coul\u00e9es de lave actives<\/strong><\/strong><\/strong><\/strong><br\/> L&rsquo;ascension de la coul\u00e9e de lave active de l&rsquo;Etna est impossible pour :<\/p>\n\n<ul class=\"wp-block-list\">\n<li>femmes enceintes  <\/li>\n\n\n\n<li>Enfants de 0 \u00e0 8 ans<\/li>\n\n\n\n<li>Personnes ayant des probl\u00e8mes de dos<\/li>\n\n\n\n<li>Les personnes souffrant de probl\u00e8mes de genoux<\/li>\n\n\n\n<li>Les personnes souffrant de probl\u00e8mes respiratoires<\/li>\n\n\n\n<li>Les personnes souffrant de probl\u00e8mes cardiaques<\/li>\n<\/ul>\n\n<h3 class=\"wp-block-heading\"><strong>En savoir plus sur cette page et les avis<\/strong><\/h3>\n\n<p>Cette page\/excursion est mise \u00e0 jour \u00e0 chaque nouvelle coul\u00e9e de lave accessible sur l&rsquo;Etna. Les d\u00e9tails et les prix peuvent donc varier selon la coul\u00e9e, en fonction de son emplacement, de sa difficult\u00e9 et de la p\u00e9riode de l&rsquo;ann\u00e9e. <\/p>\n\n<p>Les avis sur cette page concernent une excursion sur une coul\u00e9e de lave, mais peuvent varier selon la saison. Ils vous donnent n\u00e9anmoins une id\u00e9e de notre fa\u00e7on de travailler et de celle de nos guides\u00a0! <\/p>\n\n<p><strong>Coul\u00e9es de lave pr\u00e9c\u00e9dentes\u00a0:<\/strong><\/p>\n\n<ul class=\"wp-block-list\">\n<li>F\u00e9vrier 2025 (avec neige)<\/li>\n\n\n\n<li>Ao\u00fbt 2025<\/li>\n\n\n\n<li>Janvier 2026<\/li>\n<\/ul>\n\n<div class=\"wp-block-columns is-layout-flex wp-container-core-columns-is-layout-9d6595d7 wp-block-columns-is-layout-flex\">\n<div class=\"wp-block-column is-layout-flow wp-block-column-is-layout-flow\">\n<figure class=\"wp-block-image size-full\"><img loading=\"lazy\" decoding=\"async\" width=\"1200\" height=\"1800\" src=\"https:\/\/pianoprovenzana.it\/wp-content\/uploads\/2025\/02\/flusso-lavico-etna-sud-2025.jpg\" alt=\"\" class=\"wp-image-9244\" title=\"\" srcset=\"https:\/\/pianoprovenzana.it\/wp-content\/uploads\/2025\/02\/flusso-lavico-etna-sud-2025.jpg 1200w, https:\/\/pianoprovenzana.it\/wp-content\/uploads\/2025\/02\/flusso-lavico-etna-sud-2025-200x300.jpg 200w, https:\/\/pianoprovenzana.it\/wp-content\/uploads\/2025\/02\/flusso-lavico-etna-sud-2025-768x1152.jpg 768w, https:\/\/pianoprovenzana.it\/wp-content\/uploads\/2025\/02\/flusso-lavico-etna-sud-2025-1024x1536.jpg 1024w\" sizes=\"auto, (max-width: 1200px) 100vw, 1200px\" \/><\/figure>\n<\/div>\n\n\n\n<div class=\"wp-block-column is-layout-flow wp-block-column-is-layout-flow\">\n<figure class=\"wp-block-image size-full\"><img loading=\"lazy\" decoding=\"async\" width=\"1200\" height=\"1800\" src=\"https:\/\/pianoprovenzana.it\/wp-content\/uploads\/2025\/02\/colata-lavica-trekking-guida-vulcanologica-etna-sud.jpg\" alt=\"\" class=\"wp-image-9243\" title=\"\" srcset=\"https:\/\/pianoprovenzana.it\/wp-content\/uploads\/2025\/02\/colata-lavica-trekking-guida-vulcanologica-etna-sud.jpg 1200w, https:\/\/pianoprovenzana.it\/wp-content\/uploads\/2025\/02\/colata-lavica-trekking-guida-vulcanologica-etna-sud-200x300.jpg 200w, https:\/\/pianoprovenzana.it\/wp-content\/uploads\/2025\/02\/colata-lavica-trekking-guida-vulcanologica-etna-sud-768x1152.jpg 768w, https:\/\/pianoprovenzana.it\/wp-content\/uploads\/2025\/02\/colata-lavica-trekking-guida-vulcanologica-etna-sud-1024x1536.jpg 1024w\" sizes=\"auto, (max-width: 1200px) 100vw, 1200px\" \/><\/figure>\n<\/div>\n<\/div>\n\n<p>Photo : <em>Les 2 photos ci-dessus proviennent de l&rsquo;excursion d&rsquo;observation des coul\u00e9es de lave en f\u00e9vrier 2025.<\/em><\/p>\n","protected":false},"excerpt":{"rendered":"<p>\ud83d\udd25 Uniquement pendant les \u00e9ruptions \ud83c\udf0b Exp\u00e9rience rare sur l&rsquo;Etna \u26a0\ufe0f Disponibilit\u00e9 limit\u00e9e FAQ<\/p>\n","protected":false},"author":2,"featured_media":12471,"parent":13240,"menu_order":436,"comment_status":"closed","ping_status":"closed","template":"page-excursion.php","meta":{"_acf_changed":false,"footnotes":""},"class_list":["post-12430","page","type-page","status-publish","has-post-thumbnail","hentry"],"acf":[],"_links":{"self":[{"href":"https:\/\/pianoprovenzana.it\/fr\/wp-json\/wp\/v2\/pages\/12430","targetHints":{"allow":["GET"]}}],"collection":[{"href":"https:\/\/pianoprovenzana.it\/fr\/wp-json\/wp\/v2\/pages"}],"about":[{"href":"https:\/\/pianoprovenzana.it\/fr\/wp-json\/wp\/v2\/types\/page"}],"author":[{"embeddable":true,"href":"https:\/\/pianoprovenzana.it\/fr\/wp-json\/wp\/v2\/users\/2"}],"replies":[{"embeddable":true,"href":"https:\/\/pianoprovenzana.it\/fr\/wp-json\/wp\/v2\/comments?post=12430"}],"version-history":[{"count":0,"href":"https:\/\/pianoprovenzana.it\/fr\/wp-json\/wp\/v2\/pages\/12430\/revisions"}],"up":[{"embeddable":true,"href":"https:\/\/pianoprovenzana.it\/fr\/wp-json\/wp\/v2\/pages\/13240"}],"wp:featuredmedia":[{"embeddable":true,"href":"https:\/\/pianoprovenzana.it\/fr\/wp-json\/wp\/v2\/media\/12471"}],"wp:attachment":[{"href":"https:\/\/pianoprovenzana.it\/fr\/wp-json\/wp\/v2\/media?parent=12430"}],"curies":[{"name":"wp","href":"https:\/\/api.w.org\/{rel}","templated":true}]}}