{"id":12662,"date":"2021-01-31T23:23:13","date_gmt":"2021-01-31T22:23:13","guid":{"rendered":"https:\/\/pianoprovenzana.it\/souvenir\/"},"modified":"2026-03-31T14:16:49","modified_gmt":"2026-03-31T12:16:49","slug":"souvenir","status":"publish","type":"page","link":"https:\/\/pianoprovenzana.it\/fr\/info\/achats\/souvenir\/","title":{"rendered":"Souvenir"},"content":{"rendered":"\n<h2 class=\"wp-block-heading\"><strong>Boutiques de souvenirs Etna Nord<\/strong><\/h2>\n\n\n\n<p>Lors de votre s\u00e9jour \u00e0 Piano Provenzana, si vous d\u00e9cidez de rapporter un souvenir, vous pouvez visiter les boutiques de souvenirs de l&rsquo;Etna.<\/p>\n\n\n\n<p>\u00c0 l&rsquo;int\u00e9rieur, vous trouverez de nombreux objets fantastiques en lave, en c\u00e9ramique, des liqueurs traditionnelles, des photographies et des vid\u00e9os, ainsi que des articles portant le logo de l&rsquo;Etna.<\/p>\n\n\n\n<h3 class=\"wp-block-heading has-text-align-center\"><strong>Souvenirs \u00e0 Piano Provenzana<\/strong><\/h3>\n\n\n\n<div class=\"wp-block-columns is-layout-flex wp-container-core-columns-is-layout-9d6595d7 wp-block-columns-is-layout-flex\">\n<div class=\"wp-block-column is-layout-flow wp-block-column-is-layout-flow\">\n<h3 class=\"wp-block-heading\"><strong>La capannetta<\/strong><\/h3>\n\n\n\n<p>Place du t\u00e9l\u00e9si\u00e8ge<\/p>\n\n\n\n<p>\u2713 Souvenir<br> \u2713 Produits locaux<br> \u2713 V\u00eatements<\/p>\n<\/div>\n\n\n\n<div class=\"wp-block-column is-layout-flow wp-block-column-is-layout-flow\">\n<figure class=\"wp-block-image size-medium\"><img loading=\"lazy\" decoding=\"async\" width=\"300\" height=\"300\" src=\"https:\/\/pianoprovenzana.it\/wp-content\/uploads\/2021\/02\/la-capanetta-piano-provenzana-300x300.jpg\" alt=\"\" class=\"wp-image-2444\" title=\"\" srcset=\"https:\/\/pianoprovenzana.it\/wp-content\/uploads\/2021\/02\/la-capanetta-piano-provenzana-300x300.jpg 300w, https:\/\/pianoprovenzana.it\/wp-content\/uploads\/2021\/02\/la-capanetta-piano-provenzana-1024x1024.jpg 1024w, https:\/\/pianoprovenzana.it\/wp-content\/uploads\/2021\/02\/la-capanetta-piano-provenzana-150x150.jpg 150w, https:\/\/pianoprovenzana.it\/wp-content\/uploads\/2021\/02\/la-capanetta-piano-provenzana-768x768.jpg 768w, https:\/\/pianoprovenzana.it\/wp-content\/uploads\/2021\/02\/la-capanetta-piano-provenzana-1200x1200.jpg 1200w, https:\/\/pianoprovenzana.it\/wp-content\/uploads\/2021\/02\/la-capanetta-piano-provenzana.jpg 1353w\" sizes=\"auto, (max-width: 300px) 100vw, 300px\" \/><\/figure>\n<\/div>\n<\/div>\n\n\n\n<div class=\"wp-block-columns is-layout-flex wp-container-core-columns-is-layout-9d6595d7 wp-block-columns-is-layout-flex\">\n<div class=\"wp-block-column is-layout-flow wp-block-column-is-layout-flow\">\n<h3 class=\"wp-block-heading\"><strong>Baita Mareneve<\/strong><\/h3>\n\n\n\n<p>place du t\u00e9l\u00e9si\u00e8ge<\/p>\n\n\n\n<p>\u2713 Statues de lave<br> \u2713 Souvenir<br> \u2713 Alcools<\/p>\n\n\n\n<p><\/p>\n<\/div>\n\n\n\n<div class=\"wp-block-column is-layout-flow wp-block-column-is-layout-flow\">\n<figure class=\"wp-block-image size-medium\"><img loading=\"lazy\" decoding=\"async\" width=\"300\" height=\"300\" src=\"https:\/\/pianoprovenzana.it\/wp-content\/uploads\/2021\/02\/baita-mareneve-souvenir-piano-provenzana-300x300.jpg\" alt=\"\" class=\"wp-image-2462\" title=\"\" srcset=\"https:\/\/pianoprovenzana.it\/wp-content\/uploads\/2021\/02\/baita-mareneve-souvenir-piano-provenzana-300x300.jpg 300w, https:\/\/pianoprovenzana.it\/wp-content\/uploads\/2021\/02\/baita-mareneve-souvenir-piano-provenzana-150x150.jpg 150w, https:\/\/pianoprovenzana.it\/wp-content\/uploads\/2021\/02\/baita-mareneve-souvenir-piano-provenzana-768x768.jpg 768w, https:\/\/pianoprovenzana.it\/wp-content\/uploads\/2021\/02\/baita-mareneve-souvenir-piano-provenzana.jpg 1000w\" sizes=\"auto, (max-width: 300px) 100vw, 300px\" \/><\/figure>\n<\/div>\n<\/div>\n\n\n\n<div class=\"wp-block-columns is-layout-flex wp-container-core-columns-is-layout-9d6595d7 wp-block-columns-is-layout-flex\">\n<div class=\"wp-block-column is-layout-flow wp-block-column-is-layout-flow\">\n<h3 class=\"wp-block-heading\"><strong>Etna Tre<\/strong><\/h3>\n\n\n\n<p>place du t\u00e9l\u00e9si\u00e8ge<\/p>\n\n\n\n<p>\u2713 Souvenir<br> \u2713 Chaussures<br> \u2713 Produits locaux<\/p>\n\n\n\n<p><br><\/p>\n<\/div>\n\n\n\n<div class=\"wp-block-column is-layout-flow wp-block-column-is-layout-flow\">\n<figure class=\"wp-block-image size-medium\"><img loading=\"lazy\" decoding=\"async\" width=\"300\" height=\"300\" src=\"https:\/\/pianoprovenzana.it\/wp-content\/uploads\/2021\/02\/etnatre-linguaglossa-souvenir-300x300.jpg\" alt=\"\" class=\"wp-image-2453\" title=\"\" srcset=\"https:\/\/pianoprovenzana.it\/wp-content\/uploads\/2021\/02\/etnatre-linguaglossa-souvenir-300x300.jpg 300w, https:\/\/pianoprovenzana.it\/wp-content\/uploads\/2021\/02\/etnatre-linguaglossa-souvenir-150x150.jpg 150w, https:\/\/pianoprovenzana.it\/wp-content\/uploads\/2021\/02\/etnatre-linguaglossa-souvenir.jpg 511w\" sizes=\"auto, (max-width: 300px) 100vw, 300px\" \/><\/figure>\n<\/div>\n<\/div>\n\n\n\n<div class=\"wp-block-columns is-layout-flex wp-container-core-columns-is-layout-9d6595d7 wp-block-columns-is-layout-flex\">\n<div class=\"wp-block-column is-layout-flow wp-block-column-is-layout-flow\">\n<h3 class=\"wp-block-heading\"><strong>Etna Souvenir<\/strong><\/h3>\n\n\n\n<p>Place Piano Provenzana<\/p>\n\n\n\n<p>\u2713 Souvenir<br> \u2713 Cartes postales<br> \u2713 Produits locaux<\/p>\n<\/div>\n\n\n\n<div class=\"wp-block-column is-layout-flow wp-block-column-is-layout-flow\">\n<figure class=\"wp-block-image size-medium\"><img loading=\"lazy\" decoding=\"async\" width=\"300\" height=\"300\" src=\"https:\/\/pianoprovenzana.it\/wp-content\/uploads\/2021\/02\/etna-souvenir-piano-provenzana-300x300.jpg\" alt=\"\" class=\"wp-image-2460\" title=\"\" srcset=\"https:\/\/pianoprovenzana.it\/wp-content\/uploads\/2021\/02\/etna-souvenir-piano-provenzana-300x300.jpg 300w, https:\/\/pianoprovenzana.it\/wp-content\/uploads\/2021\/02\/etna-souvenir-piano-provenzana-150x150.jpg 150w, https:\/\/pianoprovenzana.it\/wp-content\/uploads\/2021\/02\/etna-souvenir-piano-provenzana-768x768.jpg 768w, https:\/\/pianoprovenzana.it\/wp-content\/uploads\/2021\/02\/etna-souvenir-piano-provenzana.jpg 777w\" sizes=\"auto, (max-width: 300px) 100vw, 300px\" \/><\/figure>\n<\/div>\n<\/div>\n\n\n\n<div class=\"wp-block-columns is-layout-flex wp-container-core-columns-is-layout-9d6595d7 wp-block-columns-is-layout-flex\">\n<div class=\"wp-block-column is-layout-flow wp-block-column-is-layout-flow\">\n<h3 class=\"wp-block-heading\"><strong>Ethni<\/strong>c<\/h3>\n\n\n\n<p>Place Piano Provenzana<\/p>\n\n\n\n<p>\u2713 Exposition photographique<br> \u2713 Vid\u00e9o<br> \u2713 Souvenir<br><\/p>\n\n\n\n<p><\/p>\n<\/div>\n\n\n\n<div class=\"wp-block-column is-layout-flow wp-block-column-is-layout-flow\">\n<figure class=\"wp-block-image size-medium\"><img loading=\"lazy\" decoding=\"async\" width=\"300\" height=\"300\" src=\"https:\/\/pianoprovenzana.it\/wp-content\/uploads\/2021\/02\/ethnic-souvenir-300x300.jpg\" alt=\"\" class=\"wp-image-2442\" title=\"\" srcset=\"https:\/\/pianoprovenzana.it\/wp-content\/uploads\/2021\/02\/ethnic-souvenir-300x300.jpg 300w, https:\/\/pianoprovenzana.it\/wp-content\/uploads\/2021\/02\/ethnic-souvenir-150x150.jpg 150w, https:\/\/pianoprovenzana.it\/wp-content\/uploads\/2021\/02\/ethnic-souvenir.jpg 425w\" sizes=\"auto, (max-width: 300px) 100vw, 300px\" \/><\/figure>\n<\/div>\n<\/div>\n\n\n\n<div class=\"wp-block-columns is-layout-flex wp-container-core-columns-is-layout-9d6595d7 wp-block-columns-is-layout-flex\">\n<div class=\"wp-block-column is-layout-flow wp-block-column-is-layout-flow\">\n<h3 class=\"wp-block-heading\"><strong>Baita dell&rsquo;Etna<\/strong><\/h3>\n\n\n\n<p>Place Piano Provenzana<\/p>\n\n\n\n<p>\u2713 Souvenir<br> \u2713 Cartes postales<br> \u2713 Produits locaux<\/p>\n<\/div>\n\n\n\n<div class=\"wp-block-column is-layout-flow wp-block-column-is-layout-flow\">\n<figure class=\"wp-block-image size-medium\"><img loading=\"lazy\" decoding=\"async\" width=\"300\" height=\"300\" src=\"https:\/\/pianoprovenzana.it\/wp-content\/uploads\/2021\/02\/baita-dell-etna-souvenir-piano-provenzana-300x300.jpg\" alt=\"\" class=\"wp-image-2461\" title=\"\" srcset=\"https:\/\/pianoprovenzana.it\/wp-content\/uploads\/2021\/02\/baita-dell-etna-souvenir-piano-provenzana-300x300.jpg 300w, https:\/\/pianoprovenzana.it\/wp-content\/uploads\/2021\/02\/baita-dell-etna-souvenir-piano-provenzana-150x150.jpg 150w, https:\/\/pianoprovenzana.it\/wp-content\/uploads\/2021\/02\/baita-dell-etna-souvenir-piano-provenzana-768x768.jpg 768w, https:\/\/pianoprovenzana.it\/wp-content\/uploads\/2021\/02\/baita-dell-etna-souvenir-piano-provenzana.jpg 1000w\" sizes=\"auto, (max-width: 300px) 100vw, 300px\" \/><\/figure>\n<\/div>\n<\/div>\n\n\n\n<div class=\"wp-block-columns is-layout-flex wp-container-core-columns-is-layout-9d6595d7 wp-block-columns-is-layout-flex\">\n<div class=\"wp-block-column is-layout-flow wp-block-column-is-layout-flow\">\n<h3 class=\"wp-block-heading\"><strong>Sole neve<\/strong><\/h3>\n\n\n\n<p>Place Piano Provenzana<\/p>\n\n\n\n<p>\u2713 Produits locaux<br> \u2713 Souvenir<br> \u2713 V\u00eatements<\/p>\n\n\n\n<p><br><\/p>\n<\/div>\n\n\n\n<div class=\"wp-block-column is-layout-flow wp-block-column-is-layout-flow\">\n<figure class=\"wp-block-image size-medium\"><img loading=\"lazy\" decoding=\"async\" width=\"300\" height=\"300\" src=\"https:\/\/pianoprovenzana.it\/wp-content\/uploads\/2021\/02\/sole-neve-souvenir-piano-provenzana-300x300.jpg\" alt=\"\" class=\"wp-image-2455\" title=\"\" srcset=\"https:\/\/pianoprovenzana.it\/wp-content\/uploads\/2021\/02\/sole-neve-souvenir-piano-provenzana-300x300.jpg 300w, https:\/\/pianoprovenzana.it\/wp-content\/uploads\/2021\/02\/sole-neve-souvenir-piano-provenzana-150x150.jpg 150w, https:\/\/pianoprovenzana.it\/wp-content\/uploads\/2021\/02\/sole-neve-souvenir-piano-provenzana.jpg 401w\" sizes=\"auto, (max-width: 300px) 100vw, 300px\" \/><\/figure>\n<\/div>\n<\/div>\n\n\n\n<div class=\"wp-block-columns is-layout-flex wp-container-core-columns-is-layout-9d6595d7 wp-block-columns-is-layout-flex\">\n<div class=\"wp-block-column is-layout-flow wp-block-column-is-layout-flow\">\n<div class=\"wp-block-columns is-layout-flex wp-container-core-columns-is-layout-9d6595d7 wp-block-columns-is-layout-flex\">\n<div class=\"wp-block-column is-layout-flow wp-block-column-is-layout-flow\">\n<h3 class=\"wp-block-heading\"><strong>Elena souvenir<\/strong><\/h3>\n\n\n\n<p>Place Piano Provenzana<\/p>\n\n\n\n<p>\u2713 C\u00e9ramiques<br> \u2713 Souvenir<br> \u2713 Cartes postales<\/p>\n<\/div>\n\n\n\n<div class=\"wp-block-column is-layout-flow wp-block-column-is-layout-flow\">\n<figure class=\"wp-block-image size-medium\"><img loading=\"lazy\" decoding=\"async\" width=\"300\" height=\"300\" src=\"https:\/\/pianoprovenzana.it\/wp-content\/uploads\/2021\/02\/souvenir-elena-piano-provenzana-300x300.jpg\" alt=\"\" class=\"wp-image-2449\" title=\"\" srcset=\"https:\/\/pianoprovenzana.it\/wp-content\/uploads\/2021\/02\/souvenir-elena-piano-provenzana-300x300.jpg 300w, https:\/\/pianoprovenzana.it\/wp-content\/uploads\/2021\/02\/souvenir-elena-piano-provenzana-150x150.jpg 150w, https:\/\/pianoprovenzana.it\/wp-content\/uploads\/2021\/02\/souvenir-elena-piano-provenzana.jpg 438w\" sizes=\"auto, (max-width: 300px) 100vw, 300px\" \/><\/figure>\n<\/div>\n<\/div>\n<\/div>\n<\/div>\n\n\n\n<div class=\"wp-block-columns is-layout-flex wp-container-core-columns-is-layout-9d6595d7 wp-block-columns-is-layout-flex\">\n<div class=\"wp-block-column is-layout-flow wp-block-column-is-layout-flow\"><\/div>\n\n\n\n<div class=\"wp-block-column is-layout-flow wp-block-column-is-layout-flow\">\n<p><\/p>\n<\/div>\n<\/div>\n\n\n\n<h3 class=\"wp-block-heading has-text-align-center\"><strong>Boutique de min\u00e9raux<\/strong><\/h3>\n\n\n\n<div class=\"wp-block-columns is-layout-flex wp-container-core-columns-is-layout-9d6595d7 wp-block-columns-is-layout-flex\">\n<div class=\"wp-block-column is-layout-flow wp-block-column-is-layout-flow\">\n<h3 class=\"wp-block-heading\"><strong>Esposizione minerali<\/strong><\/h3>\n\n\n\n<p><br>Via Roma, 212,<br> 95015 Linguaglossa<br> T\u00e9l\u00e9phone : 320 064 3497<\/p>\n<\/div>\n\n\n\n<div class=\"wp-block-column is-layout-flow wp-block-column-is-layout-flow\">\n<figure class=\"wp-block-image size-medium\"><img loading=\"lazy\" decoding=\"async\" width=\"300\" height=\"300\" src=\"https:\/\/pianoprovenzana.it\/wp-content\/uploads\/2021\/02\/esposizione-minerali-vulcanici-linguaglossa-300x300.jpg\" alt=\"\" class=\"wp-image-2441\" title=\"\" srcset=\"https:\/\/pianoprovenzana.it\/wp-content\/uploads\/2021\/02\/esposizione-minerali-vulcanici-linguaglossa-300x300.jpg 300w, https:\/\/pianoprovenzana.it\/wp-content\/uploads\/2021\/02\/esposizione-minerali-vulcanici-linguaglossa-150x150.jpg 150w, https:\/\/pianoprovenzana.it\/wp-content\/uploads\/2021\/02\/esposizione-minerali-vulcanici-linguaglossa.jpg 585w\" sizes=\"auto, (max-width: 300px) 100vw, 300px\" \/><\/figure>\n<\/div>\n<\/div>\n\n\n\n<div class=\"wp-block-columns is-layout-flex wp-container-core-columns-is-layout-9d6595d7 wp-block-columns-is-layout-flex\">\n<div class=\"wp-block-column is-layout-flow wp-block-column-is-layout-flow\"><\/div>\n\n\n\n<div class=\"wp-block-column is-layout-flow wp-block-column-is-layout-flow\"><\/div>\n<\/div>\n\n\n\n<h3 class=\"wp-block-heading has-text-align-center\"><strong>Magasin de vins \u00e0 Linguaglossa<\/strong><\/h3>\n\n\n\n<div class=\"wp-block-columns is-layout-flex wp-container-core-columns-is-layout-9d6595d7 wp-block-columns-is-layout-flex\">\n<div class=\"wp-block-column is-layout-flow wp-block-column-is-layout-flow\">\n<h3 class=\"wp-block-heading\"><strong>Il vino della Rosa<\/strong><\/h3>\n\n\n\n<p><br>Via Roma, 116<br> 95015 Linguaglossa<br> T\u00e9l\u00e9phone : 095 643134<\/p>\n<\/div>\n\n\n\n<div class=\"wp-block-column is-layout-flow wp-block-column-is-layout-flow\">\n<figure class=\"wp-block-image size-medium\"><img loading=\"lazy\" decoding=\"async\" width=\"300\" height=\"300\" src=\"https:\/\/pianoprovenzana.it\/wp-content\/uploads\/2021\/02\/il-vino-della-rosa-linguaglossa-300x300.jpg\" alt=\"\" class=\"wp-image-2443\" title=\"\" srcset=\"https:\/\/pianoprovenzana.it\/wp-content\/uploads\/2021\/02\/il-vino-della-rosa-linguaglossa-300x300.jpg 300w, https:\/\/pianoprovenzana.it\/wp-content\/uploads\/2021\/02\/il-vino-della-rosa-linguaglossa-150x150.jpg 150w, https:\/\/pianoprovenzana.it\/wp-content\/uploads\/2021\/02\/il-vino-della-rosa-linguaglossa-768x768.jpg 768w, https:\/\/pianoprovenzana.it\/wp-content\/uploads\/2021\/02\/il-vino-della-rosa-linguaglossa.jpg 946w\" sizes=\"auto, (max-width: 300px) 100vw, 300px\" \/><\/figure>\n<\/div>\n<\/div>\n\n\n\n<div class=\"wp-block-columns is-layout-flex wp-container-core-columns-is-layout-9d6595d7 wp-block-columns-is-layout-flex\">\n<div class=\"wp-block-column is-layout-flow wp-block-column-is-layout-flow\"><\/div>\n\n\n\n<div class=\"wp-block-column is-layout-flow wp-block-column-is-layout-flow\"><\/div>\n<\/div>\n\n\n\n<p><\/p>\n","protected":false},"excerpt":{"rendered":"<p>Boutiques de souvenirs Etna Nord Lors de votre s\u00e9jour \u00e0 Piano Provenzana, si vous d\u00e9cidez de rapporter un souvenir, vous pouvez visiter les boutiques de souvenirs de l&rsquo;Etna. \u00c0 l&rsquo;int\u00e9rieur, vous trouverez de nombreux objets fantastiques en lave, en c\u00e9ramique, des liqueurs traditionnelles, des photographies et des vid\u00e9os, ainsi que des articles portant le logo [&hellip;]<\/p>\n","protected":false},"author":2,"featured_media":12666,"parent":12873,"menu_order":291,"comment_status":"closed","ping_status":"closed","template":"","meta":{"_acf_changed":false,"footnotes":""},"class_list":["post-12662","page","type-page","status-publish","has-post-thumbnail","hentry"],"acf":[],"_links":{"self":[{"href":"https:\/\/pianoprovenzana.it\/fr\/wp-json\/wp\/v2\/pages\/12662","targetHints":{"allow":["GET"]}}],"collection":[{"href":"https:\/\/pianoprovenzana.it\/fr\/wp-json\/wp\/v2\/pages"}],"about":[{"href":"https:\/\/pianoprovenzana.it\/fr\/wp-json\/wp\/v2\/types\/page"}],"author":[{"embeddable":true,"href":"https:\/\/pianoprovenzana.it\/fr\/wp-json\/wp\/v2\/users\/2"}],"replies":[{"embeddable":true,"href":"https:\/\/pianoprovenzana.it\/fr\/wp-json\/wp\/v2\/comments?post=12662"}],"version-history":[{"count":3,"href":"https:\/\/pianoprovenzana.it\/fr\/wp-json\/wp\/v2\/pages\/12662\/revisions"}],"predecessor-version":[{"id":13650,"href":"https:\/\/pianoprovenzana.it\/fr\/wp-json\/wp\/v2\/pages\/12662\/revisions\/13650"}],"up":[{"embeddable":true,"href":"https:\/\/pianoprovenzana.it\/fr\/wp-json\/wp\/v2\/pages\/12873"}],"wp:featuredmedia":[{"embeddable":true,"href":"https:\/\/pianoprovenzana.it\/fr\/wp-json\/wp\/v2\/media\/12666"}],"wp:attachment":[{"href":"https:\/\/pianoprovenzana.it\/fr\/wp-json\/wp\/v2\/media?parent=12662"}],"curies":[{"name":"wp","href":"https:\/\/api.w.org\/{rel}","templated":true}]}}