{"id":12675,"date":"2021-02-08T22:19:07","date_gmt":"2021-02-08T21:19:07","guid":{"rendered":"https:\/\/pianoprovenzana.it\/tour-en-velo-electrique-etna-nord-jusqua-3000-m-pizzi-deneri\/"},"modified":"2026-03-24T17:57:26","modified_gmt":"2026-03-24T16:57:26","slug":"tour-en-velo-electrique-etna-nord-jusqua-3000-m-pizzi-deneri","status":"publish","type":"page","link":"https:\/\/pianoprovenzana.it\/fr\/excursions-etna\/tour-en-velo-electrique-etna-nord-jusqua-3000-m-pizzi-deneri\/","title":{"rendered":"Tour en v\u00e9lo \u00e9lectrique Etna Nord jusqu\u2019\u00e0 3000 m \u2013 Pizzi Deneri"},"content":{"rendered":"\n<h2 class=\"wp-block-heading\"><strong>FAQ<\/strong><\/h2>\n<div id=\"rank-math-faq\" class=\"rank-math-block\">\n<div class=\"rank-math-list \">\n<div id=\"faq-question-1773072488305\" class=\"rank-math-list-item\">\n<h3 class=\"rank-math-question \">1. Avez-vous besoin d&rsquo;exp\u00e9rience pour participer \u00e0 cette excursion en v\u00e9lo \u00e9lectrique sur l&rsquo;Etna&nbsp;?<\/h3>\n<div class=\"rank-math-answer \">\n\n<p>Vous n&rsquo;avez pas besoin d&rsquo;\u00eatre un cycliste professionnel, mais vous devez \u00eatre en bonne condition physique.<br \/> Les v\u00e9los \u00e9lectriques sont d&rsquo;une grande aide pour l&rsquo;ascension vers Piano delle Concazze et Pizzi Deneri, mais l&rsquo;itin\u00e9raire reste une excursion sportive sur un terrain volcanique.<\/p>\n\n<\/div>\n<\/div>\n<div id=\"faq-question-1773147237661\" class=\"rank-math-list-item\">\n<h3 class=\"rank-math-question \">2. Jusqu&rsquo;\u00e0 quelle altitude peut-on monter avec un v\u00e9lo \u00e9lectrique ?<\/h3>\n<div class=\"rank-math-answer \">\n\n<p>Le circuit commence \u00e0 Piano Provenzana (1800 m\u00e8tres) et monte jusqu&rsquo;\u00e0 environ 2800\u20132850 m\u00e8tres, pr\u00e8s de l&rsquo;observatoire volcanologique de Pizzi Deneri.<br \/> D&rsquo;ici, vous pourrez profiter d&rsquo;une des vues les plus spectaculaires de l&rsquo;Etna septentrional, surplombant les crat\u00e8res sommitaux, la Valle del Bove et la c\u00f4te ionienne.<\/p>\n\n<\/div>\n<\/div>\n<div id=\"faq-question-1773147253402\" class=\"rank-math-list-item\">\n<h3 class=\"rank-math-question \">3. Quelle est la longueur du trajet ?<\/h3>\n<div class=\"rank-math-answer \">\n\n<p>Le parcours total est d&rsquo;environ 29 km, avec un d\u00e9nivel\u00e9 d&rsquo;environ 1300 m\u00e8tres entre la mont\u00e9e et la descente.<br \/> La descente se fait principalement dans des ravins de sable volcanique, ce qui rend le retour tr\u00e8s amusant.<\/p>\n\n<\/div>\n<\/div>\n<div id=\"faq-question-1773147267811\" class=\"rank-math-list-item\">\n<h3 class=\"rank-math-question \">4. Quel type de terrain le circuit traverse-t-il ?<\/h3>\n<div class=\"rank-math-answer \">\n\n<p>Le circuit se d\u00e9roule sur des chemins de terre et des sentiers volcaniques typiques du nord de l&rsquo;Etna.<br \/> Vous traverserez des coul\u00e9es de lave, des sables volcaniques et d&rsquo;anciens sentiers de montagne, toujours accompagn\u00e9 d&rsquo;un guide.<\/p>\n\n<\/div>\n<\/div>\n<div id=\"faq-question-1773147281112\" class=\"rank-math-list-item\">\n<h3 class=\"rank-math-question \">5. Quels v\u00eatements sont recommand\u00e9s pour l&rsquo;excursion ?<\/h3>\n<div class=\"rank-math-answer \">\n\n<p>Nous vous recommandons de porter :<br \/> \u2022 v\u00eatements superpos\u00e9s<br \/> \u2022 des chaussures de randonn\u00e9e ou de sport robustes<br \/> \u2022 coupe-vent ou doudoune l\u00e9g\u00e8re<br \/> \u2022 lunettes de soleil<br \/> Sur l&rsquo;Etna, la temp\u00e9rature peut changer rapidement avec l&rsquo;altitude.<\/p>\n\n<\/div>\n<\/div>\n<div id=\"faq-question-1773147296509\" class=\"rank-math-list-item\">\n<h3 class=\"rank-math-question \">6. Que dois-je emporter dans mon sac \u00e0 dos ?<\/h3>\n<div class=\"rank-math-answer \">\n\n<p>Lors de l&rsquo;excursion, nous vous recommandons d&rsquo;apporter&nbsp;:<br \/> \u2022 au moins 1,5 litre d&rsquo;eau<br \/> \u2022 d\u00e9jeuner \u00e0 emporter<br \/> \u2022 collations \u00e9nerg\u00e9tiques<br \/> \u2022 une veste<br \/> \u2022 cr\u00e8me solaire<\/p>\n\n<\/div>\n<\/div>\n<div id=\"faq-question-1773147310776\" class=\"rank-math-list-item\">\n<h3 class=\"rank-math-question \">7. Que se passe-t-il si le temps est mauvais ?<\/h3>\n<div class=\"rank-math-answer \">\n\n<p>Les conditions m\u00e9t\u00e9orologiques sur l&rsquo;Etna peuvent changer rapidement.<br \/> Si les conditions m\u00e9t\u00e9orologiques ne permettent pas une visite en toute s\u00e9curit\u00e9, le guide peut modifier l&rsquo;itin\u00e9raire ou reporter l&rsquo;excursion \u00e0 une autre date disponible.<br \/> La s\u00e9curit\u00e9 des participants est toujours la priorit\u00e9.<\/p>\n\n<\/div>\n<\/div>\n<div id=\"faq-question-1773147324298\" class=\"rank-math-list-item\">\n<h3 class=\"rank-math-question \">8. D&rsquo;o\u00f9 part le circuit en v\u00e9lo \u00e9lectrique Etna Nord ?<\/h3>\n<div class=\"rank-math-answer \">\n\n<p>L&rsquo;excursion commence \u00e0 Piano Provenzana (Etna Nord), \u00e0 environ 1800 m\u00e8tres d&rsquo;altitude.<br \/> Apr\u00e8s votre r\u00e9servation, vous recevrez tous les d\u00e9tails concernant le point de rencontre et comment vous y rendre.<\/p>\n\n<\/div>\n<\/div>\n<div id=\"faq-question-1773147334611\" class=\"rank-math-list-item\">\n<h3 class=\"rank-math-question \">9. Est-ce une exp\u00e9rience adapt\u00e9e aux d\u00e9butants ?<\/h3>\n<div class=\"rank-math-answer \">\n\n<p>Ce circuit est r\u00e9serv\u00e9 aux cyclistes exp\u00e9riment\u00e9s en VTT et en excellente condition physique. Malgr\u00e9 l&rsquo;utilisation de v\u00e9los \u00e9lectriques, le parcours reste exigeant en raison de l&rsquo;altitude, du terrain volcanique et du d\u00e9nivel\u00e9. Il est donc d\u00e9conseill\u00e9 aux d\u00e9butants.  <\/p>\n\n<\/div>\n<\/div>\n<\/div>\n<\/div>\n<!--nextpage-->\n\n<p>L&rsquo;excursion en v\u00e9lo \u00e9lectrique de Pizzi Deneri est id\u00e9ale pour d\u00e9couvrir le c\u00f4t\u00e9 volcanique de l&rsquo;Etna. Le parcours d\u00e9bute sur un chemin de terre \u00e0 1\u00a0800 m\u00e8tres d&rsquo;altitude et grimpe jusqu&rsquo;\u00e0 2\u00a0800 m\u00e8tres, pr\u00e8s de l&rsquo;observatoire volcanologique de Pizzi Deneri. <\/p>\n\n<p>\u00c0 2\u00a0800 m\u00e8tres d\u2019altitude, vous pourrez admirer un paysage lunaire sauvage et spectaculaire, ainsi que toute la c\u00f4te ionienne jusqu\u2019aux \u00eeles \u00c9oliennes. Le retour se fait par une descente sablonneuse \u00e0 travers des ravins jusqu\u2019au ruisseau de la Quarantaine. <\/p>\n\n<ul class=\"wp-block-list\">\n<li>Itin\u00e9raire : km 29<\/li>\n\n\n\n<li>Diff\u00e9rence d&rsquo;altitude : +\/- 1300<\/li>\n\n\n\n<li>D\u00e9jeuner \u00e0 emporter<\/li>\n\n\n\n<li>V\u00eatements superpos\u00e9s (selon la saison)<\/li>\n\n\n\n<li>chaussures de randonn\u00e9e<\/li>\n\n\n\n<li>Coupe-vent ou doudoune (selon la saison)<\/li>\n\n\n\n<li>Eau \u2013 minimum 1,5 litre<\/li>\n<\/ul>\n\n<h3 class=\"wp-block-heading\"><strong>D\u00e9tails de l&rsquo;excursion en v\u00e9lo \u00e9lectrique Pizzi Deneri<\/strong><\/h3>\n\n<p>L&rsquo;itin\u00e9raire nous m\u00e8nera \u00e0 travers une vari\u00e9t\u00e9 de paysages uniques. Au d\u00e9part de Piano Provenzana, nous admirerons les vestiges de l&rsquo;ancienne station touristique d\u00e9truite en 2002. Puis, au milieu des champs de lave, nous traverserons un lieu \u00e9vocateur o\u00f9 nature et histoire s&rsquo;entrem\u00ealent dans une harmonie intemporelle. <\/p>\n\n<p>Nous grimperons jusqu&rsquo;aux 2002 crat\u00e8res, \u00e0 2\u00a0100 m\u00e8tres d&rsquo;altitude. Nous poursuivrons notre route vers Piano delle Concazze, un lieu d&rsquo;une beaut\u00e9 et d&rsquo;un charme exceptionnels. L\u00e0, nous admirerons le spectacle de la nature et c\u00e9l\u00e9brerons notre aventure sur le majestueux Etna.<br\/> Notre circuit s&rsquo;ach\u00e8ve \u00e0 Pizzi Deneri, \u00e0 2845 m\u00e8tres d&rsquo;altitude, qui offre une vue spectaculaire sur une ville lunaire et les crat\u00e8res actifs du sommet.    <\/p>\n\n<p><strong>Inclus dans le circuit<\/strong><\/p>\n\n<p><mark style=\"background-color:rgba(0, 0, 0, 0)\" class=\"has-inline-color has-vivid-green-cyan-color\">\u2714<\/mark> Location de v\u00e9los \u00e9lectriques<br\/> <mark style=\"background-color:rgba(0, 0, 0, 0)\" class=\"has-inline-color has-vivid-green-cyan-color\">\u2714<\/mark> Casque<br\/> <mark style=\"background-color:rgba(0, 0, 0, 0)\" class=\"has-inline-color has-vivid-green-cyan-color\">\u2714<\/mark> Guide touristique<br\/> <mark style=\"background-color:rgba(0, 0, 0, 0)\" class=\"has-inline-color has-vivid-green-cyan-color\">\u2714<\/mark> Arr\u00eat panoramique<\/p>\n\n<p><strong>Exclu de la visite<\/strong><\/p>\n\n<p>V\u00eatements de cyclisme <strong><mark style=\"background-color:rgba(0, 0, 0, 0)\" class=\"has-inline-color has-vivid-red-color\">X<\/mark><\/strong><br\/> <strong><mark style=\"background-color:rgba(0, 0, 0, 0)\" class=\"has-inline-color has-vivid-red-color\">Boissons<\/mark><\/strong> et nourriture<br\/> <strong><mark style=\"background-color:rgba(0, 0, 0, 0)\" class=\"has-inline-color has-vivid-red-color\">Conseil<\/mark><\/strong> pour le guide (non obligatoire)<\/p>\n\n<p><strong>Guide<\/strong><br\/> La visite sera accompagn\u00e9e de guides experts et professionnels qui vous aideront \u00e0 appr\u00e9cier et \u00e0 respecter la nature.<\/p>\n\n<p><strong>V\u00eatements recommand\u00e9s<\/strong><br\/> Emportez toujours une veste. La temp\u00e9rature peut parfois baisser l\u00e9g\u00e8rement en altitude. Il est \u00e9galement conseill\u00e9 de porter des chaussures confortables et ferm\u00e9es, comme de bonnes baskets ou des chaussures de randonn\u00e9e. N&rsquo;oubliez pas vos lunettes de soleil pour vous prot\u00e9ger les yeux de la poussi\u00e8re. Pensez aussi \u00e0 prendre un sac \u00e0 dos.      <\/p>\n\n<p><\/p>\n","protected":false},"excerpt":{"rendered":"<p>FAQ<\/p>\n","protected":false},"author":3,"featured_media":12676,"parent":13240,"menu_order":390,"comment_status":"closed","ping_status":"closed","template":"page-excursion.php","meta":{"_acf_changed":false,"footnotes":""},"class_list":["post-12675","page","type-page","status-publish","has-post-thumbnail","hentry"],"acf":[],"_links":{"self":[{"href":"https:\/\/pianoprovenzana.it\/fr\/wp-json\/wp\/v2\/pages\/12675","targetHints":{"allow":["GET"]}}],"collection":[{"href":"https:\/\/pianoprovenzana.it\/fr\/wp-json\/wp\/v2\/pages"}],"about":[{"href":"https:\/\/pianoprovenzana.it\/fr\/wp-json\/wp\/v2\/types\/page"}],"author":[{"embeddable":true,"href":"https:\/\/pianoprovenzana.it\/fr\/wp-json\/wp\/v2\/users\/3"}],"replies":[{"embeddable":true,"href":"https:\/\/pianoprovenzana.it\/fr\/wp-json\/wp\/v2\/comments?post=12675"}],"version-history":[{"count":0,"href":"https:\/\/pianoprovenzana.it\/fr\/wp-json\/wp\/v2\/pages\/12675\/revisions"}],"up":[{"embeddable":true,"href":"https:\/\/pianoprovenzana.it\/fr\/wp-json\/wp\/v2\/pages\/13240"}],"wp:featuredmedia":[{"embeddable":true,"href":"https:\/\/pianoprovenzana.it\/fr\/wp-json\/wp\/v2\/media\/12676"}],"wp:attachment":[{"href":"https:\/\/pianoprovenzana.it\/fr\/wp-json\/wp\/v2\/media?parent=12675"}],"curies":[{"name":"wp","href":"https:\/\/api.w.org\/{rel}","templated":true}]}}