{"id":12760,"date":"2021-01-14T19:01:40","date_gmt":"2021-01-14T18:01:40","guid":{"rendered":"https:\/\/pianoprovenzana.it\/evenements-etna\/"},"modified":"2026-03-31T15:35:56","modified_gmt":"2026-03-31T13:35:56","slug":"evenements-etna","status":"publish","type":"page","link":"https:\/\/pianoprovenzana.it\/fr\/decouvrez-letna-nord\/sports-et-evenements-etna-nord\/evenements-etna\/","title":{"rendered":"\u00c9v\u00e9nements Etna"},"content":{"rendered":"\n<h3 class=\"wp-block-heading\"><strong>\u00c9v\u00e9nements Etna 2026 sur le mont Etna<\/strong><\/h3>\n\n<p>De nombreux \u00e9v\u00e9nements estivaux se d\u00e9roulent sur l&rsquo;Etna. Ce site a toujours \u00e9t\u00e9 une destination pris\u00e9e pour les comp\u00e9titions sportives de haut niveau. Il a d&rsquo;ailleurs \u00e9t\u00e9 choisi \u00e0 plusieurs reprises comme \u00e9tape ou ligne d&rsquo;arriv\u00e9e du Giro d&rsquo;Italia.    <\/p>\n\n<p><strong>\u00c9v\u00e9nements de l&rsquo;Etna en 2026<\/strong><\/p>\n\n<figure class=\"wp-block-table is-style-stripes\"><table><tbody><tr><td><strong>Date<\/strong><\/td><td><strong>\u00c9v\u00e9nement<\/strong><\/td><\/tr><tr><td><\/td><td><\/td><\/tr><tr><td><\/td><td><\/td><\/tr><tr><td><\/td><td><\/td><\/tr><tr><td><\/td><td><\/td><\/tr><tr><td>13 juin 2026<\/td><td>18e SuperMarathon de l&rsquo;Etna | Marina di Cottone &#8211; Piano Provenzana<\/td><\/tr><tr><td><\/td><td><\/td><\/tr><tr><td><\/td><td><\/td><\/tr><tr><td><\/td><td><\/td><\/tr><tr><td>11 octobre 2026<\/td><td>SVT Etna Trail Etna Nord<\/td><\/tr><\/tbody><\/table><\/figure>\n\n<p><\/p>\n","protected":false},"excerpt":{"rendered":"<p>\u00c9v\u00e9nements Etna 2026 sur le mont Etna De nombreux \u00e9v\u00e9nements estivaux se d\u00e9roulent sur l&rsquo;Etna. Ce site a toujours \u00e9t\u00e9 une destination pris\u00e9e pour les comp\u00e9titions sportives de haut niveau. Il a d&rsquo;ailleurs \u00e9t\u00e9 choisi \u00e0 plusieurs reprises comme \u00e9tape ou ligne d&rsquo;arriv\u00e9e du Giro d&rsquo;Italia. \u00c9v\u00e9nements de l&rsquo;Etna en 2026 Date \u00c9v\u00e9nement 13 juin [&hellip;]<\/p>\n","protected":false},"author":3,"featured_media":12761,"parent":13156,"menu_order":171,"comment_status":"closed","ping_status":"closed","template":"","meta":{"_acf_changed":false,"footnotes":""},"class_list":["post-12760","page","type-page","status-publish","has-post-thumbnail","hentry"],"acf":[],"_links":{"self":[{"href":"https:\/\/pianoprovenzana.it\/fr\/wp-json\/wp\/v2\/pages\/12760","targetHints":{"allow":["GET"]}}],"collection":[{"href":"https:\/\/pianoprovenzana.it\/fr\/wp-json\/wp\/v2\/pages"}],"about":[{"href":"https:\/\/pianoprovenzana.it\/fr\/wp-json\/wp\/v2\/types\/page"}],"author":[{"embeddable":true,"href":"https:\/\/pianoprovenzana.it\/fr\/wp-json\/wp\/v2\/users\/3"}],"replies":[{"embeddable":true,"href":"https:\/\/pianoprovenzana.it\/fr\/wp-json\/wp\/v2\/comments?post=12760"}],"version-history":[{"count":2,"href":"https:\/\/pianoprovenzana.it\/fr\/wp-json\/wp\/v2\/pages\/12760\/revisions"}],"predecessor-version":[{"id":12763,"href":"https:\/\/pianoprovenzana.it\/fr\/wp-json\/wp\/v2\/pages\/12760\/revisions\/12763"}],"up":[{"embeddable":true,"href":"https:\/\/pianoprovenzana.it\/fr\/wp-json\/wp\/v2\/pages\/13156"}],"wp:featuredmedia":[{"embeddable":true,"href":"https:\/\/pianoprovenzana.it\/fr\/wp-json\/wp\/v2\/media\/12761"}],"wp:attachment":[{"href":"https:\/\/pianoprovenzana.it\/fr\/wp-json\/wp\/v2\/media?parent=12760"}],"curies":[{"name":"wp","href":"https:\/\/api.w.org\/{rel}","templated":true}]}}