{"id":12767,"date":"2021-01-14T19:03:11","date_gmt":"2021-01-14T18:03:11","guid":{"rendered":"https:\/\/pianoprovenzana.it\/zones-equipees\/"},"modified":"2026-03-31T14:53:10","modified_gmt":"2026-03-31T12:53:10","slug":"zones-equipees","status":"publish","type":"page","link":"https:\/\/pianoprovenzana.it\/fr\/decouvrez-letna-nord\/la-nature-de-letna\/zones-equipees\/","title":{"rendered":"Aires de pique-nique"},"content":{"rendered":"\n<h3 class=\"wp-block-heading\"><strong>Pique-nique Etna Nord<\/strong><\/h3>\n\n<p>Sur le versant nord de l&rsquo;Etna, plusieurs aires de pique-nique permettent de s&rsquo;arr\u00eater entre amis ou en famille pour un pique-nique.  <\/p>\n\n<p>Si vous \u00eates en voiture et cherchez un barbecue ou une table, arr\u00eatez-vous rue Mareneve au \u00ab\u00a0Piano Donnavita\u00a0\u00bb ou continuez jusqu&rsquo;au \u00ab<a href=\"https:\/\/pianoprovenzana.it\/fr\/?page_id=12702\">\u00a0Piano Pernicana<\/a><strong>\u00a0\u00bb<\/strong> . \u00c0 la \u00ab\u00a0Fossa Neve\u00a0\u00bb, vous trouverez un espace barbecue, mais pas de tables. Cet endroit est id\u00e9al pour \u00e9tendre votre couverture au soleil.    <\/p>\n\n<p>Si vous \u00eates en randonn\u00e9e en for\u00eat ou en VTT, vous pouvez \u00e9galement vous arr\u00eater au \u00ab Rifugio Timparossa \u00bb, au \u00ab Rifugio Monte Crisimo \u00bb et \u00e0 la \u00ab Casa dei Calabresi \u00bb.<\/p>\n\n<p>Presque tous ces endroits sont \u00e9galement accessibles en voiture par de courts tron\u00e7ons de chemins de terre, ce qui les rend parfaits pour ceux qui souhaitent profiter de la montagne mais ne peuvent pas marcher longtemps.<\/p>\n\n<figure class=\"wp-block-image size-large\"><img loading=\"lazy\" decoding=\"async\" width=\"1024\" height=\"516\" src=\"https:\/\/pianoprovenzana.it\/wp-content\/uploads\/2020\/12\/casa-dei-calabresi-bosco-etna-1024x516.jpg\" alt=\"maison des Calabrais for&#xEA;t de l&#039;Etna\" class=\"wp-image-1010\" title=\"\" srcset=\"https:\/\/pianoprovenzana.it\/wp-content\/uploads\/2020\/12\/casa-dei-calabresi-bosco-etna-1024x516.jpg 1024w, https:\/\/pianoprovenzana.it\/wp-content\/uploads\/2020\/12\/casa-dei-calabresi-bosco-etna-300x151.jpg 300w, https:\/\/pianoprovenzana.it\/wp-content\/uploads\/2020\/12\/casa-dei-calabresi-bosco-etna-768x387.jpg 768w, https:\/\/pianoprovenzana.it\/wp-content\/uploads\/2020\/12\/casa-dei-calabresi-bosco-etna-1536x774.jpg 1536w, https:\/\/pianoprovenzana.it\/wp-content\/uploads\/2020\/12\/casa-dei-calabresi-bosco-etna-2048x1032.jpg 2048w, https:\/\/pianoprovenzana.it\/wp-content\/uploads\/2020\/12\/casa-dei-calabresi-bosco-etna-1200x604.jpg 1200w\" sizes=\"auto, (max-width: 1024px) 100vw, 1024px\" \/><\/figure>\n\n<h3 class=\"wp-block-heading\"><strong>Que mettre \u00e0 la poubelle<\/strong><\/h3>\n\n<p>La premi\u00e8re chose \u00e0 emporter pour l&rsquo;Etna, c&rsquo;est de l&rsquo;eau, car \u00e0 cette altitude, vous ne trouverez ni sources ni fontaines pour vous approvisionner.<\/p>\n\n<p>Et voici les ingr\u00e9dients que vous pouvez d\u00e9j\u00e0 trouver sur Etna Nord pour votre pique-nique\u00a0:<\/p>\n\n<ul class=\"wp-block-list\"><li>air frais de la montagne;<\/li><li>Des paysages magnifiques surplombant la c\u00f4te ;<\/li><li>Des for\u00eats anciennes qui verdissent au milieu des coul\u00e9es de lave.<\/li><\/ul>\n\n<h3 class=\"wp-block-heading\"><strong>Que rapporter de Linguaglossa<\/strong><\/h3>\n\n<p>En montant vers Piano Provenzana, ne manquez pas de faire une halte \u00e0 Linguaglossa pour acheter de la \u00ab\u00a0Salsiccia al ceppo\u00a0\u00bb, une saucisse traditionnelle fabriqu\u00e9e par les bouchers locaux. Voici les <a href=\"https:\/\/pianoprovenzana.it\/shopping\/macelleria\/\" class=\"rank-math-link\">boucheries de Linguaglossa<\/a> . <\/p>\n\n<p><strong>La saucisse du quartier<\/strong><\/p>\n\n<p>La saucisse \u00ab\u00a0al ceppo\u00a0\u00bb est confectionn\u00e9e \u00e0 partir de viande de porc de choix m\u00e9lang\u00e9e \u00e0 du saindoux. La viande est hach\u00e9e \u00e0 la main \u00e0 l&rsquo;aide d&rsquo;un \u00ab\u00a0partaturi\u00a0\u00bb (sorte de hachoir \u00e0 viande) sur une grande b\u00fbche en bois (\u00ab\u00a0cippu\u00a0\u00bb). Elle est ensuite assaisonn\u00e9e et m\u00e9lang\u00e9e avec du sel, du poivre et du fenouil sauvage de l&rsquo;Etna. Enfin, elle est emboss\u00e9e dans un boyau naturel et ficel\u00e9e.  <\/p>\n\n<div class=\"wp-block-columns is-layout-flex wp-container-core-columns-is-layout-9d6595d7 wp-block-columns-is-layout-flex\">\n<div class=\"wp-block-column is-layout-flow wp-block-column-is-layout-flow\">\n<figure class=\"wp-block-image size-large\"><img loading=\"lazy\" decoding=\"async\" width=\"1024\" height=\"498\" src=\"https:\/\/pianoprovenzana.it\/wp-content\/uploads\/2021\/02\/salsiccia-al-ceppo-di-linguaglossa-1024x498.jpg\" alt=\"\" class=\"wp-image-2216\" title=\"\" srcset=\"https:\/\/pianoprovenzana.it\/wp-content\/uploads\/2021\/02\/salsiccia-al-ceppo-di-linguaglossa-1024x498.jpg 1024w, https:\/\/pianoprovenzana.it\/wp-content\/uploads\/2021\/02\/salsiccia-al-ceppo-di-linguaglossa-300x146.jpg 300w, https:\/\/pianoprovenzana.it\/wp-content\/uploads\/2021\/02\/salsiccia-al-ceppo-di-linguaglossa-768x373.jpg 768w, https:\/\/pianoprovenzana.it\/wp-content\/uploads\/2021\/02\/salsiccia-al-ceppo-di-linguaglossa-1536x746.jpg 1536w, https:\/\/pianoprovenzana.it\/wp-content\/uploads\/2021\/02\/salsiccia-al-ceppo-di-linguaglossa-2048x995.jpg 2048w, https:\/\/pianoprovenzana.it\/wp-content\/uploads\/2021\/02\/salsiccia-al-ceppo-di-linguaglossa-1200x583.jpg 1200w\" sizes=\"auto, (max-width: 1024px) 100vw, 1024px\" \/><\/figure>\n<\/div>\n\n\n\n<div class=\"wp-block-column is-layout-flow wp-block-column-is-layout-flow\">\n<figure class=\"wp-block-image size-large\"><img loading=\"lazy\" decoding=\"async\" width=\"1024\" height=\"487\" src=\"https:\/\/pianoprovenzana.it\/wp-content\/uploads\/2020\/12\/grigliata-all-aperto-1024x487.jpg\" alt=\"Barbecue en plein air\" class=\"wp-image-571\" title=\"\" srcset=\"https:\/\/pianoprovenzana.it\/wp-content\/uploads\/2020\/12\/grigliata-all-aperto-1024x487.jpg 1024w, https:\/\/pianoprovenzana.it\/wp-content\/uploads\/2020\/12\/grigliata-all-aperto-300x143.jpg 300w, https:\/\/pianoprovenzana.it\/wp-content\/uploads\/2020\/12\/grigliata-all-aperto-768x366.jpg 768w, https:\/\/pianoprovenzana.it\/wp-content\/uploads\/2020\/12\/grigliata-all-aperto-1200x571.jpg 1200w, https:\/\/pianoprovenzana.it\/wp-content\/uploads\/2020\/12\/grigliata-all-aperto.jpg 1416w\" sizes=\"auto, (max-width: 1024px) 100vw, 1024px\" \/><\/figure>\n<\/div>\n<\/div>\n\n<p>La saucisse de linguaglossa, cuite au grill dans des espaces sp\u00e9cialement am\u00e9nag\u00e9s, vous \u00e9merveillera et vous aurez certainement envie d&rsquo;en acheter une autre \u00e0 emporter. Voici ce que nous vous recommandons\u00a0: <\/p>\n\n<ul class=\"wp-block-list\"><li>Salami au fenouil, une saucisse assaisonn\u00e9e \u00e0 base de viandes s\u00e9lectionn\u00e9es.<\/li><li>Une \u00ab Gelatina \u00bb connue sous le nom de \u00ab Zuzzu \u00bb, un m\u00e9lange de b\u0153uf et de porc bouilli et assaisonn\u00e9 de sel, de citron et de poivre, puis conserv\u00e9 dans un endroit frais pendant environ 24 heures.<\/li><li>Le vin rouge \u00ab\u00a0da mattinedda\u00a0\u00bb est un incontournable.<\/li><\/ul>\n","protected":false},"excerpt":{"rendered":"<p>Pique-nique Etna Nord Sur le versant nord de l&rsquo;Etna, plusieurs aires de pique-nique permettent de s&rsquo;arr\u00eater entre amis ou en famille pour un pique-nique. Si vous \u00eates en voiture et cherchez un barbecue ou une table, arr\u00eatez-vous rue Mareneve au \u00ab\u00a0Piano Donnavita\u00a0\u00bb ou continuez jusqu&rsquo;au \u00ab\u00a0Piano Pernicana\u00a0\u00bb . \u00c0 la \u00ab\u00a0Fossa Neve\u00a0\u00bb, vous trouverez un [&hellip;]<\/p>\n","protected":false},"author":3,"featured_media":12768,"parent":13258,"menu_order":18,"comment_status":"closed","ping_status":"closed","template":"","meta":{"_acf_changed":false,"footnotes":""},"class_list":["post-12767","page","type-page","status-publish","has-post-thumbnail","hentry"],"acf":[],"_links":{"self":[{"href":"https:\/\/pianoprovenzana.it\/fr\/wp-json\/wp\/v2\/pages\/12767","targetHints":{"allow":["GET"]}}],"collection":[{"href":"https:\/\/pianoprovenzana.it\/fr\/wp-json\/wp\/v2\/pages"}],"about":[{"href":"https:\/\/pianoprovenzana.it\/fr\/wp-json\/wp\/v2\/types\/page"}],"author":[{"embeddable":true,"href":"https:\/\/pianoprovenzana.it\/fr\/wp-json\/wp\/v2\/users\/3"}],"replies":[{"embeddable":true,"href":"https:\/\/pianoprovenzana.it\/fr\/wp-json\/wp\/v2\/comments?post=12767"}],"version-history":[{"count":3,"href":"https:\/\/pianoprovenzana.it\/fr\/wp-json\/wp\/v2\/pages\/12767\/revisions"}],"predecessor-version":[{"id":13693,"href":"https:\/\/pianoprovenzana.it\/fr\/wp-json\/wp\/v2\/pages\/12767\/revisions\/13693"}],"up":[{"embeddable":true,"href":"https:\/\/pianoprovenzana.it\/fr\/wp-json\/wp\/v2\/pages\/13258"}],"wp:featuredmedia":[{"embeddable":true,"href":"https:\/\/pianoprovenzana.it\/fr\/wp-json\/wp\/v2\/media\/12768"}],"wp:attachment":[{"href":"https:\/\/pianoprovenzana.it\/fr\/wp-json\/wp\/v2\/media?parent=12767"}],"curies":[{"name":"wp","href":"https:\/\/api.w.org\/{rel}","templated":true}]}}