{"id":12965,"date":"2020-12-27T22:35:59","date_gmt":"2020-12-27T21:35:59","guid":{"rendered":"https:\/\/pianoprovenzana.it\/culture-et-art\/artistes-et-ecrivains-de-letna\/"},"modified":"2026-03-31T14:52:38","modified_gmt":"2026-03-31T12:52:38","slug":"artistes-et-ecrivains-de-letna","status":"publish","type":"page","link":"https:\/\/pianoprovenzana.it\/fr\/decouvrez-letna-nord\/culture-et-art\/artistes-et-ecrivains-de-letna\/","title":{"rendered":"Artistes et \u00e9crivains de l&rsquo;Etna"},"content":{"rendered":"\n<h2 class=\"wp-block-heading\"><strong>L&rsquo;Etna ; source d&rsquo;inspiration pour les \u00e9crivains et les po\u00e8tes<\/strong><\/h2>\n\n<p>Les territoires de lave et volcaniques ont \u00e9t\u00e9 une source d&rsquo;inspiration pour de nombreux \u00e9crivains et po\u00e8tes siciliens tels que Luigi Pirandello, Giovanni Verga, Luigi Capuana, Santo Cal\u00ec et bien d&rsquo;autres.<\/p>\n\n<h3 class=\"wp-block-heading\"><strong>\u00c9crivain d&rsquo;Etna<\/strong><\/h3>\n\n<p>Nous citons notamment <strong>Giovanni Verga<\/strong> , \u00e9crivain et dramaturge italien n\u00e9 \u00e0 Vizzini le 2 septembre 1840 dans une famille de petits propri\u00e9taires terriens.  <br\/><br\/>Giovanni Verga r\u00e9v\u00e8le la dimension dramatique qui se cache derri\u00e8re les merveilles de la g\u00e9ographie. Il situe deux de ses r\u00e9cits les plus poignants sur les pentes de l&rsquo;Etna.   <\/p>\n\n<p>D&rsquo;une part, le r\u00e9cit relate l&rsquo;agonie d\u00e9chirante de la jeune Maria, dans \u00ab<strong>\u00a0Storia di una capinera\u00a0\u00bb,<\/strong> publi\u00e9 en 1870, qui ne savoure que quelques instants de confort \u00e0 la campagne avant de retourner au couvent claustrophobe o\u00f9 elle est destin\u00e9e, \u00e0 tel point qu&rsquo;elle \u00e9crit \u00e0 son amie Marianna\u00a0: \u00ab\u00a0Si tu pouvais voir de pr\u00e8s la beaut\u00e9 de notre Etna\u00a0! Du belv\u00e9d\u00e8re du couvent, il ressemblait \u00e0 une grande montagne isol\u00e9e\u2026\u00a0\u00bb\u00a0; d&rsquo;autre part, il relate l&rsquo;engagement passionn\u00e9 de la paysanne Nedda, veuve et victime d&rsquo;une campagne hostile jonch\u00e9e de roches volcaniques, qui, outre la fatigue, lui cause blessures et peur.<br\/><br\/>En 1886, \u00e0 l&rsquo;occasion de l&rsquo;une des \u00e9ruptions les plus d\u00e9vastatrices et dangereuses de l&rsquo;Etna qui mena\u00e7aient Nicolosi, il \u00e9crivit la nouvelle \u00ab <strong>L&rsquo;agonie d&rsquo;un village<\/strong> \u00bb, une nouvelle qui raconte la trag\u00e9die subie par la population de Nicolosi lorsqu&rsquo;elle vit ses maisons, ses terres et ses vignobles d\u00e9truits par la force du volcan, essayant de sauver ses biens personnels les plus pr\u00e9cieux en les chargeant sur des charrettes et en les transf\u00e9rant \u00e0 Torre del Grifo.<br\/><br\/>Un autre grand po\u00e8te qui a puis\u00e9 son inspiration dans l&rsquo;Etna est notre compatriote <strong>Santo Cal\u00ec<\/strong> , homme de culture passionn\u00e9ment engag\u00e9 dans tout ce en quoi il croyait. Il participa \u00e0 la vie politique de Linguaglossa et fut parmi les premiers \u00e0 adopter une nouvelle m\u00e9thode scolastique. <\/p>\n\n<p>Parmi ses nombreuses \u0153uvres importantes figure \u00ab <strong>L\u00e9gendes de l&rsquo;Etna<\/strong> \u00bb, un recueil de l\u00e9gendes apprises aupr\u00e8s de paysans et de bergers vivant sur les pentes de l&rsquo;Etna, m\u00ealant paysages et intonations du dialecte linguagloss\u00e9. <\/p>\n\n<p><strong>L&rsquo;art de l&rsquo;Etna<\/strong><br\/> Des paysages captur\u00e9s dans une vision \u00e0 la fois r\u00e9aliste et magique du volcan \u00e0 travers des images graphiques et photographiques. L&rsquo;Etna, site inscrit au patrimoine mondial de l&rsquo;UNESCO, est une source d&rsquo;inspiration pour d&rsquo;innombrables peintres, avec sa lave rouge incandescente et ses paysages riches en lumi\u00e8re et en couleurs, qui prennent vie sous nos yeux.<br\/> du noir de la lave morte.   <\/p>\n\n<p>Cette palette naturelle que nous offre le volcan a \u00e9t\u00e9 utilis\u00e9e par de nombreux artistes d\u00e8s la seconde moiti\u00e9 du XVIIIe si\u00e8cle. Nombre d&rsquo;entre eux ont en effet repr\u00e9sent\u00e9 le th\u00e9\u00e2tre grec de Taormine avec l&rsquo;Etna en arri\u00e8re-plan. Le c\u00e9l\u00e8bre voyageur et peintre <strong>Jean-Pierre Houel<\/strong> fut parmi les premiers \u00e0 repr\u00e9senter l&rsquo;Etna sous cet angle. <\/p>\n\n<h3 class=\"wp-block-heading\"><strong>Artiste de l&rsquo;Etna<\/strong><\/h3>\n\n<p>Un autre artiste local important est <strong>Salvatore Incorpora<\/strong> , qui s&rsquo;est consacr\u00e9 \u00e0 la peinture et \u00e0 la sculpture, ainsi qu&rsquo;\u00e0 la po\u00e9sie et \u00e0 la fiction. De nombreuses \u00e9glises \u00e0 travers la Sicile abritent ses \u0153uvres. <\/p>\n\n<figure class=\"wp-block-image size-large\"><img loading=\"lazy\" decoding=\"async\" width=\"1887\" height=\"978\" src=\"https:\/\/pianoprovenzana.it\/wp-content\/uploads\/2021\/02\/museo-incorpora-messina.jpg\" alt=\"\" class=\"wp-image-3023\" title=\"\" srcset=\"https:\/\/pianoprovenzana.it\/wp-content\/uploads\/2021\/02\/museo-incorpora-messina.jpg 1887w, https:\/\/pianoprovenzana.it\/wp-content\/uploads\/2021\/02\/museo-incorpora-messina-300x155.jpg 300w, https:\/\/pianoprovenzana.it\/wp-content\/uploads\/2021\/02\/museo-incorpora-messina-768x398.jpg 768w, https:\/\/pianoprovenzana.it\/wp-content\/uploads\/2021\/02\/museo-incorpora-messina-1536x796.jpg 1536w, https:\/\/pianoprovenzana.it\/wp-content\/uploads\/2021\/02\/museo-incorpora-messina-1200x622.jpg 1200w\" sizes=\"auto, (max-width: 1887px) 100vw, 1887px\" \/><\/figure>\n\n<p>Aujourd&rsquo;hui, ses nombreuses \u0153uvres, ainsi que celles d&rsquo;un autre grand artiste <strong>, Francesco Messina,<\/strong> originaire de Linguaglossa, sont bien conserv\u00e9es \u00e0 Linguaglossa au \u00a0\u00bb <strong>Museo Messina Incorpora<\/strong> \u00ab\u00a0.<\/p>\n","protected":false},"excerpt":{"rendered":"<p>L&rsquo;Etna ; source d&rsquo;inspiration pour les \u00e9crivains et les po\u00e8tes Les territoires de lave et volcaniques ont \u00e9t\u00e9 une source d&rsquo;inspiration pour de nombreux \u00e9crivains et po\u00e8tes siciliens tels que Luigi Pirandello, Giovanni Verga, Luigi Capuana, Santo Cal\u00ec et bien d&rsquo;autres. \u00c9crivain d&rsquo;Etna Nous citons notamment Giovanni Verga , \u00e9crivain et dramaturge italien n\u00e9 \u00e0 [&hellip;]<\/p>\n","protected":false},"author":3,"featured_media":12970,"parent":12715,"menu_order":19,"comment_status":"closed","ping_status":"closed","template":"","meta":{"_acf_changed":false,"footnotes":""},"class_list":["post-12965","page","type-page","status-publish","has-post-thumbnail","hentry"],"acf":[],"_links":{"self":[{"href":"https:\/\/pianoprovenzana.it\/fr\/wp-json\/wp\/v2\/pages\/12965","targetHints":{"allow":["GET"]}}],"collection":[{"href":"https:\/\/pianoprovenzana.it\/fr\/wp-json\/wp\/v2\/pages"}],"about":[{"href":"https:\/\/pianoprovenzana.it\/fr\/wp-json\/wp\/v2\/types\/page"}],"author":[{"embeddable":true,"href":"https:\/\/pianoprovenzana.it\/fr\/wp-json\/wp\/v2\/users\/3"}],"replies":[{"embeddable":true,"href":"https:\/\/pianoprovenzana.it\/fr\/wp-json\/wp\/v2\/comments?post=12965"}],"version-history":[{"count":2,"href":"https:\/\/pianoprovenzana.it\/fr\/wp-json\/wp\/v2\/pages\/12965\/revisions"}],"predecessor-version":[{"id":12993,"href":"https:\/\/pianoprovenzana.it\/fr\/wp-json\/wp\/v2\/pages\/12965\/revisions\/12993"}],"up":[{"embeddable":true,"href":"https:\/\/pianoprovenzana.it\/fr\/wp-json\/wp\/v2\/pages\/12715"}],"wp:featuredmedia":[{"embeddable":true,"href":"https:\/\/pianoprovenzana.it\/fr\/wp-json\/wp\/v2\/media\/12970"}],"wp:attachment":[{"href":"https:\/\/pianoprovenzana.it\/fr\/wp-json\/wp\/v2\/media?parent=12965"}],"curies":[{"name":"wp","href":"https:\/\/api.w.org\/{rel}","templated":true}]}}