{"id":13027,"date":"2020-12-28T13:46:11","date_gmt":"2020-12-28T12:46:11","guid":{"rendered":"https:\/\/pianoprovenzana.it\/randonnee-dans-la-grotte-de-serracozzo-vallee-de-bove\/"},"modified":"2026-03-24T17:57:26","modified_gmt":"2026-03-24T16:57:26","slug":"randonnee-dans-la-grotte-de-serracozzo-vallee-de-bove","status":"publish","type":"page","link":"https:\/\/pianoprovenzana.it\/fr\/excursions-etna\/randonnee-dans-la-grotte-de-serracozzo-vallee-de-bove\/","title":{"rendered":"Randonn\u00e9e dans la grotte de Serracozzo &#8211; Vall\u00e9e de Bove"},"content":{"rendered":"\n<h3 class=\"wp-block-heading\"><strong>Itin\u00e9raire de randonn\u00e9e dans la grotte de Serracozzo et la vall\u00e9e de Bove<\/strong><\/h3>\n\n<p>La randonn\u00e9e Serracozzo Valle del Bove commence sur le sentier 723 &#8211; Serre delle Concazze.<\/p>\n\n<p>Le sentier d\u00e9bute au refuge Citelli et serpente d&rsquo;abord \u00e0 travers des for\u00eats de bouleaux et de h\u00eatres, un chemin facile sans difficult\u00e9 majeure. En poursuivant notre chemin, nous croiserons plusieurs ravins creus\u00e9s par l&rsquo;\u00e9rosion de la lave par les eaux de pluie, jusqu&rsquo;\u00e0 atteindre une d\u00e9pression qui marque l&rsquo;entr\u00e9e de la grotte de Serracozzo. <\/p>\n\n<div class=\"wp-block-columns is-layout-flex wp-container-core-columns-is-layout-9d6595d7 wp-block-columns-is-layout-flex\">\n<div class=\"wp-block-column is-layout-flow wp-block-column-is-layout-flow\">\n<figure class=\"wp-block-image size-large\"><img loading=\"lazy\" decoding=\"async\" width=\"1800\" height=\"2400\" src=\"https:\/\/pianoprovenzana.it\/wp-content\/uploads\/2021\/03\/grotta-di-serracozzo-johnny-alessandro-1800x2400.jpg\" alt=\"Int&#xE9;rieur de la grotte de Serracozzo\" class=\"wp-image-4060\" title=\"\" srcset=\"https:\/\/pianoprovenzana.it\/wp-content\/uploads\/2021\/03\/grotta-di-serracozzo-johnny-alessandro-1800x2400.jpg 1800w, https:\/\/pianoprovenzana.it\/wp-content\/uploads\/2021\/03\/grotta-di-serracozzo-johnny-alessandro-225x300.jpg 225w, https:\/\/pianoprovenzana.it\/wp-content\/uploads\/2021\/03\/grotta-di-serracozzo-johnny-alessandro-768x1024.jpg 768w, https:\/\/pianoprovenzana.it\/wp-content\/uploads\/2021\/03\/grotta-di-serracozzo-johnny-alessandro-1152x1536.jpg 1152w, https:\/\/pianoprovenzana.it\/wp-content\/uploads\/2021\/03\/grotta-di-serracozzo-johnny-alessandro-1536x2048.jpg 1536w, https:\/\/pianoprovenzana.it\/wp-content\/uploads\/2021\/03\/grotta-di-serracozzo-johnny-alessandro-1200x1600.jpg 1200w, https:\/\/pianoprovenzana.it\/wp-content\/uploads\/2021\/03\/grotta-di-serracozzo-johnny-alessandro-scaled.jpg 1920w\" sizes=\"auto, (max-width: 1800px) 100vw, 1800px\" \/><\/figure>\n<\/div>\n\n\n\n<div class=\"wp-block-column is-layout-flow wp-block-column-is-layout-flow\">\n<figure class=\"wp-block-image size-large\"><img loading=\"lazy\" decoding=\"async\" width=\"1800\" height=\"2400\" src=\"https:\/\/pianoprovenzana.it\/wp-content\/uploads\/2021\/03\/grotta-di-serracozzo-1800x2400.jpg\" alt=\"Grotte de Serracozzo\" class=\"wp-image-4061\" title=\"\" srcset=\"https:\/\/pianoprovenzana.it\/wp-content\/uploads\/2021\/03\/grotta-di-serracozzo-1800x2400.jpg 1800w, https:\/\/pianoprovenzana.it\/wp-content\/uploads\/2021\/03\/grotta-di-serracozzo-225x300.jpg 225w, https:\/\/pianoprovenzana.it\/wp-content\/uploads\/2021\/03\/grotta-di-serracozzo-768x1024.jpg 768w, https:\/\/pianoprovenzana.it\/wp-content\/uploads\/2021\/03\/grotta-di-serracozzo-1152x1536.jpg 1152w, https:\/\/pianoprovenzana.it\/wp-content\/uploads\/2021\/03\/grotta-di-serracozzo-1536x2048.jpg 1536w, https:\/\/pianoprovenzana.it\/wp-content\/uploads\/2021\/03\/grotta-di-serracozzo-1200x1600.jpg 1200w, https:\/\/pianoprovenzana.it\/wp-content\/uploads\/2021\/03\/grotta-di-serracozzo-scaled.jpg 1920w\" sizes=\"auto, (max-width: 1800px) 100vw, 1800px\" \/><\/figure>\n<\/div>\n<\/div>\n\n<p><strong>Grotte de Serracozzo<\/strong><br\/> Tunnel de coul\u00e9e de lave form\u00e9 lors de l&rsquo;\u00e9ruption de 1971.<\/p>\n\n<p>L&rsquo;une des grottes les plus \u00e9vocatrices de l&rsquo;Etna en raison de sa \u00ab forme de trou de serrure \u00bb dans sa partie initiale, illumin\u00e9e par un rayon de lumi\u00e8re naturelle entrant de l&rsquo;ext\u00e9rieur.<\/p>\n\n<p>La zone en aval demeure un tunnel de coul\u00e9e de lave, encore presque intact, hormis quelques petits effondrements au plafond qui, cependant, ne font qu&rsquo;accentuer sa beaut\u00e9, avec des jeux de lumi\u00e8re en perp\u00e9tuelle \u00e9volution et des stalactites refondues qui caract\u00e9risent la vo\u00fbte de la grotte.<\/p>\n\n<p><strong>Vall\u00e9e de Bove<\/strong><br\/> L&rsquo;itin\u00e9raire se poursuit par une mont\u00e9e abrupte jusqu&rsquo;\u00e0 atteindre le bord de la Valle del Bove, o\u00f9 l&rsquo;on peut soudain admirer le panorama infini de l&rsquo;Etna, toute la structure volcanique et les crat\u00e8res sommitaux.<\/p>\n\n<h3 class=\"wp-block-heading\"><strong>\u00c9quipement obligatoire :<\/strong><\/h3>\n\n<ul class=\"wp-block-list\">\n<li>D\u00e9jeuner \u00e0 emporter<\/li>\n\n\n\n<li>V\u00eatements superpos\u00e9s (selon la saison)<\/li>\n\n\n\n<li>chaussures de randonn\u00e9e<\/li>\n\n\n\n<li>Capuchon<\/li>\n\n\n\n<li>Coupe-vent ou doudoune (selon la saison)<\/li>\n\n\n\n<li>Eau \u2013 minimum 1,5 litre<\/li>\n<\/ul>\n\n<h3 class=\"wp-block-heading\"><strong>\u00c9quipement recommand\u00e9\u00a0:<\/strong><\/h3>\n\n<ul class=\"wp-block-list\">\n<li>B\u00e2tons de randonn\u00e9e<\/li>\n\n\n\n<li>K-way &#8211; Veste imperm\u00e9able<\/li>\n\n\n\n<li>Lunettes de soleil<\/li>\n\n\n\n<li>Cr\u00e8me solaire\/beurre de cacao<\/li>\n\n\n\n<li>Lampe  <\/li>\n\n\n\n<li>Casque<\/li>\n\n\n\n<li>Jumelles<\/li>\n\n\n\n<li>cache-cou ou bandana (pour se prot\u00e9ger de la poussi\u00e8re)<\/li>\n<\/ul>\n\n<div class=\"wp-block-columns is-layout-flex wp-container-core-columns-is-layout-9d6595d7 wp-block-columns-is-layout-flex\">\n<div class=\"wp-block-column is-layout-flow wp-block-column-is-layout-flow\">\n<figure class=\"wp-block-image size-large\"><img loading=\"lazy\" decoding=\"async\" width=\"2400\" height=\"1800\" src=\"https:\/\/pianoprovenzana.it\/wp-content\/uploads\/2021\/03\/esterno-grotta-di-serracozzo-2400x1800.jpg\" alt=\"Ext&#xE9;rieur de la grotte de Serracozzo\" class=\"wp-image-4059\" title=\"\" srcset=\"https:\/\/pianoprovenzana.it\/wp-content\/uploads\/2021\/03\/esterno-grotta-di-serracozzo-2400x1800.jpg 2400w, https:\/\/pianoprovenzana.it\/wp-content\/uploads\/2021\/03\/esterno-grotta-di-serracozzo-300x225.jpg 300w, https:\/\/pianoprovenzana.it\/wp-content\/uploads\/2021\/03\/esterno-grotta-di-serracozzo-768x576.jpg 768w, https:\/\/pianoprovenzana.it\/wp-content\/uploads\/2021\/03\/esterno-grotta-di-serracozzo-1536x1152.jpg 1536w, https:\/\/pianoprovenzana.it\/wp-content\/uploads\/2021\/03\/esterno-grotta-di-serracozzo-2048x1536.jpg 2048w, https:\/\/pianoprovenzana.it\/wp-content\/uploads\/2021\/03\/esterno-grotta-di-serracozzo-1200x900.jpg 1200w\" sizes=\"auto, (max-width: 2400px) 100vw, 2400px\" \/><\/figure>\n<\/div>\n\n\n\n<div class=\"wp-block-column is-layout-flow wp-block-column-is-layout-flow\">\n<figure class=\"wp-block-image size-large\"><img loading=\"lazy\" decoding=\"async\" width=\"2400\" height=\"1800\" src=\"https:\/\/pianoprovenzana.it\/wp-content\/uploads\/2021\/03\/vista-dalla-grotta-serracozza-2400x1800.jpg\" alt=\"Vue depuis la grotte de Serracozzo\" class=\"wp-image-4057\" title=\"\" srcset=\"https:\/\/pianoprovenzana.it\/wp-content\/uploads\/2021\/03\/vista-dalla-grotta-serracozza-2400x1800.jpg 2400w, https:\/\/pianoprovenzana.it\/wp-content\/uploads\/2021\/03\/vista-dalla-grotta-serracozza-300x225.jpg 300w, https:\/\/pianoprovenzana.it\/wp-content\/uploads\/2021\/03\/vista-dalla-grotta-serracozza-768x576.jpg 768w, https:\/\/pianoprovenzana.it\/wp-content\/uploads\/2021\/03\/vista-dalla-grotta-serracozza-1536x1152.jpg 1536w, https:\/\/pianoprovenzana.it\/wp-content\/uploads\/2021\/03\/vista-dalla-grotta-serracozza-2048x1536.jpg 2048w, https:\/\/pianoprovenzana.it\/wp-content\/uploads\/2021\/03\/vista-dalla-grotta-serracozza-1200x900.jpg 1200w\" sizes=\"auto, (max-width: 2400px) 100vw, 2400px\" \/><\/figure>\n<\/div>\n<\/div>\n\n<h3 class=\"wp-block-heading\"><strong>D\u00e9tails du trek \u00e0 Serracozzo Valle del Bove\u00a0:<\/strong><\/h3>\n\n<p>L&rsquo;excursion sera encadr\u00e9e par un guide exp\u00e9riment\u00e9. Un casque et une lampe frontale vous seront fournis afin de garantir votre s\u00e9curit\u00e9 lors de la visite de la grotte. Avant le d\u00e9part, l&rsquo;\u00e9tat de votre \u00e9quipement sera v\u00e9rifi\u00e9 afin d&rsquo;\u00e9viter tout impr\u00e9vu.<\/p>\n\n<p>Cette excursion exige que les participants soient en bonne sant\u00e9 physique et ne souffrent d&rsquo;aucune pathologie particuli\u00e8re (cardiovasculaire, respiratoire ou d&rsquo;hypertension).  <\/p>\n\n<p>La randonn\u00e9e de Serracozzo Valle del Bove pr\u00e9sente un d\u00e9nivel\u00e9 positif d&rsquo;environ 400 m\u00e8tres\u00a0; une pr\u00e9paration \u00e0 la marche en altitude est donc n\u00e9cessaire. La marche dure environ 4 heures.<\/p>\n\n<p>L&rsquo;excursion peut \u00eatre modifi\u00e9e \u00e0 la discr\u00e9tion des guides ou interrompue en raison de changements environnementaux, atmosph\u00e9riques ou volcaniques soudains susceptibles de compromettre la s\u00e9curit\u00e9 de l&rsquo;ensemble du groupe.<br\/> L&rsquo;excursion se d\u00e9roulera dans les limites fix\u00e9es par les ordonnances en vigueur.<\/p>\n\n<h2 class=\"wp-block-heading\"><strong>Prix \u200b\u200bde la randonn\u00e9e dans la grotte de Serracozzo et la vall\u00e9e de Bove<\/strong><\/h2>\n\n<p><strong>Prix \u200b\u200bde l&amp;#39;excursion \u00e0 la grotte de Serracozzo et \u00e0 la vall\u00e9e de Bove<\/strong><\/p>\n\n<p>La randonn\u00e9e dans la grotte de Serracozzo co\u00fbte 45 \u20ac par personne. Cette excursion n\u00e9cessite un minimum de quatre personnes. Si vous voyagez seul ou en couple, nous pouvons organiser une visite de groupe ou une excursion priv\u00e9e.  <\/p>\n\n<p>Vous pouvez r\u00e9gler le jour de l&rsquo;excursion, directement aupr\u00e8s du guide. Nous ne demandons aucun paiement anticip\u00e9, car nous fonctionnons sur la confiance. Nous comptons sur votre pr\u00e9sence apr\u00e8s la r\u00e9servation, et vous nous faites confiance pour trouver un guide disponible.   <\/p>\n\n<p><strong>Inclure<br\/> <mark style=\"background-color:rgba(0, 0, 0, 0)\" class=\"has-inline-color has-vivid-green-cyan-color\">\u2713<\/mark><\/strong> Randonn\u00e9e jusqu&rsquo;\u00e0 la grotte de Serracozzo<br\/><strong><mark style=\"background-color:rgba(0, 0, 0, 0)\" class=\"has-inline-color has-vivid-green-cyan-color\">\u2713<\/mark><\/strong> Vue panoramique de la Valle del Bove<br\/><strong><mark style=\"background-color:rgba(0, 0, 0, 0)\" class=\"has-inline-color has-vivid-green-cyan-color\">\u2713<\/mark><\/strong> Guide professionnel et officiel<br\/><strong><mark style=\"background-color:rgba(0, 0, 0, 0)\" class=\"has-inline-color has-vivid-green-cyan-color\">\u2713<\/mark><\/strong> Arr\u00eats pour de belles photos<br\/><strong><mark style=\"background-color:rgba(0, 0, 0, 0)\" class=\"has-inline-color has-vivid-green-cyan-color\">\u2713<\/mark><\/strong> Utilisation d&rsquo;un casque<br\/><strong><mark style=\"background-color:rgba(0, 0, 0, 0)\" class=\"has-inline-color has-vivid-green-cyan-color\">\u2713<\/mark><\/strong> Assurance<\/p>\n\n<p><strong>Sauf<\/strong><br\/> <strong><mark style=\"background-color:rgba(0, 0, 0, 0)\" class=\"has-inline-color has-vivid-red-color\">Boissons<\/mark><\/strong> et nourriture<br\/> <strong><mark style=\"background-color:rgba(0, 0, 0, 0)\" class=\"has-inline-color has-vivid-red-color\">Conseil<\/mark><\/strong> pour le guide (non obligatoire)<\/p>\n\n<p><strong>Conditions G\u00e9n\u00e9rales<\/strong><\/p>\n\n<ul class=\"wp-block-list\">\n<li>Minimum 4 participants par excursion<\/li>\n\n\n\n<li>Le parcours convient aux d\u00e9butants, mais une bonne condition physique est requise.<\/li>\n<\/ul>\n","protected":false},"excerpt":{"rendered":"<p>Itin\u00e9raire de randonn\u00e9e dans la grotte de Serracozzo et la vall\u00e9e de Bove La randonn\u00e9e Serracozzo Valle del Bove commence sur le sentier 723 &#8211; Serre delle Concazze. Le sentier d\u00e9bute au refuge Citelli et serpente d&rsquo;abord \u00e0 travers des for\u00eats de bouleaux et de h\u00eatres, un chemin facile sans difficult\u00e9 majeure. En poursuivant notre [&hellip;]<\/p>\n","protected":false},"author":3,"featured_media":13028,"parent":13240,"menu_order":394,"comment_status":"closed","ping_status":"closed","template":"page-excursion.php","meta":{"_acf_changed":false,"footnotes":""},"class_list":["post-13027","page","type-page","status-publish","has-post-thumbnail","hentry"],"acf":[],"_links":{"self":[{"href":"https:\/\/pianoprovenzana.it\/fr\/wp-json\/wp\/v2\/pages\/13027","targetHints":{"allow":["GET"]}}],"collection":[{"href":"https:\/\/pianoprovenzana.it\/fr\/wp-json\/wp\/v2\/pages"}],"about":[{"href":"https:\/\/pianoprovenzana.it\/fr\/wp-json\/wp\/v2\/types\/page"}],"author":[{"embeddable":true,"href":"https:\/\/pianoprovenzana.it\/fr\/wp-json\/wp\/v2\/users\/3"}],"replies":[{"embeddable":true,"href":"https:\/\/pianoprovenzana.it\/fr\/wp-json\/wp\/v2\/comments?post=13027"}],"version-history":[{"count":0,"href":"https:\/\/pianoprovenzana.it\/fr\/wp-json\/wp\/v2\/pages\/13027\/revisions"}],"up":[{"embeddable":true,"href":"https:\/\/pianoprovenzana.it\/fr\/wp-json\/wp\/v2\/pages\/13240"}],"wp:featuredmedia":[{"embeddable":true,"href":"https:\/\/pianoprovenzana.it\/fr\/wp-json\/wp\/v2\/media\/13028"}],"wp:attachment":[{"href":"https:\/\/pianoprovenzana.it\/fr\/wp-json\/wp\/v2\/media?parent=13027"}],"curies":[{"name":"wp","href":"https:\/\/api.w.org\/{rel}","templated":true}]}}