{"id":13073,"date":"2020-12-13T20:55:35","date_gmt":"2020-12-13T19:55:35","guid":{"rendered":"https:\/\/pianoprovenzana.it\/excursion-en-quad-dans-le-nord-de-letna-35-heures\/"},"modified":"2026-03-28T17:35:29","modified_gmt":"2026-03-28T16:35:29","slug":"quad-etna-nord-3h30","status":"publish","type":"page","link":"https:\/\/pianoprovenzana.it\/fr\/excursions-etna\/quad-etna-nord-3h30\/","title":{"rendered":"Quad Etna Nord \u2013 3h30"},"content":{"rendered":"\n<h2 class=\"wp-block-heading\"><strong>FAQ<\/strong><\/h2>\n\n\n<div id=\"rank-math-faq\" class=\"rank-math-block\">\n<div class=\"rank-math-list \">\n<div id=\"faq-question-1772814809919\" class=\"rank-math-list-item\">\n<h3 class=\"rank-math-question \">1. Faut-il de l&rsquo;exp\u00e9rience pour conduire un quad sur l&rsquo;Etna ?<\/h3>\n<div class=\"rank-math-answer \">\n\n<p>Non, aucune exp\u00e9rience pr\u00e9alable n&rsquo;est n\u00e9cessaire. Avant le d\u00e9part, le guide vous expliquera le fonctionnement du quad et les consignes de s\u00e9curit\u00e9. Les quads utilis\u00e9s sont automatiques et faciles \u00e0 conduire.  <\/p>\n\n<\/div>\n<\/div>\n<div id=\"faq-question-1772816259649\" class=\"rank-math-list-item\">\n<h3 class=\"rank-math-question \">2. Combien de personnes peuvent monter sur un quad ?<\/h3>\n<div class=\"rank-math-answer \">\n\n<p>Chaque quad peut accueillir deux personnes maximum. Le prix est par quad, que vous soyez une ou deux personnes. Sur demande, si vous \u00eates trois, une personne peut accompagner le guide pour la moiti\u00e9 du prix de l&rsquo;excursion.  <\/p>\n\n<\/div>\n<\/div>\n<div id=\"faq-question-1772816307378\" class=\"rank-math-list-item\">\n<h3 class=\"rank-math-question \">3. Est-il n\u00e9cessaire d&rsquo;avoir un permis pour conduire un quad ?<\/h3>\n<div class=\"rank-math-answer \">\n\n<p>Oui. Pour conduire un quad, il vous faut&nbsp;:<br \/> \u2022 avoir au moins 18 ans<br \/> \u2022 poss\u00e9der un permis de conduire de cat\u00e9gorie B <\/p>\n\n<\/div>\n<\/div>\n<div id=\"faq-question-1772816326833\" class=\"rank-math-list-item\">\n<h3 class=\"rank-math-question \">4. Les enfants peuvent-ils participer \u00e0 la visite ?<\/h3>\n<div class=\"rank-math-answer \">\n\n<p>Oui, les enfants peuvent participer en tant que passagers \u00e0 l&rsquo;arri\u00e8re du quad.<br \/> L&rsquo;\u00e2ge minimum pour les enfants est de 6 ans et ils doivent \u00e9galement avoir une bonne dext\u00e9rit\u00e9 !<\/p>\n\n<\/div>\n<\/div>\n<div id=\"faq-question-1772816361619\" class=\"rank-math-list-item\">\n<h3 class=\"rank-math-question \">5. Quel type de v\u00eatements est recommand\u00e9 ?<\/h3>\n<div class=\"rank-math-answer \">\n\n<p>Nous vous recommandons de porter :<br \/> \u2022 chaussures ferm\u00e9es (chaussures de sport ou de randonn\u00e9e)<br \/> \u2022 une veste ou un sweat-shirt<br \/> \u2022 lunettes de soleil<br \/> Durant la visite, il peut y avoir de la poussi\u00e8re sur les sentiers&nbsp;; les lunettes de soleil sont donc recommand\u00e9es pour prot\u00e9ger vos yeux. Nous vous d\u00e9conseillons de porter des v\u00eatements blancs et\/ou neufs, car vous risquez de vous salir avec de la poussi\u00e8re&nbsp;! <br \/>Si vous souhaitez transporter des effets personnels, un sac \u00e0 dos est recommand\u00e9.<\/p>\n\n<\/div>\n<\/div>\n<\/div>\n<\/div>\n\n\n<!--nextpage-->\n\n\n\n<h2 class=\"wp-block-heading\"><strong>Excursion en quad sur l&rsquo;Etna (3,5 heures, demi-journ\u00e9e)<\/strong><\/h2>\n\n\n\n<p>Une excursion en quad sur l&rsquo;Etna est incontournable. Guider l&rsquo;exploration de l&rsquo;Etna vous donne l&rsquo;impression d&rsquo;\u00eatre un v\u00e9ritable super-h\u00e9ros (ou une super-h\u00e9ro\u00efne). <\/p>\n\n\n\n<h2 class=\"wp-block-heading\"><strong>Itin\u00e9raire du circuit en quad sur l&rsquo;Etna<\/strong><\/h2>\n\n\n\n<p>Le long des coul\u00e9es de lave et des for\u00eats anciennes, vous vous trouverez face \u00e0 face avec les roches laiss\u00e9es par la derni\u00e8re \u00e9ruption de 2002. Vous atteindrez une altitude de 1 800 m\u00e8tres, o\u00f9 vous pourrez admirer la d\u00e9vastation de Piano Provenzana survenue le 27 octobre 2002. <\/p>\n\n\n\n<p>Pour rendre votre exp\u00e9rience de quad sur l&rsquo;Etna encore plus aventureuse, vous ferez une halte dans une grotte de lave, et apr\u00e8s \u00eatre descendu \u00e0 l&rsquo;int\u00e9rieur, vous pourrez dire que vous avez fait l&rsquo;exp\u00e9rience du volcan Etna.<\/p>\n\n\n\n<p>L&rsquo;exp\u00e9rience du quad sur l&rsquo;Etna garantit une satisfaction \u00e0 100% aux amateurs de tout-terrain et aux aventuriers !  <\/p>\n\n\n\n<p><strong>Lieux que nous visitons :<\/strong><\/p>\n\n\n\n<ul class=\"wp-block-list\">\n<li>\u00c9ruption de lave de 1865<\/li>\n\n\n\n<li>Coul\u00e9e de lave de 1923  <\/li>\n\n\n\n<li>\u00e9ruption de 2002<\/li>\n\n\n\n<li>For\u00eat de pins de Ragabo  <\/li>\n\n\n\n<li>Visitez la grotte de lave<\/li>\n\n\n\n<li>Piano Provenzana, 1850 m\u00e8tres d&rsquo;altitude<\/li>\n<\/ul>\n\n\n\n<div class=\"wp-block-columns is-layout-flex wp-container-core-columns-is-layout-9d6595d7 wp-block-columns-is-layout-flex\">\n<div class=\"wp-block-column is-layout-flow wp-block-column-is-layout-flow\">\n<figure class=\"wp-block-image size-large\"><img loading=\"lazy\" decoding=\"async\" width=\"2400\" height=\"1800\" src=\"https:\/\/pianoprovenzana.it\/wp-content\/uploads\/2023\/04\/etna-quad-adventure-offroad-guidare-quad-2400x1800.jpg\" alt=\"Etna Quad Adventure conduite tout-terrain en quad\" class=\"wp-image-7215\" title=\"\" srcset=\"https:\/\/pianoprovenzana.it\/wp-content\/uploads\/2023\/04\/etna-quad-adventure-offroad-guidare-quad-2400x1800.jpg 2400w, https:\/\/pianoprovenzana.it\/wp-content\/uploads\/2023\/04\/etna-quad-adventure-offroad-guidare-quad-300x225.jpg 300w, https:\/\/pianoprovenzana.it\/wp-content\/uploads\/2023\/04\/etna-quad-adventure-offroad-guidare-quad-768x576.jpg 768w, https:\/\/pianoprovenzana.it\/wp-content\/uploads\/2023\/04\/etna-quad-adventure-offroad-guidare-quad-1536x1152.jpg 1536w, https:\/\/pianoprovenzana.it\/wp-content\/uploads\/2023\/04\/etna-quad-adventure-offroad-guidare-quad-2048x1536.jpg 2048w, https:\/\/pianoprovenzana.it\/wp-content\/uploads\/2023\/04\/etna-quad-adventure-offroad-guidare-quad-1200x900.jpg 1200w\" sizes=\"auto, (max-width: 2400px) 100vw, 2400px\" \/><\/figure>\n<\/div>\n\n\n\n<div class=\"wp-block-column is-layout-flow wp-block-column-is-layout-flow\">\n<figure class=\"wp-block-image size-large\"><img loading=\"lazy\" decoding=\"async\" width=\"2400\" height=\"1800\" src=\"https:\/\/pianoprovenzana.it\/wp-content\/uploads\/2023\/04\/faccia-da-polvere-etna-quad-tour-2400x1800.jpg\" alt=\"Tour en quad de l&#039;Etna avec Dust Face\" class=\"wp-image-7214\" title=\"\" srcset=\"https:\/\/pianoprovenzana.it\/wp-content\/uploads\/2023\/04\/faccia-da-polvere-etna-quad-tour-2400x1800.jpg 2400w, https:\/\/pianoprovenzana.it\/wp-content\/uploads\/2023\/04\/faccia-da-polvere-etna-quad-tour-300x225.jpg 300w, https:\/\/pianoprovenzana.it\/wp-content\/uploads\/2023\/04\/faccia-da-polvere-etna-quad-tour-768x576.jpg 768w, https:\/\/pianoprovenzana.it\/wp-content\/uploads\/2023\/04\/faccia-da-polvere-etna-quad-tour-1536x1152.jpg 1536w, https:\/\/pianoprovenzana.it\/wp-content\/uploads\/2023\/04\/faccia-da-polvere-etna-quad-tour-2048x1536.jpg 2048w, https:\/\/pianoprovenzana.it\/wp-content\/uploads\/2023\/04\/faccia-da-polvere-etna-quad-tour-1200x900.jpg 1200w\" sizes=\"auto, (max-width: 2400px) 100vw, 2400px\" \/><\/figure>\n<\/div>\n<\/div>\n\n\n\n<figure class=\"wp-block-image size-large\"><img loading=\"lazy\" decoding=\"async\" width=\"2400\" height=\"798\" src=\"https:\/\/pianoprovenzana.it\/wp-content\/uploads\/2023\/04\/etna-quad-eruzione-piano-provenzana-lava-2002-2400x798.jpeg\" alt=\"Etna Quad \u00e9ruption Piano Provenzana lave 2002\" class=\"wp-image-7224\" title=\"\" srcset=\"https:\/\/pianoprovenzana.it\/wp-content\/uploads\/2023\/04\/etna-quad-eruzione-piano-provenzana-lava-2002-2400x798.jpeg 2400w, https:\/\/pianoprovenzana.it\/wp-content\/uploads\/2023\/04\/etna-quad-eruzione-piano-provenzana-lava-2002-300x100.jpeg 300w, https:\/\/pianoprovenzana.it\/wp-content\/uploads\/2023\/04\/etna-quad-eruzione-piano-provenzana-lava-2002-768x255.jpeg 768w, https:\/\/pianoprovenzana.it\/wp-content\/uploads\/2023\/04\/etna-quad-eruzione-piano-provenzana-lava-2002-1536x511.jpeg 1536w, https:\/\/pianoprovenzana.it\/wp-content\/uploads\/2023\/04\/etna-quad-eruzione-piano-provenzana-lava-2002-2048x681.jpeg 2048w, https:\/\/pianoprovenzana.it\/wp-content\/uploads\/2023\/04\/etna-quad-eruzione-piano-provenzana-lava-2002-1200x399.jpeg 1200w\" sizes=\"auto, (max-width: 2400px) 100vw, 2400px\" \/><\/figure>\n\n\n\n<h2 class=\"wp-block-heading\"><strong>Excursion en quad sur l&rsquo;Etna (3,5 heures)<\/strong><\/h2>\n\n\n\n<p>Les excursions en quad sur l&rsquo;Etna d\u00e9butent le matin \u00e0 9h30 ou l&rsquo;apr\u00e8s-midi \u00e0 14h30 ou 15h (selon le jour et la saison). Choisissez l&rsquo;horaire qui vous convient, nous trouverons la solution id\u00e9ale&nbsp;! L&rsquo;excursion dure environ 3h30.    <\/p>\n\n\n\n<ul class=\"wp-block-list\">\n<li>D\u00e9part du Rifugio Ragabo &#8211; Etna Nord (altitude 1425 m.)<\/li>\n\n\n\n<li>Travers\u00e9e de la for\u00eat de pins de Ragabo<\/li>\n\n\n\n<li>Visitez une grotte de lave.<\/li>\n\n\n\n<li>Marcher sur d&rsquo;anciennes coul\u00e9es de lave<\/li>\n\n\n\n<li>Voir les vestiges d&rsquo;un h\u00f4tel sous la lave<\/li>\n\n\n\n<li>Atteignez une altitude de 1850 m\u00e8tres sur le volcan Etna<\/li>\n\n\n\n<li>Dur\u00e9e totale : environ 3,5 heures<\/li>\n<\/ul>\n\n\n\n<p>Il est imp\u00e9ratif d&rsquo;arriver au point de d\u00e9part de l&rsquo;excursion au moins 15 minutes avant le d\u00e9part. Les excursions en quad sur l&rsquo;Etna partent du refuge Ragabo &#8211; Linguaglossa &#8211; Etna Nord. <\/p>\n\n\n\n<h2 class=\"wp-block-heading\"><strong>Prix \u200b\u200bde l&rsquo;excursion en quad sur l&rsquo;Etna (3,5 heures)<\/strong><\/h2>\n\n\n\n<p><strong>Prix \u200b\u200bpour une excursion en quad sur l&rsquo;Etna de 3,5 heures (demi-journ\u00e9e)<\/strong><\/p>\n\n\n\n<p>L&rsquo;excursion de 3 h 30 en quad sur l&rsquo;Etna co\u00fbte 169 \u20ac par quad. Chaque quad peut accueillir jusqu&rsquo;\u00e0 deux personnes. Le prix est le m\u00eame, que vous partiez seul ou \u00e0 deux.  <\/p>\n\n\n\n<p>Nous ne demandons aucun paiement anticip\u00e9 (sauf jours f\u00e9ri\u00e9s)&nbsp;! Vous pouvez r\u00e9gler le jour de l&rsquo;excursion, directement aupr\u00e8s de votre guide. Nous fonctionnons sur la base de la confiance. Vous avez la garantie qu&rsquo;un quad vous attendra lors de votre r\u00e9servation. Et nous comptons sur votre pr\u00e9sence.    <\/p>\n\n\n\n<p>Vous pouvez r\u00e9gler votre excursion en quad en esp\u00e8ces, par carte de d\u00e9bit ou par carte de cr\u00e9dit. Il n&rsquo;y a pas de distributeur automatique de billets \u00e0 proximit\u00e9. <\/p>\n\n\n\n<p><strong>Compris<br><\/strong> <mark style=\"background-color:rgba(0, 0, 0, 0)\" class=\"has-inline-color has-vivid-green-cyan-color\"><strong>\u2713<\/strong><\/mark> Excursion en quad de 3,5 heures<br><mark style=\"background-color:rgba(0, 0, 0, 0)\" class=\"has-inline-color has-vivid-green-cyan-color\"><strong>\u2713<\/strong><\/mark> Guide \u00e0 travers la for\u00eat de pins de Ragabo<br><mark style=\"background-color:rgba(0, 0, 0, 0)\" class=\"has-inline-color has-vivid-green-cyan-color\"><strong>\u2713<\/strong><\/mark> Visite de la grotte de lave<br><mark style=\"background-color:rgba(0, 0, 0, 0)\" class=\"has-inline-color has-vivid-green-cyan-color\"><strong>\u2713<\/strong><\/mark> Promenades sur d&rsquo;anciennes coul\u00e9es de lave<br><mark style=\"background-color:rgba(0, 0, 0, 0)\" class=\"has-inline-color has-vivid-green-cyan-color\"><strong>\u2713<\/strong><\/mark> Plusieurs arr\u00eats \u00e0 des points de vue panoramiques<br><mark style=\"background-color:rgba(0, 0, 0, 0)\" class=\"has-inline-color has-vivid-green-cyan-color\"><strong>\u2713<\/strong><\/mark> Avec guide d&rsquo;accompagnement<\/p>\n\n\n\n<p><strong>Sauf<br><\/strong> <mark style=\"background-color:rgba(0, 0, 0, 0)\" class=\"has-inline-color has-vivid-red-color\"><strong>Boissons<\/strong><\/mark> et nourriture<br> <mark style=\"background-color:rgba(0, 0, 0, 0)\" class=\"has-inline-color has-vivid-red-color\"><strong>Conseil<\/strong><\/mark> pour le guide (non obligatoire)<\/p>\n\n\n\n<p>Le prix de l&rsquo;excursion de 3 h 30 en quad sur l&rsquo;Etna est de 169 \u20ac par quad. Deux personnes peuvent monter par quad. Sur demande, un guide peut \u00eatre mis \u00e0 votre disposition, par exemple si vous \u00eates trois. La personne accompagnant le guide b\u00e9n\u00e9ficie alors d&rsquo;un tarif r\u00e9duit de moiti\u00e9.   <\/p>\n\n\n\n<p>Ce circuit peut g\u00e9n\u00e9ralement \u00eatre r\u00e9serv\u00e9 de mi-avril \u00e0 mi-octobre. L&rsquo;entreprise est ferm\u00e9e pendant l&rsquo;hiver.   <\/p>\n\n\n\n<div class=\"wp-block-columns is-layout-flex wp-container-core-columns-is-layout-9d6595d7 wp-block-columns-is-layout-flex\">\n<div class=\"wp-block-column is-layout-flow wp-block-column-is-layout-flow\">\n<figure class=\"wp-block-image size-large\"><img loading=\"lazy\" decoding=\"async\" width=\"2400\" height=\"1800\" src=\"https:\/\/pianoprovenzana.it\/wp-content\/uploads\/2023\/04\/eruzione-etna-vulcano-quad-tour-lava1865-2400x1800.jpg\" alt=\"Excursion en quad au volcan Etna lors de son \u00e9ruption (Lave 1865)\" class=\"wp-image-7216\" title=\"\" srcset=\"https:\/\/pianoprovenzana.it\/wp-content\/uploads\/2023\/04\/eruzione-etna-vulcano-quad-tour-lava1865-2400x1800.jpg 2400w, https:\/\/pianoprovenzana.it\/wp-content\/uploads\/2023\/04\/eruzione-etna-vulcano-quad-tour-lava1865-300x225.jpg 300w, https:\/\/pianoprovenzana.it\/wp-content\/uploads\/2023\/04\/eruzione-etna-vulcano-quad-tour-lava1865-768x576.jpg 768w, https:\/\/pianoprovenzana.it\/wp-content\/uploads\/2023\/04\/eruzione-etna-vulcano-quad-tour-lava1865-1536x1152.jpg 1536w, https:\/\/pianoprovenzana.it\/wp-content\/uploads\/2023\/04\/eruzione-etna-vulcano-quad-tour-lava1865-2048x1536.jpg 2048w, https:\/\/pianoprovenzana.it\/wp-content\/uploads\/2023\/04\/eruzione-etna-vulcano-quad-tour-lava1865-1200x900.jpg 1200w\" sizes=\"auto, (max-width: 2400px) 100vw, 2400px\" \/><\/figure>\n<\/div>\n\n\n\n<div class=\"wp-block-column is-layout-flow wp-block-column-is-layout-flow\">\n<figure class=\"wp-block-image size-large\"><img loading=\"lazy\" decoding=\"async\" width=\"2400\" height=\"1800\" src=\"https:\/\/pianoprovenzana.it\/wp-content\/uploads\/2023\/04\/quad-tour-etna-lava-etna-quad-adventure-2400x1800.jpg\" alt=\"Circuit en quad sur l&#039;Etna Lava Etna Quad\" class=\"wp-image-7219\" title=\"\" srcset=\"https:\/\/pianoprovenzana.it\/wp-content\/uploads\/2023\/04\/quad-tour-etna-lava-etna-quad-adventure-2400x1800.jpg 2400w, https:\/\/pianoprovenzana.it\/wp-content\/uploads\/2023\/04\/quad-tour-etna-lava-etna-quad-adventure-300x225.jpg 300w, https:\/\/pianoprovenzana.it\/wp-content\/uploads\/2023\/04\/quad-tour-etna-lava-etna-quad-adventure-768x576.jpg 768w, https:\/\/pianoprovenzana.it\/wp-content\/uploads\/2023\/04\/quad-tour-etna-lava-etna-quad-adventure-1536x1152.jpg 1536w, https:\/\/pianoprovenzana.it\/wp-content\/uploads\/2023\/04\/quad-tour-etna-lava-etna-quad-adventure-2048x1536.jpg 2048w, https:\/\/pianoprovenzana.it\/wp-content\/uploads\/2023\/04\/quad-tour-etna-lava-etna-quad-adventure-1200x900.jpg 1200w\" sizes=\"auto, (max-width: 2400px) 100vw, 2400px\" \/><\/figure>\n<\/div>\n<\/div>\n\n\n\n<h3 class=\"wp-block-heading\"><strong>Guide<\/strong><\/h3>\n\n\n\n<p>L&rsquo;excursion sera encadr\u00e9e par des guides experts et professionnels qui vous aideront \u00e0 appr\u00e9cier et \u00e0 respecter la nature. Tout au long du parcours, ils partageront l&rsquo;histoire du volcan, faisant de votre visite une exp\u00e9rience \u00e0 la fois magnifique et riche en adr\u00e9naline. <\/p>\n\n\n\n<h3 class=\"wp-block-heading\"><strong>Quad<\/strong><\/h3>\n\n\n\n<p>Les quads sont des Polaris automatiques. L&rsquo;organisation fournit \u00e9galement un casque et une doublure. Les excursions se d\u00e9roulent dans le respect de la nature et avec une s\u00e9curit\u00e9 maximale. Tous les v\u00e9hicules sont conformes aux directives europ\u00e9ennes en mati\u00e8re de pollution.    <\/p>\n\n\n\n<div class=\"wp-block-columns is-layout-flex wp-container-core-columns-is-layout-9d6595d7 wp-block-columns-is-layout-flex\">\n<div class=\"wp-block-column is-layout-flow wp-block-column-is-layout-flow\">\n<figure class=\"wp-block-image size-large\"><img loading=\"lazy\" decoding=\"async\" width=\"1800\" height=\"2400\" src=\"https:\/\/pianoprovenzana.it\/wp-content\/uploads\/2023\/04\/visita-grotta-con-tour-in-quad-etna-quad-1800x2400.jpg\" alt=\"Visitez la grotte de l&#039;Etna lors d&#039;une excursion en quad.\" class=\"wp-image-7225\" title=\"\" srcset=\"https:\/\/pianoprovenzana.it\/wp-content\/uploads\/2023\/04\/visita-grotta-con-tour-in-quad-etna-quad-1800x2400.jpg 1800w, https:\/\/pianoprovenzana.it\/wp-content\/uploads\/2023\/04\/visita-grotta-con-tour-in-quad-etna-quad-225x300.jpg 225w, https:\/\/pianoprovenzana.it\/wp-content\/uploads\/2023\/04\/visita-grotta-con-tour-in-quad-etna-quad-768x1024.jpg 768w, https:\/\/pianoprovenzana.it\/wp-content\/uploads\/2023\/04\/visita-grotta-con-tour-in-quad-etna-quad-1152x1536.jpg 1152w, https:\/\/pianoprovenzana.it\/wp-content\/uploads\/2023\/04\/visita-grotta-con-tour-in-quad-etna-quad-1536x2048.jpg 1536w, https:\/\/pianoprovenzana.it\/wp-content\/uploads\/2023\/04\/visita-grotta-con-tour-in-quad-etna-quad-1200x1600.jpg 1200w, https:\/\/pianoprovenzana.it\/wp-content\/uploads\/2023\/04\/visita-grotta-con-tour-in-quad-etna-quad-scaled.jpg 1920w\" sizes=\"auto, (max-width: 1800px) 100vw, 1800px\" \/><\/figure>\n<\/div>\n\n\n\n<div class=\"wp-block-column is-layout-flow wp-block-column-is-layout-flow\">\n<figure class=\"wp-block-image size-large\"><img loading=\"lazy\" decoding=\"async\" width=\"1800\" height=\"2400\" src=\"https:\/\/pianoprovenzana.it\/wp-content\/uploads\/2023\/04\/quad-tour-bosco-pineta-ragabo-etna-1800x2400.jpg\" alt=\"Excursion en quad dans la for\u00eat de pins de Ragabo et sur l&#039;Etna\" class=\"wp-image-7218\" title=\"\" srcset=\"https:\/\/pianoprovenzana.it\/wp-content\/uploads\/2023\/04\/quad-tour-bosco-pineta-ragabo-etna-1800x2400.jpg 1800w, https:\/\/pianoprovenzana.it\/wp-content\/uploads\/2023\/04\/quad-tour-bosco-pineta-ragabo-etna-225x300.jpg 225w, https:\/\/pianoprovenzana.it\/wp-content\/uploads\/2023\/04\/quad-tour-bosco-pineta-ragabo-etna-768x1024.jpg 768w, https:\/\/pianoprovenzana.it\/wp-content\/uploads\/2023\/04\/quad-tour-bosco-pineta-ragabo-etna-1152x1536.jpg 1152w, https:\/\/pianoprovenzana.it\/wp-content\/uploads\/2023\/04\/quad-tour-bosco-pineta-ragabo-etna-1536x2048.jpg 1536w, https:\/\/pianoprovenzana.it\/wp-content\/uploads\/2023\/04\/quad-tour-bosco-pineta-ragabo-etna-1200x1600.jpg 1200w, https:\/\/pianoprovenzana.it\/wp-content\/uploads\/2023\/04\/quad-tour-bosco-pineta-ragabo-etna-scaled.jpg 1920w\" sizes=\"auto, (max-width: 1800px) 100vw, 1800px\" \/><\/figure>\n<\/div>\n<\/div>\n\n\n\n<figure class=\"wp-block-image size-large\"><img loading=\"lazy\" decoding=\"async\" width=\"2400\" height=\"1800\" src=\"https:\/\/pianoprovenzana.it\/wp-content\/uploads\/2023\/04\/guidare-quad-etna-tour-etna-quad-2400x1800.jpg\" alt=\"Faire du quad sur l&#039;Etna, une excursion en quad sur l&#039;Etna\" class=\"wp-image-7212\" title=\"\" srcset=\"https:\/\/pianoprovenzana.it\/wp-content\/uploads\/2023\/04\/guidare-quad-etna-tour-etna-quad-2400x1800.jpg 2400w, https:\/\/pianoprovenzana.it\/wp-content\/uploads\/2023\/04\/guidare-quad-etna-tour-etna-quad-300x225.jpg 300w, https:\/\/pianoprovenzana.it\/wp-content\/uploads\/2023\/04\/guidare-quad-etna-tour-etna-quad-768x576.jpg 768w, https:\/\/pianoprovenzana.it\/wp-content\/uploads\/2023\/04\/guidare-quad-etna-tour-etna-quad-1536x1152.jpg 1536w, https:\/\/pianoprovenzana.it\/wp-content\/uploads\/2023\/04\/guidare-quad-etna-tour-etna-quad-2048x1536.jpg 2048w, https:\/\/pianoprovenzana.it\/wp-content\/uploads\/2023\/04\/guidare-quad-etna-tour-etna-quad-1200x900.jpg 1200w\" sizes=\"auto, (max-width: 2400px) 100vw, 2400px\" \/><\/figure>\n\n\n\n<h3 class=\"wp-block-heading\"><strong>V\u00eatements recommand\u00e9s<\/strong><\/h3>\n\n\n\n<p>Portez toujours une veste. Il peut faire un peu frais en quad. Il est \u00e9galement recommand\u00e9 de porter des chaussures ferm\u00e9es, comme de bonnes baskets ou des chaussures de randonn\u00e9e. N&rsquo;oubliez pas vos lunettes de soleil&nbsp;: elles vous prot\u00e9geront des projections de poussi\u00e8re des autres quads. Si vous souhaitez transporter des affaires, prenez un sac \u00e0 dos.      <\/p>\n\n\n\n<h3 class=\"wp-block-heading\"><strong>exigences pour l&rsquo;excursion en quad sur l&rsquo;Etna<\/strong><\/h3>\n\n\n\n<p>Pour conduire un quad, il faut avoir au moins 18 ans et \u00eatre titulaire d&rsquo;un permis de cat\u00e9gorie B. Les enfants peuvent voyager \u00e0 l&rsquo;arri\u00e8re en tant que passagers. Ils doivent avoir au moins 6 ans. <\/p>\n","protected":false},"excerpt":{"rendered":"<p>FAQ<\/p>\n","protected":false},"author":3,"featured_media":13093,"parent":13240,"menu_order":79,"comment_status":"closed","ping_status":"closed","template":"page-excursion.php","meta":{"_acf_changed":false,"footnotes":""},"class_list":["post-13073","page","type-page","status-publish","has-post-thumbnail","hentry"],"acf":[],"_links":{"self":[{"href":"https:\/\/pianoprovenzana.it\/fr\/wp-json\/wp\/v2\/pages\/13073","targetHints":{"allow":["GET"]}}],"collection":[{"href":"https:\/\/pianoprovenzana.it\/fr\/wp-json\/wp\/v2\/pages"}],"about":[{"href":"https:\/\/pianoprovenzana.it\/fr\/wp-json\/wp\/v2\/types\/page"}],"author":[{"embeddable":true,"href":"https:\/\/pianoprovenzana.it\/fr\/wp-json\/wp\/v2\/users\/3"}],"replies":[{"embeddable":true,"href":"https:\/\/pianoprovenzana.it\/fr\/wp-json\/wp\/v2\/comments?post=13073"}],"version-history":[{"count":4,"href":"https:\/\/pianoprovenzana.it\/fr\/wp-json\/wp\/v2\/pages\/13073\/revisions"}],"predecessor-version":[{"id":13599,"href":"https:\/\/pianoprovenzana.it\/fr\/wp-json\/wp\/v2\/pages\/13073\/revisions\/13599"}],"up":[{"embeddable":true,"href":"https:\/\/pianoprovenzana.it\/fr\/wp-json\/wp\/v2\/pages\/13240"}],"wp:featuredmedia":[{"embeddable":true,"href":"https:\/\/pianoprovenzana.it\/fr\/wp-json\/wp\/v2\/media\/13093"}],"wp:attachment":[{"href":"https:\/\/pianoprovenzana.it\/fr\/wp-json\/wp\/v2\/media?parent=13073"}],"curies":[{"name":"wp","href":"https:\/\/api.w.org\/{rel}","templated":true}]}}