{"id":13105,"date":"2020-12-14T14:57:52","date_gmt":"2020-12-14T13:57:52","guid":{"rendered":"https:\/\/pianoprovenzana.it\/excursion-a-cheval-de-4-a-5-heures\/"},"modified":"2026-03-24T17:57:26","modified_gmt":"2026-03-24T16:57:26","slug":"excursion-a-cheval-de-4-a-5-heures","status":"publish","type":"page","link":"https:\/\/pianoprovenzana.it\/fr\/excursions-etna\/excursion-a-cheval-de-4-a-5-heures\/","title":{"rendered":"Excursion \u00e0 cheval de 4 \u00e0 5 heures"},"content":{"rendered":"\n<h2 class=\"wp-block-heading\"><strong>FAQ<\/strong><\/h2>\n<div id=\"rank-math-faq\" class=\"rank-math-block\">\n<div class=\"rank-math-list \">\n<div id=\"faq-question-1773056146345\" class=\"rank-math-list-item\">\n<h3 class=\"rank-math-question \">1. Une exp\u00e9rience est-elle n\u00e9cessaire pour cette excursion ?<\/h3>\n<div class=\"rank-math-answer \">\n\n<p>Oui. Cette excursion est r\u00e9serv\u00e9e aux cavaliers exp\u00e9riment\u00e9s. Si vous n&rsquo;avez jamais fait de v\u00e9lo ou si votre exp\u00e9rience est limit\u00e9e, nous vous recommandons une excursion plus courte.  <\/p>\n\n<\/div>\n<\/div>\n<div id=\"faq-question-1773059840457\" class=\"rank-math-list-item\">\n<h3 class=\"rank-math-question \">2. Quels v\u00eatements sont recommand\u00e9s ?<\/h3>\n<div class=\"rank-math-answer \">\n\n<p>Il est recommand\u00e9 de porter un jean ou un legging confortable et des chaussures de sport ferm\u00e9es.<br \/> Il est interdit de faire du v\u00e9lo en tongs. Il est toujours recommand\u00e9 d&#8217;emporter une veste, car les temp\u00e9ratures peuvent \u00eatre fra\u00eeches dans la for\u00eat de l&rsquo;Etna. <\/p>\n\n<\/div>\n<\/div>\n<div id=\"faq-question-1773059859475\" class=\"rank-math-list-item\">\n<h3 class=\"rank-math-question \">3. L&rsquo;excursion est-elle disponible toute l&rsquo;ann\u00e9e ?<\/h3>\n<div class=\"rank-math-answer \">\n\n<p>Oui, l&rsquo;excursion est possible toute l&rsquo;ann\u00e9e, m\u00eame en hiver. En \u00e9t\u00e9, le d\u00e9part se fait depuis Clan dei Ragazzi, et le reste de l&rsquo;ann\u00e9e depuis le ranch de Linguaglossa. <\/p>\n\n<\/div>\n<\/div>\n<div id=\"faq-question-1773059881079\" class=\"rank-math-list-item\">\n<h3 class=\"rank-math-question \">4. Est-il possible de faire l&rsquo;excursion m\u00eame sous la neige ?<\/h3>\n<div class=\"rank-math-answer \">\n\n<p>Oui, si les conditions le permettent. Rouler sur l&rsquo;Etna enneig\u00e9 est une exp\u00e9rience vraiment unique. <\/p>\n\n<\/div>\n<\/div>\n<div id=\"faq-question-1773059896029\" class=\"rank-math-list-item\">\n<h3 class=\"rank-math-question \">5. Que se passe-t-il si une personne du groupe n&rsquo;a aucune exp\u00e9rience ?<\/h3>\n<div class=\"rank-math-answer \">\n\n<p>Malheureusement, si un membre du groupe n&rsquo;a aucune exp\u00e9rience de l&rsquo;\u00e9quitation, il ne pourra pas participer \u00e0 cette excursion. Dans ce cas, nous recommandons une balade plus courte (1 h 30 ou 2 h 30). <\/p>\n\n<\/div>\n<\/div>\n<\/div>\n<\/div>\n<!--nextpage-->\n\n<p><\/p>\n\n<h2 class=\"wp-block-heading\"><strong>Promenade \u00e0 cheval de 4,5 heures<\/strong><\/h2>\n\n<p>Vous \u00eates des cavaliers exp\u00e9riment\u00e9s et souhaitez passer une demi-journ\u00e9e ou une journ\u00e9e compl\u00e8te \u00e0 cheval sur ou pr\u00e8s de l&rsquo;Etna\u00a0? En ao\u00fbt, l&rsquo;excursion part directement de l&rsquo;Etna. Le reste de l&rsquo;ann\u00e9e, le d\u00e9part se fait du ranch de Linguaglossa.<\/p>\n\n<p><mark style=\"background-color:rgba(0, 0, 0, 0)\" class=\"has-inline-color has-vivid-green-cyan-color\">\u2714<\/mark> Vues panoramiques<br\/> <mark style=\"background-color:rgba(0, 0, 0, 0)\" class=\"has-inline-color has-vivid-green-cyan-color\">\u2714<\/mark> R\u00e9serv\u00e9 aux experts<br\/> <mark style=\"background-color:rgba(0, 0, 0, 0)\" class=\"has-inline-color has-vivid-green-cyan-color\">\u2714<\/mark> D\u00e9part du ranch pour Linguaglossa ou l&rsquo;Etna<\/p>\n\n<p>\u27a4 Disponible toute l&rsquo;ann\u00e9e, tous les jours, sur r\u00e9servation uniquement. M\u00eame en cas de neige ! <\/p>\n\n<h2 class=\"wp-block-heading\"><strong>itin\u00e9raire de randonn\u00e9e \u00e0 cheval<\/strong><\/h2>\n\n<p>Votre exp\u00e9rience \u00e9questre sur l&rsquo;Etna d\u00e9pendra en grande partie de votre niveau d&rsquo;\u00e9quitation. En effet, vous pouvez choisir des excursions de diff\u00e9rentes dur\u00e9es.   <\/p>\n\n<p>Durant l&rsquo;\u00e9t\u00e9 (juillet et ao\u00fbt), les excursions partent du versant nord de l&rsquo;Etna, pr\u00e8s du refuge de Ragabo. Le reste de l&rsquo;ann\u00e9e, les circuits d\u00e9butent \u00e0 Linguaglossa.<\/p>\n\n<p><strong>Balade \u00e0 cheval sur l&rsquo;Etna (4,5 heures, 110,00 \u20ac par personne)<\/strong><br\/> Si vous avez d\u00e9j\u00e0 pratiqu\u00e9 l&rsquo;\u00e9quitation, vous pouvez opter pour l&rsquo;excursion \u00e0 cheval d&rsquo;une demi-journ\u00e9e. Cette excursion dure environ 4 h 30 et vous emm\u00e8ne dans les montagnes autour de Linguaglossa et Castiglione di Sicilia. Vous pouvez \u00e9galement choisir de gravir l&rsquo;Etna. <\/p>\n\n<figure class=\"wp-block-image size-large\"><img loading=\"lazy\" decoding=\"async\" width=\"1024\" height=\"768\" src=\"https:\/\/pianoprovenzana.it\/wp-content\/uploads\/2020\/12\/escursione-cavallo-etna-nord-1024x768.jpg\" alt=\"Excursion &#xE0; cheval sur l&#039;Etna Nord\" class=\"wp-image-439\" title=\"\" srcset=\"https:\/\/pianoprovenzana.it\/wp-content\/uploads\/2020\/12\/escursione-cavallo-etna-nord-1024x768.jpg 1024w, https:\/\/pianoprovenzana.it\/wp-content\/uploads\/2020\/12\/escursione-cavallo-etna-nord-300x225.jpg 300w, https:\/\/pianoprovenzana.it\/wp-content\/uploads\/2020\/12\/escursione-cavallo-etna-nord-768x576.jpg 768w, https:\/\/pianoprovenzana.it\/wp-content\/uploads\/2020\/12\/escursione-cavallo-etna-nord-1536x1152.jpg 1536w, https:\/\/pianoprovenzana.it\/wp-content\/uploads\/2020\/12\/escursione-cavallo-etna-nord-2048x1536.jpg 2048w, https:\/\/pianoprovenzana.it\/wp-content\/uploads\/2020\/12\/escursione-cavallo-etna-nord-1200x900.jpg 1200w\" sizes=\"auto, (max-width: 1024px) 100vw, 1024px\" \/><\/figure>\n\n<p>En \u00e9t\u00e9, depuis le refuge de Ragabo, vous pouvez vous diriger vers Piano Provenzana, \u00e0 1\u00a0800 m\u00e8tres d&rsquo;altitude, o\u00f9 vous pourrez admirer la coul\u00e9e de lave de 2002 et m\u00eame grimper jusqu&rsquo;aux crat\u00e8res de 2002. Vous pouvez \u00e9galement opter pour la visite des Monts Sartorius. <\/p>\n\n<p>  Cette excursion comprend un sandwich et une boisson.<\/p>\n\n<p><strong>Exp\u00e9rience d&rsquo;\u00e9quitation sur l&rsquo;Etna (7\/8 heures, 150 \u20ac par personne)<\/strong><br\/> Cette excursion d&rsquo;une journ\u00e9e \u00e0 cheval sur l&rsquo;Etna est r\u00e9serv\u00e9e aux cavaliers exp\u00e9riment\u00e9s. Au d\u00e9part de Linguaglossa, vous gravirez l&rsquo;Etna Nord jusqu&rsquo;\u00e0 1\u00a0800 m\u00e8tres d&rsquo;altitude en suivant d&rsquo;anciens sentiers. Cette randonn\u00e9e \u00e9questre vous permettra de d\u00e9couvrir diff\u00e9rents aspects du volcan, notamment des grottes et d&rsquo;anciennes coul\u00e9es de lave, et m\u00eame d&rsquo;observer la derni\u00e8re \u00e9ruption de 2002.    <\/p>\n\n<p>Cette excursion comprend \u00e9galement un sandwich et une boisson.<\/p>\n\n<h3 class=\"wp-block-heading\"><strong>D\u00e9tails de l&rsquo;exp\u00e9rience d&rsquo;\u00e9quitation<\/strong><\/h3>\n\n<ul class=\"wp-block-list\">\n<li><strong>D\u00e9part :<\/strong> Linguaglossa ou sur l&rsquo;Etna<\/li>\n\n\n\n<li><strong>Pr\u00e9sence\u00a0:<\/strong> 10 minutes avant le d\u00e9part<\/li>\n\n\n\n<li><strong>Dur\u00e9e :<\/strong> de 4 \u00e0 5 heures jusqu&rsquo;\u00e0 une journ\u00e9e compl\u00e8te de 7 \u00e0 8 heures<\/li>\n\n\n\n<li><strong>Saison :<\/strong> toute l&rsquo;ann\u00e9e (m\u00eame en cas de neige !)<\/li>\n<\/ul>\n\n<p><strong><strong>Compris<br\/><\/strong> <mark style=\"background-color:rgba(0, 0, 0, 0)\" class=\"has-inline-color has-vivid-green-cyan-color\">\u2713<\/mark><\/strong> Promenade \u00e0 cheval de 4\/5 heures ou de 7\/8 heures<br\/><strong><mark style=\"background-color:rgba(0, 0, 0, 0)\" class=\"has-inline-color has-vivid-green-cyan-color\">\u2713<\/mark><\/strong> Guide f\u00e9d\u00e9ral expert<br\/><strong><mark style=\"background-color:rgba(0, 0, 0, 0)\" class=\"has-inline-color has-vivid-green-cyan-color\">\u2713<\/mark><\/strong> D\u00e9jeuner \u00e0 emporter + eau<br\/><strong><mark style=\"background-color:rgba(0, 0, 0, 0)\" class=\"has-inline-color has-vivid-green-cyan-color\">\u2713<\/mark><\/strong> Arr\u00eatez-vous pour prendre de jolies photos<br\/><strong><mark style=\"background-color:rgba(0, 0, 0, 0)\" class=\"has-inline-color has-vivid-green-cyan-color\">\u2713<\/mark><\/strong> Utilisation d&rsquo;un casque<br\/><strong><mark style=\"background-color:rgba(0, 0, 0, 0)\" class=\"has-inline-color has-vivid-green-cyan-color\">\u2713<\/mark><\/strong> Assurance<\/p>\n\n<p><strong>Sauf<\/strong><br\/> <strong><mark style=\"background-color:rgba(0, 0, 0, 0)\" class=\"has-inline-color has-vivid-red-color\">Boissons<\/mark><\/strong> et nourriture suppl\u00e9mentaires<br\/> <strong><mark style=\"background-color:rgba(0, 0, 0, 0)\" class=\"has-inline-color has-vivid-red-color\">Conseil<\/mark><\/strong> pour le guide (non obligatoire)<\/p>\n\n<p><strong><strong>Conditions G\u00e9n\u00e9rales<\/strong><\/strong><\/p>\n\n<ul class=\"wp-block-list\">\n<li>Minimum 2 participants par excursion<\/li>\n\n\n\n<li>Ce parcours est uniquement adapt\u00e9 aux cyclistes exp\u00e9riment\u00e9s.<\/li>\n\n\n\n<li>On peut monter \u00e0 cheval avec une selle anglaise ou am\u00e9ricaine.<\/li>\n\n\n\n<li>Pour les s\u00e9jours pendant les vacances et\/ou les groupes de 4 personnes ou plus, le Ranch exige un paiement anticip\u00e9.<\/li>\n<\/ul>\n\n<h2 class=\"wp-block-heading\"><strong>Guides et langues<\/strong><\/h2>\n\n<p>L&rsquo;excursion \u00e0 cheval sur l&rsquo;Etna est toujours encadr\u00e9e par un guide f\u00e9d\u00e9ral exp\u00e9riment\u00e9. Ce dernier parle italien et un peu anglais et\/ou fran\u00e7ais. Au cours de la visite, il ou elle pourra partager des anecdotes sur les chevaux et l&rsquo;Etna.  <\/p>\n\n<p>Si vous souhaitez un guide parlant bien anglais, veuillez l&rsquo;indiquer dans votre demande afin que nous puissions en tenir compte.<\/p>\n\n<h2 class=\"wp-block-heading\"><strong>FAQ Balades \u00e0 cheval sur l&rsquo;Etna pendant 4\/5 ou 7\/8 heures<\/strong><\/h2>\n\n<p><strong>1. Quels v\u00eatements dois-je porter ?<br\/><\/strong>Nous vous recommandons de porter un jean ou un legging confortable. Si vous souhaitez monter \u00e0 cheval en short en \u00e9t\u00e9, c&rsquo;est possible, mais pas en short moulant, ce que nous d\u00e9conseillons fortement. Le port de chaussures ferm\u00e9es, comme des baskets, est obligatoire. Les tongs sont interdites. Pensez \u00e0 emporter une veste, car il peut faire froid en for\u00eat et \u00e0 l&rsquo;ombre.    <\/p>\n\n<p><strong>2. Le d\u00e9jeuner est-il inclus ?<\/strong><br\/>Si vous optez pour une journ\u00e9e compl\u00e8te d&rsquo;\u00e9quitation (7 \u00e0 8 heures), le d\u00e9jeuner est inclus. Il comprend un sandwich et une boisson. Vous pouvez \u00e9galement d\u00e9jeuner au restaurant, moyennant un suppl\u00e9ment.  <\/p>\n\n<p><strong>2. J&rsquo;ai de l&rsquo;exp\u00e9rience, mais mon copain\/ma copine n&rsquo;en a pas\u00a0; pouvons-nous quand m\u00eame faire un long voyage\u00a0?<br\/><\/strong>Malheureusement, la r\u00e9ponse est non. Nous savons d&rsquo;exp\u00e9rience que cette excursion exige un certain niveau d&rsquo;exp\u00e9rience. Si un membre du groupe a peu ou pas d&rsquo;exp\u00e9rience, nous recommandons une excursion d&rsquo;une heure et demie ou, au maximum, une randonn\u00e9e \u00e0 cheval de deux heures et demie.  <\/p>\n","protected":false},"excerpt":{"rendered":"<p>FAQ<\/p>\n","protected":false},"author":3,"featured_media":13108,"parent":13240,"menu_order":319,"comment_status":"closed","ping_status":"closed","template":"page-excursion.php","meta":{"_acf_changed":false,"footnotes":""},"class_list":["post-13105","page","type-page","status-publish","has-post-thumbnail","hentry"],"acf":[],"_links":{"self":[{"href":"https:\/\/pianoprovenzana.it\/fr\/wp-json\/wp\/v2\/pages\/13105","targetHints":{"allow":["GET"]}}],"collection":[{"href":"https:\/\/pianoprovenzana.it\/fr\/wp-json\/wp\/v2\/pages"}],"about":[{"href":"https:\/\/pianoprovenzana.it\/fr\/wp-json\/wp\/v2\/types\/page"}],"author":[{"embeddable":true,"href":"https:\/\/pianoprovenzana.it\/fr\/wp-json\/wp\/v2\/users\/3"}],"replies":[{"embeddable":true,"href":"https:\/\/pianoprovenzana.it\/fr\/wp-json\/wp\/v2\/comments?post=13105"}],"version-history":[{"count":0,"href":"https:\/\/pianoprovenzana.it\/fr\/wp-json\/wp\/v2\/pages\/13105\/revisions"}],"up":[{"embeddable":true,"href":"https:\/\/pianoprovenzana.it\/fr\/wp-json\/wp\/v2\/pages\/13240"}],"wp:featuredmedia":[{"embeddable":true,"href":"https:\/\/pianoprovenzana.it\/fr\/wp-json\/wp\/v2\/media\/13108"}],"wp:attachment":[{"href":"https:\/\/pianoprovenzana.it\/fr\/wp-json\/wp\/v2\/media?parent=13105"}],"curies":[{"name":"wp","href":"https:\/\/api.w.org\/{rel}","templated":true}]}}