{"id":13160,"date":"2020-12-11T12:05:23","date_gmt":"2020-12-11T11:05:23","guid":{"rendered":"https:\/\/pianoprovenzana.it\/plan-provenzana-etna-du-nord\/"},"modified":"2026-04-01T15:10:40","modified_gmt":"2026-04-01T13:10:40","slug":"plan-provenzana-etna-du-nord","status":"publish","type":"page","link":"https:\/\/pianoprovenzana.it\/fr\/","title":{"rendered":"Piano Provenzana &#8211; Etna Nord"},"content":{"rendered":"\n<p>Piano Provenzana est la principale station touristique du nord de l&rsquo;Etna, dans la r\u00e9gion de Linguaglossa. Un lieu qui se m\u00e9tamorphose au fil des saisons, sans jamais cesser d&rsquo;\u00e9merveiller. Ici, la lave raconte l&rsquo;histoire de l&rsquo;Etna, tandis que la for\u00eat de pins de Ragabo prot\u00e8ge et accueille les visiteurs.  <\/p>\n\n\n\n<p>En \u00e9t\u00e9, vous pourrez randonner au milieu des coul\u00e9es de lave, des pins centenaires et des sentiers menant aux crat\u00e8res d&rsquo;altitude du volcan. En hiver, vous pourrez skier en surplombant les crat\u00e8res fumants et la mer Ionienne. Piano Provenzana est le plus haut espace vert de Sicile, un lieu o\u00f9 la puissance de l&rsquo;Etna se m\u00eale \u00e0 la nature, et o\u00f9 chaque saison offre une exp\u00e9rience diff\u00e9rente.  <\/p>\n\n\n\n<!--nextpage-->\n\n\n\n<h2 class=\"wp-block-heading\"><strong>Piano Provenzana : Histoire et nature sur le versant nord de l&rsquo;Etna<\/strong><\/h2>\n\n\n\n<p>Piano Provenzana est un lieu incontournable pour explorer le versant nord de l&rsquo;Etna. Situ\u00e9e \u00e0 environ 1&nbsp;800 m\u00e8tres d&rsquo;altitude, dans le secteur de Linguaglossa, cette localit\u00e9 est le point le plus \u00e9lev\u00e9 accessible en voiture sur le versant nord de l&rsquo;Etna. <\/p>\n\n\n\n<p>Sa situation entre les flancs du volcan et la for\u00eat historique de pins de Ragabo conf\u00e8re \u00e0 ce lieu une atmosph\u00e8re particuli\u00e8rement envo\u00fbtante. Par temps clair, la vue s&rsquo;\u00e9tend du paysage volcanique \u00e0 la mer Ionienne, et couvre la c\u00f4te de Taormina jusqu&rsquo;\u00e0 la Calabre. <\/p>\n\n\n\n<p>Aujourd&rsquo;hui, Piano Provenzana est un point de d\u00e9part important pour les excursions vers l&rsquo;Etna, les randonn\u00e9es, les visites des crat\u00e8res et les activit\u00e9s de nature tout au long de l&rsquo;ann\u00e9e.<\/p>\n\n\n\n<h2 class=\"wp-block-heading\"><strong>L&rsquo;histoire du piano provenzana<\/strong><\/h2>\n\n\n\n<p>L\u2019histoire touristique de Piano Provenzana a d\u00e9but\u00e9 dans les ann\u00e9es 1950, avec l\u2019organisation du \u00ab 1er Troph\u00e9e Etna \u00bb sur le versant nord de l\u2019Etna, une comp\u00e9tition de ski-alpinisme par \u00e9quipes sur les pentes du volcan.<\/p>\n\n\n\n<p>La premi\u00e8re \u00e9cole de ski a ouvert ses portes dans les ann\u00e9es 1970 et les premi\u00e8res excursions organis\u00e9es vers les crat\u00e8res sommitaux de l&rsquo;Etna ont d\u00e9but\u00e9 dans les ann\u00e9es 1980. Au fil des ans, Piano Provenzana est devenu l&rsquo;un des principaux points de d\u00e9part pour le tourisme sur le versant nord du volcan. <\/p>\n\n\n\n<h3 class=\"wp-block-heading\"><strong>L&rsquo;\u00e9ruption de l&rsquo;Etna en 2002<\/strong><\/h3>\n\n\n\n<p>L&rsquo;un des \u00e9v\u00e9nements les plus importants de l&rsquo;histoire r\u00e9cente de Piano Provenzana a \u00e9t\u00e9 la grande \u00e9ruption de l&rsquo;Etna en 2002, souvent qualifi\u00e9e par les sp\u00e9cialistes d&rsquo;\u00ab \u00e9ruption parfaite \u00bb.<\/p>\n\n\n\n<p>Le 27 octobre 2002, le rift nord-est s&rsquo;est activ\u00e9, formant une longue s\u00e9rie de bouches \u00e9ruptives. La lave a commenc\u00e9 \u00e0 s&rsquo;\u00e9couler de ces bouches, transformant compl\u00e8tement la zone touristique de Piano Provenzana en quelques heures. <\/p>\n\n\n\n<p>En seulement dix jours, la lave a parcouru environ 8 kilom\u00e8tres en direction de Linguaglossa, d\u00e9truisant une partie de la for\u00eat de pins de Ragabo et modifiant profond\u00e9ment le paysage naturel. Aujourd&rsquo;hui, les coul\u00e9es de lave de 2002 font partie int\u00e9grante du paysage du nord de l&rsquo;Etna et t\u00e9moignent de la puissance du volcan et de son \u00e9volution constante. <\/p>\n\n\n\n<div class=\"wp-block-columns is-layout-flex wp-container-core-columns-is-layout-9d6595d7 wp-block-columns-is-layout-flex\">\n<div class=\"wp-block-column is-layout-flow wp-block-column-is-layout-flow\">\n<figure class=\"wp-block-image size-full\"><img loading=\"lazy\" decoding=\"async\" width=\"1560\" height=\"1000\" src=\"https:\/\/pianoprovenzana.it\/wp-content\/uploads\/2021\/02\/eruzione-etna-2002.jpg\" alt=\"\" class=\"wp-image-3086\" style=\"aspect-ratio:3\/2;object-fit:cover\" title=\"\" srcset=\"https:\/\/pianoprovenzana.it\/wp-content\/uploads\/2021\/02\/eruzione-etna-2002.jpg 1560w, https:\/\/pianoprovenzana.it\/wp-content\/uploads\/2021\/02\/eruzione-etna-2002-300x192.jpg 300w, https:\/\/pianoprovenzana.it\/wp-content\/uploads\/2021\/02\/eruzione-etna-2002-768x492.jpg 768w, https:\/\/pianoprovenzana.it\/wp-content\/uploads\/2021\/02\/eruzione-etna-2002-1536x985.jpg 1536w, https:\/\/pianoprovenzana.it\/wp-content\/uploads\/2021\/02\/eruzione-etna-2002-1200x769.jpg 1200w\" sizes=\"auto, (max-width: 1560px) 100vw, 1560px\" \/><\/figure>\n<\/div>\n\n\n\n<div class=\"wp-block-column is-layout-flow wp-block-column-is-layout-flow\">\n<figure class=\"wp-block-image size-large\"><img loading=\"lazy\" decoding=\"async\" width=\"1024\" height=\"695\" src=\"https:\/\/pianoprovenzana.it\/wp-content\/uploads\/2021\/01\/eruzione-etna-2002-1024x695.jpg\" alt=\"\u00c9ruption de l&#039;Etna en 2002\" class=\"wp-image-1276\" style=\"aspect-ratio:3\/2;object-fit:cover\" title=\"\" srcset=\"https:\/\/pianoprovenzana.it\/wp-content\/uploads\/2021\/01\/eruzione-etna-2002-1024x695.jpg 1024w, https:\/\/pianoprovenzana.it\/wp-content\/uploads\/2021\/01\/eruzione-etna-2002-300x204.jpg 300w, https:\/\/pianoprovenzana.it\/wp-content\/uploads\/2021\/01\/eruzione-etna-2002-768x521.jpg 768w, https:\/\/pianoprovenzana.it\/wp-content\/uploads\/2021\/01\/eruzione-etna-2002-1536x1043.jpg 1536w, https:\/\/pianoprovenzana.it\/wp-content\/uploads\/2021\/01\/eruzione-etna-2002-1200x815.jpg 1200w, https:\/\/pianoprovenzana.it\/wp-content\/uploads\/2021\/01\/eruzione-etna-2002.jpg 1744w\" sizes=\"auto, (max-width: 1024px) 100vw, 1024px\" \/><\/figure>\n<\/div>\n<\/div>\n\n\n\n<h2 class=\"wp-block-heading\"><strong>Piano Provenzana en diff\u00e9rentes saisons<\/strong><\/h2>\n\n\n\n<p><strong>L&rsquo;\u00e9t\u00e9 sur l&rsquo;Etna septentrional<\/strong><br> Au printemps, en \u00e9t\u00e9 et en automne, Piano Provenzana est le point de d\u00e9part id\u00e9al pour des excursions dans le nord de l&rsquo;Etna. De nombreux sentiers permettent de d\u00e9couvrir des crat\u00e8res lat\u00e9raux, des grottes de lave, des coul\u00e9es de lave historiques et des refuges en pleine nature.   <\/p>\n\n\n\n<p>De nombreux sentiers traversent la pittoresque for\u00eat de pins de Ragabo, cr\u00e9ant un contraste unique entre le vert de la for\u00eat et le noir de la lave.<\/p>\n\n\n\n<p><strong>Hiver \u00e0 Piano Provenzana<\/strong><br> En hiver, Piano Provenzana est r\u00e9put\u00e9e pour sa station de ski sur l&rsquo;Etna. Les pistes offrent une exp\u00e9rience unique&nbsp;: skier sur un volcan actif avec vue sur la mer. Durant la saison hivernale, vous pourrez \u00e9galement pratiquer le snowboard, le ski de randonn\u00e9e et les raquettes sur l&rsquo;Etna.  <\/p>\n\n\n\n<h2 class=\"wp-block-heading\"><strong>Comment se rendre \u00e0 Piano Provenzana<\/strong><\/h2>\n\n\n\n<p>Piano Provenzana est le principal point d&rsquo;acc\u00e8s au versant nord de l&rsquo;Etna. Les deux principaux itin\u00e9raires touristiques pour visiter l&rsquo;Etna sont&nbsp;: <\/p>\n\n\n\n<ul class=\"wp-block-list\">\n<li>Etna Nord \u2013 Linguaglossa (Plaine Proven\u00e7ana)<\/li>\n\n\n\n<li>Etna Sud \u2013 Nicolosi (Refuge Sapienza)<\/li>\n<\/ul>\n\n\n\n<p>Depuis Linguaglossa, vous pouvez rejoindre Piano Provenzana en environ 25 minutes (18 km).<br>Depuis Zafferana Etnea, vous pouvez rejoindre Piano Provenzana en environ 40 minutes (24 km).<br>Depuis Taormina, vous pouvez rejoindre Piano Provenzana en environ 65 minutes (47 km).<br>Depuis Catane, vous pouvez rejoindre Piano Provenzana en environ 75 minutes (54 km).<\/p>\n\n\n\n<p>\u00c0 votre arriv\u00e9e, vous trouverez un parking, deux bars, un restaurant et plusieurs boutiques de location et de souvenirs. Le long de la route de Mareneve, vous trouverez \u00e9galement plusieurs refuges et restaurants o\u00f9 vous pourrez vous restaurer ou passer la nuit. <\/p>\n\n\n\n<p>De nombreux visiteurs choisissent \u00e9galement de passer la nuit sur le versant nord de l&rsquo;Etna pour s&rsquo;impr\u00e9gner de l&rsquo;atmosph\u00e8re du volcan de pr\u00e8s.<\/p>\n","protected":false},"excerpt":{"rendered":"<p>Piano Provenzana est la principale station touristique du nord de l&rsquo;Etna, dans la r\u00e9gion de Linguaglossa. Un lieu qui se m\u00e9tamorphose au fil des saisons, sans jamais cesser d&rsquo;\u00e9merveiller. Ici, la lave raconte l&rsquo;histoire de l&rsquo;Etna, tandis que la for\u00eat de pins de Ragabo prot\u00e8ge et accueille les visiteurs. En \u00e9t\u00e9, vous pourrez randonner au [&hellip;]<\/p>\n","protected":false},"author":1,"featured_media":11469,"parent":0,"menu_order":263,"comment_status":"closed","ping_status":"open","template":"","meta":{"_acf_changed":false,"footnotes":""},"class_list":["post-13160","page","type-page","status-publish","has-post-thumbnail","hentry"],"acf":[],"_links":{"self":[{"href":"https:\/\/pianoprovenzana.it\/fr\/wp-json\/wp\/v2\/pages\/13160","targetHints":{"allow":["GET"]}}],"collection":[{"href":"https:\/\/pianoprovenzana.it\/fr\/wp-json\/wp\/v2\/pages"}],"about":[{"href":"https:\/\/pianoprovenzana.it\/fr\/wp-json\/wp\/v2\/types\/page"}],"author":[{"embeddable":true,"href":"https:\/\/pianoprovenzana.it\/fr\/wp-json\/wp\/v2\/users\/1"}],"replies":[{"embeddable":true,"href":"https:\/\/pianoprovenzana.it\/fr\/wp-json\/wp\/v2\/comments?post=13160"}],"version-history":[{"count":8,"href":"https:\/\/pianoprovenzana.it\/fr\/wp-json\/wp\/v2\/pages\/13160\/revisions"}],"predecessor-version":[{"id":13812,"href":"https:\/\/pianoprovenzana.it\/fr\/wp-json\/wp\/v2\/pages\/13160\/revisions\/13812"}],"wp:featuredmedia":[{"embeddable":true,"href":"https:\/\/pianoprovenzana.it\/fr\/wp-json\/wp\/v2\/media\/11469"}],"wp:attachment":[{"href":"https:\/\/pianoprovenzana.it\/fr\/wp-json\/wp\/v2\/media?parent=13160"}],"curies":[{"name":"wp","href":"https:\/\/api.w.org\/{rel}","templated":true}]}}