{"id":13278,"date":"2020-12-20T15:30:13","date_gmt":"2020-12-20T14:30:13","guid":{"rendered":"https:\/\/pianoprovenzana.it\/decouvrez-letna-nord\/la-nature-de-letna\/abri-sur-letna\/"},"modified":"2026-03-31T15:00:46","modified_gmt":"2026-03-31T13:00:46","slug":"abri-sur-letna","status":"publish","type":"page","link":"https:\/\/pianoprovenzana.it\/fr\/decouvrez-letna-nord\/la-nature-de-letna\/abri-sur-letna\/","title":{"rendered":"Abri sur l&rsquo;Etna"},"content":{"rendered":"\n<h3 class=\"wp-block-heading\"><strong>Les abris ou bivouacs sur l&rsquo;Etna<\/strong><\/h3>\n\n<p>Il existe plusieurs refuges sur l&rsquo;Etna. Certains sont g\u00e9r\u00e9s et permettent de passer la nuit, tandis que d&rsquo;autres, non g\u00e9r\u00e9s, offrent un refuge en cas de probl\u00e8me.  <\/p>\n\n<h2 class=\"wp-block-heading\"><strong>Les refuges am\u00e9nag\u00e9s sur l&rsquo;Etna<\/strong><\/h2>\n\n<p>Sur l&rsquo;Etna, vous pouvez passer la nuit dans plusieurs refuges, aussi bien sur l&rsquo;Etna Nord que sur l&rsquo;Etna Sud. Voici les refuges que nous recommandons\u00a0:  <\/p>\n\n<ul class=\"wp-block-list\">\n<li><a href=\"https:\/\/pianoprovenzana.it\/fr\/?page_id=12262\" data-type=\"page\" data-id=\"7925\">Refuge de Ragabo<\/a> (Nord de l&rsquo;Etna &#8211; For\u00eat de pins de Ragabo)<\/li>\n\n\n\n<li><a href=\"https:\/\/pianoprovenzana.it\/fr\/?page_id=12198\" data-type=\"page\" data-id=\"7803\">Refuge des gen\u00e9vriers de l&rsquo;Etna<\/a> (Etna Nord &#8211; Piano Provenzana)<\/li>\n<\/ul>\n\n<h2 class=\"wp-block-heading\"><strong>Les refuges non g\u00e9r\u00e9s sur l&rsquo;Etna<\/strong><\/h2>\n\n<p>Si vous pr\u00e9voyez une randonn\u00e9e sur l&rsquo;Etna en autonomie, l&rsquo;une des premi\u00e8res choses \u00e0 prendre en compte est le changement climatique dans les hautes terres.<\/p>\n\n<p>Surtout en hiver ou en \u00e9t\u00e9, vous pourriez vous retrouver pris dans des orages soudains et violents qui vous obligent \u00e0 chercher un abri tr\u00e8s rapidement.<\/p>\n\n<p>Si vous avez mal planifi\u00e9 votre itin\u00e9raire et souhaitez passer la nuit dans un endroit abrit\u00e9.<\/p>\n\n<p>En cas d\u2019urgence, les abris \u00ab forestiers \u00bb sur l\u2019Etna sont\u00a0:<\/p>\n\n<h3 class=\"wp-block-heading\"><strong>Refuge de montagne de Linguaglossa<\/strong><\/h3>\n\n<p>Construit en 1947 et enti\u00e8rement r\u00e9nov\u00e9 en 2012, ce refuge b\u00e9n\u00e9ficie d&rsquo;une situation exceptionnelle, \u00e0 2\u00a0100 m\u00e8tres d&rsquo;altitude, au-dessus du t\u00e9l\u00e9ph\u00e9rique de Monte Conca. C&rsquo;est le lieu id\u00e9al pour admirer un lever de soleil \u00e0 couper le souffle.  <\/p>\n\n<p>Il n&rsquo;y a pas de lits \u00e0 l&rsquo;int\u00e9rieur, mais vous pouvez installer vos sacs de couchage. Dans la pi\u00e8ce principale, vous trouverez une table avec des bancs o\u00f9 vous pourrez vous asseoir pour manger. <\/p>\n\n<p><strong><em>Vous devez faire une demande aupr\u00e8s du CAI de Linguaglossa pour obtenir les cl\u00e9s.<\/em><\/strong><\/p>\n\n<div class=\"wp-block-columns is-layout-flex wp-container-core-columns-is-layout-9d6595d7 wp-block-columns-is-layout-flex\">\n<div class=\"wp-block-column is-layout-flow wp-block-column-is-layout-flow\">\n<figure class=\"wp-block-image size-large\"><img loading=\"lazy\" decoding=\"async\" width=\"1500\" height=\"1000\" src=\"https:\/\/pianoprovenzana.it\/wp-content\/uploads\/2021\/02\/capanna-linguaglossa-rifugio.jpg\" alt=\"\" class=\"wp-image-3368\" title=\"\" srcset=\"https:\/\/pianoprovenzana.it\/wp-content\/uploads\/2021\/02\/capanna-linguaglossa-rifugio.jpg 1500w, https:\/\/pianoprovenzana.it\/wp-content\/uploads\/2021\/02\/capanna-linguaglossa-rifugio-300x200.jpg 300w, https:\/\/pianoprovenzana.it\/wp-content\/uploads\/2021\/02\/capanna-linguaglossa-rifugio-768x512.jpg 768w, https:\/\/pianoprovenzana.it\/wp-content\/uploads\/2021\/02\/capanna-linguaglossa-rifugio-1200x800.jpg 1200w\" sizes=\"auto, (max-width: 1500px) 100vw, 1500px\" \/><\/figure>\n<\/div>\n\n\n\n<div class=\"wp-block-column is-layout-flow wp-block-column-is-layout-flow\">\n<p class=\"has-text-align-right\"><iframe loading=\"lazy\" src=\"https:\/\/www.google.com\/maps\/embed?pb=!1m18!1m12!1m3!1d25225.022886273917!2d15.005866139550777!3d37.7870432!2m3!1f0!2f0!3f0!3m2!1i1024!2i768!4f13.1!3m3!1m2!1s0x13141ddfda987b67%3A0xedf7d38a7b175a52!2sRifugio%20Casarotto%20Renato!5e0!3m2!1sit!2sit!4v1613316193981!5m2!1sit!2sit\" width=\"350\" height=\"243\" frameborder=\"0\" style=\"border:0;\" allowfullscreen=\"\" aria-hidden=\"false\" tabindex=\"0\"><\/iframe><\/p>\n<\/div>\n<\/div>\n\n<h3 class=\"wp-block-heading\"><strong>Refuge de Timparossa<\/strong> <\/h3>\n\n<p>Le refuge est petit et enti\u00e8rement construit en bois. On y trouve un puits, un espace barbecue en pierre de lave et un petit four en pierre. \u00c0 l&rsquo;int\u00e9rieur, un po\u00eale \u00e0 bois et une r\u00e9serve de bois de chauffage sont \u00e0 disposition des randonneurs, qui sont pri\u00e9s de l&rsquo;utiliser avec parcimonie.    <\/p>\n\n<p>Il n&rsquo;y a pas de lits \u00e0 l&rsquo;int\u00e9rieur, mais vous trouverez un coffre contenant des couvertures, des matelas et des sacs de couchage que vous pourrez installer sur la mezzanine au-dessus de la pi\u00e8ce principale. Au centre, une longue table avec des bancs permet \u00e0 plusieurs personnes de s&rsquo;asseoir et de manger.   <\/p>\n\n<div class=\"wp-block-columns is-layout-flex wp-container-core-columns-is-layout-9d6595d7 wp-block-columns-is-layout-flex\">\n<div class=\"wp-block-column is-layout-flow wp-block-column-is-layout-flow\">\n<figure class=\"wp-block-image size-large\"><img loading=\"lazy\" decoding=\"async\" width=\"1024\" height=\"683\" src=\"https:\/\/pianoprovenzana.it\/wp-content\/uploads\/2020\/12\/rifugio-timpa-rossa-etna-nord-1024x683.jpg\" alt=\"Refuge Timparossa - Etna Nord\" class=\"wp-image-299\" title=\"\" srcset=\"https:\/\/pianoprovenzana.it\/wp-content\/uploads\/2020\/12\/rifugio-timpa-rossa-etna-nord-1024x683.jpg 1024w, https:\/\/pianoprovenzana.it\/wp-content\/uploads\/2020\/12\/rifugio-timpa-rossa-etna-nord-300x200.jpg 300w, https:\/\/pianoprovenzana.it\/wp-content\/uploads\/2020\/12\/rifugio-timpa-rossa-etna-nord-768x512.jpg 768w, https:\/\/pianoprovenzana.it\/wp-content\/uploads\/2020\/12\/rifugio-timpa-rossa-etna-nord-1536x1024.jpg 1536w, https:\/\/pianoprovenzana.it\/wp-content\/uploads\/2020\/12\/rifugio-timpa-rossa-etna-nord-2048x1366.jpg 2048w, https:\/\/pianoprovenzana.it\/wp-content\/uploads\/2020\/12\/rifugio-timpa-rossa-etna-nord-1200x800.jpg 1200w\" sizes=\"auto, (max-width: 1024px) 100vw, 1024px\" \/><\/figure>\n<\/div>\n\n\n\n<div class=\"wp-block-column is-layout-flow wp-block-column-is-layout-flow\">\n<p class=\"has-text-align-right\"><iframe loading=\"lazy\" src=\"https:\/\/www.google.com\/maps\/embed?pb=!1m18!1m12!1m3!1d3151.924171655885!2d15.021597550799425!3d37.81524507965264!2m3!1f0!2f0!3f0!3m2!1i1024!2i768!4f13.1!3m3!1m2!1s0x1316a82e8656b591%3A0xa63d67fadc727ac3!2sRifugio%20Timparossa!5e0!3m2!1sit!2sit!4v1613315852132!5m2!1sit!2sit\" width=\"350\" height=\"245\" frameborder=\"0\" style=\"border:0;\" allowfullscreen=\"\" aria-hidden=\"false\" tabindex=\"0\"><\/iframe><\/p>\n<\/div>\n<\/div>\n\n<h3 class=\"wp-block-heading\"><strong>Refuge A. Castrogiovanni &#8211; Mont Baracca  <\/strong> <\/h3>\n\n<p>Le refuge Attilio Castrogiovanni, plus connu sous le nom de refuge de Monte Baracca, construit en 1961 par la R\u00e9gion sicilienne et remis \u00e0 la section CAI Linguaglossa, se situe \u00e0 une altitude de 1850 m\u00e8tres dans la pin\u00e8de du Monte Baracca, au-dessus des monts Sartorius et en aval du ruisseau Fortiore. <\/p>\n\n<p>\u00c0 l&rsquo;int\u00e9rieur, on trouve un po\u00eale \u00e0 bois et une r\u00e9serve de bois de chauffage que les randonneurs doivent utiliser avec bon sens.<br\/> L&rsquo;int\u00e9rieur est \u00e9quip\u00e9 de lits superpos\u00e9s et de sacs de couchage. L&rsquo;abri comporte deux niveaux\u00a0; au rez-de-chauss\u00e9e se trouve une grande pi\u00e8ce avec une longue table et des bancs pouvant accueillir plusieurs personnes pour les repas. <\/p>\n\n<p><strong><em>Vous devez faire une demande aupr\u00e8s du CAI de Linguaglossa pour obtenir les cl\u00e9s.<\/em><\/strong><\/p>\n\n<div class=\"wp-block-columns is-layout-flex wp-container-core-columns-is-layout-9d6595d7 wp-block-columns-is-layout-flex\">\n<div class=\"wp-block-column is-layout-flow wp-block-column-is-layout-flow\">\n<figure class=\"wp-block-image size-large\"><img loading=\"lazy\" decoding=\"async\" width=\"1500\" height=\"1000\" src=\"https:\/\/pianoprovenzana.it\/wp-content\/uploads\/2021\/02\/rifugio-monte-baracca-etna.jpg\" alt=\"\" class=\"wp-image-3370\" title=\"\" srcset=\"https:\/\/pianoprovenzana.it\/wp-content\/uploads\/2021\/02\/rifugio-monte-baracca-etna.jpg 1500w, https:\/\/pianoprovenzana.it\/wp-content\/uploads\/2021\/02\/rifugio-monte-baracca-etna-300x200.jpg 300w, https:\/\/pianoprovenzana.it\/wp-content\/uploads\/2021\/02\/rifugio-monte-baracca-etna-768x512.jpg 768w, https:\/\/pianoprovenzana.it\/wp-content\/uploads\/2021\/02\/rifugio-monte-baracca-etna-1200x800.jpg 1200w\" sizes=\"auto, (max-width: 1500px) 100vw, 1500px\" \/><\/figure>\n<\/div>\n\n\n\n<div class=\"wp-block-column is-layout-flow wp-block-column-is-layout-flow\">\n<p><iframe loading=\"lazy\" src=\"https:\/\/www.google.com\/maps\/embed?pb=!1m18!1m12!1m3!1d3153.364980674754!2d15.042536450798476!3d37.78148547965885!2m3!1f0!2f0!3f0!3m2!1i1024!2i768!4f13.1!3m3!1m2!1s0x13140212055ac909%3A0x96e274de2d296b48!2srifugio%20Attilio%20Castrogiovanni%20%2F%20Baracca!5e0!3m2!1sit!2sit!4v1613315723157!5m2!1sit!2sit\" width=\"350\" height=\"243\" frameborder=\"0\" style=\"border:0;\" allowfullscreen=\"\" aria-hidden=\"false\" tabindex=\"0\"><\/iframe><\/p>\n<\/div>\n<\/div>\n\n<h3 class=\"wp-block-heading\"><strong>Refuge de Monte Crisimo<\/strong><\/h3>\n\n<p>Le refuge de Monte Crisimo est construit en pierre de lave. \u00c0 l&rsquo;int\u00e9rieur, vous trouverez une chemin\u00e9e et une caisse de bois de chauffage, \u00e0 consommer avec mod\u00e9ration. Une table et des bancs permettent de s&rsquo;asseoir pour manger, mais il n&rsquo;y a pas de lits\u00a0; vous pouvez vous allonger \u00e0 m\u00eame le sol avec votre \u00e9quipement.   <\/p>\n\n<p>\u00c0 l&rsquo;ext\u00e9rieur, vous trouverez un barbecue et une fontaine \u00e0 eau (n&rsquo;oubliez pas qu&rsquo;il n&rsquo;y a pas de sources ni d&rsquo;eau courante sur l&rsquo;Etna), alors utilisez-la avec pr\u00e9caution.<\/p>\n\n<div class=\"wp-block-columns is-layout-flex wp-container-core-columns-is-layout-9d6595d7 wp-block-columns-is-layout-flex\">\n<div class=\"wp-block-column is-layout-flow wp-block-column-is-layout-flow\">\n<figure class=\"wp-block-image size-large\"><img loading=\"lazy\" decoding=\"async\" width=\"1024\" height=\"637\" src=\"https:\/\/pianoprovenzana.it\/wp-content\/uploads\/2020\/12\/rifugio-monte-crisimo-1024x637.jpg\" alt=\"Refuge de Monte Crisimo\" class=\"wp-image-1023\" title=\"\" srcset=\"https:\/\/pianoprovenzana.it\/wp-content\/uploads\/2020\/12\/rifugio-monte-crisimo-1024x637.jpg 1024w, https:\/\/pianoprovenzana.it\/wp-content\/uploads\/2020\/12\/rifugio-monte-crisimo-300x187.jpg 300w, https:\/\/pianoprovenzana.it\/wp-content\/uploads\/2020\/12\/rifugio-monte-crisimo-768x478.jpg 768w, https:\/\/pianoprovenzana.it\/wp-content\/uploads\/2020\/12\/rifugio-monte-crisimo-1536x955.jpg 1536w, https:\/\/pianoprovenzana.it\/wp-content\/uploads\/2020\/12\/rifugio-monte-crisimo-2048x1274.jpg 2048w, https:\/\/pianoprovenzana.it\/wp-content\/uploads\/2020\/12\/rifugio-monte-crisimo-1200x746.jpg 1200w\" sizes=\"auto, (max-width: 1024px) 100vw, 1024px\" \/><\/figure>\n<\/div>\n\n\n\n<div class=\"wp-block-column is-layout-flow wp-block-column-is-layout-flow\">\n<p class=\"has-text-align-right\"><iframe loading=\"lazy\" src=\"https:\/\/www.google.com\/maps\/embed?pb=!1m18!1m12!1m3!1d3152.722966661061!2d15.099421250798889!3d37.79653167965611!2m3!1f0!2f0!3f0!3m2!1i1024!2i768!4f13.1!3m3!1m2!1s0x1314037173ca31cb%3A0x42fdee9a439648b!2sRifugio%20Monte%20Crisimo!5e0!3m2!1sit!2sit!4v1613316008547!5m2!1sit!2sit\" width=\"350\" height=\"233\" frameborder=\"0\" style=\"border:0;\" allowfullscreen=\"\" aria-hidden=\"false\" tabindex=\"0\"><\/iframe><\/p>\n<\/div>\n<\/div>\n\n<h3 class=\"wp-block-heading\"><strong>Abri sur le versant d&rsquo;Altomontana<\/strong><\/h3>\n\n<p>Si toutefois vous souhaitez vous organiser pour entreprendre le c\u00e9l\u00e8bre circuit qui relie les deux versants nord et sud de l&rsquo;Etna, en passant par la \u00ab <a href=\"https:\/\/pianoprovenzana.it\/fr\/?page_id=11697\" class=\"rank-math-link\">Pista Altomontana<\/a> \u00bb, vous pouvez pr\u00e9voir des haltes d&rsquo;une nuit dans certains de ces refuges.<\/p>\n\n<div class=\"wp-block-columns is-layout-flex wp-container-core-columns-is-layout-9d6595d7 wp-block-columns-is-layout-flex\">\n<div class=\"wp-block-column is-layout-flow wp-block-column-is-layout-flow\">\n<ul class=\"wp-block-list\" id=\"block-1258755b-4930-4ff7-959b-08451c183837\">\n<li>Refuge Saletti<\/li>\n\n\n\n<li>Refuge de Pirao<\/li>\n\n\n\n<li>Refuge du Mont Spagnolo<\/li>\n<\/ul>\n<\/div>\n\n\n\n<div class=\"wp-block-column is-layout-flow wp-block-column-is-layout-flow\">\n<ul class=\"wp-block-list\" id=\"block-1258755b-4930-4ff7-959b-08451c183837\">\n<li>Refuge de Santa Maria<\/li>\n\n\n\n<li>Refuge de Monte Scavo<\/li>\n\n\n\n<li>Refuge de Galvarina<\/li>\n<\/ul>\n<\/div>\n<\/div>\n\n<p>Les refuges servent souvent de points de rep\u00e8re pour les excursions sur l&rsquo;Etna, mais ce sont de simples bivouacs, certains \u00e9quip\u00e9s d&rsquo;une chemin\u00e9e, de bois et de quelques lits de camp ; certains disposent \u00e9galement d&rsquo;une citerne d&rsquo;eau de pluie.<\/p>\n\n<figure class=\"wp-block-image size-large\"><img loading=\"lazy\" decoding=\"async\" width=\"1024\" height=\"591\" src=\"https:\/\/pianoprovenzana.it\/wp-content\/uploads\/2020\/12\/pista-alta-montana-con-bambini-1024x591.jpg\" alt=\"pente montagneuse &#xE9;lev&#xE9;e avec des enfants\" class=\"wp-image-997\" title=\"\" srcset=\"https:\/\/pianoprovenzana.it\/wp-content\/uploads\/2020\/12\/pista-alta-montana-con-bambini-1024x591.jpg 1024w, https:\/\/pianoprovenzana.it\/wp-content\/uploads\/2020\/12\/pista-alta-montana-con-bambini-300x173.jpg 300w, https:\/\/pianoprovenzana.it\/wp-content\/uploads\/2020\/12\/pista-alta-montana-con-bambini-768x443.jpg 768w, https:\/\/pianoprovenzana.it\/wp-content\/uploads\/2020\/12\/pista-alta-montana-con-bambini-1536x886.jpg 1536w, https:\/\/pianoprovenzana.it\/wp-content\/uploads\/2020\/12\/pista-alta-montana-con-bambini-2048x1182.jpg 2048w, https:\/\/pianoprovenzana.it\/wp-content\/uploads\/2020\/12\/pista-alta-montana-con-bambini-1200x692.jpg 1200w\" sizes=\"auto, (max-width: 1024px) 100vw, 1024px\" \/><\/figure>\n","protected":false},"excerpt":{"rendered":"<p>Les abris ou bivouacs sur l&rsquo;Etna Il existe plusieurs refuges sur l&rsquo;Etna. Certains sont g\u00e9r\u00e9s et permettent de passer la nuit, tandis que d&rsquo;autres, non g\u00e9r\u00e9s, offrent un refuge en cas de probl\u00e8me. Les refuges am\u00e9nag\u00e9s sur l&rsquo;Etna Sur l&rsquo;Etna, vous pouvez passer la nuit dans plusieurs refuges, aussi bien sur l&rsquo;Etna Nord que sur [&hellip;]<\/p>\n","protected":false},"author":3,"featured_media":13279,"parent":13258,"menu_order":274,"comment_status":"closed","ping_status":"closed","template":"","meta":{"_acf_changed":false,"footnotes":""},"class_list":["post-13278","page","type-page","status-publish","has-post-thumbnail","hentry"],"acf":[],"_links":{"self":[{"href":"https:\/\/pianoprovenzana.it\/fr\/wp-json\/wp\/v2\/pages\/13278","targetHints":{"allow":["GET"]}}],"collection":[{"href":"https:\/\/pianoprovenzana.it\/fr\/wp-json\/wp\/v2\/pages"}],"about":[{"href":"https:\/\/pianoprovenzana.it\/fr\/wp-json\/wp\/v2\/types\/page"}],"author":[{"embeddable":true,"href":"https:\/\/pianoprovenzana.it\/fr\/wp-json\/wp\/v2\/users\/3"}],"replies":[{"embeddable":true,"href":"https:\/\/pianoprovenzana.it\/fr\/wp-json\/wp\/v2\/comments?post=13278"}],"version-history":[{"count":2,"href":"https:\/\/pianoprovenzana.it\/fr\/wp-json\/wp\/v2\/pages\/13278\/revisions"}],"predecessor-version":[{"id":13281,"href":"https:\/\/pianoprovenzana.it\/fr\/wp-json\/wp\/v2\/pages\/13278\/revisions\/13281"}],"up":[{"embeddable":true,"href":"https:\/\/pianoprovenzana.it\/fr\/wp-json\/wp\/v2\/pages\/13258"}],"wp:featuredmedia":[{"embeddable":true,"href":"https:\/\/pianoprovenzana.it\/fr\/wp-json\/wp\/v2\/media\/13279"}],"wp:attachment":[{"href":"https:\/\/pianoprovenzana.it\/fr\/wp-json\/wp\/v2\/media?parent=13278"}],"curies":[{"name":"wp","href":"https:\/\/api.w.org\/{rel}","templated":true}]}}