{"id":13290,"date":"2020-12-21T14:40:31","date_gmt":"2020-12-21T13:40:31","guid":{"rendered":"https:\/\/pianoprovenzana.it\/decouvrez-letna-nord\/villes-au-pied-de-letna\/"},"modified":"2026-03-31T15:12:52","modified_gmt":"2026-03-31T13:12:52","slug":"villes-au-pied-de-letna","status":"publish","type":"page","link":"https:\/\/pianoprovenzana.it\/fr\/decouvrez-letna-nord\/villes-au-pied-de-letna\/","title":{"rendered":"Villes au pied de l&rsquo;Etna"},"content":{"rendered":"\n<h2 class=\"wp-block-heading\"><strong>Villes au pied de l&rsquo;Etna<\/strong><\/h2>\n\n<p>Visiter l&rsquo;Etna, ce n&rsquo;est pas seulement marcher sur un volcan, c&rsquo;est aussi d\u00e9couvrir les villages qui vivent \u00e0 ses pieds. Ici, la vie est intimement li\u00e9e \u00e0 la lave, \u00e0 la terre fertile et aux traditions locales. Chaque village a son propre caract\u00e8re, ses saveurs et son histoire.  <\/p>\n\n<p>Sur le versant nord, notamment autour de Piano Provenzana, vous pourrez facilement allier la beaut\u00e9 naturelle du volcan \u00e0 des villages authentiques, des vignobles et des panoramas exceptionnels. Prenez le temps d&rsquo;explorer ces lieux\u00a0: c&rsquo;est l\u00e0 que vous d\u00e9couvrirez v\u00e9ritablement l&rsquo;\u00e2me de l&rsquo;Etna. <\/p>\n\n<h2 class=\"wp-block-heading\"><strong>Villes \u00e0 visiter sur l&rsquo;Etna<\/strong><\/h2>\n\n<p>Voici quelques-unes des villes les plus int\u00e9ressantes \u00e0 visiter lors de votre s\u00e9jour sur l&rsquo;Etna.<\/p>\n<div id=\"reference-cards-block_2f5e442a56db1efddd81188068f2239c\" class=\"reference-cards-block\"><div class=\"reference-cards-grid\"><a class=\"reference-card\" href=\"https:\/\/pianoprovenzana.it\/scopri-etna-nord\/paesi\/linguaglossa\/\"><div class=\"reference-card__image-wrap\"><img decoding=\"async\" width=\"1024\" height=\"436\" src=\"https:\/\/pianoprovenzana.it\/wp-content\/uploads\/2020\/12\/linguaglossa-vista-mare-1024x436.jpg\" class=\"reference-card__image\" alt=\"Linguaglossa\" loading=\"lazy\" srcset=\"https:\/\/pianoprovenzana.it\/wp-content\/uploads\/2020\/12\/linguaglossa-vista-mare-1024x436.jpg 1024w, https:\/\/pianoprovenzana.it\/wp-content\/uploads\/2020\/12\/linguaglossa-vista-mare-300x128.jpg 300w, https:\/\/pianoprovenzana.it\/wp-content\/uploads\/2020\/12\/linguaglossa-vista-mare-768x327.jpg 768w, https:\/\/pianoprovenzana.it\/wp-content\/uploads\/2020\/12\/linguaglossa-vista-mare-1536x653.jpg 1536w, https:\/\/pianoprovenzana.it\/wp-content\/uploads\/2020\/12\/linguaglossa-vista-mare-2048x871.jpg 2048w, https:\/\/pianoprovenzana.it\/wp-content\/uploads\/2020\/12\/linguaglossa-vista-mare-1200x510.jpg 1200w\" sizes=\"auto, (max-width: 1024px) 100vw, 1024px\" title=\"\"><\/div><div class=\"reference-card__content\"><h3 class=\"reference-card__title\">Linguaglossa<\/h3><div class=\"reference-card__description\">Ville anim\u00e9e au pied de l&rsquo;Etna septentrional, c\u00e9l\u00e8bre pour son vin, sa gastronomie et son ambiance authentique.<\/div><div class=\"reference-card__button-text\">En savoir plus<\/div><\/div><\/a><a class=\"reference-card\" href=\"https:\/\/pianoprovenzana.it\/scopri-etna-nord\/paesi\/castiglione-di-sicilia\/\"><div class=\"reference-card__image-wrap\"><img decoding=\"async\" width=\"2400\" height=\"1800\" src=\"https:\/\/pianoprovenzana.it\/wp-content\/uploads\/2022\/04\/castiglione-di-sicilia-olive-cactus2-2400x1800.jpg\" class=\"reference-card__image\" alt=\"Castiglione di Sicilia\" loading=\"lazy\" srcset=\"https:\/\/pianoprovenzana.it\/wp-content\/uploads\/2022\/04\/castiglione-di-sicilia-olive-cactus2-2400x1800.jpg 2400w, https:\/\/pianoprovenzana.it\/wp-content\/uploads\/2022\/04\/castiglione-di-sicilia-olive-cactus2-300x225.jpg 300w, https:\/\/pianoprovenzana.it\/wp-content\/uploads\/2022\/04\/castiglione-di-sicilia-olive-cactus2-768x576.jpg 768w, https:\/\/pianoprovenzana.it\/wp-content\/uploads\/2022\/04\/castiglione-di-sicilia-olive-cactus2-1536x1152.jpg 1536w, https:\/\/pianoprovenzana.it\/wp-content\/uploads\/2022\/04\/castiglione-di-sicilia-olive-cactus2-2048x1536.jpg 2048w, https:\/\/pianoprovenzana.it\/wp-content\/uploads\/2022\/04\/castiglione-di-sicilia-olive-cactus2-1200x900.jpg 1200w\" sizes=\"auto, (max-width: 2400px) 100vw, 2400px\" title=\"\"><\/div><div class=\"reference-card__content\"><h3 class=\"reference-card__title\">Castiglione di Sicilia<\/h3><div class=\"reference-card__description\">L&rsquo;un des plus beaux villages d&rsquo;Italie, offrant des vues spectaculaires sur la vall\u00e9e de l&rsquo;Alcantara et l&rsquo;Etna.<\/div><div class=\"reference-card__button-text\">En savoir plus<\/div><\/div><\/a><a class=\"reference-card\" href=\"https:\/\/pianoprovenzana.it\/scopri-etna-nord\/paesi\/randazzo\/\"><div class=\"reference-card__image-wrap\"><img decoding=\"async\" width=\"768\" height=\"1024\" src=\"https:\/\/pianoprovenzana.it\/wp-content\/uploads\/2020\/12\/chiesa-randazzo-lava-768x1024.jpg\" class=\"reference-card__image\" alt=\"Randazzo\" loading=\"lazy\" srcset=\"https:\/\/pianoprovenzana.it\/wp-content\/uploads\/2020\/12\/chiesa-randazzo-lava-768x1024.jpg 768w, https:\/\/pianoprovenzana.it\/wp-content\/uploads\/2020\/12\/chiesa-randazzo-lava-225x300.jpg 225w, https:\/\/pianoprovenzana.it\/wp-content\/uploads\/2020\/12\/chiesa-randazzo-lava-1152x1536.jpg 1152w, https:\/\/pianoprovenzana.it\/wp-content\/uploads\/2020\/12\/chiesa-randazzo-lava-1536x2048.jpg 1536w, https:\/\/pianoprovenzana.it\/wp-content\/uploads\/2020\/12\/chiesa-randazzo-lava-1200x1600.jpg 1200w, https:\/\/pianoprovenzana.it\/wp-content\/uploads\/2020\/12\/chiesa-randazzo-lava-scaled.jpg 1920w\" sizes=\"auto, (max-width: 768px) 100vw, 768px\" title=\"\"><\/div><div class=\"reference-card__content\"><h3 class=\"reference-card__title\">Randazzo<\/h3><div class=\"reference-card__description\">Un charmant village m\u00e9di\u00e9val construit en pierre de lave, riche en histoire et en atmosph\u00e8re.<\/div><div class=\"reference-card__button-text\">En savoir plus<\/div><\/div><\/a><a class=\"reference-card\" href=\"https:\/\/pianoprovenzana.it\/scopri-etna-nord\/paesi\/catania\/\"><div class=\"reference-card__image-wrap\"><img decoding=\"async\" width=\"2400\" height=\"1800\" src=\"https:\/\/pianoprovenzana.it\/wp-content\/uploads\/2022\/02\/piazza-duomo-catania-2400x1800.jpg\" class=\"reference-card__image\" alt=\"Catania\" loading=\"lazy\" srcset=\"https:\/\/pianoprovenzana.it\/wp-content\/uploads\/2022\/02\/piazza-duomo-catania-2400x1800.jpg 2400w, https:\/\/pianoprovenzana.it\/wp-content\/uploads\/2022\/02\/piazza-duomo-catania-300x225.jpg 300w, https:\/\/pianoprovenzana.it\/wp-content\/uploads\/2022\/02\/piazza-duomo-catania-768x576.jpg 768w, https:\/\/pianoprovenzana.it\/wp-content\/uploads\/2022\/02\/piazza-duomo-catania-1536x1152.jpg 1536w, https:\/\/pianoprovenzana.it\/wp-content\/uploads\/2022\/02\/piazza-duomo-catania-2048x1536.jpg 2048w, https:\/\/pianoprovenzana.it\/wp-content\/uploads\/2022\/02\/piazza-duomo-catania-1200x900.jpg 1200w\" sizes=\"auto, (max-width: 2400px) 100vw, 2400px\" title=\"\"><\/div><div class=\"reference-card__content\"><h3 class=\"reference-card__title\">Catania<\/h3><div class=\"reference-card__description\">La principale ville de la r\u00e9gion, anim\u00e9e et riche en culture, march\u00e9s et architecture baroque.<\/div><div class=\"reference-card__button-text\">En savoir plus<\/div><\/div><\/a><a class=\"reference-card\" href=\"https:\/\/pianoprovenzana.it\/scopri-etna-nord\/paesi\/milo\/\"><div class=\"reference-card__image-wrap\"><div class=\"reference-card__image reference-card__image--placeholder\"><\/div><\/div><div class=\"reference-card__content\"><h3 class=\"reference-card__title\">Milo<\/h3><div class=\"reference-card__description\">Un petit village pittoresque, r\u00e9put\u00e9 pour son vin Etna DOC et ses vues sur la mer.<\/div><div class=\"reference-card__button-text\">En savoir plus<\/div><\/div><\/a><a class=\"reference-card\" href=\"https:\/\/pianoprovenzana.it\/scopri-etna-nord\/paesi\/zafferana-etnea\/\"><div class=\"reference-card__image-wrap\"><img decoding=\"async\" width=\"2400\" height=\"1600\" src=\"https:\/\/pianoprovenzana.it\/wp-content\/uploads\/2022\/02\/zafferana-etnea-etna-2400x1600.jpg\" class=\"reference-card__image\" alt=\"Zafferana Etnea\" loading=\"lazy\" srcset=\"https:\/\/pianoprovenzana.it\/wp-content\/uploads\/2022\/02\/zafferana-etnea-etna-2400x1600.jpg 2400w, https:\/\/pianoprovenzana.it\/wp-content\/uploads\/2022\/02\/zafferana-etnea-etna-300x200.jpg 300w, https:\/\/pianoprovenzana.it\/wp-content\/uploads\/2022\/02\/zafferana-etnea-etna-768x512.jpg 768w, https:\/\/pianoprovenzana.it\/wp-content\/uploads\/2022\/02\/zafferana-etnea-etna-1536x1024.jpg 1536w, https:\/\/pianoprovenzana.it\/wp-content\/uploads\/2022\/02\/zafferana-etnea-etna-2048x1366.jpg 2048w, https:\/\/pianoprovenzana.it\/wp-content\/uploads\/2022\/02\/zafferana-etnea-etna-1200x800.jpg 1200w\" sizes=\"auto, (max-width: 2400px) 100vw, 2400px\" title=\"\"><\/div><div class=\"reference-card__content\"><h3 class=\"reference-card__title\">Zafferana Etnea<\/h3><div class=\"reference-card__description\">Connue comme la \u00ab porte d&rsquo;entr\u00e9e de l&rsquo;Etna \u00bb, elle est c\u00e9l\u00e8bre pour son miel, ses festivals et ses produits locaux.<\/div><div class=\"reference-card__button-text\">En savoir plus<\/div><\/div><\/a><a class=\"reference-card\" href=\"https:\/\/pianoprovenzana.it\/scopri-etna-nord\/paesi\/nicolosi\/\"><div class=\"reference-card__image-wrap\"><img decoding=\"async\" width=\"1024\" height=\"436\" src=\"https:\/\/pianoprovenzana.it\/wp-content\/uploads\/2021\/02\/rifugio-sapienza-etna-sud-1024x436.jpg\" class=\"reference-card__image\" alt=\"Nicolosi\" loading=\"lazy\" srcset=\"https:\/\/pianoprovenzana.it\/wp-content\/uploads\/2021\/02\/rifugio-sapienza-etna-sud-1024x436.jpg 1024w, https:\/\/pianoprovenzana.it\/wp-content\/uploads\/2021\/02\/rifugio-sapienza-etna-sud-300x128.jpg 300w, https:\/\/pianoprovenzana.it\/wp-content\/uploads\/2021\/02\/rifugio-sapienza-etna-sud-768x327.jpg 768w, https:\/\/pianoprovenzana.it\/wp-content\/uploads\/2021\/02\/rifugio-sapienza-etna-sud-1536x654.jpg 1536w, https:\/\/pianoprovenzana.it\/wp-content\/uploads\/2021\/02\/rifugio-sapienza-etna-sud-2048x872.jpg 2048w, https:\/\/pianoprovenzana.it\/wp-content\/uploads\/2021\/02\/rifugio-sapienza-etna-sud-1200x511.jpg 1200w\" sizes=\"auto, (max-width: 1024px) 100vw, 1024px\" title=\"\"><\/div><div class=\"reference-card__content\"><h3 class=\"reference-card__title\">Nicolosi<\/h3><div class=\"reference-card__description\">Point de d\u00e9part pour l&rsquo;Etna Sud, avec acc\u00e8s au t\u00e9l\u00e9ph\u00e9rique et aux crat\u00e8res de Silvestri.<\/div><div class=\"reference-card__button-text\">En savoir plus<\/div><\/div><\/a><\/div><\/div>\n<h2 class=\"wp-block-heading\"><strong>Distances et altitudes des principales villes de l&rsquo;Etna (depuis Piano Provenzana)<\/strong><\/h2>\n\n<p>Pour vous aider \u00e0 mieux vous orienter dans la r\u00e9gion, vous trouverez ci-dessous un aper\u00e7u des principales villes autour de l&rsquo;Etna, avec leur altitude, la distance depuis Piano Provenzana et les temps de trajet en voiture. Cela vous permettra de choisir facilement votre h\u00e9bergement ou les sites \u00e0 combiner avec votre visite de l&rsquo;Etna. <\/p>\n\n<figure class=\"wp-block-table\"><table class=\"has-fixed-layout\"><tbody><tr><td><strong>Emplacement<\/strong><\/td><td><strong>Altitude (m au-dessus du niveau de la mer)<\/strong><\/td><td><strong>Distance de Piano Provenzana<\/strong><\/td><td><strong>Temps pass\u00e9 en voiture<\/strong><\/td><\/tr><tr><td>Linguaglossa<\/td><td>550 m<\/td><td>19 km<\/td><td>25 minutes<\/td><\/tr><tr><td>Castiglione di Sicilia<\/td><td>621 m<\/td><td>26 km<\/td><td>35 minutes<\/td><\/tr><tr><td>Piedimonte Etneo<\/td><td>348 m<\/td><td>24 km<\/td><td>30 minutes<\/td><\/tr><tr><td>Randazzo<\/td><td>765 m<\/td><td>32 km<\/td><td>40 minutes<\/td><\/tr><tr><td>Bronte<\/td><td>760 m<\/td><td>45 km<\/td><td>55 minutes<\/td><\/tr><tr><td>Fiumefreddo de Sicile<\/td><td>62 m<\/td><td>29 km<\/td><td>35 minutes<\/td><\/tr><tr><td>Taormine<\/td><td>204 m<\/td><td>40 km<\/td><td>50 minutes<\/td><\/tr><tr><td>Giardini Naxos<\/td><td>5 m<\/td><td>38 km<\/td><td>45 minutes<\/td><\/tr><tr><td>Letojanni<\/td><td>5 m<\/td><td>45 km<\/td><td>55 minutes<\/td><\/tr><tr><td>Acireale<\/td><td>161 m<\/td><td>45 km<\/td><td>55 minutes<\/td><\/tr><tr><td>Milo<\/td><td>720 m<\/td><td>19 km<\/td><td>30 minutes<\/td><\/tr><tr><td>Zafferana Etnea<\/td><td>574 m<\/td><td>36 km<\/td><td>50 minutes<\/td><\/tr><tr><td>Nicolosi<\/td><td>700 m<\/td><td>39 km<\/td><td>55 minutes<\/td><\/tr><tr><td>Catane<\/td><td>7 m<\/td><td>54 km<\/td><td>70 minutes<\/td><\/tr><\/tbody><\/table><\/figure>\n\n<p>Les temps de trajet sont approximatifs et peuvent varier en fonction de la circulation et de l&rsquo;\u00e9tat des routes.<\/p>\n\n<h2 class=\"wp-block-heading\"><strong>Par o\u00f9 commencer pour visiter l&rsquo;Etna ?<\/strong><\/h2>\n\n<p>Il n&rsquo;y a pas de point de d\u00e9part id\u00e9al\u00a0: tout d\u00e9pend du type d&rsquo;exp\u00e9rience recherch\u00e9e. Si vous pr\u00e9f\u00e9rez une approche plus tranquille et authentique, le versant nord (Piano Provenzana) est souvent moins fr\u00e9quent\u00e9 et plus immersif en pleine nature. Des villages comme Linguaglossa ou Castiglione di Sicilia sont des points de d\u00e9part parfaits.  <\/p>\n\n<p>Si vous pr\u00e9f\u00e9rez une approche plus touristique et organis\u00e9e, avec t\u00e9l\u00e9ph\u00e9rique et services plus structur\u00e9s, le versant sud (Nicolosi \u2013 Refugio Sapienza) est l&rsquo;option la plus pratique. Ceux qui s\u00e9journent pr\u00e8s de la mer, par exemple \u00e0 Fiumefreddo ou \u00e0 Catane, peuvent facilement combiner une journ\u00e9e sur l&rsquo;Etna avec une visite de la plage et de la ville. <\/p>\n\n<p>Le conseil est simple\u00a0: choisissez la r\u00e9gion en fonction du type d\u2019exp\u00e9rience que vous souhaitez vivre, et non pas seulement de la distance.<\/p>\n","protected":false},"excerpt":{"rendered":"<p>Villes au pied de l&rsquo;Etna Visiter l&rsquo;Etna, ce n&rsquo;est pas seulement marcher sur un volcan, c&rsquo;est aussi d\u00e9couvrir les villages qui vivent \u00e0 ses pieds. Ici, la vie est intimement li\u00e9e \u00e0 la lave, \u00e0 la terre fertile et aux traditions locales. Chaque village a son propre caract\u00e8re, ses saveurs et son histoire. Sur le [&hellip;]<\/p>\n","protected":false},"author":3,"featured_media":13294,"parent":13048,"menu_order":252,"comment_status":"closed","ping_status":"closed","template":"","meta":{"_acf_changed":false,"footnotes":""},"class_list":["post-13290","page","type-page","status-publish","has-post-thumbnail","hentry"],"acf":[],"_links":{"self":[{"href":"https:\/\/pianoprovenzana.it\/fr\/wp-json\/wp\/v2\/pages\/13290","targetHints":{"allow":["GET"]}}],"collection":[{"href":"https:\/\/pianoprovenzana.it\/fr\/wp-json\/wp\/v2\/pages"}],"about":[{"href":"https:\/\/pianoprovenzana.it\/fr\/wp-json\/wp\/v2\/types\/page"}],"author":[{"embeddable":true,"href":"https:\/\/pianoprovenzana.it\/fr\/wp-json\/wp\/v2\/users\/3"}],"replies":[{"embeddable":true,"href":"https:\/\/pianoprovenzana.it\/fr\/wp-json\/wp\/v2\/comments?post=13290"}],"version-history":[{"count":2,"href":"https:\/\/pianoprovenzana.it\/fr\/wp-json\/wp\/v2\/pages\/13290\/revisions"}],"predecessor-version":[{"id":13296,"href":"https:\/\/pianoprovenzana.it\/fr\/wp-json\/wp\/v2\/pages\/13290\/revisions\/13296"}],"up":[{"embeddable":true,"href":"https:\/\/pianoprovenzana.it\/fr\/wp-json\/wp\/v2\/pages\/13048"}],"wp:featuredmedia":[{"embeddable":true,"href":"https:\/\/pianoprovenzana.it\/fr\/wp-json\/wp\/v2\/media\/13294"}],"wp:attachment":[{"href":"https:\/\/pianoprovenzana.it\/fr\/wp-json\/wp\/v2\/media?parent=13290"}],"curies":[{"name":"wp","href":"https:\/\/api.w.org\/{rel}","templated":true}]}}